{"id":13634,"date":"2018-10-24T13:23:15","date_gmt":"2018-10-24T11:23:15","guid":{"rendered":"http:\/\/agora.xtec.cat\/iesaran\/?page_id=13634"},"modified":"2019-04-20T18:19:00","modified_gmt":"2019-04-20T16:19:00","slug":"batxillerat","status":"publish","type":"page","link":"https:\/\/agora.xtec.cat\/iesaran\/estudis\/batxillerat\/","title":{"rendered":"BATXILLERAT"},"content":{"rendered":"<div>\n<ul>\n<li><a href=\"http:\/\/www20.gencat.cat\/portal\/site\/ensenyament\/menuitem.046d33c25faf415a72623b10b0c0e1a0\/?vgnextoid=f01cb2f9d9ab6310VgnVCM2000009b0c1e0aRCRD&amp;vgnextchannel=f01cb2f9d9ab6310VgnVCM2000009b0c1e0aRCRD&amp;vgnextfmt=default\" target=\"_blank\" rel=\"noopener\"><strong>Qu\u00e8 \u00e9s el Batxillerat? (Fes clic)<\/strong><\/a><\/li>\n<\/ul>\n<p class=\"subseccionsinterior\" dir=\"ltr\"><strong>Les mat\u00e8ries de modalitat en el Batxillerat de l&#8217;Institut d&#8217;Aran:<\/strong><\/p>\n<p align=\"justify\">Els estudis de Batxillerat ofereixen diferents modalitats o recorreguts curriculars i, en comen\u00e7ar el Batxillerat, l\u2019alumne escull una modalitat. Cadascuna de les modalitats atendr\u00e0 les finalitats formativa, orientadora i preparat\u00f2ria en relaci\u00f3 amb els diferents \u00e0mbits del saber.<\/p>\n<p align=\"justify\">Aix\u00f2 permet, a m\u00e9s de la formaci\u00f3 general de l\u2019alumnat, una adequaci\u00f3 a les caracter\u00edstiques i interessos i una preparaci\u00f3 especialitzada per seguir estudis posteriors o incorporar-se al m\u00f3n del treball.<\/p>\n<p align=\"justify\">Les modalitats en que s\u2019organitza el curr\u00edculum de batxillerat s\u00f3n les seg\u00fcents:<\/p>\n<blockquote>\n<p align=\"justify\">A)\u00a0\u00a0 Modalitat de Ci\u00e8ncies de la naturalesa i de la salut.<br \/>\nB)\u00a0\u00a0 Modalitat d\u2019Humanitats i ci\u00e8ncies socials.<br \/>\nC)\u00a0\u00a0 Modalitat de Ci\u00e8ncies i Tecnologia.<\/p>\n<\/blockquote>\n<p align=\"justify\">A l\u2019Institut d&#8217;Aran es poden cursar tots les modalitats excepte la modalitat d\u2019Arts.<\/p>\n<div><strong><span class=\"subseccionsinterior\">Les mat\u00e8ries.<\/span><\/strong><\/div>\n<p align=\"justify\">Les mat\u00e8ries que cursar\u00e0 l\u2019alumne de batxillerat estan estructurades en una part comuna i una altra de diversificada. La part diversificada consta de les mat\u00e8ries pr\u00f2pies de modalitat i de les mat\u00e8ries optatives. Aquestes poden ser mat\u00e8ries d\u2019altres modalitats, optatives tipificades o optatives de centre.<\/p>\n<p>&nbsp;<\/p>\n<p>&nbsp;<\/p>\n<p align=\"justify\"><span class=\"subseccionsinterior\"><strong>L&#8217;orientaci\u00f3 professional.<\/strong><\/span><\/p>\n<p align=\"justify\">L&#8217;orientaci\u00f3 professional a segon de batxillerat s&#8217;emmarca dins del proc\u00e9s d&#8217;orientaci\u00f3 i assessorament que duu a terme el Departament d&#8217;Orientaci\u00f3 i l&#8217;EAP del centre durant el darrer curs d&#8217;ESO, tot i que durant tota l&#8217;escolaritzaci\u00f3 obligat\u00f2ria es van treballant aquests aspectes en els credits de tutoria d&#8217;una manera menys sistem\u00e0tica. Els objectius de l&#8217;orientaci\u00f3 a quart curs d&#8217;ESO se centren en dotar els alumnes de les destreses necess\u00e0ries per tal de prendre una decisi\u00f3 satisfact\u00f2ria un cop finalitzats els estudis obligatoris, moment en qu\u00e8 han de decantar-se pel batxillerat, els cicles formatius o b\u00e9 el m\u00f3n laboral.<\/p>\n<p>Ara b\u00e9, el proc\u00e9s orientador al centre continua fins que l&#8217;alumne finalitza aquests estudis post-obligatoris. En aquest sentit, el Departament d&#8217;Orientaci\u00f3 i l&#8217;EAP ofereixen atenci\u00f3 individualitzada a aquells alumnes que ho sol\u00b7liciten, amb l&#8217;objectiu d&#8217;assessorar-los en la resoluci\u00f3 de dubtes que presenten de cara a la posterior elecci\u00f3 d&#8217;estudis, i de facilitar-los tota la informaci\u00f3 que desitgen que, en darrera inst\u00e0ncia, els ajudar\u00e0 en gran mesura a prendre aquesta decisi\u00f3.<br \/>\n<em><br \/>\nEl centre d\u00f3na una gran import\u00e0ncia a tot el proc\u00e9s d&#8217;orientaci\u00f3 professional, donat que l&#8217;elecci\u00f3 adient del futur acad\u00e8mico-professional determinar\u00e0 en definitiva, el seu futur acad\u00e8mic i laboral.<\/em><\/p>\n<p align=\"center\"><strong>_________________________________________________________________<\/strong><\/p>\n<p>&nbsp;<\/p>\n<p><strong>Dossier d&#8217;acollida per les fam\u00edlies de Batxillerat<\/strong><\/p>\n<table border=\"0\">\n<tbody>\n<tr>\n<td><strong>Webs d&#8217;inter\u00e8s:<\/strong><\/td>\n<\/tr>\n<tr>\n<td><a href=\"http:\/\/www20.gencat.cat\/portal\/site\/ur\/menuitem.75ad4eed4c4291a9ccf24010b0c0e1a0\/?vgnextoid=7b024edc2ec69310VgnVCM1000008d0c1e0aRCRD&amp;vgnextchannel=7b024edc2ec69310VgnVCM1000008d0c1e0aRCRD&amp;vgnextfmt=default\" target=\"_blank\" rel=\"noopener\">Proves d&#8217;acc\u00e9s a l&#8217;universitat<\/a><\/td>\n<\/tr>\n<tr>\n<td><a href=\"http:\/\/www20.gencat.cat\/portal\/site\/ur\/menuitem.a79da07cf7f5e1a9ccf24010b0c0e1a0\/?vgnextoid=b3a09f646aeab310VgnVCM1000008d0c1e0aRCRD&amp;vgnextchannel=b3a09f646aeab310VgnVCM1000008d0c1e0aRCRD&amp;vgnextfmt=default\" target=\"_blank\" rel=\"noopener\">Preguntes freq\u00fcents sobre les PAU<\/a><\/td>\n<\/tr>\n<tr>\n<td><a href=\"http:\/\/www20.gencat.cat\/portal\/site\/ur\/menuitem.a79da07cf7f5e1a9ccf24010b0c0e1a0\/?vgnextoid=0239b2b6bdc69310VgnVCM2000009b0c1e0aRCRD&amp;vgnextchannel=0239b2b6bdc69310VgnVCM2000009b0c1e0aRCRD&amp;vgnextfmt=default\" target=\"_blank\" rel=\"noopener\">Preguntes freq\u00fcents sobre PREINSCRIPCI\u00d3 I ASSIGNACI\u00d3 DE PLACES<\/a><\/td>\n<\/tr>\n<tr>\n<td><a href=\"http:\/\/www20.gencat.cat\/portal\/site\/ur\/menuitem.c7c5f12f7354d1a9ccf24010b0c0e1a0\/?vgnextoid=5fca330784d69310VgnVCM1000008d0c1e0aRCRD&amp;vgnextchannel=5fca330784d69310VgnVCM1000008d0c1e0aRCRD&amp;vgnextfmt=default\" target=\"_blank\" rel=\"noopener\">Taules de ponderacions<\/a><\/td>\n<\/tr>\n<tr>\n<td><a href=\"http:\/\/www20.gencat.cat\/portal\/site\/ur\/menuitem.636fb8b85d91b1a9ccf24010b0c0e1a0\/?vgnextoid=0f7ec131d66b8310VgnVCM1000000b0c1e0aRCRD&amp;vgnextchannel=0f7ec131d66b8310VgnVCM1000000b0c1e0aRCRD&amp;vgnextfmt=default\" target=\"_blank\" rel=\"noopener\">Estudis universitaris<\/a><\/td>\n<\/tr>\n<tr>\n<td><a href=\"http:\/\/www14.gencat.cat\/posat\/AppJava\/frontoffice\/wicket\/bookmarkable\/net.gencat.ur.posat.web.frontoffice.tancat.page.Tancat?0\" target=\"_blank\" rel=\"noopener\">Posa&#8217;t a prova<\/a><\/td>\n<\/tr>\n<\/tbody>\n<\/table>\n<\/div>\n","protected":false},"excerpt":{"rendered":"<ul>\n<li><a href=\"http:\/\/www20.gencat.cat\/portal\/site\/ensenyament\/menuitem.046d33c25faf415a72623b10b0c0e1a0\/?vgnextoid=f01cb2f9d9ab6310VgnVCM2000009b0c1e0aRCRD&amp;vgnextchannel=f01cb2f9d9ab6310VgnVCM2000009b0c1e0aRCRD&amp;vgnextfmt=default\" target=\"_blank\" rel=\"noopener\">Qu\u00e8 \u00e9s el Batxillerat? (Fes clic)<\/a><\/li>\n<\/ul>\n<p>Les mat\u00e8ries de modalitat en el Batxillerat de l&#8217;Institut d&#8217;Aran:<br \/>\nEls estudis de Batxillerat ofereixen diferents modalitats o recorreguts curriculars i, en comen\u00e7ar el Batxillerat, l\u2019alumne escull una modalitat. Cadascuna de les modalitats atendr\u00e0 les finalitats formativa, orientadora&hellip;  <a href=\"https:\/\/agora.xtec.cat\/iesaran\/estudis\/batxillerat\/\" title=\"Read BATXILLERAT\">Llegeix m\u00e9s\u00bb<\/a><\/p>\n","protected":false},"author":1,"featured_media":0,"parent":195,"menu_order":2,"comment_status":"closed","ping_status":"closed","template":"","meta":{"_bbp_topic_count":0,"_bbp_reply_count":0,"_bbp_total_topic_count":0,"_bbp_total_reply_count":0,"_bbp_voice_count":0,"_bbp_anonymous_reply_count":0,"_bbp_topic_count_hidden":0,"_bbp_reply_count_hidden":0,"_bbp_forum_subforum_count":0,"footnotes":""},"class_list":["post-13634","page","type-page","status-publish","hentry"],"post_mailing_queue_ids":[],"_links":{"self":[{"href":"https:\/\/agora.xtec.cat\/iesaran\/wp-json\/wp\/v2\/pages\/13634","targetHints":{"allow":["GET"]}}],"collection":[{"href":"https:\/\/agora.xtec.cat\/iesaran\/wp-json\/wp\/v2\/pages"}],"about":[{"href":"https:\/\/agora.xtec.cat\/iesaran\/wp-json\/wp\/v2\/types\/page"}],"author":[{"embeddable":true,"href":"https:\/\/agora.xtec.cat\/iesaran\/wp-json\/wp\/v2\/users\/1"}],"replies":[{"embeddable":true,"href":"https:\/\/agora.xtec.cat\/iesaran\/wp-json\/wp\/v2\/comments?post=13634"}],"version-history":[{"count":3,"href":"https:\/\/agora.xtec.cat\/iesaran\/wp-json\/wp\/v2\/pages\/13634\/revisions"}],"predecessor-version":[{"id":14181,"href":"https:\/\/agora.xtec.cat\/iesaran\/wp-json\/wp\/v2\/pages\/13634\/revisions\/14181"}],"up":[{"embeddable":true,"href":"https:\/\/agora.xtec.cat\/iesaran\/wp-json\/wp\/v2\/pages\/195"}],"wp:attachment":[{"href":"https:\/\/agora.xtec.cat\/iesaran\/wp-json\/wp\/v2\/media?parent=13634"}],"curies":[{"name":"wp","href":"https:\/\/api.w.org\/{rel}","templated":true}]}}