{"id":69,"date":"2014-09-18T10:15:07","date_gmt":"2014-09-18T09:15:07","guid":{"rendered":"http:\/\/agora.xtec.cat\/iesantpol\/?page_id=69"},"modified":"2025-10-21T20:31:43","modified_gmt":"2025-10-21T18:31:43","slug":"menjador-escolar","status":"publish","type":"page","link":"https:\/\/agora.xtec.cat\/iesantpol\/serveis\/menjador-escolar\/","title":{"rendered":"Menjador escolar"},"content":{"rendered":"\n<figure class=\"wp-block-image alignright\"><img decoding=\"async\" src=\"http:\/\/agora.xtec.cat\/escolasantpau\/wp-content\/uploads\/usu204\/2014\/09\/image-e1467067613290.png\" alt=\"image\" class=\"wp-image-280\"\/><\/figure>\n\n\n\n<p>En aquesta p\u00e0gina hi trobareu tot el que fa refer\u00e8ncia al nostre <strong>SERVEI DE MENJADOR.<\/strong><\/p>\n\n\n\n<p>El funcionament i la gesti\u00f3 del servei de menjador \u00e9s responsabilitat de l\u2019empresa contractada pel Consell Comarcal del Maresme, actualment l\u2019empresa <a href=\"https:\/\/serhsfoodeduca.com\/\" target=\"_blank\" rel=\"noreferrer noopener\">SERHS<\/a>. Es regeix per la normativa espec\u00edfica d\u2019aquest servei vigent en cada curs.<\/p>\n\n\n\n<p><strong>Per donar-se d&#8217;alta al servei del menjador<\/strong> cal seguir les <a href=\"https:\/\/drive.google.com\/file\/d\/1VjM8_aSbfNR9X305rompPCjcj0TlmuYd\/view?usp=drive_link\" target=\"_blank\" rel=\"noreferrer noopener\">seg\u00fcents instruccions.<\/a><\/p>\n\n\n\n<p>Els tel\u00e8fons de contacte del menjador s\u00f3n el <strong>93 760 31 12 <\/strong>i el<strong> 637 232 324 <\/strong>en horari de <strong>9:00\u202fh a 10:00\u202fh.<\/strong><\/p>\n\n\n\n<p>El correu electr\u00f2nic \u00e9s <a href=\"mailto:serhsfoodeduca@serhs.com\">serhsfoodeduca@serhs.com<\/a><\/p>\n\n\n\n<p>Podeu baixar l&#8217;app en aquest <a href=\"https:\/\/serhsfoodeduca.com\/aplicacio-seguiment-menjador-escolar\/\">enlla\u00e7.<\/a> Des de l&#8217;aplicaci\u00f3 podreu consultar el men\u00fa, els rebuts de cada mes, avisar de faltes d&#8217;assist\u00e8ncia i contractar dies no habituals. Aqu\u00ed teniu un <a href=\"https:\/\/drive.google.com\/file\/d\/1Qmdg54TfLBez2WVNvQElKomz6WmzlCrR\/view?usp=sharing\" target=\"_blank\" rel=\"noreferrer noopener\">manual<\/a> per a poder descarregar i fer \u00fas de l&#8217;app.<\/p>\n\n\n\n<p><a href=\"https:\/\/drive.google.com\/file\/d\/1BuWKWG4O3N9_pl3W4Y11ZY29Ar6viHox\/view?usp=sharing\" target=\"_blank\" rel=\"noreferrer noopener\">Carta de benvinguda 24-25<\/a><\/p>\n\n\n\n<p><a href=\"https:\/\/drive.google.com\/file\/d\/1Rwd3gNBMprBRrzccZJxiMss_0Lqkm919\/view?usp=sharing\" target=\"_blank\" rel=\"noreferrer noopener\">Projecte educatiu 24-25 Serhs Food menjador<\/a><\/p>\n\n\n\n<p><a href=\"https:\/\/drive.google.com\/file\/d\/17TP2zFDcVazaA7bvHXcI5Yo9XUi9AWrv\/view?usp=sharing\" target=\"_blank\" rel=\"noreferrer noopener\">&nbsp;<\/a><\/p>\n","protected":false},"excerpt":{"rendered":"<p>En aquesta p\u00e0gina hi trobareu tot el que fa refer\u00e8ncia al nostre SERVEI DE MENJADOR. El funcionament i la gesti\u00f3 del servei de menjador \u00e9s responsabilitat de l\u2019empresa contractada pel Consell Comarcal del Maresme, actualment l\u2019empresa SERHS. Es regeix per la normativa espec\u00edfica d\u2019aquest servei vigent en cada curs. Per donar-se d&#8217;alta al servei del [&hellip;]<\/p>\n","protected":false},"author":1,"featured_media":0,"parent":63,"menu_order":20,"comment_status":"closed","ping_status":"closed","template":"","meta":{"site-sidebar-layout":"default","site-content-layout":"","ast-site-content-layout":"default","site-content-style":"default","site-sidebar-style":"default","ast-global-header-display":"","ast-banner-title-visibility":"","ast-main-header-display":"","ast-hfb-above-header-display":"","ast-hfb-below-header-display":"","ast-hfb-mobile-header-display":"","site-post-title":"","ast-breadcrumbs-content":"","ast-featured-img":"","footer-sml-layout":"","theme-transparent-header-meta":"","adv-header-id-meta":"","stick-header-meta":"","header-above-stick-meta":"","header-main-stick-meta":"","header-below-stick-meta":"","astra-migrate-meta-layouts":"set","ast-page-background-enabled":"default","ast-page-background-meta":{"desktop":{"background-color":"var(--ast-global-color-4)","background-image":"","background-repeat":"repeat","background-position":"center center","background-size":"auto","background-attachment":"scroll","background-type":"","background-media":"","overlay-type":"","overlay-color":"","overlay-opacity":"","overlay-gradient":""},"tablet":{"background-color":"","background-image":"","background-repeat":"repeat","background-position":"center center","background-size":"auto","background-attachment":"scroll","background-type":"","background-media":"","overlay-type":"","overlay-color":"","overlay-opacity":"","overlay-gradient":""},"mobile":{"background-color":"","background-image":"","background-repeat":"repeat","background-position":"center center","background-size":"auto","background-attachment":"scroll","background-type":"","background-media":"","overlay-type":"","overlay-color":"","overlay-opacity":"","overlay-gradient":""}},"ast-content-background-meta":{"desktop":{"background-color":"var(--ast-global-color-5)","background-image":"","background-repeat":"repeat","background-position":"center center","background-size":"auto","background-attachment":"scroll","background-type":"","background-media":"","overlay-type":"","overlay-color":"","overlay-opacity":"","overlay-gradient":""},"tablet":{"background-color":"var(--ast-global-color-5)","background-image":"","background-repeat":"repeat","background-position":"center center","background-size":"auto","background-attachment":"scroll","background-type":"","background-media":"","overlay-type":"","overlay-color":"","overlay-opacity":"","overlay-gradient":""},"mobile":{"background-color":"var(--ast-global-color-5)","background-image":"","background-repeat":"repeat","background-position":"center center","background-size":"auto","background-attachment":"scroll","background-type":"","background-media":"","overlay-type":"","overlay-color":"","overlay-opacity":"","overlay-gradient":""}},"footnotes":""},"class_list":["post-69","page","type-page","status-publish","hentry"],"post_mailing_queue_ids":[],"_links":{"self":[{"href":"https:\/\/agora.xtec.cat\/iesantpol\/wp-json\/wp\/v2\/pages\/69","targetHints":{"allow":["GET"]}}],"collection":[{"href":"https:\/\/agora.xtec.cat\/iesantpol\/wp-json\/wp\/v2\/pages"}],"about":[{"href":"https:\/\/agora.xtec.cat\/iesantpol\/wp-json\/wp\/v2\/types\/page"}],"author":[{"embeddable":true,"href":"https:\/\/agora.xtec.cat\/iesantpol\/wp-json\/wp\/v2\/users\/1"}],"replies":[{"embeddable":true,"href":"https:\/\/agora.xtec.cat\/iesantpol\/wp-json\/wp\/v2\/comments?post=69"}],"version-history":[{"count":4,"href":"https:\/\/agora.xtec.cat\/iesantpol\/wp-json\/wp\/v2\/pages\/69\/revisions"}],"predecessor-version":[{"id":21249,"href":"https:\/\/agora.xtec.cat\/iesantpol\/wp-json\/wp\/v2\/pages\/69\/revisions\/21249"}],"up":[{"embeddable":true,"href":"https:\/\/agora.xtec.cat\/iesantpol\/wp-json\/wp\/v2\/pages\/63"}],"wp:attachment":[{"href":"https:\/\/agora.xtec.cat\/iesantpol\/wp-json\/wp\/v2\/media?parent=69"}],"curies":[{"name":"wp","href":"https:\/\/api.w.org\/{rel}","templated":true}]}}