{"id":67,"date":"2014-09-18T10:14:18","date_gmt":"2014-09-18T09:14:18","guid":{"rendered":"http:\/\/agora.xtec.cat\/iesantpol\/?page_id=67"},"modified":"2025-10-21T20:49:04","modified_gmt":"2025-10-21T18:49:04","slug":"acollida","status":"publish","type":"page","link":"https:\/\/agora.xtec.cat\/iesantpol\/serveis\/acollida\/","title":{"rendered":"Acollida"},"content":{"rendered":"\n<figure class=\"wp-block-gallery has-nested-images columns-default is-cropped wp-block-gallery-1 is-layout-flex wp-block-gallery-is-layout-flex\">\n<figure class=\"wp-block-image size-large\"><a href=\"https:\/\/agora.xtec.cat\/iesantpol\/wp-content\/uploads\/usu3599\/2025\/10\/Captura-de-pantalla-2025-10-21-a-les-20.40.jpeg\"><img loading=\"lazy\" decoding=\"async\" width=\"1024\" height=\"596\" data-id=\"21254\" src=\"https:\/\/agora.xtec.cat\/iesantpol\/wp-content\/uploads\/usu3599\/2025\/10\/Captura-de-pantalla-2025-10-21-a-les-20.40-1024x596.jpeg\" alt=\"\" class=\"wp-image-21254\" srcset=\"https:\/\/agora.xtec.cat\/iesantpol\/wp-content\/uploads\/usu3599\/2025\/10\/Captura-de-pantalla-2025-10-21-a-les-20.40-1024x596.jpeg 1024w, https:\/\/agora.xtec.cat\/iesantpol\/wp-content\/uploads\/usu3599\/2025\/10\/Captura-de-pantalla-2025-10-21-a-les-20.40-300x175.jpeg 300w, https:\/\/agora.xtec.cat\/iesantpol\/wp-content\/uploads\/usu3599\/2025\/10\/Captura-de-pantalla-2025-10-21-a-les-20.40-768x447.jpeg 768w, https:\/\/agora.xtec.cat\/iesantpol\/wp-content\/uploads\/usu3599\/2025\/10\/Captura-de-pantalla-2025-10-21-a-les-20.40.jpeg 1470w\" sizes=\"auto, (max-width: 1024px) 100vw, 1024px\" \/><\/a><\/figure>\n\n\n\n<figure class=\"wp-block-image size-large\"><a href=\"https:\/\/agora.xtec.cat\/iesantpol\/wp-content\/uploads\/usu3599\/2025\/10\/acollida.jpg\"><img loading=\"lazy\" decoding=\"async\" width=\"1024\" height=\"607\" data-id=\"21256\" src=\"https:\/\/agora.xtec.cat\/iesantpol\/wp-content\/uploads\/usu3599\/2025\/10\/acollida-1024x607.jpg\" alt=\"\" class=\"wp-image-21256\" srcset=\"https:\/\/agora.xtec.cat\/iesantpol\/wp-content\/uploads\/usu3599\/2025\/10\/acollida-1024x607.jpg 1024w, https:\/\/agora.xtec.cat\/iesantpol\/wp-content\/uploads\/usu3599\/2025\/10\/acollida-300x178.jpg 300w, https:\/\/agora.xtec.cat\/iesantpol\/wp-content\/uploads\/usu3599\/2025\/10\/acollida-768x455.jpg 768w, https:\/\/agora.xtec.cat\/iesantpol\/wp-content\/uploads\/usu3599\/2025\/10\/acollida-1536x910.jpg 1536w, https:\/\/agora.xtec.cat\/iesantpol\/wp-content\/uploads\/usu3599\/2025\/10\/acollida.jpg 1914w\" sizes=\"auto, (max-width: 1024px) 100vw, 1024px\" \/><\/a><\/figure>\n\n\n\n<figure class=\"wp-block-image size-large\"><a href=\"https:\/\/agora.xtec.cat\/iesantpol\/wp-content\/uploads\/usu3599\/2025\/10\/Captura-de-pantalla-2025-10-21-a-les-20.39.jpeg\"><img loading=\"lazy\" decoding=\"async\" width=\"1024\" height=\"719\" data-id=\"21253\" src=\"https:\/\/agora.xtec.cat\/iesantpol\/wp-content\/uploads\/usu3599\/2025\/10\/Captura-de-pantalla-2025-10-21-a-les-20.39-1024x719.jpeg\" alt=\"\" class=\"wp-image-21253\" srcset=\"https:\/\/agora.xtec.cat\/iesantpol\/wp-content\/uploads\/usu3599\/2025\/10\/Captura-de-pantalla-2025-10-21-a-les-20.39-1024x719.jpeg 1024w, https:\/\/agora.xtec.cat\/iesantpol\/wp-content\/uploads\/usu3599\/2025\/10\/Captura-de-pantalla-2025-10-21-a-les-20.39-300x211.jpeg 300w, https:\/\/agora.xtec.cat\/iesantpol\/wp-content\/uploads\/usu3599\/2025\/10\/Captura-de-pantalla-2025-10-21-a-les-20.39-768x539.jpeg 768w, https:\/\/agora.xtec.cat\/iesantpol\/wp-content\/uploads\/usu3599\/2025\/10\/Captura-de-pantalla-2025-10-21-a-les-20.39-1536x1079.jpeg 1536w, https:\/\/agora.xtec.cat\/iesantpol\/wp-content\/uploads\/usu3599\/2025\/10\/Captura-de-pantalla-2025-10-21-a-les-20.39.jpeg 1820w\" sizes=\"auto, (max-width: 1024px) 100vw, 1024px\" \/><\/a><\/figure>\n<\/figure>\n\n\n\n<figure class=\"wp-block-table is-style-stripes\"><table><tbody><tr><td><strong>SAM Servei d&#8217;acollida de mat\u00ed<br><\/strong>Horari: de 7:45 h a 9 h &#8211; L&#8217;hora m\u00e0xima d&#8217;admissi\u00f3 a l&#8217;acollida \u00e9s a les 8:45 h<br>Preu: 35 \u20ac\/mes &#8211; espor\u00e0dic 3 \u20ac<br>No socis: 40 \u20ac\/mes &#8211; espor\u00e0dic 4 \u20ac<\/td><\/tr><tr><td><strong>SAT Servei d&#8217;acollida de tarda &#8211; <\/strong><strong>Tardes l\u00fadiques<\/strong><br>Horari: de 16:15 h a 18:00 h<br>Preu: 35 \u20ac\/mes &#8211; espor\u00e0dic 3 \u20ac<br>No socis 40 \u20ac\/mes &#8211; espor\u00e0dic 4 \u20ac<\/td><\/tr><tr><td><strong>Servei d&#8217;acollida per les reunions<\/strong><br>Gratu\u00eft pels socis<br>3 \u20ac no socis<\/td><\/tr><\/tbody><\/table><\/figure>\n\n\n\n<p>Per a qualsevol consulta en relaci\u00f3 amb el servei d&#8217;acollida cal contactar amb l&#8217;AFA.<\/p>\n\n\n\n<p><strong>L&#8217;horari d&#8217;atenci\u00f3 a les fam\u00edlies \u00e9s de les 16:15 h a les 18:00 h de dilluns a divendres.&nbsp;<\/strong><\/p>\n\n\n\n<p>Instagram: <a href=\"https:\/\/www.instagram.com\/afasantpol\/\" target=\"_blank\" rel=\"noreferrer noopener\">https:\/\/www.instagram.com\/afasantpol\/<\/a><\/p>\n\n\n\n<p>mail: <a href=\"mailto:afasantpol@gmail.com\" target=\"_blank\" rel=\"noreferrer noopener\">afasantpol@gmail.com<\/a><\/p>\n\n\n\n<p><\/p>\n","protected":false},"excerpt":{"rendered":"<p>SAM Servei d&#8217;acollida de mat\u00edHorari: de 7:45 h a 9 h &#8211; L&#8217;hora m\u00e0xima d&#8217;admissi\u00f3 a l&#8217;acollida \u00e9s a les 8:45 hPreu: 35 \u20ac\/mes &#8211; espor\u00e0dic 3 \u20acNo socis: 40 \u20ac\/mes &#8211; espor\u00e0dic 4 \u20ac SAT Servei d&#8217;acollida de tarda &#8211; Tardes l\u00fadiquesHorari: de 16:15 h a 18:00 hPreu: 35 \u20ac\/mes &#8211; espor\u00e0dic 3 \u20acNo [&hellip;]<\/p>\n","protected":false},"author":1,"featured_media":0,"parent":63,"menu_order":20,"comment_status":"closed","ping_status":"closed","template":"","meta":{"site-sidebar-layout":"default","site-content-layout":"","ast-site-content-layout":"default","site-content-style":"default","site-sidebar-style":"default","ast-global-header-display":"","ast-banner-title-visibility":"","ast-main-header-display":"","ast-hfb-above-header-display":"","ast-hfb-below-header-display":"","ast-hfb-mobile-header-display":"","site-post-title":"","ast-breadcrumbs-content":"","ast-featured-img":"","footer-sml-layout":"","theme-transparent-header-meta":"","adv-header-id-meta":"","stick-header-meta":"","header-above-stick-meta":"","header-main-stick-meta":"","header-below-stick-meta":"","astra-migrate-meta-layouts":"set","ast-page-background-enabled":"default","ast-page-background-meta":{"desktop":{"background-color":"var(--ast-global-color-4)","background-image":"","background-repeat":"repeat","background-position":"center center","background-size":"auto","background-attachment":"scroll","background-type":"","background-media":"","overlay-type":"","overlay-color":"","overlay-opacity":"","overlay-gradient":""},"tablet":{"background-color":"","background-image":"","background-repeat":"repeat","background-position":"center center","background-size":"auto","background-attachment":"scroll","background-type":"","background-media":"","overlay-type":"","overlay-color":"","overlay-opacity":"","overlay-gradient":""},"mobile":{"background-color":"","background-image":"","background-repeat":"repeat","background-position":"center center","background-size":"auto","background-attachment":"scroll","background-type":"","background-media":"","overlay-type":"","overlay-color":"","overlay-opacity":"","overlay-gradient":""}},"ast-content-background-meta":{"desktop":{"background-color":"var(--ast-global-color-5)","background-image":"","background-repeat":"repeat","background-position":"center center","background-size":"auto","background-attachment":"scroll","background-type":"","background-media":"","overlay-type":"","overlay-color":"","overlay-opacity":"","overlay-gradient":""},"tablet":{"background-color":"var(--ast-global-color-5)","background-image":"","background-repeat":"repeat","background-position":"center center","background-size":"auto","background-attachment":"scroll","background-type":"","background-media":"","overlay-type":"","overlay-color":"","overlay-opacity":"","overlay-gradient":""},"mobile":{"background-color":"var(--ast-global-color-5)","background-image":"","background-repeat":"repeat","background-position":"center center","background-size":"auto","background-attachment":"scroll","background-type":"","background-media":"","overlay-type":"","overlay-color":"","overlay-opacity":"","overlay-gradient":""}},"footnotes":""},"class_list":["post-67","page","type-page","status-publish","hentry"],"post_mailing_queue_ids":[],"_links":{"self":[{"href":"https:\/\/agora.xtec.cat\/iesantpol\/wp-json\/wp\/v2\/pages\/67","targetHints":{"allow":["GET"]}}],"collection":[{"href":"https:\/\/agora.xtec.cat\/iesantpol\/wp-json\/wp\/v2\/pages"}],"about":[{"href":"https:\/\/agora.xtec.cat\/iesantpol\/wp-json\/wp\/v2\/types\/page"}],"author":[{"embeddable":true,"href":"https:\/\/agora.xtec.cat\/iesantpol\/wp-json\/wp\/v2\/users\/1"}],"replies":[{"embeddable":true,"href":"https:\/\/agora.xtec.cat\/iesantpol\/wp-json\/wp\/v2\/comments?post=67"}],"version-history":[{"count":6,"href":"https:\/\/agora.xtec.cat\/iesantpol\/wp-json\/wp\/v2\/pages\/67\/revisions"}],"predecessor-version":[{"id":21261,"href":"https:\/\/agora.xtec.cat\/iesantpol\/wp-json\/wp\/v2\/pages\/67\/revisions\/21261"}],"up":[{"embeddable":true,"href":"https:\/\/agora.xtec.cat\/iesantpol\/wp-json\/wp\/v2\/pages\/63"}],"wp:attachment":[{"href":"https:\/\/agora.xtec.cat\/iesantpol\/wp-json\/wp\/v2\/media?parent=67"}],"curies":[{"name":"wp","href":"https:\/\/api.w.org\/{rel}","templated":true}]}}