{"id":65,"date":"2014-09-18T10:12:22","date_gmt":"2014-09-18T10:12:22","guid":{"rendered":"http:\/\/agora.xtec.cat\/iesantpol\/?page_id=65"},"modified":"2025-10-21T20:25:13","modified_gmt":"2025-10-21T18:25:13","slug":"serveis-digitals","status":"publish","type":"page","link":"https:\/\/agora.xtec.cat\/iesantpol\/serveis\/serveis-digitals\/","title":{"rendered":"Serveis digitals"},"content":{"rendered":"\n<p><\/p>\n\n\n\n<p><\/p>\n\n\n\n<div class=\"wp-block-columns is-layout-flex wp-container-core-columns-is-layout-1 wp-block-columns-is-layout-flex\">\n<div class=\"wp-block-column is-layout-flow wp-block-column-is-layout-flow\" style=\"flex-basis:50%\">\n<figure class=\"wp-block-image size-large is-resized\"><a href=\"https:\/\/agora.xtec.cat\/iesantpol\/wp-content\/uploads\/usu3599\/2025\/10\/web.jpg\"><img loading=\"lazy\" decoding=\"async\" width=\"1024\" height=\"900\" src=\"https:\/\/agora.xtec.cat\/iesantpol\/wp-content\/uploads\/usu3599\/2025\/10\/web-1024x900.jpg\" alt=\"\" class=\"wp-image-21223\" style=\"width:382px;height:auto\" srcset=\"https:\/\/agora.xtec.cat\/iesantpol\/wp-content\/uploads\/usu3599\/2025\/10\/web-1024x900.jpg 1024w, https:\/\/agora.xtec.cat\/iesantpol\/wp-content\/uploads\/usu3599\/2025\/10\/web-300x264.jpg 300w, https:\/\/agora.xtec.cat\/iesantpol\/wp-content\/uploads\/usu3599\/2025\/10\/web-768x675.jpg 768w, https:\/\/agora.xtec.cat\/iesantpol\/wp-content\/uploads\/usu3599\/2025\/10\/web-1536x1350.jpg 1536w, https:\/\/agora.xtec.cat\/iesantpol\/wp-content\/uploads\/usu3599\/2025\/10\/web-2048x1800.jpg 2048w\" sizes=\"auto, (max-width: 1024px) 100vw, 1024px\" \/><\/a><\/figure>\n<\/div>\n\n\n\n<div class=\"wp-block-column is-layout-flow wp-block-column-is-layout-flow\" style=\"flex-basis:100%\">\n<h4 class=\"wp-block-heading\">Web<\/h4>\n\n\n\n<p>El centre disposa d&#8217;un web amb la informaci\u00f3 p\u00fablica. S&#8217;hi poden trobar informacions est\u00e0tiques, que es revisen peri\u00f2dicament (documentaci\u00f3, calendaris, dades del centre, etc.) i articles din\u00e0mics sobre el que va succeint al centre dia a dia. A m\u00e9s tamb\u00e9 disposa d&#8217;enlla\u00e7os educatius, a sites de mat\u00e8ries i projectes del centre, al Twitter, a l&#8217;Instagram i al Canal de Telegram.<\/p>\n<\/div>\n<\/div>\n\n\n\n<div class=\"wp-block-columns is-layout-flex wp-container-core-columns-is-layout-2 wp-block-columns-is-layout-flex\">\n<div class=\"wp-block-column is-layout-flow wp-block-column-is-layout-flow\" style=\"flex-basis:50%\">\n<figure class=\"wp-block-image size-large\"><a href=\"https:\/\/sites.google.com\/iesantpol.cat\/materies\" target=\"_blank\" rel=\" noreferrer noopener\"><img loading=\"lazy\" decoding=\"async\" width=\"1024\" height=\"839\" src=\"https:\/\/agora.xtec.cat\/iesantpol\/wp-content\/uploads\/usu3599\/2025\/10\/MAteries-1024x839.jpg\" alt=\"\" class=\"wp-image-21231\" srcset=\"https:\/\/agora.xtec.cat\/iesantpol\/wp-content\/uploads\/usu3599\/2025\/10\/MAteries-1024x839.jpg 1024w, https:\/\/agora.xtec.cat\/iesantpol\/wp-content\/uploads\/usu3599\/2025\/10\/MAteries-300x246.jpg 300w, https:\/\/agora.xtec.cat\/iesantpol\/wp-content\/uploads\/usu3599\/2025\/10\/MAteries-768x629.jpg 768w, https:\/\/agora.xtec.cat\/iesantpol\/wp-content\/uploads\/usu3599\/2025\/10\/MAteries-1536x1259.jpg 1536w, https:\/\/agora.xtec.cat\/iesantpol\/wp-content\/uploads\/usu3599\/2025\/10\/MAteries-2048x1678.jpg 2048w\" sizes=\"auto, (max-width: 1024px) 100vw, 1024px\" \/><\/a><\/figure>\n<\/div>\n\n\n\n<div class=\"wp-block-column is-layout-flow wp-block-column-is-layout-flow\" style=\"flex-basis:100%\">\n<h4 class=\"wp-block-heading\">Webs de mat\u00e8ries<\/h4>\n\n\n\n<p>La majoria de les mat\u00e8ries de secund\u00e0ria disposen d&#8217;un on es comparteixen els objectius, metodologia, continguts,..<\/p>\n<\/div>\n<\/div>\n\n\n\n<div class=\"wp-block-columns is-layout-flex wp-container-core-columns-is-layout-3 wp-block-columns-is-layout-flex\">\n<div class=\"wp-block-column is-layout-flow wp-block-column-is-layout-flow\" style=\"flex-basis:50%\">\n<figure class=\"wp-block-image size-large\"><a href=\"https:\/\/sites.google.com\/iesantpol.cat\/projectes-secundaria\/\" target=\"_blank\" rel=\"Site de Projectes\"><img loading=\"lazy\" decoding=\"async\" width=\"1024\" height=\"824\" src=\"https:\/\/agora.xtec.cat\/iesantpol\/wp-content\/uploads\/usu3599\/2025\/10\/Projectes-1024x824.jpg\" alt=\"\" class=\"wp-image-21233\" srcset=\"https:\/\/agora.xtec.cat\/iesantpol\/wp-content\/uploads\/usu3599\/2025\/10\/Projectes-1024x824.jpg 1024w, https:\/\/agora.xtec.cat\/iesantpol\/wp-content\/uploads\/usu3599\/2025\/10\/Projectes-300x241.jpg 300w, https:\/\/agora.xtec.cat\/iesantpol\/wp-content\/uploads\/usu3599\/2025\/10\/Projectes-768x618.jpg 768w, https:\/\/agora.xtec.cat\/iesantpol\/wp-content\/uploads\/usu3599\/2025\/10\/Projectes-1536x1236.jpg 1536w, https:\/\/agora.xtec.cat\/iesantpol\/wp-content\/uploads\/usu3599\/2025\/10\/Projectes-2048x1648.jpg 2048w\" sizes=\"auto, (max-width: 1024px) 100vw, 1024px\" \/><\/a><\/figure>\n<\/div>\n\n\n\n<div class=\"wp-block-column is-layout-flow wp-block-column-is-layout-flow\" style=\"flex-basis:100%\">\n<h4 class=\"wp-block-heading\">Webs de projectes<\/h4>\n\n\n\n<p>Una de les metodologies de treball present a tots els cursos de l&#8217;ESO \u00e9s el treball globalitzat, el treball per projectes.<\/p>\n\n\n\n<p>En funci\u00f3 del curs els projectes agrupen mat\u00e8ries del mateix \u00e0mbit (CTM, LING o AS) o entre \u00e0mbits diferents.<\/p>\n<\/div>\n<\/div>\n\n\n\n<div class=\"wp-block-columns is-layout-flex wp-container-core-columns-is-layout-4 wp-block-columns-is-layout-flex\">\n<div class=\"wp-block-column is-layout-flow wp-block-column-is-layout-flow\" style=\"flex-basis:50%\">\n<figure class=\"wp-block-image size-large\"><a href=\"https:\/\/www.instagram.com\/iesantpol\/\" target=\"_blank\" rel=\"Instagram\"><img loading=\"lazy\" decoding=\"async\" width=\"805\" height=\"1024\" src=\"https:\/\/agora.xtec.cat\/iesantpol\/wp-content\/uploads\/usu3599\/2025\/10\/instagram-805x1024.jpg\" alt=\"\" class=\"wp-image-21242\" srcset=\"https:\/\/agora.xtec.cat\/iesantpol\/wp-content\/uploads\/usu3599\/2025\/10\/instagram-805x1024.jpg 805w, https:\/\/agora.xtec.cat\/iesantpol\/wp-content\/uploads\/usu3599\/2025\/10\/instagram-236x300.jpg 236w, https:\/\/agora.xtec.cat\/iesantpol\/wp-content\/uploads\/usu3599\/2025\/10\/instagram-768x977.jpg 768w, https:\/\/agora.xtec.cat\/iesantpol\/wp-content\/uploads\/usu3599\/2025\/10\/instagram-1208x1536.jpg 1208w, https:\/\/agora.xtec.cat\/iesantpol\/wp-content\/uploads\/usu3599\/2025\/10\/instagram-1610x2048.jpg 1610w, https:\/\/agora.xtec.cat\/iesantpol\/wp-content\/uploads\/usu3599\/2025\/10\/instagram.jpg 1780w\" sizes=\"auto, (max-width: 805px) 100vw, 805px\" \/><\/a><\/figure>\n<\/div>\n\n\n\n<div class=\"wp-block-column is-layout-flow wp-block-column-is-layout-flow\" style=\"flex-basis:100%\">\n<h4 class=\"wp-block-heading\">Instagram<\/h4>\n\n\n\n<p>En aquest canal es comparteixen imatges o v\u00eddeos d&#8217;activitats o sortides.<\/p>\n<\/div>\n<\/div>\n\n\n\n<div class=\"wp-block-columns is-layout-flex wp-container-core-columns-is-layout-5 wp-block-columns-is-layout-flex\">\n<div class=\"wp-block-column is-layout-flow wp-block-column-is-layout-flow\" style=\"flex-basis:50%\">\n<figure class=\"wp-block-image size-large\"><a href=\"https:\/\/sites.google.com\/iesantpol.cat\/projectes-secundaria\/\" target=\"_blank\" rel=\"Site de Projectes\"><img loading=\"lazy\" decoding=\"async\" width=\"1024\" height=\"824\" src=\"https:\/\/agora.xtec.cat\/iesantpol\/wp-content\/uploads\/usu3599\/2025\/10\/Projectes-1024x824.jpg\" alt=\"\" class=\"wp-image-21233\" srcset=\"https:\/\/agora.xtec.cat\/iesantpol\/wp-content\/uploads\/usu3599\/2025\/10\/Projectes-1024x824.jpg 1024w, https:\/\/agora.xtec.cat\/iesantpol\/wp-content\/uploads\/usu3599\/2025\/10\/Projectes-300x241.jpg 300w, https:\/\/agora.xtec.cat\/iesantpol\/wp-content\/uploads\/usu3599\/2025\/10\/Projectes-768x618.jpg 768w, https:\/\/agora.xtec.cat\/iesantpol\/wp-content\/uploads\/usu3599\/2025\/10\/Projectes-1536x1236.jpg 1536w, https:\/\/agora.xtec.cat\/iesantpol\/wp-content\/uploads\/usu3599\/2025\/10\/Projectes-2048x1648.jpg 2048w\" sizes=\"auto, (max-width: 1024px) 100vw, 1024px\" \/><\/a><\/figure>\n<\/div>\n\n\n\n<div class=\"wp-block-column is-layout-flow wp-block-column-is-layout-flow\" style=\"flex-basis:100%\">\n<h4 class=\"wp-block-heading\">Twitter<\/h4>\n\n\n\n<p>Des dels inicis, el 2015, el centre va posar en marxa el compte de Twitter de l&#8217;Institut de Sant Pol de Mar per poder facilitar a la comunitat educativa, d&#8217;una manera m\u00e9s \u00e0gil i actual, la informaci\u00f3 d&#8217;esdeveniments que es produ\u00efssin al llarg de les jornades o activitats especials. Podeu seguir-nos en @InstitutSantPol<\/p>\n<\/div>\n<\/div>\n","protected":false},"excerpt":{"rendered":"<p>Web El centre disposa d&#8217;un web amb la informaci\u00f3 p\u00fablica. S&#8217;hi poden trobar informacions est\u00e0tiques, que es revisen peri\u00f2dicament (documentaci\u00f3, calendaris, dades del centre, etc.) i articles din\u00e0mics sobre el que va succeint al centre dia a dia. A m\u00e9s tamb\u00e9 disposa d&#8217;enlla\u00e7os educatius, a sites de mat\u00e8ries i projectes del centre, al Twitter, a [&hellip;]<\/p>\n","protected":false},"author":1,"featured_media":0,"parent":63,"menu_order":10,"comment_status":"closed","ping_status":"closed","template":"","meta":{"site-sidebar-layout":"default","site-content-layout":"","ast-site-content-layout":"default","site-content-style":"default","site-sidebar-style":"default","ast-global-header-display":"","ast-banner-title-visibility":"","ast-main-header-display":"","ast-hfb-above-header-display":"","ast-hfb-below-header-display":"","ast-hfb-mobile-header-display":"","site-post-title":"","ast-breadcrumbs-content":"","ast-featured-img":"","footer-sml-layout":"","theme-transparent-header-meta":"","adv-header-id-meta":"","stick-header-meta":"","header-above-stick-meta":"","header-main-stick-meta":"","header-below-stick-meta":"","astra-migrate-meta-layouts":"set","ast-page-background-enabled":"default","ast-page-background-meta":{"desktop":{"background-color":"var(--ast-global-color-4)","background-image":"","background-repeat":"repeat","background-position":"center center","background-size":"auto","background-attachment":"scroll","background-type":"","background-media":"","overlay-type":"","overlay-color":"","overlay-opacity":"","overlay-gradient":""},"tablet":{"background-color":"","background-image":"","background-repeat":"repeat","background-position":"center center","background-size":"auto","background-attachment":"scroll","background-type":"","background-media":"","overlay-type":"","overlay-color":"","overlay-opacity":"","overlay-gradient":""},"mobile":{"background-color":"","background-image":"","background-repeat":"repeat","background-position":"center center","background-size":"auto","background-attachment":"scroll","background-type":"","background-media":"","overlay-type":"","overlay-color":"","overlay-opacity":"","overlay-gradient":""}},"ast-content-background-meta":{"desktop":{"background-color":"var(--ast-global-color-5)","background-image":"","background-repeat":"repeat","background-position":"center center","background-size":"auto","background-attachment":"scroll","background-type":"","background-media":"","overlay-type":"","overlay-color":"","overlay-opacity":"","overlay-gradient":""},"tablet":{"background-color":"var(--ast-global-color-5)","background-image":"","background-repeat":"repeat","background-position":"center center","background-size":"auto","background-attachment":"scroll","background-type":"","background-media":"","overlay-type":"","overlay-color":"","overlay-opacity":"","overlay-gradient":""},"mobile":{"background-color":"var(--ast-global-color-5)","background-image":"","background-repeat":"repeat","background-position":"center center","background-size":"auto","background-attachment":"scroll","background-type":"","background-media":"","overlay-type":"","overlay-color":"","overlay-opacity":"","overlay-gradient":""}},"footnotes":""},"class_list":["post-65","page","type-page","status-publish","hentry"],"post_mailing_queue_ids":[],"_links":{"self":[{"href":"https:\/\/agora.xtec.cat\/iesantpol\/wp-json\/wp\/v2\/pages\/65","targetHints":{"allow":["GET"]}}],"collection":[{"href":"https:\/\/agora.xtec.cat\/iesantpol\/wp-json\/wp\/v2\/pages"}],"about":[{"href":"https:\/\/agora.xtec.cat\/iesantpol\/wp-json\/wp\/v2\/types\/page"}],"author":[{"embeddable":true,"href":"https:\/\/agora.xtec.cat\/iesantpol\/wp-json\/wp\/v2\/users\/1"}],"replies":[{"embeddable":true,"href":"https:\/\/agora.xtec.cat\/iesantpol\/wp-json\/wp\/v2\/comments?post=65"}],"version-history":[{"count":6,"href":"https:\/\/agora.xtec.cat\/iesantpol\/wp-json\/wp\/v2\/pages\/65\/revisions"}],"predecessor-version":[{"id":21247,"href":"https:\/\/agora.xtec.cat\/iesantpol\/wp-json\/wp\/v2\/pages\/65\/revisions\/21247"}],"up":[{"embeddable":true,"href":"https:\/\/agora.xtec.cat\/iesantpol\/wp-json\/wp\/v2\/pages\/63"}],"wp:attachment":[{"href":"https:\/\/agora.xtec.cat\/iesantpol\/wp-json\/wp\/v2\/media?parent=65"}],"curies":[{"name":"wp","href":"https:\/\/api.w.org\/{rel}","templated":true}]}}