{"id":57,"date":"2014-09-17T17:01:07","date_gmt":"2014-09-17T17:01:07","guid":{"rendered":"http:\/\/agora.xtec.cat\/iesantpol\/?page_id=57"},"modified":"2025-10-16T19:13:36","modified_gmt":"2025-10-16T17:13:36","slug":"projecte-educatiu","status":"publish","type":"page","link":"https:\/\/agora.xtec.cat\/iesantpol\/projecte-educatiu\/","title":{"rendered":"Projecte educatiu"},"content":{"rendered":"\n<p>El projecte educatiu incorpora el car\u00e0cter propi del centre<\/p>\n\n\n\n<ul class=\"wp-block-list\">\n<li>Criteris d&#8217;ordenaci\u00f3 pedag\u00f2gica, prioritats i plantejaments educatius, procediments d&#8217;inclusi\u00f3 i altres actuacions que caracteritzen el centre.<\/li>\n\n\n\n<li>Indicadors de progr\u00e9s.<\/li>\n\n\n\n<li>Concreci\u00f3 i desenvolupament dels curr\u00edculums.<\/li>\n\n\n\n<li>Criteris que defineixen l&#8217;estructura organitzativa.<\/li>\n\n\n\n<li>Projecte ling\u00fc\u00edstic.<\/li>\n\n\n\n<li>Car\u00e0cter propi del centre<\/li>\n<\/ul>\n\n\n\n<p class=\"has-light-green-cyan-background-color has-background\">El PEC propi de l&#8217;Institut Escola Sant Pol de Mar\u00a0<strong>est\u00e0 en proc\u00e9s d\u2019elaboraci\u00f3<\/strong>.<\/p>\n\n\n\n<p>Actualment, apliquem els PECs anteriors, el\u00a0<a href=\"https:\/\/agora.xtec.cat\/institutsantpol\/documents-de-centre\/pec\/\" target=\"_blank\" rel=\"noreferrer noopener\">PEC de l\u2019Institut de Sant Pol de Mar<\/a>\u00a0i el\u00a0<a href=\"https:\/\/agora.xtec.cat\/escolasantpau\/projecte-educatiu-de-centre-pec\/projecte-educatiu-de-centre\/\" target=\"_blank\" rel=\"noreferrer noopener\">PEC de l\u2019Escola Sant Pau<\/a><\/p>\n\n\n\n<h3 class=\"wp-block-heading\">PEC de l\u2019Institut de Sant Pol de Mar<\/h3>\n\n\n\n<div data-wp-interactive=\"core\/file\" class=\"wp-block-file\"><object data-wp-bind--hidden=\"!state.hasPdfPreview\" hidden class=\"wp-block-file__embed\" data=\"https:\/\/agora.xtec.cat\/iesantpol\/wp-content\/uploads\/usu3599\/2025\/10\/PEC-20192020-INS-SPdM.pdf\" type=\"application\/pdf\" style=\"width:100%;height:600px\" aria-label=\"Incrustaci\u00f3 del fitxer PEC 2019:2020 INS SPdM.\"><\/object><a id=\"wp-block-file--media-a9f37e25-2da5-4ac3-92fc-a77e7a4bcc0c\" href=\"https:\/\/agora.xtec.cat\/iesantpol\/wp-content\/uploads\/usu3599\/2025\/10\/PEC-20192020-INS-SPdM.pdf\">PEC 2019:2020 INS SPdM<\/a><a href=\"https:\/\/agora.xtec.cat\/iesantpol\/wp-content\/uploads\/usu3599\/2025\/10\/PEC-20192020-INS-SPdM.pdf\" class=\"wp-block-file__button wp-element-button\" download aria-describedby=\"wp-block-file--media-a9f37e25-2da5-4ac3-92fc-a77e7a4bcc0c\">Baixa<\/a><\/div>\n\n\n\n<h3 class=\"wp-block-heading\">PEC de l\u2019Escola Sant Pau<\/h3>\n\n\n\n<div data-wp-interactive=\"core\/file\" class=\"wp-block-file\"><object data-wp-bind--hidden=\"!state.hasPdfPreview\" hidden class=\"wp-block-file__embed\" data=\"https:\/\/agora.xtec.cat\/iesantpol\/wp-content\/uploads\/usu3599\/2025\/10\/PEC-2019-Escola-Sant-Pau.pdf\" type=\"application\/pdf\" style=\"width:100%;height:600px\" aria-label=\"Incrustaci\u00f3 del fitxer PEC 2019 Escola Sant Pau.\"><\/object><a id=\"wp-block-file--media-8637879e-8dfd-4caf-b7d6-1fd7c644563e\" href=\"https:\/\/agora.xtec.cat\/iesantpol\/wp-content\/uploads\/usu3599\/2025\/10\/PEC-2019-Escola-Sant-Pau.pdf\">PEC 2019 Escola Sant Pau<\/a><a href=\"https:\/\/agora.xtec.cat\/iesantpol\/wp-content\/uploads\/usu3599\/2025\/10\/PEC-2019-Escola-Sant-Pau.pdf\" class=\"wp-block-file__button wp-element-button\" download aria-describedby=\"wp-block-file--media-8637879e-8dfd-4caf-b7d6-1fd7c644563e\">Baixa<\/a><\/div>\n\n\n\n<p><\/p>\n","protected":false},"excerpt":{"rendered":"<p>El projecte educatiu incorpora el car\u00e0cter propi del centre El PEC propi de l&#8217;Institut Escola Sant Pol de Mar\u00a0est\u00e0 en proc\u00e9s d\u2019elaboraci\u00f3. Actualment, apliquem els PECs anteriors, el\u00a0PEC de l\u2019Institut de Sant Pol de Mar\u00a0i el\u00a0PEC de l\u2019Escola Sant Pau PEC de l\u2019Institut de Sant Pol de Mar PEC de l\u2019Escola Sant Pau<\/p>\n","protected":false},"author":1,"featured_media":0,"parent":0,"menu_order":0,"comment_status":"closed","ping_status":"closed","template":"","meta":{"site-sidebar-layout":"default","site-content-layout":"","ast-site-content-layout":"default","site-content-style":"default","site-sidebar-style":"default","ast-global-header-display":"","ast-banner-title-visibility":"","ast-main-header-display":"","ast-hfb-above-header-display":"","ast-hfb-below-header-display":"","ast-hfb-mobile-header-display":"","site-post-title":"","ast-breadcrumbs-content":"","ast-featured-img":"","footer-sml-layout":"","theme-transparent-header-meta":"","adv-header-id-meta":"","stick-header-meta":"","header-above-stick-meta":"","header-main-stick-meta":"","header-below-stick-meta":"","astra-migrate-meta-layouts":"set","ast-page-background-enabled":"default","ast-page-background-meta":{"desktop":{"background-color":"var(--ast-global-color-4)","background-image":"","background-repeat":"repeat","background-position":"center center","background-size":"auto","background-attachment":"scroll","background-type":"","background-media":"","overlay-type":"","overlay-color":"","overlay-opacity":"","overlay-gradient":""},"tablet":{"background-color":"","background-image":"","background-repeat":"repeat","background-position":"center center","background-size":"auto","background-attachment":"scroll","background-type":"","background-media":"","overlay-type":"","overlay-color":"","overlay-opacity":"","overlay-gradient":""},"mobile":{"background-color":"","background-image":"","background-repeat":"repeat","background-position":"center center","background-size":"auto","background-attachment":"scroll","background-type":"","background-media":"","overlay-type":"","overlay-color":"","overlay-opacity":"","overlay-gradient":""}},"ast-content-background-meta":{"desktop":{"background-color":"var(--ast-global-color-5)","background-image":"","background-repeat":"repeat","background-position":"center center","background-size":"auto","background-attachment":"scroll","background-type":"","background-media":"","overlay-type":"","overlay-color":"","overlay-opacity":"","overlay-gradient":""},"tablet":{"background-color":"var(--ast-global-color-5)","background-image":"","background-repeat":"repeat","background-position":"center center","background-size":"auto","background-attachment":"scroll","background-type":"","background-media":"","overlay-type":"","overlay-color":"","overlay-opacity":"","overlay-gradient":""},"mobile":{"background-color":"var(--ast-global-color-5)","background-image":"","background-repeat":"repeat","background-position":"center center","background-size":"auto","background-attachment":"scroll","background-type":"","background-media":"","overlay-type":"","overlay-color":"","overlay-opacity":"","overlay-gradient":""}},"footnotes":""},"class_list":["post-57","page","type-page","status-publish","hentry"],"post_mailing_queue_ids":[],"_links":{"self":[{"href":"https:\/\/agora.xtec.cat\/iesantpol\/wp-json\/wp\/v2\/pages\/57","targetHints":{"allow":["GET"]}}],"collection":[{"href":"https:\/\/agora.xtec.cat\/iesantpol\/wp-json\/wp\/v2\/pages"}],"about":[{"href":"https:\/\/agora.xtec.cat\/iesantpol\/wp-json\/wp\/v2\/types\/page"}],"author":[{"embeddable":true,"href":"https:\/\/agora.xtec.cat\/iesantpol\/wp-json\/wp\/v2\/users\/1"}],"replies":[{"embeddable":true,"href":"https:\/\/agora.xtec.cat\/iesantpol\/wp-json\/wp\/v2\/comments?post=57"}],"version-history":[{"count":4,"href":"https:\/\/agora.xtec.cat\/iesantpol\/wp-json\/wp\/v2\/pages\/57\/revisions"}],"predecessor-version":[{"id":21194,"href":"https:\/\/agora.xtec.cat\/iesantpol\/wp-json\/wp\/v2\/pages\/57\/revisions\/21194"}],"wp:attachment":[{"href":"https:\/\/agora.xtec.cat\/iesantpol\/wp-json\/wp\/v2\/media?parent=57"}],"curies":[{"name":"wp","href":"https:\/\/api.w.org\/{rel}","templated":true}]}}