{"id":21,"date":"2014-09-17T16:14:14","date_gmt":"2014-09-17T16:14:14","guid":{"rendered":"http:\/\/agora.xtec.cat\/iesantpol\/?page_id=21"},"modified":"2025-10-14T20:03:09","modified_gmt":"2025-10-14T18:03:09","slug":"on-som","status":"publish","type":"page","link":"https:\/\/agora.xtec.cat\/iesantpol\/linstitut\/on-som\/","title":{"rendered":"On som"},"content":{"rendered":"\n<p><strong>Institut&nbsp;Escola Sant Pol de Mar<\/strong><br>Camp Balmanya Zona Esportiva, s\/n<br>08395 Sant Pol de Mar<\/p>\n\n\n\n<p>Ens podeu trobar f\u00e0cilment al seg\u00fcent mapa. Per planificar la ruta des del vostre punt d&#8217;origen, podeu fer clic sobre el mapa per obrir Google Maps.<\/p>\n\n\n\n<iframe src=\"https:\/\/www.google.com\/maps\/embed?pb=!1m18!1m12!1m3!1d2985.679890515824!2d2.0825352767745384!3d41.55452777127908!2m3!1f0!2f0!3f0!3m2!1i1024!2i768!4f13.1!3m3!1m2!1s0x12a49492db95997f%3A0x47416dcf6e65b685!2sInstitut%20Sabadell!5e0!3m2!1ses!2ses!4v1734352056365!5m2!1ses!2ses\" width=\"750\" height=\"600\" style=\"border:0;\" allowfullscreen=\"\" loading=\"lazy\" referrerpolicy=\"no-referrer-when-downgrade\"><\/iframe>\n\n\n\n<p><strong>Com arribar-hi:<\/strong><\/p>\n\n\n\n<ul class=\"wp-block-list\">\n<li>En tren: Estaci\u00f3 Sant Pol de Mar de la l\u00ednia R1<\/li>\n\n\n\n<li>En bus (Sagal\u00e9s &#8211; Interurbans) El servei interurb\u00e0 connecta Sant Pol de Mar amb els municipis ve\u00efns. La parada m\u00e9s propera al centre educatiu (a la zona del Camp de Futbol \/ Rotonda)\n<ul class=\"wp-block-list\">\n<li><strong>628:<\/strong> (Castellar d&#8217;\u00cdndies \u2013 Sant Cebri\u00e0 de Vallalta \u2013 Sant Pol de Mar)<\/li>\n\n\n\n<li><strong>629:<\/strong> (Can Palau \u2013 Sant Cebri\u00e0 de Vallalta \u2013 Sant Pol de Mar)<\/li>\n\n\n\n<li><strong>627:<\/strong> (Calella \u2013 Canet de Mar \u2013 Sant Pol de Mar)<\/li>\n<\/ul>\n<\/li>\n<\/ul>\n\n\n\n<hr class=\"wp-block-separator has-alpha-channel-opacity\"\/>\n\n\n\n<p><strong>Correus electr\u00f2nics de contacte<\/strong><\/p>\n\n\n\n<p><strong style=\"font-size: medium; font-family: inherit; line-height: 1.6;\">Centre<\/strong><\/p>\n\n\n\n<ul class=\"wp-block-list\">\n<li><span style=\"font-size: medium;\">Bustia General:&nbsp;<a href=\"mailto:bustia@ins-larany.cat\">bustia@ins-larany.cat<\/a><\/span><\/li>\n\n\n\n<li><span style=\"font-size: medium;\">Direcci\u00f3:\u00a0<a href=\"mailto:direccio@iesantpol.cat\">direccio@iesantpol.cat<\/a><\/span><\/li>\n\n\n\n<li>Director:\u00a0<a href=\"mailto:vicenc.nadal@iesantpol.cat\" target=\"_blank\" rel=\"noreferrer noopener\">vicenc.nadal@iesantpol.cat<\/a><\/li>\n\n\n\n<li>Director Adjunt (secund\u00e0ria): <a href=\"mailto:enric.abadal@iesantpol.cat\" target=\"_blank\" rel=\"noreferrer noopener\">enric.abadal@iesantpol.cat<\/a><\/li>\n\n\n\n<li>Cap d&#8217;Estudis Infantil i Prim\u00e0ria: <a href=\"mailto:marta.sanchez@iesantpol.cat\">marta.sanchez@iesantpol.cat<\/a><\/li>\n\n\n\n<li>Cap d&#8217;Estudis ESO i Batxillerat:\u00a0<a href=\"mailto:anna.armengol@iesantpol.cat\" target=\"_blank\" rel=\"noreferrer noopener\">anna.armengol<span style=\"font-size: medium;\"><\/span>@iesantpol.cat<\/a><\/li>\n\n\n\n<li>Coordinadora Pedag\u00f2gica: <span style=\"color: #008080;\"><a href=\"mailto:lu.banti@iesantpol.cat\" target=\"_blank\" rel=\"noreferrer noopener\">lu.banti@iesantpol.cat<\/a><\/span><\/li>\n\n\n\n<li>Secretari: <span style=\"color: #008080;\"><a href=\"mailto:marc.gomez@iesantpol.cat\" target=\"_blank\" rel=\"noreferrer noopener\">marc.gomez@iesantpol.cat<\/a><\/span><\/li>\n<\/ul>\n\n\n\n<p><span style=\"font-size: medium;\"><strong>INFANTIL<\/strong><\/span><\/p>\n\n\n\n<ul class=\"wp-block-list\">\n<li><span style=\"font-size: medium;\">Tutor I3 A:\u00a0<a href=\"mailto:tutor.eso2a@ins-larany.cat\">tutor.smx1a@ins-larany.cat<\/a><\/span><\/li>\n\n\n\n<li><span style=\"font-size: medium;\"><span style=\"font-size: medium;\">Tutor I3 B:\u00a0<\/span>\u00a0<a href=\"mailto:tutor.eso2a@ins-larany.cat\">tutor.smx1b@ins-larany.cat<\/a><\/span><\/li>\n\n\n\n<li><span style=\"font-size: medium;\"><span style=\"font-size: medium;\"><span style=\"font-size: medium;\">Tutor I4 A:\u00a0<\/span>\u00a0<\/span>\u00a0<a href=\"mailto:tutor.eso2a@ins-larany.cat\">tutor.smx1c@ins-larany.cat<\/a><\/span><\/li>\n\n\n\n<li><span style=\"font-size: medium;\"><span style=\"font-size: medium;\"><span style=\"font-size: medium;\"><span style=\"font-size: medium;\">Tutor I4 B:\u00a0<\/span><\/span><\/span>\u00a0<a href=\"mailto:tutor.eso2a@ins-larany.cat\">tutor.smx1d@ins-larany.cat<\/a><\/span><\/li>\n\n\n\n<li><span style=\"font-size: medium;\"><span style=\"font-size: medium;\"><span style=\"font-size: medium;\"><span style=\"font-size: medium;\">Tutor I5 A:\u00a0<\/span><\/span><\/span>E:\u00a0<a href=\"mailto:tutor.eso2a@ins-larany.cat\">tutor.smx1e@ins-larany.cat<\/a><\/span><\/li>\n\n\n\n<li><span style=\"font-size: medium;\"><span style=\"font-size: medium;\"><span style=\"font-size: medium;\">Tutor I5 B:\u00a0<\/span><\/span><\/span><\/li>\n\n\n\n<li>Coordinadora d&#8217;Infantil<\/li>\n<\/ul>\n\n\n\n<p><span style=\"font-size: medium;\"><strong>PRIM\u00c0RIA<\/strong><\/span><\/p>\n\n\n\n<ul class=\"wp-block-list\">\n<li style=\"font-size:20px\"><span style=\"font-size: medium;\">Tutora 1r A:\u00a0<\/span> <\/li>\n\n\n\n<li style=\"font-size:16px\">Tutora 1r B:<\/li>\n\n\n\n<li style=\"font-size:16px\">Tutora 2n A:<\/li>\n\n\n\n<li style=\"font-size:16px\">Tutora 2n B:<\/li>\n\n\n\n<li style=\"font-size:16px\">Coordinadora Cicle Inicial:<\/li>\n<\/ul>\n\n\n\n<p><\/p>\n\n\n\n<p><\/p>\n\n\n\n<p><span style=\"font-size: medium;\"><strong>ESO Tutors<\/strong><\/span><\/p>\n\n\n\n<ul class=\"wp-block-list\">\n<li><span style=\"font-size: medium;\">Tutor 1r ESO A:&nbsp;<a href=\"mailto:tutor.eso1a@ins-larany.cat\">tutor.eso1a@ins-larany.cat<\/a><\/span><\/li>\n\n\n\n<li><span style=\"font-size: medium;\">Tutor 1r ESO B:\u00a0<a href=\"mailto:tutor.eso1b@ins-larany.cat\">tutor.eso1b@ins-larany.cat<\/a><\/span><\/li>\n<\/ul>\n\n\n\n<ul class=\"wp-block-list\">\n<li><span style=\"font-size: medium;\">Tutor 2n ESO A:&nbsp;<a href=\"mailto:tutor.eso2a@ins-larany.cat\">tutor.eso2a@ins-larany.cat<\/a><\/span><\/li>\n\n\n\n<li><span style=\"font-size: medium;\">Tutor 2n ESO B:\u00a0<a href=\"mailto:tutor.eso2b@ins-larany.cat\">tutor.eso2b@ins-larany.cat<\/a><\/span><\/li>\n<\/ul>\n\n\n\n<ul class=\"wp-block-list\">\n<li><span style=\"font-size: medium;\">Tutor 3r ESO A:&nbsp;<a href=\"mailto:tutor.eso3a@ins-larany.cat\">tutor.eso3a@ins-larany.cat<\/a><\/span><\/li>\n\n\n\n<li><span style=\"font-size: medium;\">Tutor 3r ESO B:&nbsp;<a href=\"mailto:tutor.eso3b@ins-larany.cat\">tutor.eso3b@ins-larany.cat<\/a><\/span><\/li>\n\n\n\n<li><span style=\"font-size: medium;\">Tutor 3r ESO C:\u00a0<a href=\"mailto:tutor.eso3c@ins-larany.cat\">tutor.eso3c@ins-larany.cat<\/a><\/span><\/li>\n<\/ul>\n\n\n\n<ul class=\"wp-block-list\">\n<li><span style=\"font-size: medium;\">Tutor 4t ESO A:&nbsp;<a href=\"mailto:tutor.eso4a@ins-larany.cat\">tutor.eso4a@ins-larany.cat<\/a><\/span><\/li>\n\n\n\n<li><span style=\"font-size: medium;\">Tutor 4t ESO B:\u00a0<a href=\"mailto:tutor.eso4b@ins-larany.cat\">tutor.eso4b@ins-larany.cat<\/a><\/span><\/li>\n<\/ul>\n\n\n\n<p><span style=\"font-size: medium;\"><strong>ESO&nbsp;Coordinadors<\/strong><\/span><\/p>\n\n\n\n<ul class=\"wp-block-list\">\n<li><span style=\"font-size: medium;\">Coordinaci\u00f3 1r ESO:&nbsp;<a href=\"mailto:coor.eso1@ins-larany.cat\">coor.eso1@ins-larany.cat<\/a><\/span><\/li>\n\n\n\n<li><span style=\"font-size: medium;\">Coordinaci\u00f3 2n ESO:&nbsp;<a href=\"mailto:coor.eso2@ins-larany.cat\">coor.eso2@ins-larany.cat<\/a><\/span><\/li>\n\n\n\n<li><span style=\"font-size: medium;\">Coordinaci\u00f3 3r ESO:&nbsp;<a href=\"mailto:coor.eso3@ins-larany.cat\">coor.eso3@ins-larany.cat<\/a><\/span><\/li>\n\n\n\n<li><span style=\"font-size: medium;\">Coordinaci\u00f3 4t ESO:&nbsp;<a href=\"mailto:coor.eso4@ins-larany.cat\">coor.eso4@ins-larany.cat<\/a><\/span><\/li>\n<\/ul>\n\n\n\n<p><span style=\"font-size: medium;\"><strong>BATXILLERAT<\/strong><\/span><\/p>\n\n\n\n<ul class=\"wp-block-list\">\n<li><span style=\"font-size: medium;\">Tutor 1r Batxillerat A:&nbsp;<a href=\"mailto:tutor.eso2a@ins-larany.cat\">tutor.batx1a@ins-larany.cat<\/a><\/span><\/li>\n\n\n\n<li><span style=\"font-size: medium;\">Tutor 1r Batxillerat B:&nbsp;<a href=\"mailto:tutor.eso2b@ins-larany.cat\">tutor.batx1b@ins-larany.cat<\/a><\/span><\/li>\n<\/ul>\n\n\n\n<ul class=\"wp-block-list\">\n<li><span style=\"font-size: medium;\">Tutor 2n Batxillerat A:&nbsp;<a href=\"mailto:tutor.eso2c@ins-larany.cat\">tutor.batx2a@ins-larany.cat<\/a><\/span><\/li>\n\n\n\n<li><span style=\"font-size: medium;\">Tutor 2n Batxillerat B:&nbsp;<a href=\"mailto:tutor.eso2d@ins-larany.cat\">tutor.batx2b@ins-larany.cat<\/a><\/span><\/li>\n\n\n\n<li><span style=\"font-size: medium;\">Coordinaci\u00f3 Batxillerat:&nbsp;<a href=\"mailto:coor.batxillerat@ins-larany.cat\">coor.batxillerat@ins-larany.cat<\/a><\/span><\/li>\n<\/ul>\n\n\n\n<ul class=\"wp-block-list\">\n<li><span style=\"font-size: medium;\">Tutor 2n Grau mitj\u00e0 SMX A:&nbsp;<a href=\"mailto:tutor.eso2a@ins-larany.cat\">tutor.smx2a@ins-larany.cat<\/a><\/span><\/li>\n\n\n\n<li><span style=\"font-size: medium;\">Tutor 2n Grau mitj\u00e0 SMX B:&nbsp;<a href=\"mailto:tutor.eso2a@ins-larany.cat\">tutor.smx2b@ins-larany.cat<\/a><\/span><\/li>\n\n\n\n<li><span style=\"font-size: medium;\">Tutor 2n Grau mitj\u00e0 SMX C:&nbsp;<a href=\"mailto:tutor.eso2a@ins-larany.cat\">tutor.smx2c@ins-larany.cat<\/a><\/span><\/li>\n<\/ul>\n\n\n\n<ul class=\"wp-block-list\">\n<li><span style=\"font-size: medium;\">Coordinaci\u00f3 Grau mitj\u00e0:&nbsp;<a href=\"mailto:coor.graumitja@ins-larany.cat\">coor.graumitja@ins-larany.cat<\/a><\/span><\/li>\n\n\n\n<li><span style=\"font-size: medium;\">Coordinaci\u00f3 Grau superior:&nbsp;<a href=\"mailto:coor.grausuperior@ins-larany.cat\">coor.grausuperior@ins-larany.cat<\/a><\/span><\/li>\n<\/ul>\n\n\n\n<p><span style=\"font-size: medium;\"><strong>DEPARTAMENTS<\/strong><\/span><\/p>\n\n\n\n<ul class=\"wp-block-list\">\n<li><span style=\"font-size: medium;\">Cap de departament Orientaci\u00f3:&nbsp;<a href=\"mailto:cap.orientacio@ins-larany.cat\">cap.orientacio@ins-larany.cat<\/a><\/span><\/li>\n\n\n\n<li><span style=\"font-size: medium;\">Cap d&#8217;\u00e0mbit Ling\u00fc\u00edstic:\u00a0<a href=\"mailto:cap.catala@ins-larany.cat\">cap.catala@ins-larany.cat<\/a><\/span><\/li>\n\n\n\n<li><span style=\"font-size: medium;\">Cap de departament Castella:&nbsp;<a href=\"mailto:cap.castella@ins-larany.cat\">cap.castella@ins-larany.cat<\/a><\/span><\/li>\n\n\n\n<li><span style=\"font-size: medium;\">Cap de departament Lleng\u00fces estrangeres:&nbsp;<a href=\"mailto:cap.idiomes@ins-larany.cat\">cap.idiomes@ins-larany.cat<\/a><\/span><\/li>\n\n\n\n<li><span style=\"font-size: medium;\">Cap de departament Matem\u00e0tiques:&nbsp;<a href=\"mailto:cap.mates@ins-larany.cat\">cap.matematiques@ins-larany.cat<\/a><\/span><\/li>\n\n\n\n<li><span style=\"font-size: medium;\">Cap de departament Ci\u00e8ncies:&nbsp;<a href=\"mailto:cap.ciencies@ins-larany.cat\">cap.ciencies@ins-larany.cat<\/a><\/span><\/li>\n\n\n\n<li><span style=\"font-size: medium;\">Cap de departament Socials:&nbsp;<a href=\"mailto:cap.socials@ins-larany.cat\">cap.socials@ins-larany.cat<\/a><\/span><\/li>\n\n\n\n<li><span style=\"font-size: medium;\">Cap de departament Tecnologia:&nbsp;<a href=\"mailto:cap.tecno@ins-larany.cat\">cap.tecnologia@ins-larany.cat<\/a><\/span><\/li>\n\n\n\n<li><span style=\"font-size: medium;\">Cap de departament Educaci\u00f3 F\u00edsica:&nbsp;<a href=\"mailto:cap.educaciofisica@ins-larany.cat\">cap.educaciofisica@ins-larany.cat<\/a><\/span><\/li>\n\n\n\n<li><span style=\"font-size: medium;\">Cap de departament Educaci\u00f3 Visual i Pl\u00e0stica:&nbsp;<a href=\"mailto:cap.plastica@ins-larany.cat\">cap.plastica@ins-larany.cat<\/a><\/span><\/li>\n\n\n\n<li><span style=\"font-size: medium;\">Cap de departament M\u00fasica:&nbsp;<a href=\"mailto:cap.musica@ins-larany.cat\">cap.musica@ins-larany.cat<\/a><\/span><\/li>\n\n\n\n<li><span style=\"font-size: medium;\">Cap de departament Inform\u00e0tica:&nbsp;<a href=\"mailto:cap.informatica@ins-larany.cat\">cap.informatica@ins-larany.cat<\/a><\/span><\/li>\n<\/ul>\n\n\n\n<p><span style=\"font-size: medium;\"><strong>ALTRES CONTACTES:<\/strong><\/span><\/p>\n\n\n\n<ul class=\"wp-block-list\">\n<li><span style=\"font-size: medium;\">Coordinaci\u00f3 FP (FCT, Formaci\u00f3 en centres de Treball):&nbsp;<a href=\"mailto:coor.fp@ins-larany.cat\">coor.fp@ins-larany.cat<\/a><\/span><\/li>\n\n\n\n<li><span style=\"font-size: medium;\">Coordinaci\u00f3 Llengua, interculturalitat i cohesi\u00f3 social del centre:&nbsp;<a href=\"mailto:lic@ins-larany.cat\">lic@ins-larany.cat<\/a><\/span><\/li>\n\n\n\n<li><span style=\"font-size: medium;\">Riscos laborals:&nbsp;<a href=\"mailto:riscos.laborals@ins-larany.cat\">riscos.laborals@ins-larany.cat<\/a><\/span><\/li>\n\n\n\n<li><span style=\"font-size: medium;\">Coordinaci\u00f3 inform\u00e0tica:&nbsp;<a href=\"mailto:coor.informatica@ins-larany.cat\">coor.informatica@ins-larany.cat<\/a><\/span><\/li>\n\n\n\n<li><span style=\"font-size: medium;\">Webmaster, responsable taller:&nbsp;<a href=\"mailto:webmaster@ins-larany.cat\">webmaster@ins-larany.cat<\/a><\/span><\/li>\n\n\n\n<li><span style=\"font-size: medium;\">Self-Access:&nbsp;<a href=\"mailto:self.access@ins-larany.cat\">self.access@ins-larany.cat<\/a><\/span><\/li>\n<\/ul>\n\n\n","protected":false},"excerpt":{"rendered":"<p>Institut&nbsp;Escola Sant Pol de MarCamp Balmanya Zona Esportiva, s\/n08395 Sant Pol de Mar Ens podeu trobar f\u00e0cilment al seg\u00fcent mapa. Per planificar la ruta des del vostre punt d&#8217;origen, podeu fer clic sobre el mapa per obrir Google Maps. Com arribar-hi: Correus electr\u00f2nics de contacte Centre INFANTIL PRIM\u00c0RIA ESO Tutors ESO&nbsp;Coordinadors BATXILLERAT DEPARTAMENTS ALTRES CONTACTES:<\/p>\n","protected":false},"author":1,"featured_media":0,"parent":19,"menu_order":10,"comment_status":"closed","ping_status":"closed","template":"","meta":{"site-sidebar-layout":"default","site-content-layout":"","ast-site-content-layout":"default","site-content-style":"default","site-sidebar-style":"default","ast-global-header-display":"","ast-banner-title-visibility":"","ast-main-header-display":"","ast-hfb-above-header-display":"","ast-hfb-below-header-display":"","ast-hfb-mobile-header-display":"","site-post-title":"","ast-breadcrumbs-content":"","ast-featured-img":"","footer-sml-layout":"","theme-transparent-header-meta":"","adv-header-id-meta":"","stick-header-meta":"","header-above-stick-meta":"","header-main-stick-meta":"","header-below-stick-meta":"","astra-migrate-meta-layouts":"set","ast-page-background-enabled":"default","ast-page-background-meta":{"desktop":{"background-color":"var(--ast-global-color-4)","background-image":"","background-repeat":"repeat","background-position":"center center","background-size":"auto","background-attachment":"scroll","background-type":"","background-media":"","overlay-type":"","overlay-color":"","overlay-opacity":"","overlay-gradient":""},"tablet":{"background-color":"","background-image":"","background-repeat":"repeat","background-position":"center center","background-size":"auto","background-attachment":"scroll","background-type":"","background-media":"","overlay-type":"","overlay-color":"","overlay-opacity":"","overlay-gradient":""},"mobile":{"background-color":"","background-image":"","background-repeat":"repeat","background-position":"center center","background-size":"auto","background-attachment":"scroll","background-type":"","background-media":"","overlay-type":"","overlay-color":"","overlay-opacity":"","overlay-gradient":""}},"ast-content-background-meta":{"desktop":{"background-color":"var(--ast-global-color-5)","background-image":"","background-repeat":"repeat","background-position":"center center","background-size":"auto","background-attachment":"scroll","background-type":"","background-media":"","overlay-type":"","overlay-color":"","overlay-opacity":"","overlay-gradient":""},"tablet":{"background-color":"var(--ast-global-color-5)","background-image":"","background-repeat":"repeat","background-position":"center center","background-size":"auto","background-attachment":"scroll","background-type":"","background-media":"","overlay-type":"","overlay-color":"","overlay-opacity":"","overlay-gradient":""},"mobile":{"background-color":"var(--ast-global-color-5)","background-image":"","background-repeat":"repeat","background-position":"center center","background-size":"auto","background-attachment":"scroll","background-type":"","background-media":"","overlay-type":"","overlay-color":"","overlay-opacity":"","overlay-gradient":""}},"footnotes":""},"class_list":["post-21","page","type-page","status-publish","hentry"],"post_mailing_queue_ids":[],"_links":{"self":[{"href":"https:\/\/agora.xtec.cat\/iesantpol\/wp-json\/wp\/v2\/pages\/21","targetHints":{"allow":["GET"]}}],"collection":[{"href":"https:\/\/agora.xtec.cat\/iesantpol\/wp-json\/wp\/v2\/pages"}],"about":[{"href":"https:\/\/agora.xtec.cat\/iesantpol\/wp-json\/wp\/v2\/types\/page"}],"author":[{"embeddable":true,"href":"https:\/\/agora.xtec.cat\/iesantpol\/wp-json\/wp\/v2\/users\/1"}],"replies":[{"embeddable":true,"href":"https:\/\/agora.xtec.cat\/iesantpol\/wp-json\/wp\/v2\/comments?post=21"}],"version-history":[{"count":3,"href":"https:\/\/agora.xtec.cat\/iesantpol\/wp-json\/wp\/v2\/pages\/21\/revisions"}],"predecessor-version":[{"id":21158,"href":"https:\/\/agora.xtec.cat\/iesantpol\/wp-json\/wp\/v2\/pages\/21\/revisions\/21158"}],"up":[{"embeddable":true,"href":"https:\/\/agora.xtec.cat\/iesantpol\/wp-json\/wp\/v2\/pages\/19"}],"wp:attachment":[{"href":"https:\/\/agora.xtec.cat\/iesantpol\/wp-json\/wp\/v2\/media?parent=21"}],"curies":[{"name":"wp","href":"https:\/\/api.w.org\/{rel}","templated":true}]}}