{"id":19,"date":"2014-09-17T14:56:56","date_gmt":"2014-09-17T14:56:56","guid":{"rendered":"http:\/\/agora.xtec.cat\/iesantpol\/?page_id=19"},"modified":"2025-10-27T10:54:44","modified_gmt":"2025-10-27T09:54:44","slug":"linstitut","status":"publish","type":"page","link":"https:\/\/agora.xtec.cat\/iesantpol\/linstitut\/","title":{"rendered":"El centre"},"content":{"rendered":"\n<p>A Sant Pol de Mar, l&#8217;educaci\u00f3 de present i futur s&#8217;uneix sota un mateix projecte: l&#8217;Institut Escola de Sant Pol de Mar.<\/p>\n\n\n\n<p>Som el nou centre educatiu integral del municipi, que acull totes les etapes des dels m\u00e9s petits (Infantil) fins als qui preparen el seu acc\u00e9s a la universitat (Batxillerat), passant per Prim\u00e0ria i l&#8217;ESO.<\/p>\n\n\n\n<h4 class=\"wp-block-heading\"><strong>Dues hist\u00f2ries, un mateix cam\u00ed<\/strong><\/h4>\n\n\n\n<p>L&#8217;Institut Escola es construeix sobre l&#8217;her\u00e8ncia de dues institucions clau per al poble: l&#8217;E<strong>scola Sant Pau<\/strong>, amb 50 anys d&#8217;estima i arrels profundes, i l&#8217;<strong>Institut de Sant Pol de Mar<\/strong>, amb 10 anys d&#8217;energia i projectes a la Secund\u00e0ria.<\/p>\n\n\n\n<p>La nostra fortalesa rau en la uni\u00f3 d&#8217;aquesta experi\u00e8ncia:<\/p>\n\n\n\n<ul class=\"wp-block-list\">\n<li><strong>Acompanyament 3-18<\/strong>: Oferim un itinerari educatiu sense ruptures, on cada alumne\/a \u00e9s conegut\/da i acompanyat\/da de manera continuada pel mateix projecte pedag\u00f2gic.<\/li>\n\n\n\n<li><strong>Sinergies i creixement<\/strong>: Aprofitem el millor de la tradici\u00f3 i la modernitat, fomentant la col\u00b7laboraci\u00f3 entre etapes i projectes per enriquir l&#8217;aprenentatge.<\/li>\n\n\n\n<li><strong>Comprom\u00eds local<\/strong>: Treballem connectats amb el nostre entorn mar\u00edtim i social, amb l&#8217;objectiu de formar ciutadans actius i preparats per al m\u00f3n.<\/li>\n<\/ul>\n\n\n\n<p>Us obrim les portes d&#8217;aquest nou centre, fruit de la confian\u00e7a i el treball de tota la comunitat educativa de Sant Pol de Mar. Junts, fem cam\u00ed!<\/p>\n\n\n\n<p><\/p>\n","protected":false},"excerpt":{"rendered":"<p>A Sant Pol de Mar, l&#8217;educaci\u00f3 de present i futur s&#8217;uneix sota un mateix projecte: l&#8217;Institut Escola de Sant Pol de Mar. Som el nou centre educatiu integral del municipi, que acull totes les etapes des dels m\u00e9s petits (Infantil) fins als qui preparen el seu acc\u00e9s a la universitat (Batxillerat), passant per Prim\u00e0ria i [&hellip;]<\/p>\n","protected":false},"author":1,"featured_media":0,"parent":0,"menu_order":0,"comment_status":"closed","ping_status":"closed","template":"","meta":{"site-sidebar-layout":"default","site-content-layout":"","ast-site-content-layout":"default","site-content-style":"default","site-sidebar-style":"default","ast-global-header-display":"","ast-banner-title-visibility":"","ast-main-header-display":"","ast-hfb-above-header-display":"","ast-hfb-below-header-display":"","ast-hfb-mobile-header-display":"","site-post-title":"","ast-breadcrumbs-content":"","ast-featured-img":"","footer-sml-layout":"","theme-transparent-header-meta":"","adv-header-id-meta":"","stick-header-meta":"","header-above-stick-meta":"","header-main-stick-meta":"","header-below-stick-meta":"","astra-migrate-meta-layouts":"set","ast-page-background-enabled":"default","ast-page-background-meta":{"desktop":{"background-color":"var(--ast-global-color-4)","background-image":"","background-repeat":"repeat","background-position":"center center","background-size":"auto","background-attachment":"scroll","background-type":"","background-media":"","overlay-type":"","overlay-color":"","overlay-opacity":"","overlay-gradient":""},"tablet":{"background-color":"","background-image":"","background-repeat":"repeat","background-position":"center center","background-size":"auto","background-attachment":"scroll","background-type":"","background-media":"","overlay-type":"","overlay-color":"","overlay-opacity":"","overlay-gradient":""},"mobile":{"background-color":"","background-image":"","background-repeat":"repeat","background-position":"center center","background-size":"auto","background-attachment":"scroll","background-type":"","background-media":"","overlay-type":"","overlay-color":"","overlay-opacity":"","overlay-gradient":""}},"ast-content-background-meta":{"desktop":{"background-color":"var(--ast-global-color-5)","background-image":"","background-repeat":"repeat","background-position":"center center","background-size":"auto","background-attachment":"scroll","background-type":"","background-media":"","overlay-type":"","overlay-color":"","overlay-opacity":"","overlay-gradient":""},"tablet":{"background-color":"var(--ast-global-color-5)","background-image":"","background-repeat":"repeat","background-position":"center center","background-size":"auto","background-attachment":"scroll","background-type":"","background-media":"","overlay-type":"","overlay-color":"","overlay-opacity":"","overlay-gradient":""},"mobile":{"background-color":"var(--ast-global-color-5)","background-image":"","background-repeat":"repeat","background-position":"center center","background-size":"auto","background-attachment":"scroll","background-type":"","background-media":"","overlay-type":"","overlay-color":"","overlay-opacity":"","overlay-gradient":""}},"footnotes":"[]"},"class_list":["post-19","page","type-page","status-publish","hentry"],"post_mailing_queue_ids":[],"_links":{"self":[{"href":"https:\/\/agora.xtec.cat\/iesantpol\/wp-json\/wp\/v2\/pages\/19","targetHints":{"allow":["GET"]}}],"collection":[{"href":"https:\/\/agora.xtec.cat\/iesantpol\/wp-json\/wp\/v2\/pages"}],"about":[{"href":"https:\/\/agora.xtec.cat\/iesantpol\/wp-json\/wp\/v2\/types\/page"}],"author":[{"embeddable":true,"href":"https:\/\/agora.xtec.cat\/iesantpol\/wp-json\/wp\/v2\/users\/1"}],"replies":[{"embeddable":true,"href":"https:\/\/agora.xtec.cat\/iesantpol\/wp-json\/wp\/v2\/comments?post=19"}],"version-history":[{"count":2,"href":"https:\/\/agora.xtec.cat\/iesantpol\/wp-json\/wp\/v2\/pages\/19\/revisions"}],"predecessor-version":[{"id":21440,"href":"https:\/\/agora.xtec.cat\/iesantpol\/wp-json\/wp\/v2\/pages\/19\/revisions\/21440"}],"wp:attachment":[{"href":"https:\/\/agora.xtec.cat\/iesantpol\/wp-json\/wp\/v2\/media?parent=19"}],"curies":[{"name":"wp","href":"https:\/\/api.w.org\/{rel}","templated":true}]}}