{"id":9956,"date":"2025-09-09T09:51:26","date_gmt":"2025-09-09T07:51:26","guid":{"rendered":"https:\/\/agora.xtec.cat\/iesantonitorroja\/?page_id=9956"},"modified":"2025-10-28T19:41:29","modified_gmt":"2025-10-28T18:41:29","slug":"antoni-torroja-report","status":"publish","type":"page","link":"https:\/\/agora.xtec.cat\/iesantonitorroja\/institut\/antoni-torroja-report\/","title":{"rendered":"Revista digital de l&#8217;Institut (Antoni Torroja Report)"},"content":{"rendered":"\n<p>Benvinguts i benvingudes a la nova <strong>revista digital de l\u2019Institut<\/strong>.<br>Es tracta d\u2019un espai creat i redactat per l\u2019alumnat, amb la col\u00b7laboraci\u00f3 del professorat, on trobareu not\u00edcies, entrevistes, reportatges, opinions i moltes altres propostes.<\/p>\n\n\n\n<p>La revista \u00e9s un projecte viu i en construcci\u00f3 dins del context de <a href=\"https:\/\/junior-report.cat\/\" data-type=\"link\" data-id=\"https:\/\/junior-report.cat\/\" target=\"_blank\" rel=\"noreferrer noopener\"><strong>Junior Report, el diari per entendre l&#8217;actualitat.<\/strong><\/a><\/p>\n\n\n\n<p> Ja hi hem publicat els primers articles, que podreu llegir clicant a l\u2019enlla\u00e7 seg\u00fcent:<\/p>\n\n\n\n<p>\ud83d\udc49 <a href=\"https:\/\/antonitorroja.junior-report.media\/\" target=\"_blank\" rel=\"noreferrer noopener\">Accedeix a la revista digital de l&#8217;Institut<\/a><\/p>\n\n\n\n<figure class=\"wp-block-image size-full\"><a href=\"https:\/\/antonitorroja.junior-report.media\/\"><img loading=\"lazy\" decoding=\"async\" width=\"800\" height=\"621\" src=\"https:\/\/agora.xtec.cat\/iesantonitorroja\/wp-content\/uploads\/usu2639\/2025\/10\/Captura-de-pantalla-2025-10-08-a-les-10.31.55.png\" alt=\"\" class=\"wp-image-10073\" srcset=\"https:\/\/agora.xtec.cat\/iesantonitorroja\/wp-content\/uploads\/usu2639\/2025\/10\/Captura-de-pantalla-2025-10-08-a-les-10.31.55.png 800w, https:\/\/agora.xtec.cat\/iesantonitorroja\/wp-content\/uploads\/usu2639\/2025\/10\/Captura-de-pantalla-2025-10-08-a-les-10.31.55-300x233.png 300w, https:\/\/agora.xtec.cat\/iesantonitorroja\/wp-content\/uploads\/usu2639\/2025\/10\/Captura-de-pantalla-2025-10-08-a-les-10.31.55-768x596.png 768w\" sizes=\"auto, (max-width: 800px) 100vw, 800px\" \/><\/a><\/figure>\n","protected":false},"excerpt":{"rendered":"<p>Benvinguts i benvingudes a la nova revista digital de l\u2019Institut.Es tracta d\u2019un espai creat i redactat per l\u2019alumnat, amb la col\u00b7laboraci\u00f3 del professorat, on trobareu not\u00edcies, entrevistes, reportatges, opinions i moltes altres propostes. La revista \u00e9s un projecte viu i en construcci\u00f3 dins del context de Junior Report, el diari per entendre l&#8217;actualitat. Ja hi [&hellip;]<\/p>\n","protected":false},"author":1,"featured_media":0,"parent":57,"menu_order":0,"comment_status":"closed","ping_status":"closed","template":"","meta":{"_bbp_topic_count":0,"_bbp_reply_count":0,"_bbp_total_topic_count":0,"_bbp_total_reply_count":0,"_bbp_voice_count":0,"_bbp_anonymous_reply_count":0,"_bbp_topic_count_hidden":0,"_bbp_reply_count_hidden":0,"_bbp_forum_subforum_count":0,"site-sidebar-layout":"default","site-content-layout":"","ast-site-content-layout":"default","site-content-style":"default","site-sidebar-style":"default","ast-global-header-display":"","ast-banner-title-visibility":"","ast-main-header-display":"","ast-hfb-above-header-display":"","ast-hfb-below-header-display":"","ast-hfb-mobile-header-display":"","site-post-title":"","ast-breadcrumbs-content":"","ast-featured-img":"","footer-sml-layout":"","theme-transparent-header-meta":"","adv-header-id-meta":"","stick-header-meta":"","header-above-stick-meta":"","header-main-stick-meta":"","header-below-stick-meta":"","astra-migrate-meta-layouts":"set","ast-page-background-enabled":"default","ast-page-background-meta":{"desktop":{"background-color":"var(--ast-global-color-4)","background-image":"","background-repeat":"repeat","background-position":"center center","background-size":"auto","background-attachment":"scroll","background-type":"","background-media":"","overlay-type":"","overlay-color":"","overlay-opacity":"","overlay-gradient":""},"tablet":{"background-color":"","background-image":"","background-repeat":"repeat","background-position":"center center","background-size":"auto","background-attachment":"scroll","background-type":"","background-media":"","overlay-type":"","overlay-color":"","overlay-opacity":"","overlay-gradient":""},"mobile":{"background-color":"","background-image":"","background-repeat":"repeat","background-position":"center center","background-size":"auto","background-attachment":"scroll","background-type":"","background-media":"","overlay-type":"","overlay-color":"","overlay-opacity":"","overlay-gradient":""}},"ast-content-background-meta":{"desktop":{"background-color":"var(--ast-global-color-5)","background-image":"","background-repeat":"repeat","background-position":"center center","background-size":"auto","background-attachment":"scroll","background-type":"","background-media":"","overlay-type":"","overlay-color":"","overlay-opacity":"","overlay-gradient":""},"tablet":{"background-color":"var(--ast-global-color-5)","background-image":"","background-repeat":"repeat","background-position":"center center","background-size":"auto","background-attachment":"scroll","background-type":"","background-media":"","overlay-type":"","overlay-color":"","overlay-opacity":"","overlay-gradient":""},"mobile":{"background-color":"var(--ast-global-color-5)","background-image":"","background-repeat":"repeat","background-position":"center center","background-size":"auto","background-attachment":"scroll","background-type":"","background-media":"","overlay-type":"","overlay-color":"","overlay-opacity":"","overlay-gradient":""}},"footnotes":""},"class_list":["post-9956","page","type-page","status-publish","hentry"],"post_mailing_queue_ids":[],"_links":{"self":[{"href":"https:\/\/agora.xtec.cat\/iesantonitorroja\/wp-json\/wp\/v2\/pages\/9956","targetHints":{"allow":["GET"]}}],"collection":[{"href":"https:\/\/agora.xtec.cat\/iesantonitorroja\/wp-json\/wp\/v2\/pages"}],"about":[{"href":"https:\/\/agora.xtec.cat\/iesantonitorroja\/wp-json\/wp\/v2\/types\/page"}],"author":[{"embeddable":true,"href":"https:\/\/agora.xtec.cat\/iesantonitorroja\/wp-json\/wp\/v2\/users\/1"}],"replies":[{"embeddable":true,"href":"https:\/\/agora.xtec.cat\/iesantonitorroja\/wp-json\/wp\/v2\/comments?post=9956"}],"version-history":[{"count":6,"href":"https:\/\/agora.xtec.cat\/iesantonitorroja\/wp-json\/wp\/v2\/pages\/9956\/revisions"}],"predecessor-version":[{"id":10261,"href":"https:\/\/agora.xtec.cat\/iesantonitorroja\/wp-json\/wp\/v2\/pages\/9956\/revisions\/10261"}],"up":[{"embeddable":true,"href":"https:\/\/agora.xtec.cat\/iesantonitorroja\/wp-json\/wp\/v2\/pages\/57"}],"wp:attachment":[{"href":"https:\/\/agora.xtec.cat\/iesantonitorroja\/wp-json\/wp\/v2\/media?parent=9956"}],"curies":[{"name":"wp","href":"https:\/\/api.w.org\/{rel}","templated":true}]}}