{"id":656,"date":"2022-03-28T23:10:02","date_gmt":"2022-03-28T21:10:02","guid":{"rendered":"https:\/\/agora.xtec.cat\/iesantonitorroja\/?page_id=656"},"modified":"2022-03-28T23:10:02","modified_gmt":"2022-03-28T21:10:02","slug":"mediacio","status":"publish","type":"page","link":"https:\/\/agora.xtec.cat\/iesantonitorroja\/projectes\/serveis-comunitaris\/mediacio\/","title":{"rendered":"Mediaci\u00f3"},"content":{"rendered":"<p>Es tracta d\u2019un sistema de resoluci\u00f3 de conflictes entre alumnes fent servir la via del di\u00e0leg i \u00e9s voluntari d\u2019acollir-s\u2019hi. Els problemes entre alumnes se solucionen a partir de pactar una soluci\u00f3 al conflicte entre les dues parts enfrontades i el comprom\u00eds per escrit de respectar la soluci\u00f3 lliurement escollida. No substitueix en cap moment el Reglament de R\u00e8gim Intern.<\/p>\n<p>A 3r d\u2019ESO, els alumnes que cursin l\u2019assignatura d\u2019Alternativa els introduir\u00e0 en el m\u00f3n i les t\u00e8cniques de la mediaci\u00f3, de manera que al finalitzar el cr\u00e8dit, alguns dels alumnes que hi han assistit s\u2019incorporin al servei com a mediadors del centre (a partir de l\u2019any seg\u00fcent, a 4t d\u2019ESO). D\u2019aquesta manera, l\u2019Institut Antoni Torroja podr\u00e0 disposar en qualsevol moment d\u2019un equip de mediadors estable.<\/p>\n","protected":false},"excerpt":{"rendered":"<p>Es tracta d\u2019un sistema de resoluci\u00f3 de conflictes entre alumnes fent servir la via del di\u00e0leg i \u00e9s voluntari d\u2019acollir-s\u2019hi. Els problemes entre alumnes se solucionen a partir de pactar una soluci\u00f3 al conflicte entre les dues parts enfrontades i el comprom\u00eds per escrit de respectar la soluci\u00f3 lliurement escollida. No substitueix en cap moment [&hellip;]<\/p>\n","protected":false},"author":1,"featured_media":0,"parent":601,"menu_order":0,"comment_status":"closed","ping_status":"closed","template":"page-templates\/side-menu.php","meta":{"_bbp_topic_count":0,"_bbp_reply_count":0,"_bbp_total_topic_count":0,"_bbp_total_reply_count":0,"_bbp_voice_count":0,"_bbp_anonymous_reply_count":0,"_bbp_topic_count_hidden":0,"_bbp_reply_count_hidden":0,"_bbp_forum_subforum_count":0,"site-sidebar-layout":"default","site-content-layout":"","ast-site-content-layout":"","site-content-style":"default","site-sidebar-style":"default","ast-global-header-display":"","ast-banner-title-visibility":"","ast-main-header-display":"","ast-hfb-above-header-display":"","ast-hfb-below-header-display":"","ast-hfb-mobile-header-display":"","site-post-title":"","ast-breadcrumbs-content":"","ast-featured-img":"","footer-sml-layout":"","theme-transparent-header-meta":"","adv-header-id-meta":"","stick-header-meta":"","header-above-stick-meta":"","header-main-stick-meta":"","header-below-stick-meta":"","astra-migrate-meta-layouts":"default","ast-page-background-enabled":"default","ast-page-background-meta":{"desktop":{"background-color":"var(--ast-global-color-4)","background-image":"","background-repeat":"repeat","background-position":"center center","background-size":"auto","background-attachment":"scroll","background-type":"","background-media":"","overlay-type":"","overlay-color":"","overlay-opacity":"","overlay-gradient":""},"tablet":{"background-color":"","background-image":"","background-repeat":"repeat","background-position":"center center","background-size":"auto","background-attachment":"scroll","background-type":"","background-media":"","overlay-type":"","overlay-color":"","overlay-opacity":"","overlay-gradient":""},"mobile":{"background-color":"","background-image":"","background-repeat":"repeat","background-position":"center center","background-size":"auto","background-attachment":"scroll","background-type":"","background-media":"","overlay-type":"","overlay-color":"","overlay-opacity":"","overlay-gradient":""}},"ast-content-background-meta":{"desktop":{"background-color":"var(--ast-global-color-5)","background-image":"","background-repeat":"repeat","background-position":"center center","background-size":"auto","background-attachment":"scroll","background-type":"","background-media":"","overlay-type":"","overlay-color":"","overlay-opacity":"","overlay-gradient":""},"tablet":{"background-color":"var(--ast-global-color-5)","background-image":"","background-repeat":"repeat","background-position":"center center","background-size":"auto","background-attachment":"scroll","background-type":"","background-media":"","overlay-type":"","overlay-color":"","overlay-opacity":"","overlay-gradient":""},"mobile":{"background-color":"var(--ast-global-color-5)","background-image":"","background-repeat":"repeat","background-position":"center center","background-size":"auto","background-attachment":"scroll","background-type":"","background-media":"","overlay-type":"","overlay-color":"","overlay-opacity":"","overlay-gradient":""}},"footnotes":""},"class_list":["post-656","page","type-page","status-publish","hentry"],"post_mailing_queue_ids":[],"_links":{"self":[{"href":"https:\/\/agora.xtec.cat\/iesantonitorroja\/wp-json\/wp\/v2\/pages\/656","targetHints":{"allow":["GET"]}}],"collection":[{"href":"https:\/\/agora.xtec.cat\/iesantonitorroja\/wp-json\/wp\/v2\/pages"}],"about":[{"href":"https:\/\/agora.xtec.cat\/iesantonitorroja\/wp-json\/wp\/v2\/types\/page"}],"author":[{"embeddable":true,"href":"https:\/\/agora.xtec.cat\/iesantonitorroja\/wp-json\/wp\/v2\/users\/1"}],"replies":[{"embeddable":true,"href":"https:\/\/agora.xtec.cat\/iesantonitorroja\/wp-json\/wp\/v2\/comments?post=656"}],"version-history":[{"count":1,"href":"https:\/\/agora.xtec.cat\/iesantonitorroja\/wp-json\/wp\/v2\/pages\/656\/revisions"}],"predecessor-version":[{"id":657,"href":"https:\/\/agora.xtec.cat\/iesantonitorroja\/wp-json\/wp\/v2\/pages\/656\/revisions\/657"}],"up":[{"embeddable":true,"href":"https:\/\/agora.xtec.cat\/iesantonitorroja\/wp-json\/wp\/v2\/pages\/601"}],"wp:attachment":[{"href":"https:\/\/agora.xtec.cat\/iesantonitorroja\/wp-json\/wp\/v2\/media?parent=656"}],"curies":[{"name":"wp","href":"https:\/\/api.w.org\/{rel}","templated":true}]}}