{"id":654,"date":"2022-03-28T23:04:15","date_gmt":"2022-03-28T21:04:15","guid":{"rendered":"https:\/\/agora.xtec.cat\/iesantonitorroja\/?page_id=654"},"modified":"2022-03-28T23:04:15","modified_gmt":"2022-03-28T21:04:15","slug":"water-watchers","status":"publish","type":"page","link":"https:\/\/agora.xtec.cat\/iesantonitorroja\/projectes\/serveis-comunitaris\/water-watchers\/","title":{"rendered":"Water Watchers"},"content":{"rendered":"<p>L\u2019Ondara \u00e9s un riu que s\u2019alimenta tant de les aig\u00fces pluvials com de les surg\u00e8ncies de l\u2019aq\u00fc\u00edfer Vicfred-Guissona, a banda dels desguassos provinents de les aig\u00fces residuals urbanes dels nuclis de la seva ribera. Aquesta darrera circumst\u00e0ncia \u00e9s especialment agressiva per al medi perqu\u00e8, amb excepci\u00f3 de la capital de la Comarca (Cervera), cap de les poblacions que aboquen les seves aig\u00fces al torrent disposa de sistemes de depuraci\u00f3 d\u2019aig\u00fces residuals (EDAR). A m\u00e9s, tamb\u00e9 pot rebre l\u2019impacte de les aig\u00fces residuals industrials de l\u2019empresa\u00a0<em>Pet Food Ingredients<\/em>, aix\u00ed com les conseq\u00fc\u00e8ncies d\u2019un mal funcionament accidental de l\u2019EDAR de Cervera.<\/p>\n<p>Tot plegat fa que el torrent sigui el receptor de dos tipus clars d\u2019impacte ambiental:<\/p>\n<ol>\n<li>Variacions estacionals de la qualitat de les seves aig\u00fces i del seu cabal, de car\u00e0cter continu i peri\u00f2dic en el temps, en funci\u00f3 de la profunditat del nivell fre\u00e0tic, del consum d\u2019aigua dels nuclis urbans, de la pluviometria, de l\u2019evaporaci\u00f3, etc. Aquesta mena d\u2019impacte podr\u00edem qualificar-lo de cr\u00f2nic.<\/li>\n<li>Abocaments puntuals, compactes i intensos, d\u2019origen en principi desconegut, de mat\u00e8ria org\u00e0nica. Aquests abocaments fan disminuir la quantitat d\u2019oxigen dissolt (provoquen an\u00f2xia) i n\u2019incrementen la terbolesa. Podem classificar-los d\u2019aguts.<\/li>\n<\/ol>\n<p>No obstant aix\u00f2, al llarg de la llera de l\u2019Ondara s\u2019hi apleguen una bona col\u00b7lecci\u00f3 d\u2019horts, que utilitzen les seves minses aig\u00fces per al reg. En el pitjor dels casos, tanmateix, la comunitat de regants desconeix la qualitat de les aig\u00fces que consumeix, de manera que tampoc no en sap la incid\u00e8ncia sobre el desenvolupament dels vegetals que hi conreen ni, de retruc, quins efectes finals t\u00e9 la ingesti\u00f3 i consum de les verdures que s\u2019hi planten.<\/p>\n<p>A tot estirar, es reben queixes dels regants i dels alcaldes dels municipis afectats quan la qualitat de l\u2019aigua \u00e9s tan dolenta que, en primer lloc, es percep a simple vista i, en segon lloc, n\u2019impedeix el reg (vegeu correu electr\u00f2nic que s\u2019adjunta a la darrera p\u00e0gina, a tall d\u2019exemple d\u2019un cas real).<\/p>\n<p>El nostre centre disposa del distintiu d\u2019Escola Verda des de l\u2019any 2005 i, a m\u00e9s, des de l\u2019any 2006 tamb\u00e9 formem part del Projecte Rius, en el marc del qual duem a terme un seguiment semestral de la qualitat de les aig\u00fces de l\u2019Ondara. Dissortadament, dues inspeccions anuals s\u00f3n insuficients per tal de copsar amb m\u00e9s intensitat les causes, els efectes, i la proced\u00e8ncia dels impactes que hi tenen lloc.<\/p>\n<p>\u00c9s per tots aquests motius, i en aquest marc, que el nostre centre va creure oport\u00fa desplegar un ApS al voltant de tota aquesta situaci\u00f3, problem\u00e0tica i atractiva alhora.<\/p>\n","protected":false},"excerpt":{"rendered":"<p>L\u2019Ondara \u00e9s un riu que s\u2019alimenta tant de les aig\u00fces pluvials com de les surg\u00e8ncies de l\u2019aq\u00fc\u00edfer Vicfred-Guissona, a banda dels desguassos provinents de les aig\u00fces residuals urbanes dels nuclis de la seva ribera. Aquesta darrera circumst\u00e0ncia \u00e9s especialment agressiva per al medi perqu\u00e8, amb excepci\u00f3 de la capital de la Comarca (Cervera), cap de [&hellip;]<\/p>\n","protected":false},"author":1,"featured_media":0,"parent":601,"menu_order":0,"comment_status":"closed","ping_status":"closed","template":"page-templates\/side-menu.php","meta":{"_bbp_topic_count":0,"_bbp_reply_count":0,"_bbp_total_topic_count":0,"_bbp_total_reply_count":0,"_bbp_voice_count":0,"_bbp_anonymous_reply_count":0,"_bbp_topic_count_hidden":0,"_bbp_reply_count_hidden":0,"_bbp_forum_subforum_count":0,"site-sidebar-layout":"default","site-content-layout":"","ast-site-content-layout":"","site-content-style":"default","site-sidebar-style":"default","ast-global-header-display":"","ast-banner-title-visibility":"","ast-main-header-display":"","ast-hfb-above-header-display":"","ast-hfb-below-header-display":"","ast-hfb-mobile-header-display":"","site-post-title":"","ast-breadcrumbs-content":"","ast-featured-img":"","footer-sml-layout":"","theme-transparent-header-meta":"","adv-header-id-meta":"","stick-header-meta":"","header-above-stick-meta":"","header-main-stick-meta":"","header-below-stick-meta":"","astra-migrate-meta-layouts":"default","ast-page-background-enabled":"default","ast-page-background-meta":{"desktop":{"background-color":"var(--ast-global-color-4)","background-image":"","background-repeat":"repeat","background-position":"center center","background-size":"auto","background-attachment":"scroll","background-type":"","background-media":"","overlay-type":"","overlay-color":"","overlay-opacity":"","overlay-gradient":""},"tablet":{"background-color":"","background-image":"","background-repeat":"repeat","background-position":"center center","background-size":"auto","background-attachment":"scroll","background-type":"","background-media":"","overlay-type":"","overlay-color":"","overlay-opacity":"","overlay-gradient":""},"mobile":{"background-color":"","background-image":"","background-repeat":"repeat","background-position":"center center","background-size":"auto","background-attachment":"scroll","background-type":"","background-media":"","overlay-type":"","overlay-color":"","overlay-opacity":"","overlay-gradient":""}},"ast-content-background-meta":{"desktop":{"background-color":"var(--ast-global-color-5)","background-image":"","background-repeat":"repeat","background-position":"center center","background-size":"auto","background-attachment":"scroll","background-type":"","background-media":"","overlay-type":"","overlay-color":"","overlay-opacity":"","overlay-gradient":""},"tablet":{"background-color":"var(--ast-global-color-5)","background-image":"","background-repeat":"repeat","background-position":"center center","background-size":"auto","background-attachment":"scroll","background-type":"","background-media":"","overlay-type":"","overlay-color":"","overlay-opacity":"","overlay-gradient":""},"mobile":{"background-color":"var(--ast-global-color-5)","background-image":"","background-repeat":"repeat","background-position":"center center","background-size":"auto","background-attachment":"scroll","background-type":"","background-media":"","overlay-type":"","overlay-color":"","overlay-opacity":"","overlay-gradient":""}},"footnotes":""},"class_list":["post-654","page","type-page","status-publish","hentry"],"post_mailing_queue_ids":[],"_links":{"self":[{"href":"https:\/\/agora.xtec.cat\/iesantonitorroja\/wp-json\/wp\/v2\/pages\/654","targetHints":{"allow":["GET"]}}],"collection":[{"href":"https:\/\/agora.xtec.cat\/iesantonitorroja\/wp-json\/wp\/v2\/pages"}],"about":[{"href":"https:\/\/agora.xtec.cat\/iesantonitorroja\/wp-json\/wp\/v2\/types\/page"}],"author":[{"embeddable":true,"href":"https:\/\/agora.xtec.cat\/iesantonitorroja\/wp-json\/wp\/v2\/users\/1"}],"replies":[{"embeddable":true,"href":"https:\/\/agora.xtec.cat\/iesantonitorroja\/wp-json\/wp\/v2\/comments?post=654"}],"version-history":[{"count":1,"href":"https:\/\/agora.xtec.cat\/iesantonitorroja\/wp-json\/wp\/v2\/pages\/654\/revisions"}],"predecessor-version":[{"id":655,"href":"https:\/\/agora.xtec.cat\/iesantonitorroja\/wp-json\/wp\/v2\/pages\/654\/revisions\/655"}],"up":[{"embeddable":true,"href":"https:\/\/agora.xtec.cat\/iesantonitorroja\/wp-json\/wp\/v2\/pages\/601"}],"wp:attachment":[{"href":"https:\/\/agora.xtec.cat\/iesantonitorroja\/wp-json\/wp\/v2\/media?parent=654"}],"curies":[{"name":"wp","href":"https:\/\/api.w.org\/{rel}","templated":true}]}}