{"id":65,"date":"2014-09-18T10:12:22","date_gmt":"2014-09-18T10:12:22","guid":{"rendered":"http:\/\/agora.xtec.cat\/iesantonitorroja\/?page_id=65"},"modified":"2024-09-05T23:18:50","modified_gmt":"2024-09-05T21:18:50","slug":"serveis-digitals","status":"publish","type":"page","link":"https:\/\/agora.xtec.cat\/iesantonitorroja\/serveis\/serveis-digitals\/","title":{"rendered":"Serveis digitals"},"content":{"rendered":"<p style=\"color: #444444;\">L\u2019oferta de\u00a0<strong>serveis\u00a0digitals<\/strong>\u00a0constitueix un element\u00a0molt important de l\u2019engranatge d\u2019un centre educatiu.<\/p>\n<p style=\"color: #444444;\">En aquesta p\u00e0gina es referencien els serveis en l\u00ednia que ofereix l\u2019institut:<\/p>\n<ul>\n<li style=\"color: #444444;\">El <strong><a href=\"https:\/\/mail.google.com\/mail\/u\/0\/#inbox\" target=\"_blank\" rel=\"noopener\">correu corporatiu<\/a><\/strong> (@insatorroja.cat)<\/li>\n<li style=\"color: #444444;\">El <strong><a href=\"https:\/\/educaciodigital.cat\/iesantonitorroja\/moodle\/\" target=\"_blank\" rel=\"noopener\">Moodle<\/a><\/strong><\/li>\n<li style=\"color: #444444;\">L&#8217;aplicaci\u00f3 de tutoria o gesti\u00f3 acad\u00e8mica (<strong><a href=\"https:\/\/atorroja.ieduca.com\/\" target=\"_blank\" rel=\"noopener\">iEduca<\/a><\/strong>)<\/li>\n<li style=\"color: #444444;\">I la xarxa social (<strong><a href=\"https:\/\/www.instagram.com\/insatorroja\/\" target=\"_blank\" rel=\"noopener\">Instagram<\/a><\/strong>).<\/li>\n<\/ul>\n","protected":false},"excerpt":{"rendered":"<p>L\u2019oferta de\u00a0serveis\u00a0digitals\u00a0constitueix un element\u00a0molt important de l\u2019engranatge d\u2019un centre educatiu. En aquesta p\u00e0gina es referencien els serveis en l\u00ednia que ofereix l\u2019institut: El correu corporatiu (@insatorroja.cat) El Moodle L&#8217;aplicaci\u00f3 de tutoria o gesti\u00f3 acad\u00e8mica (iEduca) I la xarxa social (Instagram).<\/p>\n","protected":false},"author":1,"featured_media":0,"parent":63,"menu_order":10,"comment_status":"closed","ping_status":"closed","template":"page-templates\/side-menu.php","meta":{"_bbp_topic_count":0,"_bbp_reply_count":0,"_bbp_total_topic_count":0,"_bbp_total_reply_count":0,"_bbp_voice_count":0,"_bbp_anonymous_reply_count":0,"_bbp_topic_count_hidden":0,"_bbp_reply_count_hidden":0,"_bbp_forum_subforum_count":0,"site-sidebar-layout":"default","site-content-layout":"","ast-site-content-layout":"","site-content-style":"default","site-sidebar-style":"default","ast-global-header-display":"","ast-banner-title-visibility":"","ast-main-header-display":"","ast-hfb-above-header-display":"","ast-hfb-below-header-display":"","ast-hfb-mobile-header-display":"","site-post-title":"","ast-breadcrumbs-content":"","ast-featured-img":"","footer-sml-layout":"","theme-transparent-header-meta":"","adv-header-id-meta":"","stick-header-meta":"","header-above-stick-meta":"","header-main-stick-meta":"","header-below-stick-meta":"","astra-migrate-meta-layouts":"default","ast-page-background-enabled":"default","ast-page-background-meta":{"desktop":{"background-color":"var(--ast-global-color-4)","background-image":"","background-repeat":"repeat","background-position":"center center","background-size":"auto","background-attachment":"scroll","background-type":"","background-media":"","overlay-type":"","overlay-color":"","overlay-opacity":"","overlay-gradient":""},"tablet":{"background-color":"","background-image":"","background-repeat":"repeat","background-position":"center center","background-size":"auto","background-attachment":"scroll","background-type":"","background-media":"","overlay-type":"","overlay-color":"","overlay-opacity":"","overlay-gradient":""},"mobile":{"background-color":"","background-image":"","background-repeat":"repeat","background-position":"center center","background-size":"auto","background-attachment":"scroll","background-type":"","background-media":"","overlay-type":"","overlay-color":"","overlay-opacity":"","overlay-gradient":""}},"ast-content-background-meta":{"desktop":{"background-color":"var(--ast-global-color-5)","background-image":"","background-repeat":"repeat","background-position":"center center","background-size":"auto","background-attachment":"scroll","background-type":"","background-media":"","overlay-type":"","overlay-color":"","overlay-opacity":"","overlay-gradient":""},"tablet":{"background-color":"var(--ast-global-color-5)","background-image":"","background-repeat":"repeat","background-position":"center center","background-size":"auto","background-attachment":"scroll","background-type":"","background-media":"","overlay-type":"","overlay-color":"","overlay-opacity":"","overlay-gradient":""},"mobile":{"background-color":"var(--ast-global-color-5)","background-image":"","background-repeat":"repeat","background-position":"center center","background-size":"auto","background-attachment":"scroll","background-type":"","background-media":"","overlay-type":"","overlay-color":"","overlay-opacity":"","overlay-gradient":""}},"footnotes":""},"class_list":["post-65","page","type-page","status-publish","hentry"],"post_mailing_queue_ids":[],"_links":{"self":[{"href":"https:\/\/agora.xtec.cat\/iesantonitorroja\/wp-json\/wp\/v2\/pages\/65","targetHints":{"allow":["GET"]}}],"collection":[{"href":"https:\/\/agora.xtec.cat\/iesantonitorroja\/wp-json\/wp\/v2\/pages"}],"about":[{"href":"https:\/\/agora.xtec.cat\/iesantonitorroja\/wp-json\/wp\/v2\/types\/page"}],"author":[{"embeddable":true,"href":"https:\/\/agora.xtec.cat\/iesantonitorroja\/wp-json\/wp\/v2\/users\/1"}],"replies":[{"embeddable":true,"href":"https:\/\/agora.xtec.cat\/iesantonitorroja\/wp-json\/wp\/v2\/comments?post=65"}],"version-history":[{"count":5,"href":"https:\/\/agora.xtec.cat\/iesantonitorroja\/wp-json\/wp\/v2\/pages\/65\/revisions"}],"predecessor-version":[{"id":8905,"href":"https:\/\/agora.xtec.cat\/iesantonitorroja\/wp-json\/wp\/v2\/pages\/65\/revisions\/8905"}],"up":[{"embeddable":true,"href":"https:\/\/agora.xtec.cat\/iesantonitorroja\/wp-json\/wp\/v2\/pages\/63"}],"wp:attachment":[{"href":"https:\/\/agora.xtec.cat\/iesantonitorroja\/wp-json\/wp\/v2\/media?parent=65"}],"curies":[{"name":"wp","href":"https:\/\/api.w.org\/{rel}","templated":true}]}}