{"id":622,"date":"2022-03-28T22:25:13","date_gmt":"2022-03-28T20:25:13","guid":{"rendered":"https:\/\/agora.xtec.cat\/iesantonitorroja\/?page_id=622"},"modified":"2025-10-09T17:00:18","modified_gmt":"2025-10-09T15:00:18","slug":"organs-del-centre","status":"publish","type":"page","link":"https:\/\/agora.xtec.cat\/iesantonitorroja\/institut\/organs-del-centre\/","title":{"rendered":"\u00d2rgans del centre"},"content":{"rendered":"<h3>Equip directiu<\/h3>\n<ul>\n<li><strong>Direcci\u00f3<\/strong>: S\u00edlvia Pascual<\/li>\n<li><strong>Cap d\u2019estudis<\/strong>: Jordi Creus<\/li>\n<li><strong>Secretaria<\/strong>: Neus Pujol<\/li>\n<li><strong>Coordinaci\u00f3 pedag\u00f2gica<\/strong>: Isabel Crespo<\/li>\n<\/ul>\n<h3>Equip docent<\/h3>\n<ul>\n<li><strong>Departament de Llengua Catalana i Literatura:<\/strong> Anna Falip, N\u00faria Torn\u00e9, Toni Ortiz, Montse Escol\u00e0 i Maria Mestre.<\/li>\n<li><strong>Departament de Llengua Castellana i Literatura<\/strong>: Merc\u00e8 Fern\u00e1ndez, Imar Mart\u00ednez i Paula Raya.<\/li>\n<li><strong>Departament de Ci\u00e8ncies Experimentals<\/strong>: Jordina Grasa, Ramon Pollina, Neus Pujol, Ramon Castell\u00f3, Gerard G\u00e0mez, Anna Novell, S\u00edlvia Ansorena i Marta Santaul\u00e0ria.<\/li>\n<li><strong>Departament d\u2019Educaci\u00f3 F\u00edsica<\/strong>: Albert Graells, Hugo Figueras.<\/li>\n<li><strong>Departament d\u2019Expressi\u00f3 Visual i Pl\u00e0stica<\/strong>: Francesca Gom\u00e0 i Elisabet Vidal.<\/li>\n<li><strong>Departament de M\u00fasica<\/strong>: H\u00e8ctor Beberide.<\/li>\n<li><strong>Llengua Estrangera (Angl\u00e8s)<\/strong>: Iris Badia, Ramon Gass\u00f3, Eva Barbeta, Sandra Vilar, Anna Bureu i X\u00e8nia Serra.<\/li>\n<li><strong>Llengua Estrangera (Franc\u00e8s)<\/strong>: Laura Hernando.<\/li>\n<li><strong>Lleng\u00fces Cl\u00e0ssiques i Alemany<\/strong>: Teresa Puig.<\/li>\n<li><strong>Departament de Matem\u00e0tiques<\/strong>: Imma Callau, Anna Castell\u00e0, Dolors Torres, Juan Manuel S\u00e1nchez i Laia Vilalta.<\/li>\n<li><strong>Departament de Ci\u00e8ncies Socials<\/strong>: Jordi Creus, Pablo Jes\u00fas Carbajo,\u00a0 Pili L\u00f3pez, Arnau Arfelis, S\u00edlvia Torra, Tate Bonjoch i \u00cdngrid Caubet.<\/li>\n<li><strong>Departament de Tecnologia<\/strong>: Isabel Crespo, S\u00edlvia Pascual, Jaume Rius i Mariluz Zubiaur.<\/li>\n<li><strong>Departament d&#8217;Orientaci\u00f3 i Acci\u00f3 Tutorial<\/strong>: Anna Gonz\u00e1lez i Rosabel Botet.<\/li>\n<li><strong>PFI Pintura:<\/strong> Amadeu Balasch.<\/li>\n<\/ul>\n<h3>Equip administratiu<\/h3>\n<ul>\n<li><strong>Secretaria<\/strong>: Maria Fontova<\/li>\n<li><strong>Consergeria<\/strong>: Josep Gual i \u00c0ngels Andrev\u00ed<\/li>\n<\/ul>\n","protected":false},"excerpt":{"rendered":"<p>Equip directiu Direcci\u00f3: S\u00edlvia Pascual Cap d\u2019estudis: Jordi Creus Secretaria: Neus Pujol Coordinaci\u00f3 pedag\u00f2gica: Isabel Crespo Equip docent Departament de Llengua Catalana i Literatura: Anna Falip, N\u00faria Torn\u00e9, Toni Ortiz, Montse Escol\u00e0 i Maria Mestre. Departament de Llengua Castellana i Literatura: Merc\u00e8 Fern\u00e1ndez, Imar Mart\u00ednez i Paula Raya. Departament de Ci\u00e8ncies Experimentals: Jordina Grasa, Ramon [&hellip;]<\/p>\n","protected":false},"author":1,"featured_media":0,"parent":57,"menu_order":0,"comment_status":"closed","ping_status":"closed","template":"","meta":{"_bbp_topic_count":0,"_bbp_reply_count":0,"_bbp_total_topic_count":0,"_bbp_total_reply_count":0,"_bbp_voice_count":0,"_bbp_anonymous_reply_count":0,"_bbp_topic_count_hidden":0,"_bbp_reply_count_hidden":0,"_bbp_forum_subforum_count":0,"site-sidebar-layout":"default","site-content-layout":"","ast-site-content-layout":"default","site-content-style":"default","site-sidebar-style":"default","ast-global-header-display":"","ast-banner-title-visibility":"","ast-main-header-display":"","ast-hfb-above-header-display":"","ast-hfb-below-header-display":"","ast-hfb-mobile-header-display":"","site-post-title":"","ast-breadcrumbs-content":"","ast-featured-img":"","footer-sml-layout":"","theme-transparent-header-meta":"","adv-header-id-meta":"","stick-header-meta":"","header-above-stick-meta":"","header-main-stick-meta":"","header-below-stick-meta":"","astra-migrate-meta-layouts":"set","ast-page-background-enabled":"default","ast-page-background-meta":{"desktop":{"background-color":"var(--ast-global-color-4)","background-image":"","background-repeat":"repeat","background-position":"center center","background-size":"auto","background-attachment":"scroll","background-type":"","background-media":"","overlay-type":"","overlay-color":"","overlay-opacity":"","overlay-gradient":""},"tablet":{"background-color":"","background-image":"","background-repeat":"repeat","background-position":"center center","background-size":"auto","background-attachment":"scroll","background-type":"","background-media":"","overlay-type":"","overlay-color":"","overlay-opacity":"","overlay-gradient":""},"mobile":{"background-color":"","background-image":"","background-repeat":"repeat","background-position":"center center","background-size":"auto","background-attachment":"scroll","background-type":"","background-media":"","overlay-type":"","overlay-color":"","overlay-opacity":"","overlay-gradient":""}},"ast-content-background-meta":{"desktop":{"background-color":"var(--ast-global-color-5)","background-image":"","background-repeat":"repeat","background-position":"center center","background-size":"auto","background-attachment":"scroll","background-type":"","background-media":"","overlay-type":"","overlay-color":"","overlay-opacity":"","overlay-gradient":""},"tablet":{"background-color":"var(--ast-global-color-5)","background-image":"","background-repeat":"repeat","background-position":"center center","background-size":"auto","background-attachment":"scroll","background-type":"","background-media":"","overlay-type":"","overlay-color":"","overlay-opacity":"","overlay-gradient":""},"mobile":{"background-color":"var(--ast-global-color-5)","background-image":"","background-repeat":"repeat","background-position":"center center","background-size":"auto","background-attachment":"scroll","background-type":"","background-media":"","overlay-type":"","overlay-color":"","overlay-opacity":"","overlay-gradient":""}},"footnotes":""},"class_list":["post-622","page","type-page","status-publish","hentry"],"post_mailing_queue_ids":[],"_links":{"self":[{"href":"https:\/\/agora.xtec.cat\/iesantonitorroja\/wp-json\/wp\/v2\/pages\/622","targetHints":{"allow":["GET"]}}],"collection":[{"href":"https:\/\/agora.xtec.cat\/iesantonitorroja\/wp-json\/wp\/v2\/pages"}],"about":[{"href":"https:\/\/agora.xtec.cat\/iesantonitorroja\/wp-json\/wp\/v2\/types\/page"}],"author":[{"embeddable":true,"href":"https:\/\/agora.xtec.cat\/iesantonitorroja\/wp-json\/wp\/v2\/users\/1"}],"replies":[{"embeddable":true,"href":"https:\/\/agora.xtec.cat\/iesantonitorroja\/wp-json\/wp\/v2\/comments?post=622"}],"version-history":[{"count":6,"href":"https:\/\/agora.xtec.cat\/iesantonitorroja\/wp-json\/wp\/v2\/pages\/622\/revisions"}],"predecessor-version":[{"id":10123,"href":"https:\/\/agora.xtec.cat\/iesantonitorroja\/wp-json\/wp\/v2\/pages\/622\/revisions\/10123"}],"up":[{"embeddable":true,"href":"https:\/\/agora.xtec.cat\/iesantonitorroja\/wp-json\/wp\/v2\/pages\/57"}],"wp:attachment":[{"href":"https:\/\/agora.xtec.cat\/iesantonitorroja\/wp-json\/wp\/v2\/media?parent=622"}],"curies":[{"name":"wp","href":"https:\/\/api.w.org\/{rel}","templated":true}]}}