{"id":620,"date":"2022-03-28T22:22:07","date_gmt":"2022-03-28T20:22:07","guid":{"rendered":"https:\/\/agora.xtec.cat\/iesantonitorroja\/?page_id=620"},"modified":"2025-09-03T18:46:45","modified_gmt":"2025-09-03T16:46:45","slug":"pfi-pintura","status":"publish","type":"page","link":"https:\/\/agora.xtec.cat\/iesantonitorroja\/estudis\/pfi-pintura\/","title":{"rendered":"PFI (Auxiliar d&#8217;Obres d&#8217;Interior i Pintura)"},"content":{"rendered":"<p>Aquests estudis capaciten per dur a terme tasques auxiliars de pintura, fer revestiments amb pastes i pintures, aplicar emprimacions i pintures protectores, aix\u00ed com col\u00b7laborar en l\u2019envernissat i empaperat sobre qualsevol superf\u00edcie.<\/p>\n<p>Tenen una durada total de 1.000 hores, un curs acad\u00e8mic.<\/p>\n<h3>M\u00f2duls de formaci\u00f3 professional (entre 615 i 665 hores)<\/h3>\n<ul>\n<li>Acabats b\u00e0sics de la fusta<\/li>\n<li>Pintura i empaperat<\/li>\n<li>Aplicaci\u00f3 de pintures protectores i emprimacions en construcci\u00f3<\/li>\n<li>Tractament de suports per a revestiment en construcci\u00f3<\/li>\n<li>Projecte integrat<\/li>\n<li>Formaci\u00f3 b\u00e0sica en prevenci\u00f3 de riscos laborals<\/li>\n<li>Formaci\u00f3 pr\u00e0ctica en empreses (m\u00ednim 180 hores)<\/li>\n<\/ul>\n<h3>M\u00f2duls de formaci\u00f3 general (entre 295 i 345 hores)<\/h3>\n<ul>\n<li>Estrat\u00e8gies i eines de comunicaci\u00f3<\/li>\n<li>Entorn social i territorial<\/li>\n<li>Estrat\u00e8gies i eines matem\u00e0tiques<\/li>\n<li>Incorporaci\u00f3 al m\u00f3n professional<\/li>\n<li>Tutoria, seguiment i orientaci\u00f3 personalitzada (40 hores)<\/li>\n<\/ul>\n<h3>Inclouen<\/h3>\n<ul>\n<li>Qualificaci\u00f3 professional completa<\/li>\n<li>MAM275_1: Aplicaci\u00f3 de vernissos i laques en elements de fusteria i moble<\/li>\n<\/ul>\n<p><div class=\"ast-oembed-container \" style=\"height: 100%;\"><iframe loading=\"lazy\" title=\"PFI Antoni Torroja 23\/24\" width=\"500\" height=\"281\" src=\"https:\/\/www.youtube.com\/embed\/Qo3gtN4aZ-o?feature=oembed\" frameborder=\"0\" allow=\"accelerometer; autoplay; clipboard-write; encrypted-media; gyroscope; picture-in-picture; web-share\" referrerpolicy=\"strict-origin-when-cross-origin\" allowfullscreen><\/iframe><\/div><\/p>\n<h3>Documentaci\u00f3 i enlla\u00e7os<\/h3>\n<p>En els seg\u00fcents enlla\u00e7os trobareu tota la informaci\u00f3 relacionada:<\/p>\n<ul>\n<li><a href=\"https:\/\/agora.xtec.cat\/iesantonitorroja\/wp-content\/uploads\/usu2639\/2022\/04\/PFI-ANTONI-TORROJA-AUX-PINTURA.-Diptic.pdf\">PFI ANTONI TORROJA AUX PINTURA. D\u00edptic<\/a><\/li>\n<li><a href=\"https:\/\/educacio.gencat.cat\/web\/.content\/home\/departament\/publicacions\/guies-estudis\/cartell-pfi.pdf\" target=\"_blank\" rel=\"noopener\">Cartell PFI<\/a><\/li>\n<li><a href=\"https:\/\/educacio.gencat.cat\/web\/.content\/home\/departament\/publicacions\/infografies\/34-PFI.pdf\" target=\"_blank\" rel=\"noopener\">Infografies<\/a><\/li>\n<li><a href=\"https:\/\/agora.xtec.cat\/iesantonitorroja\/wp-content\/uploads\/usu2639\/2025\/09\/PFI_OI_PINTURA-2.pdf\" target=\"_blank\" rel=\"noopener\">Guia informativa<\/a><\/li>\n<\/ul>\n\n\n<p><\/p>\n","protected":false},"excerpt":{"rendered":"<p>Aquests estudis capaciten per dur a terme tasques auxiliars de pintura, fer revestiments amb pastes i pintures, aplicar emprimacions i pintures protectores, aix\u00ed com col\u00b7laborar en l\u2019envernissat i empaperat sobre qualsevol superf\u00edcie. Tenen una durada total de 1.000 hores, un curs acad\u00e8mic. M\u00f2duls de formaci\u00f3 professional (entre 615 i 665 hores) Acabats b\u00e0sics de la [&hellip;]<\/p>\n","protected":false},"author":1,"featured_media":0,"parent":624,"menu_order":0,"comment_status":"closed","ping_status":"closed","template":"page-templates\/side-menu.php","meta":{"_bbp_topic_count":0,"_bbp_reply_count":0,"_bbp_total_topic_count":0,"_bbp_total_reply_count":0,"_bbp_voice_count":0,"_bbp_anonymous_reply_count":0,"_bbp_topic_count_hidden":0,"_bbp_reply_count_hidden":0,"_bbp_forum_subforum_count":0,"site-sidebar-layout":"default","site-content-layout":"","ast-site-content-layout":"","site-content-style":"default","site-sidebar-style":"default","ast-global-header-display":"","ast-banner-title-visibility":"","ast-main-header-display":"","ast-hfb-above-header-display":"","ast-hfb-below-header-display":"","ast-hfb-mobile-header-display":"","site-post-title":"","ast-breadcrumbs-content":"","ast-featured-img":"","footer-sml-layout":"","theme-transparent-header-meta":"","adv-header-id-meta":"","stick-header-meta":"","header-above-stick-meta":"","header-main-stick-meta":"","header-below-stick-meta":"","astra-migrate-meta-layouts":"default","ast-page-background-enabled":"default","ast-page-background-meta":{"desktop":{"background-color":"var(--ast-global-color-4)","background-image":"","background-repeat":"repeat","background-position":"center center","background-size":"auto","background-attachment":"scroll","background-type":"","background-media":"","overlay-type":"","overlay-color":"","overlay-opacity":"","overlay-gradient":""},"tablet":{"background-color":"","background-image":"","background-repeat":"repeat","background-position":"center center","background-size":"auto","background-attachment":"scroll","background-type":"","background-media":"","overlay-type":"","overlay-color":"","overlay-opacity":"","overlay-gradient":""},"mobile":{"background-color":"","background-image":"","background-repeat":"repeat","background-position":"center center","background-size":"auto","background-attachment":"scroll","background-type":"","background-media":"","overlay-type":"","overlay-color":"","overlay-opacity":"","overlay-gradient":""}},"ast-content-background-meta":{"desktop":{"background-color":"var(--ast-global-color-5)","background-image":"","background-repeat":"repeat","background-position":"center center","background-size":"auto","background-attachment":"scroll","background-type":"","background-media":"","overlay-type":"","overlay-color":"","overlay-opacity":"","overlay-gradient":""},"tablet":{"background-color":"var(--ast-global-color-5)","background-image":"","background-repeat":"repeat","background-position":"center center","background-size":"auto","background-attachment":"scroll","background-type":"","background-media":"","overlay-type":"","overlay-color":"","overlay-opacity":"","overlay-gradient":""},"mobile":{"background-color":"var(--ast-global-color-5)","background-image":"","background-repeat":"repeat","background-position":"center center","background-size":"auto","background-attachment":"scroll","background-type":"","background-media":"","overlay-type":"","overlay-color":"","overlay-opacity":"","overlay-gradient":""}},"footnotes":""},"class_list":["post-620","page","type-page","status-publish","hentry"],"post_mailing_queue_ids":[],"_links":{"self":[{"href":"https:\/\/agora.xtec.cat\/iesantonitorroja\/wp-json\/wp\/v2\/pages\/620","targetHints":{"allow":["GET"]}}],"collection":[{"href":"https:\/\/agora.xtec.cat\/iesantonitorroja\/wp-json\/wp\/v2\/pages"}],"about":[{"href":"https:\/\/agora.xtec.cat\/iesantonitorroja\/wp-json\/wp\/v2\/types\/page"}],"author":[{"embeddable":true,"href":"https:\/\/agora.xtec.cat\/iesantonitorroja\/wp-json\/wp\/v2\/users\/1"}],"replies":[{"embeddable":true,"href":"https:\/\/agora.xtec.cat\/iesantonitorroja\/wp-json\/wp\/v2\/comments?post=620"}],"version-history":[{"count":6,"href":"https:\/\/agora.xtec.cat\/iesantonitorroja\/wp-json\/wp\/v2\/pages\/620\/revisions"}],"predecessor-version":[{"id":9948,"href":"https:\/\/agora.xtec.cat\/iesantonitorroja\/wp-json\/wp\/v2\/pages\/620\/revisions\/9948"}],"up":[{"embeddable":true,"href":"https:\/\/agora.xtec.cat\/iesantonitorroja\/wp-json\/wp\/v2\/pages\/624"}],"wp:attachment":[{"href":"https:\/\/agora.xtec.cat\/iesantonitorroja\/wp-json\/wp\/v2\/media?parent=620"}],"curies":[{"name":"wp","href":"https:\/\/api.w.org\/{rel}","templated":true}]}}