{"id":547,"date":"2022-03-28T21:51:23","date_gmt":"2022-03-28T19:51:23","guid":{"rendered":"https:\/\/agora.xtec.cat\/iesantonitorroja\/?page_id=547"},"modified":"2022-03-28T22:14:13","modified_gmt":"2022-03-28T20:14:13","slug":"wifi","status":"publish","type":"page","link":"https:\/\/agora.xtec.cat\/iesantonitorroja\/serveis\/serveis-digitals\/wifi\/","title":{"rendered":"Xarxa wifi"},"content":{"rendered":"<p>Seleccioneu el sistema operatiu que teniu instal\u00b7lat al dispositiu que voleu connectar.<\/p>\n<h3>Windows<\/h3>\n<p><a href=\"https:\/\/github.com\/insatorroja\/gencat_ENS_EDU-connectiontool\/archive\/refs\/heads\/master.zip\">Descarregar fitxer<\/a><\/p>\n<p>Per connectar-vos en un ordinador amb el sistema operatiu Windows, cal baixar-se aquest fitxer .zip i descomprimir-lo (bot\u00f3 dret &gt; Extreure tot &gt; Seguiu els passos de la finestra). Quan finalitzeu, obriu la carpeta, cerqueu el fitxer reconfigwifi.bat i obriu-lo. Se us obrir\u00e0 una finestra que es tancar\u00e0 autom\u00e0ticament al cap d\u2019uns segons.<\/p>\n<p>Finalment, cal cercar la xarxa. Aneu al bot\u00f3 de wifi \u00a0a la part dreta de la barra inferior de Windows i cerqueu la xarxa\u00a0gencat_ENS_EDU. All\u00e0 heu de posar les dades que trobareu en el<br \/>\nfitxer dadesWiFi.txt de la carpeta ZIP que heu descarregat abans.<\/p>\n<h3>Ubuntu\/Linkat<\/h3>\n<p>La connexi\u00f3 a la wifi gencat_ENS_EDU es fa a trav\u00e9s del NetworkManager que trobareu a la banda superior dreta de l\u2019escriptori.<\/p>\n<p>Si cliqueu al NetworkManager (icona amb barres verticals) us apareixeran les diferents xarxes.<br \/>\nUn cop h\u00e0giu clicat a sobre la xarxa \u201cgencat_ENS_EDU\u201d us apareixer\u00e0 la finestra per autenticar-vos. Empleneu tots els camps tal com apareixen a la pantalla anterior a excepci\u00f3 del \u201cNom d\u2019usuari\u201d i \u201cContrasenya\u201d on haureu de posar el nom d\u2019usuari i contrasenya proporcionat per al vostre centre i que us permetr\u00e0 connectar a la xarxa educativa.<\/p>\n","protected":false},"excerpt":{"rendered":"<p>Seleccioneu el sistema operatiu que teniu instal\u00b7lat al dispositiu que voleu connectar. Windows Descarregar fitxer Per connectar-vos en un ordinador amb el sistema operatiu Windows, cal baixar-se aquest fitxer .zip i descomprimir-lo (bot\u00f3 dret &gt; Extreure tot &gt; Seguiu els passos de la finestra). Quan finalitzeu, obriu la carpeta, cerqueu el fitxer reconfigwifi.bat i obriu-lo. [&hellip;]<\/p>\n","protected":false},"author":1,"featured_media":0,"parent":65,"menu_order":0,"comment_status":"closed","ping_status":"closed","template":"page-templates\/side-menu.php","meta":{"_bbp_topic_count":0,"_bbp_reply_count":0,"_bbp_total_topic_count":0,"_bbp_total_reply_count":0,"_bbp_voice_count":0,"_bbp_anonymous_reply_count":0,"_bbp_topic_count_hidden":0,"_bbp_reply_count_hidden":0,"_bbp_forum_subforum_count":0,"site-sidebar-layout":"default","site-content-layout":"","ast-site-content-layout":"","site-content-style":"default","site-sidebar-style":"default","ast-global-header-display":"","ast-banner-title-visibility":"","ast-main-header-display":"","ast-hfb-above-header-display":"","ast-hfb-below-header-display":"","ast-hfb-mobile-header-display":"","site-post-title":"","ast-breadcrumbs-content":"","ast-featured-img":"","footer-sml-layout":"","theme-transparent-header-meta":"","adv-header-id-meta":"","stick-header-meta":"","header-above-stick-meta":"","header-main-stick-meta":"","header-below-stick-meta":"","astra-migrate-meta-layouts":"default","ast-page-background-enabled":"default","ast-page-background-meta":{"desktop":{"background-color":"var(--ast-global-color-4)","background-image":"","background-repeat":"repeat","background-position":"center center","background-size":"auto","background-attachment":"scroll","background-type":"","background-media":"","overlay-type":"","overlay-color":"","overlay-opacity":"","overlay-gradient":""},"tablet":{"background-color":"","background-image":"","background-repeat":"repeat","background-position":"center center","background-size":"auto","background-attachment":"scroll","background-type":"","background-media":"","overlay-type":"","overlay-color":"","overlay-opacity":"","overlay-gradient":""},"mobile":{"background-color":"","background-image":"","background-repeat":"repeat","background-position":"center center","background-size":"auto","background-attachment":"scroll","background-type":"","background-media":"","overlay-type":"","overlay-color":"","overlay-opacity":"","overlay-gradient":""}},"ast-content-background-meta":{"desktop":{"background-color":"var(--ast-global-color-5)","background-image":"","background-repeat":"repeat","background-position":"center center","background-size":"auto","background-attachment":"scroll","background-type":"","background-media":"","overlay-type":"","overlay-color":"","overlay-opacity":"","overlay-gradient":""},"tablet":{"background-color":"var(--ast-global-color-5)","background-image":"","background-repeat":"repeat","background-position":"center center","background-size":"auto","background-attachment":"scroll","background-type":"","background-media":"","overlay-type":"","overlay-color":"","overlay-opacity":"","overlay-gradient":""},"mobile":{"background-color":"var(--ast-global-color-5)","background-image":"","background-repeat":"repeat","background-position":"center center","background-size":"auto","background-attachment":"scroll","background-type":"","background-media":"","overlay-type":"","overlay-color":"","overlay-opacity":"","overlay-gradient":""}},"footnotes":""},"class_list":["post-547","page","type-page","status-publish","hentry"],"post_mailing_queue_ids":[],"_links":{"self":[{"href":"https:\/\/agora.xtec.cat\/iesantonitorroja\/wp-json\/wp\/v2\/pages\/547","targetHints":{"allow":["GET"]}}],"collection":[{"href":"https:\/\/agora.xtec.cat\/iesantonitorroja\/wp-json\/wp\/v2\/pages"}],"about":[{"href":"https:\/\/agora.xtec.cat\/iesantonitorroja\/wp-json\/wp\/v2\/types\/page"}],"author":[{"embeddable":true,"href":"https:\/\/agora.xtec.cat\/iesantonitorroja\/wp-json\/wp\/v2\/users\/1"}],"replies":[{"embeddable":true,"href":"https:\/\/agora.xtec.cat\/iesantonitorroja\/wp-json\/wp\/v2\/comments?post=547"}],"version-history":[{"count":2,"href":"https:\/\/agora.xtec.cat\/iesantonitorroja\/wp-json\/wp\/v2\/pages\/547\/revisions"}],"predecessor-version":[{"id":576,"href":"https:\/\/agora.xtec.cat\/iesantonitorroja\/wp-json\/wp\/v2\/pages\/547\/revisions\/576"}],"up":[{"embeddable":true,"href":"https:\/\/agora.xtec.cat\/iesantonitorroja\/wp-json\/wp\/v2\/pages\/65"}],"wp:attachment":[{"href":"https:\/\/agora.xtec.cat\/iesantonitorroja\/wp-json\/wp\/v2\/media?parent=547"}],"curies":[{"name":"wp","href":"https:\/\/api.w.org\/{rel}","templated":true}]}}