{"id":543,"date":"2022-03-28T21:46:59","date_gmt":"2022-03-28T19:46:59","guid":{"rendered":"https:\/\/agora.xtec.cat\/iesantonitorroja\/?page_id=543"},"modified":"2026-02-24T21:14:29","modified_gmt":"2026-02-24T20:14:29","slug":"salut-i-escola","status":"publish","type":"page","link":"https:\/\/agora.xtec.cat\/iesantonitorroja\/projectes\/salut-i-escola\/","title":{"rendered":"Programa &#8220;Salut i Escola&#8221;"},"content":{"rendered":"<h4><strong>Infermera assignada al centre:<\/strong><\/h4>\n<ul>\n<li><strong>Maria Segarra Merc\u00e8\u00a0<\/strong><\/li>\n<li>Correu electr\u00f2nic Maria: <a href=\"mailto:msegarram.lleida.ics@gencat.cat\" target=\"_blank\" rel=\"noopener\">msegarram.lleida.ics@gencat.cat<\/a><\/li>\n<li>Correu electr\u00f2nic (Programa Salut i Escola): <a href=\"mailto:cervera.salutiescola.lleida.ics@gencat.cat\" target=\"_blank\" rel=\"noopener\">cervera.salutiescola.lleida.ics@gencat.cat<\/a><b><\/b><\/li>\n<\/ul>\n<h4><b>Horari curs 25-26<\/b><\/h4>\n<ul>\n<li><strong>Dimarts i divendres, de 8 h a 10:30 h del mat\u00ed.<\/strong><\/li>\n<li>Lloc de trobada: despatx a <strong>recepci\u00f3<\/strong>.<\/li>\n<\/ul>\n<p>Amb l\u2019Objectiu General de millorar la salut dels adolescents, la Generalitat de Catalunya, a trav\u00e9s dels Centres d\u2019Atenci\u00f3 Prim\u00e0ria de Salut, ofereix als centres educatius de secund\u00e0ria el programa Salut i Escola.<\/p>\n<h4>Objectius espec\u00edfics<\/h4>\n<ul>\n<li>Millorar la coordinaci\u00f3 entre els centres docents i els serveis de salut per poder donar resposta a les necessitats dels adolescents.<\/li>\n<li>Apropar els serveis de salut als centres docents i als adolescents mitjan\u00e7ant la Consulta Oberta als centres d\u2019educaci\u00f3 secund\u00e0ria amb les m\u00e0ximes garanties d\u2019intimitat.<\/li>\n<li>Facilitar la promoci\u00f3 d\u2019actituds i h\u00e0bits saludables (factors protectors) amb actuacions d\u2019educaci\u00f3 per a la salut.<\/li>\n<li>Reduir els comportaments que poden afectar negativament la salut (factors de risc).<\/li>\n<li>Detecci\u00f3 preco\u00e7 dels problemes de salut a fi d\u2019intervenir tan aviat com es pugui.<\/li>\n<\/ul>\n<h4>Consulta Oberta<\/h4>\n<p>El programa ofereix als nois i noies un servei de Consulta Oberta en el seu centre educatiu per poder ser assessorat sobre temes relacionats amb la salut.<\/p>\n<p>Volem apropar-nos a les necessitats dels adolescents i joves per:<\/p>\n<ul>\n<li><strong>FACILITAR-LOS<\/strong> informaci\u00f3 amb una infermera.<\/li>\n<li><strong>APROPAR<\/strong> els serveis de salut als centres docents i als adolescents.<\/li>\n<li><strong>AFAVORIR<\/strong> la confidencialitat i uns serveis realment a l\u2019abast.<\/li>\n<li><strong>EDUCAR-LOS<\/strong> en com millorar la seva salut.<\/li>\n<li><strong>INFORMAR-LOS<\/strong> de les conductes de risc per a la salut.<\/li>\n<li><strong>FER M\u00c9S EFECTIVA<\/strong> la detecci\u00f3 preco\u00e7 i la intervenci\u00f3.<\/li>\n<li><strong>REDUIR<\/strong> els factors de risc que afecten negativament a la salut dels nois i noies.<\/li>\n<\/ul>\n<h3>Qu\u00e8 aporta?<\/h3>\n<ul>\n<li>Una infermera espec\u00edficament formada a tots els centres d\u2019educaci\u00f3 secund\u00e0ria.<\/li>\n<li>Equips especialitzats en salut (en atenci\u00f3 a la salut sexual i reproductiva, en salut mental infantil i juvenil, en atenci\u00f3 al consum de drogues\u2026).<\/li>\n<li>Sessions d\u2019educaci\u00f3 sanit\u00e0ria, materials concrets per la promoci\u00f3 de la salut.<\/li>\n<li>La participaci\u00f3 i col\u00b7laboraci\u00f3 dels equips de salut p\u00fablica municipals.<\/li>\n<li>El treball conjunt de sanitaris i educadors orientat a la salut dels adolescents.<\/li>\n<\/ul>\n","protected":false},"excerpt":{"rendered":"<p>Infermera assignada al centre: Maria Segarra Merc\u00e8\u00a0 Correu electr\u00f2nic Maria: msegarram.lleida.ics@gencat.cat Correu electr\u00f2nic (Programa Salut i Escola): cervera.salutiescola.lleida.ics@gencat.cat Horari curs 25-26 Dimarts i divendres, de 8 h a 10:30 h del mat\u00ed. Lloc de trobada: despatx a recepci\u00f3. Amb l\u2019Objectiu General de millorar la salut dels adolescents, la Generalitat de Catalunya, a trav\u00e9s dels Centres [&hellip;]<\/p>\n","protected":false},"author":1,"featured_media":0,"parent":582,"menu_order":0,"comment_status":"closed","ping_status":"closed","template":"","meta":{"_bbp_topic_count":0,"_bbp_reply_count":0,"_bbp_total_topic_count":0,"_bbp_total_reply_count":0,"_bbp_voice_count":0,"_bbp_anonymous_reply_count":0,"_bbp_topic_count_hidden":0,"_bbp_reply_count_hidden":0,"_bbp_forum_subforum_count":0,"site-sidebar-layout":"default","site-content-layout":"","ast-site-content-layout":"default","site-content-style":"default","site-sidebar-style":"default","ast-global-header-display":"","ast-banner-title-visibility":"","ast-main-header-display":"","ast-hfb-above-header-display":"","ast-hfb-below-header-display":"","ast-hfb-mobile-header-display":"","site-post-title":"","ast-breadcrumbs-content":"","ast-featured-img":"","footer-sml-layout":"","theme-transparent-header-meta":"","adv-header-id-meta":"","stick-header-meta":"","header-above-stick-meta":"","header-main-stick-meta":"","header-below-stick-meta":"","astra-migrate-meta-layouts":"set","ast-page-background-enabled":"default","ast-page-background-meta":{"desktop":{"background-color":"var(--ast-global-color-4)","background-image":"","background-repeat":"repeat","background-position":"center center","background-size":"auto","background-attachment":"scroll","background-type":"","background-media":"","overlay-type":"","overlay-color":"","overlay-opacity":"","overlay-gradient":""},"tablet":{"background-color":"","background-image":"","background-repeat":"repeat","background-position":"center center","background-size":"auto","background-attachment":"scroll","background-type":"","background-media":"","overlay-type":"","overlay-color":"","overlay-opacity":"","overlay-gradient":""},"mobile":{"background-color":"","background-image":"","background-repeat":"repeat","background-position":"center center","background-size":"auto","background-attachment":"scroll","background-type":"","background-media":"","overlay-type":"","overlay-color":"","overlay-opacity":"","overlay-gradient":""}},"ast-content-background-meta":{"desktop":{"background-color":"var(--ast-global-color-5)","background-image":"","background-repeat":"repeat","background-position":"center center","background-size":"auto","background-attachment":"scroll","background-type":"","background-media":"","overlay-type":"","overlay-color":"","overlay-opacity":"","overlay-gradient":""},"tablet":{"background-color":"var(--ast-global-color-5)","background-image":"","background-repeat":"repeat","background-position":"center center","background-size":"auto","background-attachment":"scroll","background-type":"","background-media":"","overlay-type":"","overlay-color":"","overlay-opacity":"","overlay-gradient":""},"mobile":{"background-color":"var(--ast-global-color-5)","background-image":"","background-repeat":"repeat","background-position":"center center","background-size":"auto","background-attachment":"scroll","background-type":"","background-media":"","overlay-type":"","overlay-color":"","overlay-opacity":"","overlay-gradient":""}},"footnotes":""},"class_list":["post-543","page","type-page","status-publish","hentry"],"post_mailing_queue_ids":[],"_links":{"self":[{"href":"https:\/\/agora.xtec.cat\/iesantonitorroja\/wp-json\/wp\/v2\/pages\/543","targetHints":{"allow":["GET"]}}],"collection":[{"href":"https:\/\/agora.xtec.cat\/iesantonitorroja\/wp-json\/wp\/v2\/pages"}],"about":[{"href":"https:\/\/agora.xtec.cat\/iesantonitorroja\/wp-json\/wp\/v2\/types\/page"}],"author":[{"embeddable":true,"href":"https:\/\/agora.xtec.cat\/iesantonitorroja\/wp-json\/wp\/v2\/users\/1"}],"replies":[{"embeddable":true,"href":"https:\/\/agora.xtec.cat\/iesantonitorroja\/wp-json\/wp\/v2\/comments?post=543"}],"version-history":[{"count":6,"href":"https:\/\/agora.xtec.cat\/iesantonitorroja\/wp-json\/wp\/v2\/pages\/543\/revisions"}],"predecessor-version":[{"id":10595,"href":"https:\/\/agora.xtec.cat\/iesantonitorroja\/wp-json\/wp\/v2\/pages\/543\/revisions\/10595"}],"up":[{"embeddable":true,"href":"https:\/\/agora.xtec.cat\/iesantonitorroja\/wp-json\/wp\/v2\/pages\/582"}],"wp:attachment":[{"href":"https:\/\/agora.xtec.cat\/iesantonitorroja\/wp-json\/wp\/v2\/media?parent=543"}],"curies":[{"name":"wp","href":"https:\/\/api.w.org\/{rel}","templated":true}]}}