{"id":530,"date":"2022-03-28T21:34:16","date_gmt":"2022-03-28T19:34:16","guid":{"rendered":"https:\/\/agora.xtec.cat\/iesantonitorroja\/?page_id=530"},"modified":"2022-03-28T22:14:13","modified_gmt":"2022-03-28T20:14:13","slug":"google-suite","status":"publish","type":"page","link":"https:\/\/agora.xtec.cat\/iesantonitorroja\/serveis\/serveis-digitals\/google-suite\/","title":{"rendered":"Google Suite"},"content":{"rendered":"<h3>Condicions d&#8217;\u00fas<\/h3>\n<ol>\n<li>El domini insatorroja.cat \u00e9s propietat de l\u2019Institut Antoni Torroja.<\/li>\n<li>Per ser usuari registrat d\u2019un correu @insatorroja.cat s\u2019ha d\u2019estar en una de les seg\u00fcents situacions:\n<ol>\n<li>Ser professor\/a o PAS en actiu al centre.<\/li>\n<li>Ser alumnat del centre.<\/li>\n<\/ol>\n<\/li>\n<li>A tot el professorat, PAS en actiu al centre i a tot l\u2019alumnat matriculat al centre se\u2019ls assignar\u00e0 un compte de correu.<\/li>\n<li>L\u2019usuari es compromet a utilitzar el compte de correu nom\u00e9s amb finalitats educatives.<\/li>\n<li>L\u2019usuari s\u2019obliga a fer-ne un \u00fas correcte i a no fomentar el correu indiscriminat (<em>Anti-spamming<\/em>). En particular ha d\u2019abstenir-se de:\n<ol>\n<li>Remetre publicitat de qualsevol classe i comunicacions amb finalitats de venda o altres de naturalesa comercial.<\/li>\n<li>Remetre qualsevol missatge no sol\u00b7licitat ni consentit pr\u00e8viament a una pluralitat de persones.<\/li>\n<li>Utilitzar llistes de distribuci\u00f3 a les quals pugui accedir-se a trav\u00e9s del portal o dels serveis per a la realitzaci\u00f3 de les activitats indicades en els apartats anteriors.<\/li>\n<li>Posar a disposici\u00f3 de tercers, amb qualsevol finalitat, dades captades a partir de llistes de distribuci\u00f3.<\/li>\n<\/ol>\n<\/li>\n<li>L\u2019usuari es compromet a fer un \u00fas privat i diligent de la contrasenya i, per tant, a no posar-la a disposici\u00f3 de tercers.<\/li>\n<li>L\u2019usuari \u00e9s conscient i accepta volunt\u00e0riament que l\u2019\u00fas dels serveis i dels continguts t\u00e9 lloc, en tot cas, sota la seva \u00fanica i exclusiva responsabilitat.<\/li>\n<li>L\u2019institut Antoni Torroja no es fa responsable de l\u2019\u00fas indegut dels serveis i dels seus continguts per part dels usuaris.<\/li>\n<li>El Centre es reserva el dret a denegar o retirar l\u2019acc\u00e9s als serveis, en qualsevol moment a aquells usuaris que incompleixin aquestes Condicions Generals.<\/li>\n<li>Si dos anys despr\u00e9s que l\u2019usuari hagi deixat el centre no es detecta activitat en el compte, aquest es desactivar\u00e0.<\/li>\n<\/ol>\n<p>Per qualsevol incid\u00e8ncia en el servei, poseu-vos en contacte amb\u00a0<a href=\"mailto:tic@insatorroja.cat\">tic@insatorroja.cat<\/a>.<\/p>\n<h3><strong>Observacions<\/strong><\/h3>\n<p>Aquest compte de correu el proporciona Google, i es regeix amb la seva pol\u00edtica, per\u00f2 amb els avantatges d\u2019un centre educatiu.<\/p>\n<p>La gesti\u00f3 d\u2019aquest compte es fa des de l\u2019institut Antoni Torroja, ja que \u00e9s un compte corporatiu.<\/p>\n<p>Entre altres avantatges, se\u2019n poden destacar els seg\u00fcents:<\/p>\n<ul>\n<li>Capacitat de Drive il\u00b7limitada<\/li>\n<li>En cas d\u2019alguna incid\u00e8ncia, no cal contactar amb Google.<\/li>\n<li>Disponibilitat de m\u00e9s aplicacions al Drive que en els comptes gratu\u00efts de Google. Es poden ampliar segons necessitats del centre<\/li>\n<li>Possibilitat d\u2019enviar correus a grups d\u2019usuaris: cursos, grups flexibles, aules\u2026<\/li>\n<\/ul>\n<h3>Pol\u00edtica de privadesa<\/h3>\n<p><a href=\"https:\/\/workspace.google.com\/intl\/es\/terms\/education_privacy.html\">https:\/\/workspace.google.com\/intl\/es\/terms\/education_privacy.html<\/a><\/p>\n","protected":false},"excerpt":{"rendered":"<p>Condicions d&#8217;\u00fas El domini insatorroja.cat \u00e9s propietat de l\u2019Institut Antoni Torroja. Per ser usuari registrat d\u2019un correu @insatorroja.cat s\u2019ha d\u2019estar en una de les seg\u00fcents situacions: Ser professor\/a o PAS en actiu al centre. Ser alumnat del centre. A tot el professorat, PAS en actiu al centre i a tot l\u2019alumnat matriculat al centre se\u2019ls [&hellip;]<\/p>\n","protected":false},"author":1,"featured_media":0,"parent":65,"menu_order":0,"comment_status":"closed","ping_status":"closed","template":"page-templates\/side-menu.php","meta":{"_bbp_topic_count":0,"_bbp_reply_count":0,"_bbp_total_topic_count":0,"_bbp_total_reply_count":0,"_bbp_voice_count":0,"_bbp_anonymous_reply_count":0,"_bbp_topic_count_hidden":0,"_bbp_reply_count_hidden":0,"_bbp_forum_subforum_count":0,"site-sidebar-layout":"default","site-content-layout":"","ast-site-content-layout":"","site-content-style":"default","site-sidebar-style":"default","ast-global-header-display":"","ast-banner-title-visibility":"","ast-main-header-display":"","ast-hfb-above-header-display":"","ast-hfb-below-header-display":"","ast-hfb-mobile-header-display":"","site-post-title":"","ast-breadcrumbs-content":"","ast-featured-img":"","footer-sml-layout":"","theme-transparent-header-meta":"","adv-header-id-meta":"","stick-header-meta":"","header-above-stick-meta":"","header-main-stick-meta":"","header-below-stick-meta":"","astra-migrate-meta-layouts":"default","ast-page-background-enabled":"default","ast-page-background-meta":{"desktop":{"background-color":"var(--ast-global-color-4)","background-image":"","background-repeat":"repeat","background-position":"center center","background-size":"auto","background-attachment":"scroll","background-type":"","background-media":"","overlay-type":"","overlay-color":"","overlay-opacity":"","overlay-gradient":""},"tablet":{"background-color":"","background-image":"","background-repeat":"repeat","background-position":"center center","background-size":"auto","background-attachment":"scroll","background-type":"","background-media":"","overlay-type":"","overlay-color":"","overlay-opacity":"","overlay-gradient":""},"mobile":{"background-color":"","background-image":"","background-repeat":"repeat","background-position":"center center","background-size":"auto","background-attachment":"scroll","background-type":"","background-media":"","overlay-type":"","overlay-color":"","overlay-opacity":"","overlay-gradient":""}},"ast-content-background-meta":{"desktop":{"background-color":"var(--ast-global-color-5)","background-image":"","background-repeat":"repeat","background-position":"center center","background-size":"auto","background-attachment":"scroll","background-type":"","background-media":"","overlay-type":"","overlay-color":"","overlay-opacity":"","overlay-gradient":""},"tablet":{"background-color":"var(--ast-global-color-5)","background-image":"","background-repeat":"repeat","background-position":"center center","background-size":"auto","background-attachment":"scroll","background-type":"","background-media":"","overlay-type":"","overlay-color":"","overlay-opacity":"","overlay-gradient":""},"mobile":{"background-color":"var(--ast-global-color-5)","background-image":"","background-repeat":"repeat","background-position":"center center","background-size":"auto","background-attachment":"scroll","background-type":"","background-media":"","overlay-type":"","overlay-color":"","overlay-opacity":"","overlay-gradient":""}},"footnotes":""},"class_list":["post-530","page","type-page","status-publish","hentry"],"post_mailing_queue_ids":[],"_links":{"self":[{"href":"https:\/\/agora.xtec.cat\/iesantonitorroja\/wp-json\/wp\/v2\/pages\/530","targetHints":{"allow":["GET"]}}],"collection":[{"href":"https:\/\/agora.xtec.cat\/iesantonitorroja\/wp-json\/wp\/v2\/pages"}],"about":[{"href":"https:\/\/agora.xtec.cat\/iesantonitorroja\/wp-json\/wp\/v2\/types\/page"}],"author":[{"embeddable":true,"href":"https:\/\/agora.xtec.cat\/iesantonitorroja\/wp-json\/wp\/v2\/users\/1"}],"replies":[{"embeddable":true,"href":"https:\/\/agora.xtec.cat\/iesantonitorroja\/wp-json\/wp\/v2\/comments?post=530"}],"version-history":[{"count":1,"href":"https:\/\/agora.xtec.cat\/iesantonitorroja\/wp-json\/wp\/v2\/pages\/530\/revisions"}],"predecessor-version":[{"id":532,"href":"https:\/\/agora.xtec.cat\/iesantonitorroja\/wp-json\/wp\/v2\/pages\/530\/revisions\/532"}],"up":[{"embeddable":true,"href":"https:\/\/agora.xtec.cat\/iesantonitorroja\/wp-json\/wp\/v2\/pages\/65"}],"wp:attachment":[{"href":"https:\/\/agora.xtec.cat\/iesantonitorroja\/wp-json\/wp\/v2\/media?parent=530"}],"curies":[{"name":"wp","href":"https:\/\/api.w.org\/{rel}","templated":true}]}}