{"id":3255,"date":"2022-09-30T12:00:18","date_gmt":"2022-09-30T10:00:18","guid":{"rendered":"https:\/\/agora.xtec.cat\/iesantonitorroja\/?page_id=3255"},"modified":"2024-09-05T23:12:23","modified_gmt":"2024-09-05T21:12:23","slug":"protocol-de-vagues-dalumnat","status":"publish","type":"page","link":"https:\/\/agora.xtec.cat\/iesantonitorroja\/secretaria\/protocol-de-vagues-dalumnat\/","title":{"rendered":"Protocol de vagues d&#8217;alumnat"},"content":{"rendered":"<p class=\"western\" lang=\"ca-ES\"><span style=\"font-family: Garamond, serif;\"><span style=\"font-size: large;\"><b>PROTOCOL DE VAGUES D\u2019ALUMNAT<\/b><\/span><\/span><\/p>\n<p class=\"western\" lang=\"ca-ES\" align=\"justify\"><span style=\"font-family: Garamond, serif;\"><span style=\"font-size: large;\">1- Els alumnes de 1r<\/span><\/span><span style=\"font-family: Garamond, serif;\"><span style=\"font-size: large;\"> i 2n<\/span><\/span><span style=\"font-family: Garamond, serif;\"><span style=\"font-size: large;\"> d&#8217;ESO no tenen dret a vaga. Per tant, han d\u2019assistir al centre amb normalitat. Les abs\u00e8ncies justificades per les fam\u00edlies no seran acceptades.<\/span><\/span><\/p>\n<p class=\"western\" lang=\"ca-ES\" align=\"justify\"><span style=\"font-family: Garamond, serif;\"><span style=\"font-size: large;\">2- Els alumnes de 3r<\/span><\/span><span style=\"font-family: Garamond, serif;\"><span style=\"font-size: large;\"> i 4r<\/span><\/span><span style=\"font-family: Garamond, serif;\"><span style=\"font-size: large;\"> d&#8217;ESO tenen dret a vaga sempre que compleixin els tres requisits que es detallen tot seguit:<\/span><\/span><\/p>\n<ul>\n<li>\n<p class=\"western\" lang=\"ca-ES\" align=\"justify\"><span style=\"font-family: Garamond, serif;\"><span style=\"font-size: large;\">Cal que els <\/span><\/span><span style=\"font-family: Garamond, serif;\"><span style=\"font-size: large;\"><b>delegats\/des<\/b><\/span><\/span><span style=\"font-family: Garamond, serif;\"><span style=\"font-size: large;\"> comuniquin, en hores no lectives, a la direcci\u00f3 del centre la seva intenci\u00f3 de dur a terme la vaga amb una antelaci\u00f3 m\u00ednima de 48 hores abans de la convocat\u00f2ria.<\/span><\/span><\/p>\n<\/li>\n<li>\n<p class=\"western\" lang=\"ca-ES\" align=\"justify\"><span style=\"font-family: Garamond, serif;\"><span style=\"font-size: large;\">Cal que, com a m\u00ednim, un 60% del grup \u2013 classe aprovi un\u00e0nimement l&#8217;adhesi\u00f3 a la jornada de vaga, per votaci\u00f3 i argumentant els motius. Tot plegat, i per escrit, els <\/span><\/span><span style=\"font-family: Garamond, serif;\"><span style=\"font-size: large;\"><b>delegats\/des<\/b><\/span><\/span><span style=\"font-family: Garamond, serif;\"><span style=\"font-size: large;\"> de grup lliuraran a la direcci\u00f3 del centre l&#8217;acta de la votaci\u00f3 i el plec de motius.<\/span><\/span><\/p>\n<\/li>\n<li>\n<p class=\"western\" lang=\"ca-ES\" align=\"justify\"><span style=\"font-family: Garamond, serif;\"><span style=\"font-size: large;\">Cal que les fam\u00edlies ho autoritzin per escrit al centre, fent \u00fas d&#8217;un dels models habituals per a justificar les faltes d&#8217;assist\u00e8ncia, amb prou antelaci\u00f3.<\/span><\/span><\/p>\n<\/li>\n<\/ul>\n<p class=\"western\" lang=\"ca-ES\" align=\"justify\"><span style=\"font-family: Garamond, serif;\"><span style=\"font-size: large;\">3- Pel que fa als alumnes de Batxillerat, <\/span><\/span><span style=\"font-family: Garamond, serif;\"><span style=\"font-size: large;\">cal que els <\/span><\/span><span style=\"font-family: Garamond, serif;\"><span style=\"font-size: large;\"><b>delegats\/des<\/b><\/span><\/span><span style=\"font-family: Garamond, serif;\"><span style=\"font-size: large;\"> comuniquin, en hores no lectives, a la direcci\u00f3 del centre la intenci\u00f3 de cada grup, resultat de la corresponent reuni\u00f3.<\/span><\/span><\/p>\n<p class=\"western\" lang=\"ca-ES\" align=\"justify\"><span style=\"font-family: Garamond, serif;\"><span style=\"font-size: large;\">4- L\u2019alumnat amb dret a vaga podr\u00e0 exercir-lo <\/span><\/span><span style=\"font-family: Garamond, serif;\"><span style=\"font-size: large;\"><b>cada vegada que un sindicat d\u2019estudiants en convoqui<\/b><\/span><\/span><span style=\"font-family: Garamond, serif;\"><span style=\"font-size: large;\">.<\/span><\/span><\/p>\n<p class=\"western\" lang=\"ca-ES\" align=\"justify\"><span style=\"font-family: Garamond, serif;\"><span style=\"font-size: large;\">5- Es constituir\u00e0 un conjunt d\u2019enlla\u00e7os sindicals de centre, integrat per alumnat voluntari de l\u2019institut, i afiliat a un sindicat concret dels quals en seran els repre<\/span><\/span><span style=\"font-family: Garamond, serif;\"><span style=\"font-size: large;\">se<\/span><\/span><span style=\"font-family: Garamond, serif;\"><span style=\"font-size: large;\">ntants, que <\/span><\/span><span style=\"font-family: Garamond, serif;\"><span style=\"font-size: large;\"><b>informar\u00e0 <\/b><\/span><\/span><span style=\"font-family: Garamond, serif;\"><span style=\"font-size: large;\">tant a la direcci\u00f3 com als seus companys, en horari no lectiu i amb prou antelaci\u00f3, de les caracter\u00edstiques de la convocat\u00f2ria \u2013 data i motius \u2013 cada vegada que el sindicat de representaci\u00f3 convoqui una vaga.<\/span><\/span><\/p>\n<p class=\"western\" lang=\"ca-ES\" align=\"justify\"><span style=\"font-family: Garamond, serif;\"><span style=\"font-size: large;\">6- Si la vaga convocada no ho \u00e9s pel sindicat representat, els enlla\u00e7os sindicals nom\u00e9s <\/span><\/span><span style=\"font-family: Garamond, serif;\"><span style=\"font-size: large;\"><b>comunicaran<\/b><\/span><\/span><span style=\"font-family: Garamond, serif;\"><span style=\"font-size: large;\"> al centre, tamb\u00e9 amb prou antelaci\u00f3, la jornada de vaga, per\u00f2 sense informar-ne directament a l\u2019alumnat. Podran fer \u00fas de cartells, de xarxes socials o de la web del centre per a desenvolupar aquesta funci\u00f3.<\/span><\/span><\/p>\n<p class=\"western\" lang=\"ca-ES\" align=\"justify\"><span style=\"font-family: Garamond, serif;\"><span style=\"font-size: large;\">7- Si amb antelaci\u00f3 al coneixement de la convocat\u00f2ria de la jornada de vaga hi ha programades activitats de centre \u2013 sortides, xerrades, ex\u00e0mens, etc. -, les esmentades activitats es <\/span><\/span><span style=\"font-family: Garamond, serif;\"><span style=\"font-size: large;\"><b>desenvoluparan tal i com van estar programades<\/b><\/span><\/span><span style=\"font-family: Garamond, serif;\"><span style=\"font-size: large;\"> per part de l\u2019alumnat que no segueixi la vaga, i es recuperaran per part de l\u2019alumnat que s\u2019aculli al seu dret a vaga, exceptuant aquelles activitats que no s\u2019hagin pogut realitzar pel fet de suposar un desemborsament econ\u00f2mic previ.<\/span><\/span><\/p>\n<p class=\"western\" lang=\"ca-ES\" align=\"justify\"><span style=\"font-family: Garamond, serif;\"><span style=\"font-size: large;\">8- Si es coneix la data de la convocat\u00f2ria de vaga amb prou antelaci\u00f3 i aquella jornada no hi ha programades activitats de centre, <\/span><\/span><span style=\"font-family: Garamond, serif;\"><span style=\"font-size: large;\"><b>no se\u2019n programaran de noves<\/b><\/span><\/span><span style=\"font-family: Garamond, serif;\"><span style=\"font-size: large;\">.<\/span><\/span><\/p>\n<p class=\"western\" lang=\"ca-ES\" align=\"justify\"><span style=\"font-family: Garamond, serif;\"><span style=\"font-size: large;\">9- L\u2019alumnat que s\u2019aculli al seu dret a vaga ho far\u00e0 durant tota la jornada, de manera que <\/span><\/span><span style=\"font-family: Garamond, serif;\"><span style=\"font-size: large;\"><b>no s\u2019admetr\u00e0 que assisteixi selectivament<\/b><\/span><\/span><span style=\"font-family: Garamond, serif;\"><span style=\"font-size: large;\"> a unes sessions lectives i a unes altres no.<\/span><\/span><\/p>\n<p class=\"western\" lang=\"ca-ES\" align=\"justify\"><span style=\"font-family: Garamond, serif;\"><span style=\"font-size: large;\">10- \u00c9s recomanable que l\u2019institut programi, d\u2019acord amb els enlla\u00e7os sindicals, <\/span><\/span><span style=\"font-family: Garamond, serif;\"><span style=\"font-size: large;\"><b>accions educatives populars<\/b><\/span><\/span><span style=\"font-family: Garamond, serif;\"><span style=\"font-size: large;\"> (preparaci\u00f3 i lectura de manifestos, etc.)si ho creu convenient, que reforcin la jornada de vaga i potenci\u00efn en l\u2019alumnat un veritable criteri cr\u00edtic i ben fonamentat en la informaci\u00f3 al seu abast, alhora d\u2019exercir el seu dret a vaga, m\u00e9s enll\u00e0 de considerar la jornada com un mer dia festiu.<\/span><\/span><\/p>\n","protected":false},"excerpt":{"rendered":"<p>PROTOCOL DE VAGUES D\u2019ALUMNAT 1- Els alumnes de 1r i 2n d&#8217;ESO no tenen dret a vaga. Per tant, han d\u2019assistir al centre amb normalitat. Les abs\u00e8ncies justificades per les fam\u00edlies no seran acceptades. 2- Els alumnes de 3r i 4r d&#8217;ESO tenen dret a vaga sempre que compleixin els tres requisits que es detallen [&hellip;]<\/p>\n","protected":false},"author":1,"featured_media":0,"parent":81,"menu_order":0,"comment_status":"closed","ping_status":"closed","template":"page-templates\/side-menu.php","meta":{"_bbp_topic_count":0,"_bbp_reply_count":0,"_bbp_total_topic_count":0,"_bbp_total_reply_count":0,"_bbp_voice_count":0,"_bbp_anonymous_reply_count":0,"_bbp_topic_count_hidden":0,"_bbp_reply_count_hidden":0,"_bbp_forum_subforum_count":0,"site-sidebar-layout":"default","site-content-layout":"","ast-site-content-layout":"","site-content-style":"default","site-sidebar-style":"default","ast-global-header-display":"","ast-banner-title-visibility":"","ast-main-header-display":"","ast-hfb-above-header-display":"","ast-hfb-below-header-display":"","ast-hfb-mobile-header-display":"","site-post-title":"","ast-breadcrumbs-content":"","ast-featured-img":"","footer-sml-layout":"","theme-transparent-header-meta":"","adv-header-id-meta":"","stick-header-meta":"","header-above-stick-meta":"","header-main-stick-meta":"","header-below-stick-meta":"","astra-migrate-meta-layouts":"default","ast-page-background-enabled":"default","ast-page-background-meta":{"desktop":{"background-color":"var(--ast-global-color-4)","background-image":"","background-repeat":"repeat","background-position":"center center","background-size":"auto","background-attachment":"scroll","background-type":"","background-media":"","overlay-type":"","overlay-color":"","overlay-opacity":"","overlay-gradient":""},"tablet":{"background-color":"","background-image":"","background-repeat":"repeat","background-position":"center center","background-size":"auto","background-attachment":"scroll","background-type":"","background-media":"","overlay-type":"","overlay-color":"","overlay-opacity":"","overlay-gradient":""},"mobile":{"background-color":"","background-image":"","background-repeat":"repeat","background-position":"center center","background-size":"auto","background-attachment":"scroll","background-type":"","background-media":"","overlay-type":"","overlay-color":"","overlay-opacity":"","overlay-gradient":""}},"ast-content-background-meta":{"desktop":{"background-color":"var(--ast-global-color-5)","background-image":"","background-repeat":"repeat","background-position":"center center","background-size":"auto","background-attachment":"scroll","background-type":"","background-media":"","overlay-type":"","overlay-color":"","overlay-opacity":"","overlay-gradient":""},"tablet":{"background-color":"var(--ast-global-color-5)","background-image":"","background-repeat":"repeat","background-position":"center center","background-size":"auto","background-attachment":"scroll","background-type":"","background-media":"","overlay-type":"","overlay-color":"","overlay-opacity":"","overlay-gradient":""},"mobile":{"background-color":"var(--ast-global-color-5)","background-image":"","background-repeat":"repeat","background-position":"center center","background-size":"auto","background-attachment":"scroll","background-type":"","background-media":"","overlay-type":"","overlay-color":"","overlay-opacity":"","overlay-gradient":""}},"footnotes":""},"class_list":["post-3255","page","type-page","status-publish","hentry"],"post_mailing_queue_ids":[],"_links":{"self":[{"href":"https:\/\/agora.xtec.cat\/iesantonitorroja\/wp-json\/wp\/v2\/pages\/3255","targetHints":{"allow":["GET"]}}],"collection":[{"href":"https:\/\/agora.xtec.cat\/iesantonitorroja\/wp-json\/wp\/v2\/pages"}],"about":[{"href":"https:\/\/agora.xtec.cat\/iesantonitorroja\/wp-json\/wp\/v2\/types\/page"}],"author":[{"embeddable":true,"href":"https:\/\/agora.xtec.cat\/iesantonitorroja\/wp-json\/wp\/v2\/users\/1"}],"replies":[{"embeddable":true,"href":"https:\/\/agora.xtec.cat\/iesantonitorroja\/wp-json\/wp\/v2\/comments?post=3255"}],"version-history":[{"count":2,"href":"https:\/\/agora.xtec.cat\/iesantonitorroja\/wp-json\/wp\/v2\/pages\/3255\/revisions"}],"predecessor-version":[{"id":8901,"href":"https:\/\/agora.xtec.cat\/iesantonitorroja\/wp-json\/wp\/v2\/pages\/3255\/revisions\/8901"}],"up":[{"embeddable":true,"href":"https:\/\/agora.xtec.cat\/iesantonitorroja\/wp-json\/wp\/v2\/pages\/81"}],"wp:attachment":[{"href":"https:\/\/agora.xtec.cat\/iesantonitorroja\/wp-json\/wp\/v2\/media?parent=3255"}],"curies":[{"name":"wp","href":"https:\/\/api.w.org\/{rel}","templated":true}]}}