{"id":3220,"date":"2022-09-09T12:09:49","date_gmt":"2022-09-09T10:09:49","guid":{"rendered":"https:\/\/agora.xtec.cat\/iesantonitorroja\/?page_id=3220"},"modified":"2026-05-05T09:29:43","modified_gmt":"2026-05-05T07:29:43","slug":"serveis-menjador","status":"publish","type":"page","link":"https:\/\/agora.xtec.cat\/iesantonitorroja\/serveis\/serveis-menjador\/","title":{"rendered":"Menjador"},"content":{"rendered":"<p>En aquesta secci\u00f3 trobareu tots els aspectes relacionats amb el menjador del centre.<\/p>\n<ul>\n<li><strong>Inscripci\u00f3 al menjador<\/strong><\/li>\n<\/ul>\n<p><a href=\"https:\/\/agora.xtec.cat\/iesantonitorroja\/wp-content\/uploads\/usu2639\/2022\/09\/Tutorial-aplicatiu-inscripcio.pdf\">Tutorial aplicatiu inscripci\u00f3<\/a><\/p>\n<ul>\n<li><strong>Com funciona l&#8217;aplicaci\u00f3 de lleure de Qu\u00e0lia?<\/strong><\/li>\n<\/ul>\n<p><a href=\"https:\/\/agora.xtec.cat\/iesantonitorroja\/wp-content\/uploads\/usu2639\/2023\/09\/Funcionament-aplicatiu.pdf\">Funcionament aplicatiu<\/a><\/p>\n<ul>\n<li><strong>Men\u00fa Basal<\/strong><\/li>\n<\/ul>\n<p><a href=\"https:\/\/agora.xtec.cat\/iesantonitorroja\/wp-content\/uploads\/usu2639\/2026\/05\/Menu-maig.jpg\" target=\"_blank\" rel=\"noopener\"><img loading=\"lazy\" decoding=\"async\" class=\"alignnone wp-image-10995 size-large\" src=\"https:\/\/agora.xtec.cat\/iesantonitorroja\/wp-content\/uploads\/usu2639\/2026\/05\/Menu-maig-1024x724.jpg\" alt=\"\" width=\"1024\" height=\"724\" srcset=\"https:\/\/agora.xtec.cat\/iesantonitorroja\/wp-content\/uploads\/usu2639\/2026\/05\/Menu-maig-1024x724.jpg 1024w, https:\/\/agora.xtec.cat\/iesantonitorroja\/wp-content\/uploads\/usu2639\/2026\/05\/Menu-maig-300x212.jpg 300w, https:\/\/agora.xtec.cat\/iesantonitorroja\/wp-content\/uploads\/usu2639\/2026\/05\/Menu-maig-768x543.jpg 768w, https:\/\/agora.xtec.cat\/iesantonitorroja\/wp-content\/uploads\/usu2639\/2026\/05\/Menu-maig.jpg 1200w\" sizes=\"auto, (max-width: 1024px) 100vw, 1024px\" \/><\/a><\/p>\n<p><img loading=\"lazy\" decoding=\"async\" class=\"alignnone wp-image-9950 size-full\" src=\"https:\/\/agora.xtec.cat\/iesantonitorroja\/wp-content\/uploads\/usu2639\/2025\/09\/Captura-de-pantalla-2025-09-08-a-les-17.16.05.png\" alt=\"\" width=\"843\" height=\"477\" srcset=\"https:\/\/agora.xtec.cat\/iesantonitorroja\/wp-content\/uploads\/usu2639\/2025\/09\/Captura-de-pantalla-2025-09-08-a-les-17.16.05.png 843w, https:\/\/agora.xtec.cat\/iesantonitorroja\/wp-content\/uploads\/usu2639\/2025\/09\/Captura-de-pantalla-2025-09-08-a-les-17.16.05-300x170.png 300w, https:\/\/agora.xtec.cat\/iesantonitorroja\/wp-content\/uploads\/usu2639\/2025\/09\/Captura-de-pantalla-2025-09-08-a-les-17.16.05-768x435.png 768w\" sizes=\"auto, (max-width: 843px) 100vw, 843px\" \/><\/p>\n","protected":false},"excerpt":{"rendered":"<p>En aquesta secci\u00f3 trobareu tots els aspectes relacionats amb el menjador del centre. Inscripci\u00f3 al menjador Tutorial aplicatiu inscripci\u00f3 Com funciona l&#8217;aplicaci\u00f3 de lleure de Qu\u00e0lia? Funcionament aplicatiu Men\u00fa Basal<\/p>\n","protected":false},"author":1,"featured_media":0,"parent":63,"menu_order":10,"comment_status":"closed","ping_status":"closed","template":"","meta":{"_bbp_topic_count":0,"_bbp_reply_count":0,"_bbp_total_topic_count":0,"_bbp_total_reply_count":0,"_bbp_voice_count":0,"_bbp_anonymous_reply_count":0,"_bbp_topic_count_hidden":0,"_bbp_reply_count_hidden":0,"_bbp_forum_subforum_count":0,"site-sidebar-layout":"default","site-content-layout":"","ast-site-content-layout":"default","site-content-style":"default","site-sidebar-style":"default","ast-global-header-display":"","ast-banner-title-visibility":"","ast-main-header-display":"","ast-hfb-above-header-display":"","ast-hfb-below-header-display":"","ast-hfb-mobile-header-display":"","site-post-title":"","ast-breadcrumbs-content":"","ast-featured-img":"","footer-sml-layout":"","theme-transparent-header-meta":"","adv-header-id-meta":"","stick-header-meta":"","header-above-stick-meta":"","header-main-stick-meta":"","header-below-stick-meta":"","astra-migrate-meta-layouts":"set","ast-page-background-enabled":"default","ast-page-background-meta":{"desktop":{"background-color":"var(--ast-global-color-4)","background-image":"","background-repeat":"repeat","background-position":"center center","background-size":"auto","background-attachment":"scroll","background-type":"","background-media":"","overlay-type":"","overlay-color":"","overlay-opacity":"","overlay-gradient":""},"tablet":{"background-color":"","background-image":"","background-repeat":"repeat","background-position":"center center","background-size":"auto","background-attachment":"scroll","background-type":"","background-media":"","overlay-type":"","overlay-color":"","overlay-opacity":"","overlay-gradient":""},"mobile":{"background-color":"","background-image":"","background-repeat":"repeat","background-position":"center center","background-size":"auto","background-attachment":"scroll","background-type":"","background-media":"","overlay-type":"","overlay-color":"","overlay-opacity":"","overlay-gradient":""}},"ast-content-background-meta":{"desktop":{"background-color":"var(--ast-global-color-5)","background-image":"","background-repeat":"repeat","background-position":"center center","background-size":"auto","background-attachment":"scroll","background-type":"","background-media":"","overlay-type":"","overlay-color":"","overlay-opacity":"","overlay-gradient":""},"tablet":{"background-color":"var(--ast-global-color-5)","background-image":"","background-repeat":"repeat","background-position":"center center","background-size":"auto","background-attachment":"scroll","background-type":"","background-media":"","overlay-type":"","overlay-color":"","overlay-opacity":"","overlay-gradient":""},"mobile":{"background-color":"var(--ast-global-color-5)","background-image":"","background-repeat":"repeat","background-position":"center center","background-size":"auto","background-attachment":"scroll","background-type":"","background-media":"","overlay-type":"","overlay-color":"","overlay-opacity":"","overlay-gradient":""}},"footnotes":""},"class_list":["post-3220","page","type-page","status-publish","hentry"],"post_mailing_queue_ids":[],"_links":{"self":[{"href":"https:\/\/agora.xtec.cat\/iesantonitorroja\/wp-json\/wp\/v2\/pages\/3220","targetHints":{"allow":["GET"]}}],"collection":[{"href":"https:\/\/agora.xtec.cat\/iesantonitorroja\/wp-json\/wp\/v2\/pages"}],"about":[{"href":"https:\/\/agora.xtec.cat\/iesantonitorroja\/wp-json\/wp\/v2\/types\/page"}],"author":[{"embeddable":true,"href":"https:\/\/agora.xtec.cat\/iesantonitorroja\/wp-json\/wp\/v2\/users\/1"}],"replies":[{"embeddable":true,"href":"https:\/\/agora.xtec.cat\/iesantonitorroja\/wp-json\/wp\/v2\/comments?post=3220"}],"version-history":[{"count":6,"href":"https:\/\/agora.xtec.cat\/iesantonitorroja\/wp-json\/wp\/v2\/pages\/3220\/revisions"}],"predecessor-version":[{"id":10999,"href":"https:\/\/agora.xtec.cat\/iesantonitorroja\/wp-json\/wp\/v2\/pages\/3220\/revisions\/10999"}],"up":[{"embeddable":true,"href":"https:\/\/agora.xtec.cat\/iesantonitorroja\/wp-json\/wp\/v2\/pages\/63"}],"wp:attachment":[{"href":"https:\/\/agora.xtec.cat\/iesantonitorroja\/wp-json\/wp\/v2\/media?parent=3220"}],"curies":[{"name":"wp","href":"https:\/\/api.w.org\/{rel}","templated":true}]}}