{"id":10198,"date":"2025-10-16T09:13:57","date_gmt":"2025-10-16T07:13:57","guid":{"rendered":"https:\/\/agora.xtec.cat\/iesantonitorroja\/?page_id=10198"},"modified":"2025-12-08T20:03:02","modified_gmt":"2025-12-08T19:03:02","slug":"vega","status":"publish","type":"page","link":"https:\/\/agora.xtec.cat\/iesantonitorroja\/biblioteca\/vega\/","title":{"rendered":"Nou Cat\u00e0leg de Biblioteques Escolars (VEGA)"},"content":{"rendered":"\n<p>Consulta el nou cat\u00e0leg de la biblioteca de l&#8217;Institut <a href=\"https:\/\/insantonitorroja-genedu.eu.iiivega.com\/\" target=\"_blank\" rel=\"noreferrer noopener\">aqu\u00ed<\/a>.<\/p>\n\n\n\n<p>Trobar\u00e0s la guia d&#8217;usuari d&#8217;aquest nou cat\u00e0leg <a href=\"https:\/\/projectes.xtec.cat\/bescat\/wp-content\/uploads\/usu793\/2025\/06\/guia_usuari_vega_r.pdf\" data-type=\"link\" data-id=\"https:\/\/projectes.xtec.cat\/bescat\/wp-content\/uploads\/usu793\/2025\/06\/guia_usuari_vega_r.pdf\" target=\"_blank\" rel=\"noreferrer noopener\">aqu\u00ed<\/a>.<\/p>\n\n\n\n<p>L&#8217;horari d&#8217;obertura de la biblioteca \u00e9s, de <strong>dilluns a divendres, de 9 a 11 h<\/strong>. Per tant, l&#8217;alumnat pot anar-hi lliurement al primer pati.<\/p>\n\n\n\n<figure class=\"wp-block-image size-large\"><a href=\"https:\/\/insantonitorroja-genedu.eu.iiivega.com\/\" target=\"_blank\"><img loading=\"lazy\" decoding=\"async\" width=\"1024\" height=\"426\" src=\"https:\/\/agora.xtec.cat\/iesantonitorroja\/wp-content\/uploads\/usu2639\/2025\/10\/Captura-de-pantalla-2025-10-22-a-les-12.17.52-1024x426.png\" alt=\"\" class=\"wp-image-10207\" srcset=\"https:\/\/agora.xtec.cat\/iesantonitorroja\/wp-content\/uploads\/usu2639\/2025\/10\/Captura-de-pantalla-2025-10-22-a-les-12.17.52-1024x426.png 1024w, https:\/\/agora.xtec.cat\/iesantonitorroja\/wp-content\/uploads\/usu2639\/2025\/10\/Captura-de-pantalla-2025-10-22-a-les-12.17.52-300x125.png 300w, https:\/\/agora.xtec.cat\/iesantonitorroja\/wp-content\/uploads\/usu2639\/2025\/10\/Captura-de-pantalla-2025-10-22-a-les-12.17.52-768x319.png 768w, https:\/\/agora.xtec.cat\/iesantonitorroja\/wp-content\/uploads\/usu2639\/2025\/10\/Captura-de-pantalla-2025-10-22-a-les-12.17.52.png 1357w\" sizes=\"auto, (max-width: 1024px) 100vw, 1024px\" \/><\/a><\/figure>\n\n\n\n<p><\/p>\n","protected":false},"excerpt":{"rendered":"<p>Consulta el nou cat\u00e0leg de la biblioteca de l&#8217;Institut aqu\u00ed. Trobar\u00e0s la guia d&#8217;usuari d&#8217;aquest nou cat\u00e0leg aqu\u00ed. L&#8217;horari d&#8217;obertura de la biblioteca \u00e9s, de dilluns a divendres, de 9 a 11 h. Per tant, l&#8217;alumnat pot anar-hi lliurement al primer pati.<\/p>\n","protected":false},"author":1,"featured_media":0,"parent":580,"menu_order":0,"comment_status":"closed","ping_status":"closed","template":"","meta":{"_bbp_topic_count":0,"_bbp_reply_count":0,"_bbp_total_topic_count":0,"_bbp_total_reply_count":0,"_bbp_voice_count":0,"_bbp_anonymous_reply_count":0,"_bbp_topic_count_hidden":0,"_bbp_reply_count_hidden":0,"_bbp_forum_subforum_count":0,"site-sidebar-layout":"default","site-content-layout":"","ast-site-content-layout":"default","site-content-style":"default","site-sidebar-style":"default","ast-global-header-display":"","ast-banner-title-visibility":"","ast-main-header-display":"","ast-hfb-above-header-display":"","ast-hfb-below-header-display":"","ast-hfb-mobile-header-display":"","site-post-title":"","ast-breadcrumbs-content":"","ast-featured-img":"","footer-sml-layout":"","theme-transparent-header-meta":"","adv-header-id-meta":"","stick-header-meta":"","header-above-stick-meta":"","header-main-stick-meta":"","header-below-stick-meta":"","astra-migrate-meta-layouts":"set","ast-page-background-enabled":"default","ast-page-background-meta":{"desktop":{"background-color":"var(--ast-global-color-4)","background-image":"","background-repeat":"repeat","background-position":"center center","background-size":"auto","background-attachment":"scroll","background-type":"","background-media":"","overlay-type":"","overlay-color":"","overlay-opacity":"","overlay-gradient":""},"tablet":{"background-color":"","background-image":"","background-repeat":"repeat","background-position":"center center","background-size":"auto","background-attachment":"scroll","background-type":"","background-media":"","overlay-type":"","overlay-color":"","overlay-opacity":"","overlay-gradient":""},"mobile":{"background-color":"","background-image":"","background-repeat":"repeat","background-position":"center center","background-size":"auto","background-attachment":"scroll","background-type":"","background-media":"","overlay-type":"","overlay-color":"","overlay-opacity":"","overlay-gradient":""}},"ast-content-background-meta":{"desktop":{"background-color":"var(--ast-global-color-5)","background-image":"","background-repeat":"repeat","background-position":"center center","background-size":"auto","background-attachment":"scroll","background-type":"","background-media":"","overlay-type":"","overlay-color":"","overlay-opacity":"","overlay-gradient":""},"tablet":{"background-color":"var(--ast-global-color-5)","background-image":"","background-repeat":"repeat","background-position":"center center","background-size":"auto","background-attachment":"scroll","background-type":"","background-media":"","overlay-type":"","overlay-color":"","overlay-opacity":"","overlay-gradient":""},"mobile":{"background-color":"var(--ast-global-color-5)","background-image":"","background-repeat":"repeat","background-position":"center center","background-size":"auto","background-attachment":"scroll","background-type":"","background-media":"","overlay-type":"","overlay-color":"","overlay-opacity":"","overlay-gradient":""}},"footnotes":""},"class_list":["post-10198","page","type-page","status-publish","hentry"],"post_mailing_queue_ids":[],"_links":{"self":[{"href":"https:\/\/agora.xtec.cat\/iesantonitorroja\/wp-json\/wp\/v2\/pages\/10198","targetHints":{"allow":["GET"]}}],"collection":[{"href":"https:\/\/agora.xtec.cat\/iesantonitorroja\/wp-json\/wp\/v2\/pages"}],"about":[{"href":"https:\/\/agora.xtec.cat\/iesantonitorroja\/wp-json\/wp\/v2\/types\/page"}],"author":[{"embeddable":true,"href":"https:\/\/agora.xtec.cat\/iesantonitorroja\/wp-json\/wp\/v2\/users\/1"}],"replies":[{"embeddable":true,"href":"https:\/\/agora.xtec.cat\/iesantonitorroja\/wp-json\/wp\/v2\/comments?post=10198"}],"version-history":[{"count":6,"href":"https:\/\/agora.xtec.cat\/iesantonitorroja\/wp-json\/wp\/v2\/pages\/10198\/revisions"}],"predecessor-version":[{"id":10211,"href":"https:\/\/agora.xtec.cat\/iesantonitorroja\/wp-json\/wp\/v2\/pages\/10198\/revisions\/10211"}],"up":[{"embeddable":true,"href":"https:\/\/agora.xtec.cat\/iesantonitorroja\/wp-json\/wp\/v2\/pages\/580"}],"wp:attachment":[{"href":"https:\/\/agora.xtec.cat\/iesantonitorroja\/wp-json\/wp\/v2\/media?parent=10198"}],"curies":[{"name":"wp","href":"https:\/\/api.w.org\/{rel}","templated":true}]}}