{"id":9,"date":"2014-09-17T15:08:18","date_gmt":"2014-09-17T14:08:18","guid":{"rendered":"http:\/\/agora.xtec.cat\/iesantjordi-badalona\/\/?page_id=9"},"modified":"2026-05-04T08:50:32","modified_gmt":"2026-05-04T06:50:32","slug":"pagina-dinici-buida","status":"publish","type":"page","link":"https:\/\/agora.xtec.cat\/iesantjordi-badalona\/","title":{"rendered":"P\u00e0gina Principal"},"content":{"rendered":"<h4 style=\"text-align: center;\">Feu clic a la imatge per accedir al web sobre la preinscripci\u00f3 al curs 26-27<\/h4>\n<p style=\"text-align: center;\"><a href=\"https:\/\/preinscripcio.gencat.cat\/ca\/inici\"><img loading=\"lazy\" decoding=\"async\" class=\"alignnone wp-image-12621\" src=\"https:\/\/agora.xtec.cat\/iesantjordi-badalona\/wp-content\/uploads\/usu1931\/2026\/03\/Captura-de-pantalla-2026-03-04-091053.jpg\" alt=\"\" width=\"661\" height=\"390\" srcset=\"https:\/\/agora.xtec.cat\/iesantjordi-badalona\/wp-content\/uploads\/usu1931\/2026\/03\/Captura-de-pantalla-2026-03-04-091053.jpg 914w, https:\/\/agora.xtec.cat\/iesantjordi-badalona\/wp-content\/uploads\/usu1931\/2026\/03\/Captura-de-pantalla-2026-03-04-091053-300x177.jpg 300w, https:\/\/agora.xtec.cat\/iesantjordi-badalona\/wp-content\/uploads\/usu1931\/2026\/03\/Captura-de-pantalla-2026-03-04-091053-768x453.jpg 768w\" sizes=\"auto, (max-width: 661px) 100vw, 661px\" \/><\/a><\/p>\n<p style=\"text-align: center;\"><a href=\"https:\/\/drive.google.com\/file\/d\/1YNUWcPphvRjkrzmdpnuyLNwG_RyTESfA\/view?usp=sharing\"><strong>Clica aqu\u00ed per veure la publicaci\u00f3 de la llista de sol\u00b7licituds al centre<\/strong><\/a><\/p>\n<p style=\"text-align: center;\"><strong><a href=\"https:\/\/drive.google.com\/drive\/home\">Clica aqu\u00ed per veure la publicaci\u00f3 de les llistes resoltes les<\/a><a href=\"https:\/\/drive.google.com\/drive\/home\"> reclamacions<\/a><\/strong><\/p>\n<p style=\"text-align: center;\"><a href=\"https:\/\/drive.google.com\/drive\/home\">Clica aqu\u00ed per veure la publicaci\u00f3 de les llistes de petici\u00f3 ordenades<\/a><\/p>\n<p>&nbsp;<\/p>\n<p>&nbsp;<\/p>\n<p>&nbsp;<\/p>\n","protected":false},"excerpt":{"rendered":"<p>Feu clic a la imatge per accedir al web sobre la preinscripci\u00f3 al curs 26-27<br \/>\n<a href=\"https:\/\/preinscripcio.gencat.cat\/ca\/inici\"><\/a><br \/>\n<a href=\"https:\/\/drive.google.com\/file\/d\/1YNUWcPphvRjkrzmdpnuyLNwG_RyTESfA\/view?usp=sharing\">Clica aqu\u00ed per veure la publicaci\u00f3 de la llista de sol\u00b7licituds al centre<\/a><br \/>\n<a href=\"https:\/\/drive.google.com\/drive\/home\">Clica aqu\u00ed per veure la publicaci\u00f3 de les llistes resoltes les<\/a><a href=\"https:\/\/drive.google.com\/drive\/home\"> reclamacions<\/a><br \/>\n<a href=\"https:\/\/drive.google.com\/drive\/home\">Clica aqu\u00ed per&hellip;  <a href=\"https:\/\/agora.xtec.cat\/iesantjordi-badalona\/\" title=\"Read P\u00e0gina Principal\">Llegeix m\u00e9s\u00bb<\/a><\/p>\n","protected":false},"author":1,"featured_media":0,"parent":0,"menu_order":0,"comment_status":"closed","ping_status":"closed","template":"page-templates\/front-page.php","meta":{"_bbp_topic_count":0,"_bbp_reply_count":0,"_bbp_total_topic_count":0,"_bbp_total_reply_count":0,"_bbp_voice_count":0,"_bbp_anonymous_reply_count":0,"_bbp_topic_count_hidden":0,"_bbp_reply_count_hidden":0,"_bbp_forum_subforum_count":0,"footnotes":""},"class_list":["post-9","page","type-page","status-publish","hentry"],"post_mailing_queue_ids":[],"_links":{"self":[{"href":"https:\/\/agora.xtec.cat\/iesantjordi-badalona\/wp-json\/wp\/v2\/pages\/9","targetHints":{"allow":["GET"]}}],"collection":[{"href":"https:\/\/agora.xtec.cat\/iesantjordi-badalona\/wp-json\/wp\/v2\/pages"}],"about":[{"href":"https:\/\/agora.xtec.cat\/iesantjordi-badalona\/wp-json\/wp\/v2\/types\/page"}],"author":[{"embeddable":true,"href":"https:\/\/agora.xtec.cat\/iesantjordi-badalona\/wp-json\/wp\/v2\/users\/1"}],"replies":[{"embeddable":true,"href":"https:\/\/agora.xtec.cat\/iesantjordi-badalona\/wp-json\/wp\/v2\/comments?post=9"}],"version-history":[{"count":6,"href":"https:\/\/agora.xtec.cat\/iesantjordi-badalona\/wp-json\/wp\/v2\/pages\/9\/revisions"}],"predecessor-version":[{"id":12736,"href":"https:\/\/agora.xtec.cat\/iesantjordi-badalona\/wp-json\/wp\/v2\/pages\/9\/revisions\/12736"}],"wp:attachment":[{"href":"https:\/\/agora.xtec.cat\/iesantjordi-badalona\/wp-json\/wp\/v2\/media?parent=9"}],"curies":[{"name":"wp","href":"https:\/\/api.w.org\/{rel}","templated":true}]}}