{"id":77,"date":"2014-09-18T14:05:08","date_gmt":"2014-09-18T13:05:08","guid":{"rendered":"http:\/\/agora.xtec.cat\/iesantjordi-badalona\/\/?page_id=77"},"modified":"2021-02-24T11:03:42","modified_gmt":"2021-02-24T10:03:42","slug":"acollida","status":"publish","type":"page","link":"https:\/\/agora.xtec.cat\/iesantjordi-badalona\/serveis\/acollida\/","title":{"rendered":"Acollida"},"content":{"rendered":"<p>L\u2019empresa responsable d&#8217;acollida \u00e9s Cas &amp; Mun, la mateixa que gestiona el Menjador escolar.<\/p>\n<p>L&#8217;horari d&#8217;acollida dels alumnes \u00e9s de 8 a 9 del mat\u00ed. El preu de l&#8217;hora d&#8217;acollida pels alumnes eventuals \u00e9s de 4,5 \u20ac amb esmorzar incl\u00f2s. Pels alumnes habituals el preu mensual \u00e9s de 35\u20ac.<\/p>\n","protected":false},"excerpt":{"rendered":"<p>L\u2019empresa responsable d&#8217;acollida \u00e9s Cas &amp; Mun, la mateixa que gestiona el Menjador escolar.<br \/>\nL&#8217;horari d&#8217;acollida dels alumnes \u00e9s de 8 a 9 del mat\u00ed. El preu de l&#8217;hora d&#8217;acollida pels alumnes eventuals \u00e9s de 4,5 \u20ac amb esmorzar incl\u00f2s. Pels alumnes habituals el preu mensual&hellip;  <a href=\"https:\/\/agora.xtec.cat\/iesantjordi-badalona\/serveis\/acollida\/\" title=\"Read Acollida\">Llegeix m\u00e9s\u00bb<\/a><\/p>\n","protected":false},"author":1,"featured_media":0,"parent":66,"menu_order":20,"comment_status":"closed","ping_status":"closed","template":"page-templates\/side-menu.php","meta":{"_bbp_topic_count":0,"_bbp_reply_count":0,"_bbp_total_topic_count":0,"_bbp_total_reply_count":0,"_bbp_voice_count":0,"_bbp_anonymous_reply_count":0,"_bbp_topic_count_hidden":0,"_bbp_reply_count_hidden":0,"_bbp_forum_subforum_count":0,"footnotes":""},"class_list":["post-77","page","type-page","status-publish","hentry"],"post_mailing_queue_ids":[],"_links":{"self":[{"href":"https:\/\/agora.xtec.cat\/iesantjordi-badalona\/wp-json\/wp\/v2\/pages\/77","targetHints":{"allow":["GET"]}}],"collection":[{"href":"https:\/\/agora.xtec.cat\/iesantjordi-badalona\/wp-json\/wp\/v2\/pages"}],"about":[{"href":"https:\/\/agora.xtec.cat\/iesantjordi-badalona\/wp-json\/wp\/v2\/types\/page"}],"author":[{"embeddable":true,"href":"https:\/\/agora.xtec.cat\/iesantjordi-badalona\/wp-json\/wp\/v2\/users\/1"}],"replies":[{"embeddable":true,"href":"https:\/\/agora.xtec.cat\/iesantjordi-badalona\/wp-json\/wp\/v2\/comments?post=77"}],"version-history":[{"count":3,"href":"https:\/\/agora.xtec.cat\/iesantjordi-badalona\/wp-json\/wp\/v2\/pages\/77\/revisions"}],"predecessor-version":[{"id":9843,"href":"https:\/\/agora.xtec.cat\/iesantjordi-badalona\/wp-json\/wp\/v2\/pages\/77\/revisions\/9843"}],"up":[{"embeddable":true,"href":"https:\/\/agora.xtec.cat\/iesantjordi-badalona\/wp-json\/wp\/v2\/pages\/66"}],"wp:attachment":[{"href":"https:\/\/agora.xtec.cat\/iesantjordi-badalona\/wp-json\/wp\/v2\/media?parent=77"}],"curies":[{"name":"wp","href":"https:\/\/api.w.org\/{rel}","templated":true}]}}