{"id":73,"date":"2014-09-18T14:01:51","date_gmt":"2014-09-18T13:01:51","guid":{"rendered":"http:\/\/agora.xtec.cat\/iesantjordi-badalona\/\/?page_id=73"},"modified":"2025-09-10T20:02:34","modified_gmt":"2025-09-10T18:02:34","slug":"menjador-escolar","status":"publish","type":"page","link":"https:\/\/agora.xtec.cat\/iesantjordi-badalona\/serveis\/menjador-escolar\/","title":{"rendered":"Menjador escolar"},"content":{"rendered":"<div id=\"c247oinlineContent\" class=\"p2inlineContent\">\n<h4 class=\"txtNew\" style=\"text-align: left;\" data-packed=\"true\">L\u2019empresa responsable de la gesti\u00f3 \u00e9s Com a casa i s\u2019encarrega de les programacions dels men\u00fas mensuals, subministrament de viandes i gesti\u00f3 econ\u00f2mica.<\/h4>\n<p class=\"font_8\">Havent dinat, l&#8217;alumnat fa activitats diverses sota la supervisi\u00f3 i vigil\u00e0ncia del monitoratge corresponent.<\/p>\n<p class=\"font_8\">Tamb\u00e9 el monitoratge del menjador s\u2019encarrega de l\u2019acolliment matinal (de 8 a 9 del mat\u00ed ), sempre que hi hagi demanda.<\/p>\n<\/div>\n<p>Per a m\u00e9s informaci\u00f3 sobre l&#8217;empresa poder consultar la seva p\u00e0gina web clicant al seu logo<\/p>\n<p style=\"text-align: center;\"><a href=\"https:\/\/comacasamenjadors.cat\/\"><img loading=\"lazy\" decoding=\"async\" class=\"alignnone size-full wp-image-12352\" src=\"https:\/\/agora.xtec.cat\/iesantjordi-badalona\/wp-content\/uploads\/usu1931\/2025\/09\/Com-a-Casa_Logo.png\" alt=\"\" width=\"374\" height=\"80\" srcset=\"https:\/\/agora.xtec.cat\/iesantjordi-badalona\/wp-content\/uploads\/usu1931\/2025\/09\/Com-a-Casa_Logo.png 374w, https:\/\/agora.xtec.cat\/iesantjordi-badalona\/wp-content\/uploads\/usu1931\/2025\/09\/Com-a-Casa_Logo-300x64.png 300w\" sizes=\"auto, (max-width: 374px) 100vw, 374px\" \/><\/a><\/p>\n<div id=\"c247oinlineContent\" class=\"p2inlineContent\">\n<p class=\"font_8\">\n<\/div>\n","protected":false},"excerpt":{"rendered":"<p>L\u2019empresa responsable de la gesti\u00f3 \u00e9s Com a casa i s\u2019encarrega de les programacions dels men\u00fas mensuals, subministrament de viandes i gesti\u00f3 econ\u00f2mica.<br \/>\nHavent dinat, l&#8217;alumnat fa activitats diverses sota la supervisi\u00f3 i vigil\u00e0ncia del monitoratge corresponent.<br \/>\nTamb\u00e9 el monitoratge del menjador s\u2019encarrega de l\u2019acolliment matinal (de&hellip;  <a href=\"https:\/\/agora.xtec.cat\/iesantjordi-badalona\/serveis\/menjador-escolar\/\" title=\"Read Menjador escolar\">Llegeix m\u00e9s\u00bb<\/a><\/p>\n","protected":false},"author":1,"featured_media":0,"parent":66,"menu_order":30,"comment_status":"closed","ping_status":"closed","template":"page-templates\/side-menu.php","meta":{"_bbp_topic_count":0,"_bbp_reply_count":0,"_bbp_total_topic_count":0,"_bbp_total_reply_count":0,"_bbp_voice_count":0,"_bbp_anonymous_reply_count":0,"_bbp_topic_count_hidden":0,"_bbp_reply_count_hidden":0,"_bbp_forum_subforum_count":0,"footnotes":""},"class_list":["post-73","page","type-page","status-publish","hentry"],"post_mailing_queue_ids":[],"_links":{"self":[{"href":"https:\/\/agora.xtec.cat\/iesantjordi-badalona\/wp-json\/wp\/v2\/pages\/73","targetHints":{"allow":["GET"]}}],"collection":[{"href":"https:\/\/agora.xtec.cat\/iesantjordi-badalona\/wp-json\/wp\/v2\/pages"}],"about":[{"href":"https:\/\/agora.xtec.cat\/iesantjordi-badalona\/wp-json\/wp\/v2\/types\/page"}],"author":[{"embeddable":true,"href":"https:\/\/agora.xtec.cat\/iesantjordi-badalona\/wp-json\/wp\/v2\/users\/1"}],"replies":[{"embeddable":true,"href":"https:\/\/agora.xtec.cat\/iesantjordi-badalona\/wp-json\/wp\/v2\/comments?post=73"}],"version-history":[{"count":6,"href":"https:\/\/agora.xtec.cat\/iesantjordi-badalona\/wp-json\/wp\/v2\/pages\/73\/revisions"}],"predecessor-version":[{"id":12353,"href":"https:\/\/agora.xtec.cat\/iesantjordi-badalona\/wp-json\/wp\/v2\/pages\/73\/revisions\/12353"}],"up":[{"embeddable":true,"href":"https:\/\/agora.xtec.cat\/iesantjordi-badalona\/wp-json\/wp\/v2\/pages\/66"}],"wp:attachment":[{"href":"https:\/\/agora.xtec.cat\/iesantjordi-badalona\/wp-json\/wp\/v2\/media?parent=73"}],"curies":[{"name":"wp","href":"https:\/\/api.w.org\/{rel}","templated":true}]}}