{"id":36,"date":"2014-09-18T12:33:11","date_gmt":"2014-09-18T11:33:11","guid":{"rendered":"http:\/\/agora.xtec.cat\/iesantjordi-badalona\/\/?page_id=36"},"modified":"2025-09-10T20:17:26","modified_gmt":"2025-09-10T18:17:26","slug":"material-escolar","status":"publish","type":"page","link":"https:\/\/agora.xtec.cat\/iesantjordi-badalona\/lescola\/material-escolar\/","title":{"rendered":"Material escolar"},"content":{"rendered":"<p>El material de centre \u00e9s tot socialitzat, excepte algunes particularitats. A la comunitat de grans i joves tenen estoig i agenda, inclosos en la quota escolar. A secund\u00e0ria utilitzen ordinador port\u00e0til de pr\u00e9stec del centre (Es demana una fian\u00e7a que es retorna al final de l&#8217;escolaritat secund\u00e0ria). Aquest port\u00e0til \u00e9s d&#8217;\u00fas personal i el poden portar a casa per a la realitzaci\u00f3 de les tasques. A\u00a0 prim\u00e0ria utilitzen ordinadors port\u00e0tils del centre en determinades activitats, en aquest cas tamb\u00e9 socialitzats.<\/p>\n<p>&nbsp;<\/p>\n","protected":false},"excerpt":{"rendered":"<p>El material de centre \u00e9s tot socialitzat, excepte algunes particularitats. A la comunitat de grans i joves tenen estoig i agenda, inclosos en la quota escolar. A secund\u00e0ria utilitzen ordinador port\u00e0til de pr\u00e9stec del centre (Es demana una fian\u00e7a que es retorna al final de&hellip;  <a href=\"https:\/\/agora.xtec.cat\/iesantjordi-badalona\/lescola\/material-escolar\/\" title=\"Read Material escolar\">Llegeix m\u00e9s\u00bb<\/a><\/p>\n","protected":false},"author":1,"featured_media":0,"parent":22,"menu_order":70,"comment_status":"closed","ping_status":"closed","template":"page-templates\/side-menu.php","meta":{"_bbp_topic_count":0,"_bbp_reply_count":0,"_bbp_total_topic_count":0,"_bbp_total_reply_count":0,"_bbp_voice_count":0,"_bbp_anonymous_reply_count":0,"_bbp_topic_count_hidden":0,"_bbp_reply_count_hidden":0,"_bbp_forum_subforum_count":0,"footnotes":""},"class_list":["post-36","page","type-page","status-publish","hentry"],"post_mailing_queue_ids":[],"_links":{"self":[{"href":"https:\/\/agora.xtec.cat\/iesantjordi-badalona\/wp-json\/wp\/v2\/pages\/36","targetHints":{"allow":["GET"]}}],"collection":[{"href":"https:\/\/agora.xtec.cat\/iesantjordi-badalona\/wp-json\/wp\/v2\/pages"}],"about":[{"href":"https:\/\/agora.xtec.cat\/iesantjordi-badalona\/wp-json\/wp\/v2\/types\/page"}],"author":[{"embeddable":true,"href":"https:\/\/agora.xtec.cat\/iesantjordi-badalona\/wp-json\/wp\/v2\/users\/1"}],"replies":[{"embeddable":true,"href":"https:\/\/agora.xtec.cat\/iesantjordi-badalona\/wp-json\/wp\/v2\/comments?post=36"}],"version-history":[{"count":4,"href":"https:\/\/agora.xtec.cat\/iesantjordi-badalona\/wp-json\/wp\/v2\/pages\/36\/revisions"}],"predecessor-version":[{"id":12356,"href":"https:\/\/agora.xtec.cat\/iesantjordi-badalona\/wp-json\/wp\/v2\/pages\/36\/revisions\/12356"}],"up":[{"embeddable":true,"href":"https:\/\/agora.xtec.cat\/iesantjordi-badalona\/wp-json\/wp\/v2\/pages\/22"}],"wp:attachment":[{"href":"https:\/\/agora.xtec.cat\/iesantjordi-badalona\/wp-json\/wp\/v2\/media?parent=36"}],"curies":[{"name":"wp","href":"https:\/\/api.w.org\/{rel}","templated":true}]}}