{"id":32,"date":"2014-09-18T12:31:33","date_gmt":"2014-09-18T11:31:33","guid":{"rendered":"http:\/\/agora.xtec.cat\/iesantjordi-badalona\/\/?page_id=32"},"modified":"2025-09-10T20:12:31","modified_gmt":"2025-09-10T18:12:31","slug":"calendari-del-curs","status":"publish","type":"page","link":"https:\/\/agora.xtec.cat\/iesantjordi-badalona\/lescola\/calendari-del-curs\/","title":{"rendered":"Calendari del curs"},"content":{"rendered":"<h4><strong>Inici de curs:<\/strong><\/h4>\n<p>8 de setembre de 2025<\/p>\n<h4><strong>Vacances:<\/strong><\/h4>\n<p>Nadal: del 22 de desembre de 2025 al 7 de gener de 2026 (ambd\u00f3s inclosos)<\/p>\n<p>Setmana Santa: del 28 de mar\u00e7 al 6 d&#8217;abril de 2026 (ambd\u00f3s inclosos)<\/p>\n<p>Estiu: 19 de juny de 2026 acaben les classes d&#8217;infantil, prim\u00e0ria i ESO<\/p>\n<h4><strong>Dies festius de lliure disposici\u00f3:<\/strong><\/h4>\n<p><span style=\"font-family: inherit; font-size: 1em;\">3 de novembre 2025<\/span><\/p>\n<p>5 de desembre de 2025<\/p>\n<p>16 de febrer 2026<\/p>\n<p>30 d&#8217;abril 2026<\/p>\n<h4><strong>Dies festius\u00a0<\/strong><\/h4>\n<p>11 de setembre de 2025<\/p>\n<p>8 de desembre 2025<\/p>\n<p>1 de maig de 2026<\/p>\n<h4>Dies festius locals<\/h4>\n<p>11 de maig de 2026<\/p>\n<p>25 de maig de 2026<\/p>\n<p><b>Horari lectiu<\/b> <strong>d&#8217;Educaci\u00f3 Infantil i Prim\u00e0ria<\/strong>:<\/p>\n<p>Dilluns, dimarts, dijous i divendres de 9h a 12:30h i de 15h a 16:30h. <span style=\"font-family: inherit; font-size: 1em;\">Dimecres de 9h a 14h.<\/span><\/p>\n<p><strong>Horari lectiu de l&#8217;ESO:<\/strong><\/p>\n<p>Dilluns i divendres de 8:00 a 14:30h. Dimarts i dijous de 8 a 13h i de 15 a 16:30h. Dimecres de 8h a 14h.<\/p>\n<p><strong>Jornada intensiva Infantil i Prim\u00e0ria<\/strong><\/p>\n<p>El 19 de desembre de 2025 i del 8 al 19 de juny de 2026 (ambd\u00f3s inclosos). Horari de 9:00h a 13:00h. (Els alumnes que utilitzen el servei de menjador surten a les 15:30h.)<\/p>\n<p><strong>Jornada intensiva ESO<\/strong><\/p>\n<p>El 19 de desembre de 2025 de 9:00h a 13:00h. (Els alumnes que utilitzen el servei de menjador surten a les 15:30h.)<\/p>\n<p>Del 8 al 19 de juny de 2026 (ambd\u00f3s inclosos) de 08:30h a 13:00h. (Els alumnes que utilitzen el servei de menjador surten a les 15:30h.)<\/p>\n<p><strong>Adaptaci\u00f3 I3<\/strong><\/p>\n<p>Per a l&#8217;alumnat que inicia l\u2019escolaritzaci\u00f3 a I3 s\u2019organitza un breu per\u00edode d\u2019adaptaci\u00f3 que suposa una certa modificaci\u00f3 dels horaris dels tres primers dies de classe, el qual s&#8217;informa a les fam\u00edlies a la reuni\u00f3 que s&#8217;organitza a finals del curs previ a la seva entrada al centre.<\/p>\n<p><a href=\"https:\/\/agora.xtec.cat\/iesantjordi-badalona\/wp-content\/uploads\/usu1931\/2024\/10\/calendari-25-26.png\"><img loading=\"lazy\" decoding=\"async\" class=\"alignnone size-large wp-image-12350\" src=\"https:\/\/agora.xtec.cat\/iesantjordi-badalona\/wp-content\/uploads\/usu1931\/2024\/10\/calendari-25-26-1024x731.png\" alt=\"\" width=\"1024\" height=\"731\" srcset=\"https:\/\/agora.xtec.cat\/iesantjordi-badalona\/wp-content\/uploads\/usu1931\/2024\/10\/calendari-25-26-1024x731.png 1024w, https:\/\/agora.xtec.cat\/iesantjordi-badalona\/wp-content\/uploads\/usu1931\/2024\/10\/calendari-25-26-300x214.png 300w, https:\/\/agora.xtec.cat\/iesantjordi-badalona\/wp-content\/uploads\/usu1931\/2024\/10\/calendari-25-26-768x549.png 768w, https:\/\/agora.xtec.cat\/iesantjordi-badalona\/wp-content\/uploads\/usu1931\/2024\/10\/calendari-25-26.png 1092w\" sizes=\"auto, (max-width: 1024px) 100vw, 1024px\" \/><\/a><\/p>\n<p>&nbsp;<\/p>\n<p>&nbsp;<\/p>\n","protected":false},"excerpt":{"rendered":"<p>Inici de curs:<br \/>\n8 de setembre de 2025<br \/>\nVacances:<br \/>\nNadal: del 22 de desembre de 2025 al 7 de gener de 2026 (ambd\u00f3s inclosos)<br \/>\nSetmana Santa: del 28 de mar\u00e7 al 6 d&#8217;abril de 2026 (ambd\u00f3s inclosos)<br \/>\nEstiu: 19 de juny de 2026 acaben les classes d&#8217;infantil, prim\u00e0ria i ESO<br \/>\nDies&hellip;  <a href=\"https:\/\/agora.xtec.cat\/iesantjordi-badalona\/lescola\/calendari-del-curs\/\" title=\"Read Calendari del curs\">Llegeix m\u00e9s\u00bb<\/a><\/p>\n","protected":false},"author":1,"featured_media":0,"parent":22,"menu_order":50,"comment_status":"closed","ping_status":"closed","template":"page-templates\/side-menu.php","meta":{"_bbp_topic_count":0,"_bbp_reply_count":0,"_bbp_total_topic_count":0,"_bbp_total_reply_count":0,"_bbp_voice_count":0,"_bbp_anonymous_reply_count":0,"_bbp_topic_count_hidden":0,"_bbp_reply_count_hidden":0,"_bbp_forum_subforum_count":0,"footnotes":""},"class_list":["post-32","page","type-page","status-publish","hentry"],"post_mailing_queue_ids":[],"_links":{"self":[{"href":"https:\/\/agora.xtec.cat\/iesantjordi-badalona\/wp-json\/wp\/v2\/pages\/32","targetHints":{"allow":["GET"]}}],"collection":[{"href":"https:\/\/agora.xtec.cat\/iesantjordi-badalona\/wp-json\/wp\/v2\/pages"}],"about":[{"href":"https:\/\/agora.xtec.cat\/iesantjordi-badalona\/wp-json\/wp\/v2\/types\/page"}],"author":[{"embeddable":true,"href":"https:\/\/agora.xtec.cat\/iesantjordi-badalona\/wp-json\/wp\/v2\/users\/1"}],"replies":[{"embeddable":true,"href":"https:\/\/agora.xtec.cat\/iesantjordi-badalona\/wp-json\/wp\/v2\/comments?post=32"}],"version-history":[{"count":5,"href":"https:\/\/agora.xtec.cat\/iesantjordi-badalona\/wp-json\/wp\/v2\/pages\/32\/revisions"}],"predecessor-version":[{"id":12354,"href":"https:\/\/agora.xtec.cat\/iesantjordi-badalona\/wp-json\/wp\/v2\/pages\/32\/revisions\/12354"}],"up":[{"embeddable":true,"href":"https:\/\/agora.xtec.cat\/iesantjordi-badalona\/wp-json\/wp\/v2\/pages\/22"}],"wp:attachment":[{"href":"https:\/\/agora.xtec.cat\/iesantjordi-badalona\/wp-json\/wp\/v2\/media?parent=32"}],"curies":[{"name":"wp","href":"https:\/\/api.w.org\/{rel}","templated":true}]}}