{"id":28,"date":"2014-09-18T12:29:35","date_gmt":"2014-09-18T11:29:35","guid":{"rendered":"http:\/\/agora.xtec.cat\/iesantjordi-badalona\/\/?page_id=28"},"modified":"2022-09-16T13:08:26","modified_gmt":"2022-09-16T11:08:26","slug":"consell-escolar","status":"publish","type":"page","link":"https:\/\/agora.xtec.cat\/iesantjordi-badalona\/lescola\/consell-escolar\/","title":{"rendered":"Consell escolar"},"content":{"rendered":"<p>El Consell Escolar de l&#8217;Institut Escola Sant Jordi esta composat per:<\/p>\n<ul>\n<li>3 representants del sector de mares i pares.<\/li>\n<li>1 representant de l&#8217;AMPA.<\/li>\n<li>1 representant del PAS.<\/li>\n<li>4 representants del sector docent del centre.<\/li>\n<li>4 representants de l&#8217;equip directiu del centre.<\/li>\n<li>2 representants d&#8217;alumnes.<\/li>\n<\/ul>\n<p>El Consell Escolar es reuneix com a m\u00ednim un cop al trimestre.<\/p>\n<p>Hi ha tamb\u00e9 una Comissi\u00f3 Permanent formada per 6 membres del Consell Escolar, representants de tots els sectors. Aquesta comissi\u00f3 es pot reunir puntualment amb car\u00e0cter d&#8217;urg\u00e8ncia per tractar altres temes necessaris.<\/p>\n<p>D&#8217;altra banda, trobem la Comissi\u00f3 Econ\u00f2mica formada per 6 membres del Consell Escolar, representants de tots els sectors. Aquesta comissi\u00f3 es pot reunir puntualment per tractar temes econ\u00f2mics del centre.<\/p>\n","protected":false},"excerpt":{"rendered":"<p>El Consell Escolar de l&#8217;Institut Escola Sant Jordi esta composat per:<\/p>\n<ul>\n<li>3 representants del sector de mares i pares.<\/li>\n<li>1 representant de l&#8217;AMPA.<\/li>\n<li>1 representant del PAS.<\/li>\n<li>4 representants del sector docent del centre.<\/li>\n<li>4 representants de l&#8217;equip directiu del centre.<\/li>\n<li>2 representants d&#8217;alumnes.<\/li>\n<\/ul>\n<p>El Consell Escolar es reuneix com a m\u00ednim&hellip;  <a href=\"https:\/\/agora.xtec.cat\/iesantjordi-badalona\/lescola\/consell-escolar\/\" title=\"Read Consell escolar\">Llegeix m\u00e9s\u00bb<\/a><\/p>\n","protected":false},"author":1,"featured_media":0,"parent":22,"menu_order":30,"comment_status":"closed","ping_status":"closed","template":"page-templates\/side-menu.php","meta":{"_bbp_topic_count":0,"_bbp_reply_count":0,"_bbp_total_topic_count":0,"_bbp_total_reply_count":0,"_bbp_voice_count":0,"_bbp_anonymous_reply_count":0,"_bbp_topic_count_hidden":0,"_bbp_reply_count_hidden":0,"_bbp_forum_subforum_count":0,"footnotes":""},"class_list":["post-28","page","type-page","status-publish","hentry"],"post_mailing_queue_ids":[],"_links":{"self":[{"href":"https:\/\/agora.xtec.cat\/iesantjordi-badalona\/wp-json\/wp\/v2\/pages\/28","targetHints":{"allow":["GET"]}}],"collection":[{"href":"https:\/\/agora.xtec.cat\/iesantjordi-badalona\/wp-json\/wp\/v2\/pages"}],"about":[{"href":"https:\/\/agora.xtec.cat\/iesantjordi-badalona\/wp-json\/wp\/v2\/types\/page"}],"author":[{"embeddable":true,"href":"https:\/\/agora.xtec.cat\/iesantjordi-badalona\/wp-json\/wp\/v2\/users\/1"}],"replies":[{"embeddable":true,"href":"https:\/\/agora.xtec.cat\/iesantjordi-badalona\/wp-json\/wp\/v2\/comments?post=28"}],"version-history":[{"count":4,"href":"https:\/\/agora.xtec.cat\/iesantjordi-badalona\/wp-json\/wp\/v2\/pages\/28\/revisions"}],"predecessor-version":[{"id":10734,"href":"https:\/\/agora.xtec.cat\/iesantjordi-badalona\/wp-json\/wp\/v2\/pages\/28\/revisions\/10734"}],"up":[{"embeddable":true,"href":"https:\/\/agora.xtec.cat\/iesantjordi-badalona\/wp-json\/wp\/v2\/pages\/22"}],"wp:attachment":[{"href":"https:\/\/agora.xtec.cat\/iesantjordi-badalona\/wp-json\/wp\/v2\/media?parent=28"}],"curies":[{"name":"wp","href":"https:\/\/api.w.org\/{rel}","templated":true}]}}