{"id":26,"date":"2014-09-18T12:24:32","date_gmt":"2014-09-18T11:24:32","guid":{"rendered":"http:\/\/agora.xtec.cat\/iesantjordi-badalona\/\/?page_id=26"},"modified":"2022-09-08T14:26:58","modified_gmt":"2022-09-08T12:26:58","slug":"historia","status":"publish","type":"page","link":"https:\/\/agora.xtec.cat\/iesantjordi-badalona\/lescola\/historia\/","title":{"rendered":"Hist\u00f2ria"},"content":{"rendered":"<h4><span style=\"color: #3366ff;\"><strong><u>Una mica d\u2019hist\u00f2ria<\/u><\/strong><\/span><\/h4>\n<p>Aquest barri va ser creat a finals dels anys 60 per l\u2019antiga Obra Sindical del Hogar, per acollir a la poblaci\u00f3 desallotjada d\u2019antics barris marginals de Barcelona (barraques de Montjuich) i\u00a0 poblaci\u00f3 provinent de les obres de l\u2019autopista de Montgat.<\/p>\n<p>Els comen\u00e7aments del barri van ser molt dif\u00edcils, per\u00f2 gr\u00e0cies al car\u00e0cter lluitador i reivindicatiu de la seva gent ha fet que actualment sigui un dels barris amb m\u00e9s serveis de Badalona. Compta amb una biblioteca, una oficina de <span style=\"color: #800080;\">Benestar<\/span> Social on es fan un munt d\u2019activitats dirigides a tota la poblaci\u00f3 del barri, un poliesportiu i altres serveis.<\/p>\n<p>L\u2019escola es va fundar a finals dels anys 60 en el moment en que va ser constru\u00eft el barri. En la seva inauguraci\u00f3 va rebre prop de 1300 alumnes que es trobaven en bona part desescolaritzats. A principis dels anys 70 ja eren 1500 alumnes, amb les dificultats de tota mena que aix\u00f2\u00a0 plantejava, era una de les escoles m\u00e9s grans de Badalona.<\/p>\n<p>Actualment la poblaci\u00f3 del barri ha anat envellint degut a la manca de construcci\u00f3 de noves vivendes i al fet que, fins fa poc, els habitatges no es podien vendre. Aquests fets han provocat que la poblaci\u00f3 escolar hagi anat disminuint .<\/p>\n<p>En el curs 2014-2015 s\u2019ha instal\u00b7lat l\u2019escola d\u2019adults en una part del nostre edifici i s\u2019ha hagut de canviar la distribuci\u00f3 de totes les aules de l\u2019escola. Per tant actualment compartim edifici, tot i que els espais queden completament delimitats i no hi ha interfer\u00e8ncies entre ambd\u00f3s serveis, ben al contrari, sempre que es pot, hi ha col\u00b7laboracions.<\/p>\n<p><strong><span style=\"float: none; background-color: transparent; color: #666666; font-family: 'Open Sans', Helvetica, Arial, sans-serif; font-size: 16px; font-style: normal; font-variant: normal; letter-spacing: normal; line-height: 25px; orphans: 2; text-align: left; text-decoration: none; text-indent: 0px; text-transform: none; -webkit-text-stroke-width: 0px; white-space: normal; word-spacing: 0px; display: inline !important;\">Pel curs 2019-2020 l&#8217;escola inicia un nou repte. Convertir-se en l&#8217;Institut-Escola Sant Jordi. El desplegament del projecte est\u00e0 destinat a acollir un nou curs de la E.S.O durant els pr\u00f2xims 4 anys. Aix\u00ed que, amb molta il\u00b7lusi\u00f3 el curs 19-20 creixerem amb el curs de 1r de la E.S.O.<\/span><\/strong><\/p>\n<p>Pel present curs, anys 2022 i 2023 ja tancarem la l\u00ednia educativa oferint de P3 a 4t d&#8217;ESO.<\/p>\n","protected":false},"excerpt":{"rendered":"<p>Una mica d\u2019hist\u00f2ria<br \/>\nAquest barri va ser creat a finals dels anys 60 per l\u2019antiga Obra Sindical del Hogar, per acollir a la poblaci\u00f3 desallotjada d\u2019antics barris marginals de Barcelona (barraques de Montjuich) i\u00a0 poblaci\u00f3 provinent de les obres de l\u2019autopista de Montgat.<br \/>\nEls comen\u00e7aments del barri&hellip;  <a href=\"https:\/\/agora.xtec.cat\/iesantjordi-badalona\/lescola\/historia\/\" title=\"Read Hist\u00f2ria\">Llegeix m\u00e9s\u00bb<\/a><\/p>\n","protected":false},"author":1,"featured_media":0,"parent":22,"menu_order":20,"comment_status":"closed","ping_status":"closed","template":"page-templates\/side-menu.php","meta":{"_bbp_topic_count":0,"_bbp_reply_count":0,"_bbp_total_topic_count":0,"_bbp_total_reply_count":0,"_bbp_voice_count":0,"_bbp_anonymous_reply_count":0,"_bbp_topic_count_hidden":0,"_bbp_reply_count_hidden":0,"_bbp_forum_subforum_count":0,"footnotes":""},"class_list":["post-26","page","type-page","status-publish","hentry"],"post_mailing_queue_ids":[],"_links":{"self":[{"href":"https:\/\/agora.xtec.cat\/iesantjordi-badalona\/wp-json\/wp\/v2\/pages\/26","targetHints":{"allow":["GET"]}}],"collection":[{"href":"https:\/\/agora.xtec.cat\/iesantjordi-badalona\/wp-json\/wp\/v2\/pages"}],"about":[{"href":"https:\/\/agora.xtec.cat\/iesantjordi-badalona\/wp-json\/wp\/v2\/types\/page"}],"author":[{"embeddable":true,"href":"https:\/\/agora.xtec.cat\/iesantjordi-badalona\/wp-json\/wp\/v2\/users\/1"}],"replies":[{"embeddable":true,"href":"https:\/\/agora.xtec.cat\/iesantjordi-badalona\/wp-json\/wp\/v2\/comments?post=26"}],"version-history":[{"count":4,"href":"https:\/\/agora.xtec.cat\/iesantjordi-badalona\/wp-json\/wp\/v2\/pages\/26\/revisions"}],"predecessor-version":[{"id":10728,"href":"https:\/\/agora.xtec.cat\/iesantjordi-badalona\/wp-json\/wp\/v2\/pages\/26\/revisions\/10728"}],"up":[{"embeddable":true,"href":"https:\/\/agora.xtec.cat\/iesantjordi-badalona\/wp-json\/wp\/v2\/pages\/22"}],"wp:attachment":[{"href":"https:\/\/agora.xtec.cat\/iesantjordi-badalona\/wp-json\/wp\/v2\/media?parent=26"}],"curies":[{"name":"wp","href":"https:\/\/api.w.org\/{rel}","templated":true}]}}