{"id":11589,"date":"2023-11-14T12:24:37","date_gmt":"2023-11-14T11:24:37","guid":{"rendered":"https:\/\/agora.xtec.cat\/iesantjordi-badalona\/?page_id=11589"},"modified":"2024-05-14T17:27:33","modified_gmt":"2024-05-14T15:27:33","slug":"araart","status":"publish","type":"page","link":"https:\/\/agora.xtec.cat\/iesantjordi-badalona\/araart\/","title":{"rendered":"AraArt"},"content":{"rendered":"<p style=\"text-align: justify;\"><span style=\"font-weight: 400;\">Des del curs escolar 2023-2024 l\u2019Institut Escola Sant Jordi participa en el programa del Departament d\u2019Educaci\u00f3 AraArt, projecte amb una durada de 3 cursos escolars. La idea del programa \u00e9s fomentar i posar en valor projectes art\u00edstics que es porten a terme al centre en col\u00b7laboraci\u00f3 amb un equipament cultural local, en el nostre cas el C\u00edrcol Cat\u00f2lic de Badalona, entitat hist\u00f2rica de la ciutat dedicada al teatre amateur.<\/span><\/p>\n<p style=\"text-align: justify;\"><span style=\"font-weight: 400;\">El programa d\u2019innovaci\u00f3 &#8220;AraArt&#8221; busca promoure la transformaci\u00f3 dels centres educatius a partir de les arts. En aquest cas, els i les nostres alumnes treballaran a partir de les arts esc\u00e8niques per ajudar-los a expressar a partir del moviment, la dramatitzaci\u00f3 i el di\u00e0leg, amb l\u2019objectiu com\u00fa de potenciar la comunicaci\u00f3, l\u2019empatia, el respecte, la cooperaci\u00f3 i la conviv\u00e8ncia entre tota la comunitat educativa.<\/span><\/p>\n<p style=\"text-align: justify;\"><span style=\"font-weight: 400;\">En el primer any de formaci\u00f3, el claustre de l\u2019 IE Sant Jordi ha treballat i ens ha format l\u2019actriu badalonina Rosa G\u00e0miz, la pedagoga musical Ester Bonal i Sarr\u00f3, en Joan Llu\u00eds Bozzo i la Mariona Bosch i de la Cruz, d\u2019 Enraona teatre i en Gustavo Corral, de l\u2019Associaci\u00f3 Dancing Ganesh. A ells i elles, els volem agrair la seva col\u00b7laboraci\u00f3 al nostre projecte.\u00a0<\/span><\/p>\n<p style=\"text-align: justify;\">En aquest espai, anirem compartint informaci\u00f3 del programa, aix\u00ed com els enlla\u00e7os amb els nostres col\u00b7laboradors.<\/p>\n<p><a href=\"https:\/\/elcircol.cat\/\"><img loading=\"lazy\" decoding=\"async\" class=\"wp-image-11760 alignleft\" src=\"https:\/\/agora.xtec.cat\/iesantjordi-badalona\/wp-content\/uploads\/usu1931\/2024\/03\/Captura-de-pantalla-2024-03-28-183057.png\" alt=\"\" width=\"192\" height=\"57\" srcset=\"https:\/\/agora.xtec.cat\/iesantjordi-badalona\/wp-content\/uploads\/usu1931\/2024\/03\/Captura-de-pantalla-2024-03-28-183057.png 457w, https:\/\/agora.xtec.cat\/iesantjordi-badalona\/wp-content\/uploads\/usu1931\/2024\/03\/Captura-de-pantalla-2024-03-28-183057-300x89.png 300w\" sizes=\"auto, (max-width: 192px) 100vw, 192px\" \/><\/a><a href=\"http:\/\/dancingganesh.eu\/\"><img loading=\"lazy\" decoding=\"async\" class=\"wp-image-11792 alignleft\" src=\"https:\/\/agora.xtec.cat\/iesantjordi-badalona\/wp-content\/uploads\/usu1931\/2024\/04\/Captura.png\" alt=\"\" width=\"174\" height=\"57\" srcset=\"https:\/\/agora.xtec.cat\/iesantjordi-badalona\/wp-content\/uploads\/usu1931\/2024\/04\/Captura.png 316w, https:\/\/agora.xtec.cat\/iesantjordi-badalona\/wp-content\/uploads\/usu1931\/2024\/04\/Captura-300x99.png 300w\" sizes=\"auto, (max-width: 174px) 100vw, 174px\" \/><\/a><a href=\"https:\/\/enraonateatre.com\/\"><img loading=\"lazy\" decoding=\"async\" class=\"alignnone wp-image-11793\" src=\"https:\/\/agora.xtec.cat\/iesantjordi-badalona\/wp-content\/uploads\/usu1931\/2024\/04\/1.png\" alt=\"\" width=\"144\" height=\"85\" srcset=\"https:\/\/agora.xtec.cat\/iesantjordi-badalona\/wp-content\/uploads\/usu1931\/2024\/04\/1.png 754w, https:\/\/agora.xtec.cat\/iesantjordi-badalona\/wp-content\/uploads\/usu1931\/2024\/04\/1-300x177.png 300w\" sizes=\"auto, (max-width: 144px) 100vw, 144px\" \/><\/a><\/p>\n<p><a href=\"https:\/\/drive.google.com\/drive\/folders\/1tSC4DIs9RD_IlDAWGV23EBXeVx6vzUqE?usp=sharing\">Enlla\u00e7 a la documentaci\u00f3 del programa AraArt<\/a><\/p>\n","protected":false},"excerpt":{"rendered":"<p>Des del curs escolar 2023-2024 l\u2019Institut Escola Sant Jordi participa en el programa del Departament d\u2019Educaci\u00f3 AraArt, projecte amb una durada de 3 cursos escolars. La idea del programa \u00e9s fomentar i posar en valor projectes art\u00edstics que es porten a terme al centre en&hellip;  <a href=\"https:\/\/agora.xtec.cat\/iesantjordi-badalona\/araart\/\" title=\"Read AraArt\">Llegeix m\u00e9s\u00bb<\/a><\/p>\n","protected":false},"author":1,"featured_media":0,"parent":0,"menu_order":0,"comment_status":"closed","ping_status":"closed","template":"","meta":{"_bbp_topic_count":0,"_bbp_reply_count":0,"_bbp_total_topic_count":0,"_bbp_total_reply_count":0,"_bbp_voice_count":0,"_bbp_anonymous_reply_count":0,"_bbp_topic_count_hidden":0,"_bbp_reply_count_hidden":0,"_bbp_forum_subforum_count":0,"footnotes":""},"class_list":["post-11589","page","type-page","status-publish","hentry"],"post_mailing_queue_ids":[],"_links":{"self":[{"href":"https:\/\/agora.xtec.cat\/iesantjordi-badalona\/wp-json\/wp\/v2\/pages\/11589","targetHints":{"allow":["GET"]}}],"collection":[{"href":"https:\/\/agora.xtec.cat\/iesantjordi-badalona\/wp-json\/wp\/v2\/pages"}],"about":[{"href":"https:\/\/agora.xtec.cat\/iesantjordi-badalona\/wp-json\/wp\/v2\/types\/page"}],"author":[{"embeddable":true,"href":"https:\/\/agora.xtec.cat\/iesantjordi-badalona\/wp-json\/wp\/v2\/users\/1"}],"replies":[{"embeddable":true,"href":"https:\/\/agora.xtec.cat\/iesantjordi-badalona\/wp-json\/wp\/v2\/comments?post=11589"}],"version-history":[{"count":6,"href":"https:\/\/agora.xtec.cat\/iesantjordi-badalona\/wp-json\/wp\/v2\/pages\/11589\/revisions"}],"predecessor-version":[{"id":11861,"href":"https:\/\/agora.xtec.cat\/iesantjordi-badalona\/wp-json\/wp\/v2\/pages\/11589\/revisions\/11861"}],"wp:attachment":[{"href":"https:\/\/agora.xtec.cat\/iesantjordi-badalona\/wp-json\/wp\/v2\/media?parent=11589"}],"curies":[{"name":"wp","href":"https:\/\/api.w.org\/{rel}","templated":true}]}}