{"id":11071,"date":"2023-02-21T15:43:06","date_gmt":"2023-02-21T14:43:06","guid":{"rendered":"https:\/\/agora.xtec.cat\/iesantjordi-badalona\/?page_id=11071"},"modified":"2023-02-21T16:24:17","modified_gmt":"2023-02-21T15:24:17","slug":"proa","status":"publish","type":"page","link":"https:\/\/agora.xtec.cat\/iesantjordi-badalona\/projecte-educatiu\/proa\/","title":{"rendered":"PROA +"},"content":{"rendered":"<p>L&#8217;Institut Escola Sant Jordi de Badalona ha participat durant dos cursos en el programa\u00a0<span class=\"hiddenSpellError\">PMOE<\/span>. Aquest programa ja ha finalitzat i ara ens han seleccionat per participar en el programa PROA+.<\/p>\n<p>El programa <a href=\"https:\/\/www.educacionyfp.gob.es\/mc\/sgctie\/cooperacion-territorial\/programas-cooperacion\/proa.html\"><span style=\"color: #33cccc;\">PROA+\u00a0 (<span class=\"hiddenGrammarError\" style=\"padding-bottom: 2px; background-image: url('..\/..\/..\/..\/..\/images\/squiggle.png'); background-repeat: repeat-x; background-position: left bottom; cursor: default; font-family: 'Open Sans', Helvetica, Arial, sans-serif; font-size: 16px; font-style: normal; font-variant-ligatures: normal; font-variant-caps: normal; font-weight: 300; letter-spacing: normal; orphans: 2; text-align: start; text-indent: 0px; text-transform: none; white-space: normal; widows: 2; word-spacing: 0px; -webkit-text-stroke-width: 0px;\">Plan<\/span>\u00a0de\u00a0<span class=\"hiddenSpellError\">Refuerzo<\/span>,\u00a0<span class=\"hiddenSpellError\">Orientaci\u00f3n<\/span>\u00a0<span class=\"hiddenGrammarError\">y<\/span>\u00a0<span class=\"hiddenGrammarError\">Apoyo<\/span>)<\/span><\/a> \u00e9s el Programa de cooperaci\u00f3 territorial per a l&#8217;orientaci\u00f3, l&#8217;aven\u00e7 i l&#8217;enriquiment educatiu. Est\u00e0 ent\u00e8s com un Programa de Cooperaci\u00f3 Territorial entre el\u00a0<span class=\"hiddenSpellError\">Ministerio<\/span>\u00a0<span class=\"hiddenGrammarError\">de Educaci\u00f3n<\/span>\u00a0<span class=\"hiddenGrammarError\">y<\/span>\u00a0<span class=\"hiddenSpellError\">Formaci\u00f3n<\/span>\u00a0<span class=\"hiddenSpellError\">Profesional<\/span>\u00a0<span class=\"hiddenGrammarError\">y<\/span>\u00a0les\u00a0<span class=\"hiddenGrammarError\">Comunitats Aut\u00f2nomes<\/span>.\u00a0<span class=\"hiddenGrammarError\">Est\u00e0 finan\u00e7at<\/span>\u00a0per la Uni\u00f3 Europea.<\/p>\n<p>La seva finalitat \u00e9s recolzar als centres educatius que atenen a un n\u00famero elevat d&#8217;alumnat en situaci\u00f3 de desavantatge socioeducativa, aquest suport ha de permetre millorar la qualitat educativa i els resultats escolars gr\u00e0cies a programes i actuacions a realitzar en les escoles i instituts que estan acollits a aquest pla.<\/p>\n<p>Aquests programes i actuacions es podran dur a terme amb l&#8217;ajut econ\u00f2mic que l&#8217;escola rep del programa <span style=\"color: #33cccc;\"><a style=\"color: #33cccc;\" href=\"https:\/\/www.educacionyfp.gob.es\/mc\/sgctie\/cooperacion-territorial\/programas-cooperacion\/proa.html\">PROA+.<\/a><\/span><\/p>\n<p>&nbsp;<\/p>\n<div class=\"entry-content\">\n<p><a style=\"font-family: inherit; font-size: 1em;\" href=\"https:\/\/www.educacionyfp.gob.es\/mc\/sgctie\/cooperacion-territorial\/programas-cooperacion\/proa.html\"><img loading=\"lazy\" decoding=\"async\" class=\"alignnone size-large wp-image-11072\" src=\"https:\/\/agora.xtec.cat\/iesantjordi-badalona\/wp-content\/uploads\/usu1931\/2023\/02\/Cartell-PROAPLUS-IE-Sant-Jordi_page-0001-1024x724.jpg\" alt=\"\" width=\"1024\" height=\"724\" srcset=\"https:\/\/agora.xtec.cat\/iesantjordi-badalona\/wp-content\/uploads\/usu1931\/2023\/02\/Cartell-PROAPLUS-IE-Sant-Jordi_page-0001-1024x724.jpg 1024w, https:\/\/agora.xtec.cat\/iesantjordi-badalona\/wp-content\/uploads\/usu1931\/2023\/02\/Cartell-PROAPLUS-IE-Sant-Jordi_page-0001-300x212.jpg 300w, https:\/\/agora.xtec.cat\/iesantjordi-badalona\/wp-content\/uploads\/usu1931\/2023\/02\/Cartell-PROAPLUS-IE-Sant-Jordi_page-0001-768x543.jpg 768w, https:\/\/agora.xtec.cat\/iesantjordi-badalona\/wp-content\/uploads\/usu1931\/2023\/02\/Cartell-PROAPLUS-IE-Sant-Jordi_page-0001-1536x1085.jpg 1536w, https:\/\/agora.xtec.cat\/iesantjordi-badalona\/wp-content\/uploads\/usu1931\/2023\/02\/Cartell-PROAPLUS-IE-Sant-Jordi_page-0001.jpg 1755w\" sizes=\"auto, (max-width: 1024px) 100vw, 1024px\" \/><\/a><\/p>\n<\/div>\n","protected":false},"excerpt":{"rendered":"<p>L&#8217;Institut Escola Sant Jordi de Badalona ha participat durant dos cursos en el programa\u00a0PMOE. Aquest programa ja ha finalitzat i ara ens han seleccionat per participar en el programa PROA+.<br \/>\nEl programa <a href=\"https:\/\/www.educacionyfp.gob.es\/mc\/sgctie\/cooperacion-territorial\/programas-cooperacion\/proa.html\">PROA+\u00a0 (Plan\u00a0de\u00a0Refuerzo,\u00a0Orientaci\u00f3n\u00a0y\u00a0Apoyo)<\/a> \u00e9s el Programa de cooperaci\u00f3 territorial per a l&#8217;orientaci\u00f3, l&#8217;aven\u00e7 i&hellip;  <a href=\"https:\/\/agora.xtec.cat\/iesantjordi-badalona\/projecte-educatiu\/proa\/\" title=\"Read PROA +\">Llegeix m\u00e9s\u00bb<\/a><\/p>\n","protected":false},"author":1,"featured_media":0,"parent":64,"menu_order":0,"comment_status":"closed","ping_status":"closed","template":"","meta":{"_bbp_topic_count":0,"_bbp_reply_count":0,"_bbp_total_topic_count":0,"_bbp_total_reply_count":0,"_bbp_voice_count":0,"_bbp_anonymous_reply_count":0,"_bbp_topic_count_hidden":0,"_bbp_reply_count_hidden":0,"_bbp_forum_subforum_count":0,"footnotes":""},"class_list":["post-11071","page","type-page","status-publish","hentry"],"post_mailing_queue_ids":[],"_links":{"self":[{"href":"https:\/\/agora.xtec.cat\/iesantjordi-badalona\/wp-json\/wp\/v2\/pages\/11071","targetHints":{"allow":["GET"]}}],"collection":[{"href":"https:\/\/agora.xtec.cat\/iesantjordi-badalona\/wp-json\/wp\/v2\/pages"}],"about":[{"href":"https:\/\/agora.xtec.cat\/iesantjordi-badalona\/wp-json\/wp\/v2\/types\/page"}],"author":[{"embeddable":true,"href":"https:\/\/agora.xtec.cat\/iesantjordi-badalona\/wp-json\/wp\/v2\/users\/1"}],"replies":[{"embeddable":true,"href":"https:\/\/agora.xtec.cat\/iesantjordi-badalona\/wp-json\/wp\/v2\/comments?post=11071"}],"version-history":[{"count":3,"href":"https:\/\/agora.xtec.cat\/iesantjordi-badalona\/wp-json\/wp\/v2\/pages\/11071\/revisions"}],"predecessor-version":[{"id":11087,"href":"https:\/\/agora.xtec.cat\/iesantjordi-badalona\/wp-json\/wp\/v2\/pages\/11071\/revisions\/11087"}],"up":[{"embeddable":true,"href":"https:\/\/agora.xtec.cat\/iesantjordi-badalona\/wp-json\/wp\/v2\/pages\/64"}],"wp:attachment":[{"href":"https:\/\/agora.xtec.cat\/iesantjordi-badalona\/wp-json\/wp\/v2\/media?parent=11071"}],"curies":[{"name":"wp","href":"https:\/\/api.w.org\/{rel}","templated":true}]}}