{"id":9236,"date":"2018-11-30T15:09:07","date_gmt":"2018-11-30T14:09:07","guid":{"rendered":"http:\/\/agora.xtec.cat\/iesantjoan\/?page_id=9236"},"modified":"2025-09-13T14:24:14","modified_gmt":"2025-09-13T12:24:14","slug":"afa","status":"publish","type":"page","link":"https:\/\/agora.xtec.cat\/iesantjoan\/afa\/","title":{"rendered":"AFA &#8211; Associaci\u00f3 de fam\u00edlies"},"content":{"rendered":"\n<p>L&#8217;AFA \u00e9s la via m\u00e9s efectiva que tenen les fam\u00edlies d\u2019agrupar-se i organitzar-se dins de la comunitat educativa. \u00c9s una entitat sense \u00e0nim de lucre que treballa conjuntament amb el professorat de l\u2019Institut Escola i l&#8217;Ajuntament per a l\u2019educaci\u00f3 i el benestar dels vostres fills\/es. <\/p>\n\n\n\n<p>A trav\u00e9s de l&#8217;AFA, les fam\u00edlies poden participar en activitats escolars, organitzar esdeveniments, donar suport a iniciatives educatives i aportar les seves idees i inquietuds al centre. Aix\u00f2 crea un espai on es potencia la comunicaci\u00f3 i la cooperaci\u00f3 entre tots els membres de la comunitat educativa.<br>Actualment, la Junta de l\u2019AFA del nostre centre est\u00e0 formada per les seg\u00fcents membres:<\/p>\n\n\n\n<p><br>\u00c0ngela Mart\u00ednez &#8211; <strong>Presidenta <\/strong><\/p>\n\n\n\n<p>Imma Garcia &#8211; <strong>Secret\u00e0ria <\/strong><\/p>\n\n\n\n<p>Jordina Fern\u00e1ndez &#8211; <strong>Tresorera <\/strong><\/p>\n\n\n\n<p>Anna Julve &#8211; <strong>Vocal <\/strong><\/p>\n\n\n\n<p>Judith Bassaganya &#8211; <strong>Vocal<\/strong><\/p>\n\n\n\n<p>El seu funcionament es basa en <strong>tres assemblees generals ordin\u00e0ries<\/strong>, una per trimestre, on es presenten les propostes per al curs, es resolen possibles dubtes, i es decideix, mitjan\u00e7ant votacions, si es tiren endavant els projectes i propostes presentades. <strong>\u00c9s molt important l\u2019assist\u00e8ncia a les assemblees, ja que \u00e9s l\u2019espai on es voten i decideixen q\u00fcestions que afecten el dia a dia de les nostres filles i fills.<\/strong><\/p>\n","protected":false},"excerpt":{"rendered":"<p>L&#8217;AFA \u00e9s la via m\u00e9s efectiva que tenen les fam\u00edlies d\u2019agrupar-se i organitzar-se dins de la comunitat educativa. \u00c9s una [&hellip;]<\/p>\n","protected":false},"author":4,"featured_media":0,"parent":0,"menu_order":0,"comment_status":"closed","ping_status":"closed","template":"","meta":{"_bbp_topic_count":0,"_bbp_reply_count":0,"_bbp_total_topic_count":0,"_bbp_total_reply_count":0,"_bbp_voice_count":0,"_bbp_anonymous_reply_count":0,"_bbp_topic_count_hidden":0,"_bbp_reply_count_hidden":0,"_bbp_forum_subforum_count":0,"site-sidebar-layout":"default","site-content-layout":"","ast-site-content-layout":"default","site-content-style":"default","site-sidebar-style":"default","ast-global-header-display":"","ast-banner-title-visibility":"","ast-main-header-display":"","ast-hfb-above-header-display":"","ast-hfb-below-header-display":"","ast-hfb-mobile-header-display":"","site-post-title":"","ast-breadcrumbs-content":"","ast-featured-img":"","footer-sml-layout":"","theme-transparent-header-meta":"","adv-header-id-meta":"","stick-header-meta":"","header-above-stick-meta":"","header-main-stick-meta":"","header-below-stick-meta":"","astra-migrate-meta-layouts":"set","ast-page-background-enabled":"default","ast-page-background-meta":{"desktop":{"background-color":"var(--ast-global-color-4)","background-image":"","background-repeat":"repeat","background-position":"center center","background-size":"auto","background-attachment":"scroll","background-type":"","background-media":"","overlay-type":"","overlay-color":"","overlay-opacity":"","overlay-gradient":""},"tablet":{"background-color":"","background-image":"","background-repeat":"repeat","background-position":"center center","background-size":"auto","background-attachment":"scroll","background-type":"","background-media":"","overlay-type":"","overlay-color":"","overlay-opacity":"","overlay-gradient":""},"mobile":{"background-color":"","background-image":"","background-repeat":"repeat","background-position":"center center","background-size":"auto","background-attachment":"scroll","background-type":"","background-media":"","overlay-type":"","overlay-color":"","overlay-opacity":"","overlay-gradient":""}},"ast-content-background-meta":{"desktop":{"background-color":"var(--ast-global-color-5)","background-image":"","background-repeat":"repeat","background-position":"center center","background-size":"auto","background-attachment":"scroll","background-type":"","background-media":"","overlay-type":"","overlay-color":"","overlay-opacity":"","overlay-gradient":""},"tablet":{"background-color":"var(--ast-global-color-5)","background-image":"","background-repeat":"repeat","background-position":"center center","background-size":"auto","background-attachment":"scroll","background-type":"","background-media":"","overlay-type":"","overlay-color":"","overlay-opacity":"","overlay-gradient":""},"mobile":{"background-color":"var(--ast-global-color-5)","background-image":"","background-repeat":"repeat","background-position":"center center","background-size":"auto","background-attachment":"scroll","background-type":"","background-media":"","overlay-type":"","overlay-color":"","overlay-opacity":"","overlay-gradient":""}},"footnotes":""},"class_list":["post-9236","page","type-page","status-publish","hentry"],"post_mailing_queue_ids":[],"_links":{"self":[{"href":"https:\/\/agora.xtec.cat\/iesantjoan\/wp-json\/wp\/v2\/pages\/9236","targetHints":{"allow":["GET"]}}],"collection":[{"href":"https:\/\/agora.xtec.cat\/iesantjoan\/wp-json\/wp\/v2\/pages"}],"about":[{"href":"https:\/\/agora.xtec.cat\/iesantjoan\/wp-json\/wp\/v2\/types\/page"}],"author":[{"embeddable":true,"href":"https:\/\/agora.xtec.cat\/iesantjoan\/wp-json\/wp\/v2\/users\/4"}],"replies":[{"embeddable":true,"href":"https:\/\/agora.xtec.cat\/iesantjoan\/wp-json\/wp\/v2\/comments?post=9236"}],"version-history":[{"count":5,"href":"https:\/\/agora.xtec.cat\/iesantjoan\/wp-json\/wp\/v2\/pages\/9236\/revisions"}],"predecessor-version":[{"id":16650,"href":"https:\/\/agora.xtec.cat\/iesantjoan\/wp-json\/wp\/v2\/pages\/9236\/revisions\/16650"}],"wp:attachment":[{"href":"https:\/\/agora.xtec.cat\/iesantjoan\/wp-json\/wp\/v2\/media?parent=9236"}],"curies":[{"name":"wp","href":"https:\/\/api.w.org\/{rel}","templated":true}]}}