{"id":81,"date":"2014-09-18T10:38:05","date_gmt":"2014-09-18T10:38:05","guid":{"rendered":"http:\/\/agora.xtec.cat\/iesantjoan\/?page_id=81"},"modified":"2025-09-13T13:59:34","modified_gmt":"2025-09-13T11:59:34","slug":"secretaria","status":"publish","type":"page","link":"https:\/\/agora.xtec.cat\/iesantjoan\/secretaria\/","title":{"rendered":"Secretaria"},"content":{"rendered":"\n<div class=\"wp-block-getwid-tabs\" data-active-tab=\"0\"><ul class=\"wp-block-getwid-tabs__nav-links\"><\/ul>\n<div class=\"wp-block-getwid-tabs__nav-link\"><span class=\"wp-block-getwid-tabs__title-wrapper\"><a href=\"#\"><span class=\"wp-block-getwid-tabs__title\">Horari lectiu i calendari escolar<\/span><\/a><\/span><\/div><div class=\"wp-block-getwid-tabs__tab-content-wrapper\"><div class=\"wp-block-getwid-tabs__tab-content\">\n<figure class=\"wp-block-image size-large\"><a href=\"https:\/\/agora.xtec.cat\/iesantjoan\/wp-content\/uploads\/usu382\/2025\/09\/calendari-escolar_ST-JOAN_25-26_page-0001.jpg\"><img loading=\"lazy\" decoding=\"async\" width=\"724\" height=\"1024\" src=\"https:\/\/agora.xtec.cat\/iesantjoan\/wp-content\/uploads\/usu382\/2025\/09\/calendari-escolar_ST-JOAN_25-26_page-0001-724x1024.jpg\" alt=\"\" class=\"wp-image-16633\" srcset=\"https:\/\/agora.xtec.cat\/iesantjoan\/wp-content\/uploads\/usu382\/2025\/09\/calendari-escolar_ST-JOAN_25-26_page-0001-724x1024.jpg 724w, https:\/\/agora.xtec.cat\/iesantjoan\/wp-content\/uploads\/usu382\/2025\/09\/calendari-escolar_ST-JOAN_25-26_page-0001-212x300.jpg 212w, https:\/\/agora.xtec.cat\/iesantjoan\/wp-content\/uploads\/usu382\/2025\/09\/calendari-escolar_ST-JOAN_25-26_page-0001-768x1086.jpg 768w, https:\/\/agora.xtec.cat\/iesantjoan\/wp-content\/uploads\/usu382\/2025\/09\/calendari-escolar_ST-JOAN_25-26_page-0001-1086x1536.jpg 1086w, https:\/\/agora.xtec.cat\/iesantjoan\/wp-content\/uploads\/usu382\/2025\/09\/calendari-escolar_ST-JOAN_25-26_page-0001.jpg 1241w\" sizes=\"auto, (max-width: 724px) 100vw, 724px\" \/><\/a><\/figure>\n\n\n\n<p>Les classes al nostre centre comen\u00e7aran el<strong> dijous 8 de setembre <\/strong>de 2025 i acabaran el<strong> divendres 19 de juny<\/strong> de 2026 a totes les etapes educatives.<\/p>\n\n\n\n<p>L\u2019<strong>horari lectiu<\/strong> ser\u00e0 el seg\u00fcent:<\/p>\n\n\n\n<p><strong>E. Infantil i Prim\u00e0ria <\/strong>&#8211; De dilluns a divendres : <\/p>\n\n\n\n<p><strong>Mat\u00ed <\/strong>de 9h a 12:30h<br><strong>Tarda <\/strong>de 15h a 16:30h<br><em>*Recordeu que aquest curs l\u2019adaptaci\u00f3 d\u2019inici de curs per l\u2019alumnat d\u2019I3 tindr\u00e0 lloc el 8, 9 i 10 de setembre de 2025 (ambd\u00f3s inclosos).<\/em><\/p>\n\n\n\n<p><strong>E. Secund\u00e0ria<\/strong> &#8211; De dilluns a divendres, en horari continuat, de<strong> 8h a 14:30h<\/strong><\/p>\n\n\n\n<p>Durant el curs escolar 2025-26 seran considerats <strong>dies no lectius:<\/strong><\/p>\n\n\n\n<p><strong>Vacances de Nadal: <\/strong>del 20 de desembre de 2025 al 7 de gener de 2026 ambd\u00f3s inclosos.<\/p>\n\n\n\n<p><strong>Vacances de Pasqua: <\/strong>del 28 de mar\u00e7 al 6 d\u2019abril de 2026 ambd\u00f3s inclosos.<\/p>\n\n\n\n<p><strong>Dies de lliure elecci\u00f3 <\/strong>aprovats pel Consell escolar:<br>Dilluns 3 de novembre de 2025<br>Dilluns 16 de febrer de 2026<br>Divendres 6 de mar\u00e7 de 2026<br>Dilluns 4 de maig de 2026<\/p>\n\n\n\n<p><strong>Jornada intensiva <\/strong>a totes les etapes del centre el <strong>dia 19 de desembre<\/strong> de 2025. Aquest dia, l\u2019activitat lectiva ser\u00e0 de 9h a 13h per l\u2019alumnat d\u2019E. Infantil i prim\u00e0ria i de 8h a 13h per l\u2019alumnat de secund\u00e0ria.<\/p>\n\n\n\n<p><strong>Del 8 al 19 de juny de 2026, jornada intensiva de 9 a 13h, per l\u2019alumnat d\u2019E. Infantil i prim\u00e0ria i de 8h a 13:30h per l\u2019alumnat de secund\u00e0ria.<\/strong><\/p>\n\n\n\n<p><\/p>\n<\/div><\/div>\n\n\n\n<div class=\"wp-block-getwid-tabs__nav-link\"><span class=\"wp-block-getwid-tabs__title-wrapper\"><a href=\"#\"><span class=\"wp-block-getwid-tabs__title\">Atenci\u00f3 a les fam\u00edlies<\/span><\/a><\/span><\/div><div class=\"wp-block-getwid-tabs__tab-content-wrapper\"><div class=\"wp-block-getwid-tabs__tab-content\">\n<p>La via de comunicaci\u00f3 del centre \u00e9s el <strong>correu electr\u00f2nic del professorat <\/strong>o el tel\u00e8fon del centre. En cas que hi hagi algun problema o aspecte a comentar, <strong>us demanem si us plau que contacteu primer amb el vostre tutor\/a<\/strong>. Gr\u00e0cies.<\/p>\n\n\n\n<p><strong>Tel\u00e8fons del centre:<\/strong><\/p>\n\n\n\n<p>E. Infantil- Prim\u00e0ria: 972-72 02 22 <\/p>\n\n\n\n<p>E. Secund\u00e0ria:  \/972- 72 03 43<\/p>\n\n\n\n<div class=\"wp-block-getwid-accordion has-icon-left\" data-active-element=\"none\">\n<div class=\"wp-block-getwid-accordion__header-wrapper\"><span class=\"wp-block-getwid-accordion__header\"><a href=\"#\"><span class=\"wp-block-getwid-accordion__header-title\">Horari direcci\u00f3<\/span><span class=\"wp-block-getwid-accordion__icon is-active\"><i class=\"fas fa-plus\"><\/i><\/span><span class=\"wp-block-getwid-accordion__icon is-passive\"><i class=\"fas fa-minus\"><\/i><\/span><\/a><\/span><\/div><div class=\"wp-block-getwid-accordion__content-wrapper\"><div class=\"wp-block-getwid-accordion__content\">\n<p>Tots els <strong>dimecres i dijous<\/strong> de les 15h a les 16:30h a l\u2019edifici de l\u2019escola (C\/ Mestre Andreu 2-18)<\/p>\n<\/div><\/div>\n\n\n\n<div class=\"wp-block-getwid-accordion__header-wrapper\"><span class=\"wp-block-getwid-accordion__header\"><a href=\"#\"><span class=\"wp-block-getwid-accordion__header-title\">Horari secretaria<\/span><span class=\"wp-block-getwid-accordion__icon is-active\"><i class=\"fas fa-plus\"><\/i><\/span><span class=\"wp-block-getwid-accordion__icon is-passive\"><i class=\"fas fa-minus\"><\/i><\/span><\/a><\/span><\/div><div class=\"wp-block-getwid-accordion__content-wrapper\"><div class=\"wp-block-getwid-accordion__content\">\n<p><strong>Edifici d\u2019E. Infantil i Prim\u00e0ria: <\/strong><\/p>\n\n\n\n<p>Dimarts de 8:00h a 12:00h<br>Divendres de 8:00h a 14:00h<\/p>\n\n\n\n<p><strong>Edifici de Secund\u00e0ria: <\/strong><\/p>\n\n\n\n<p>Dilluns d\u201911:05h a 12:40h<br>Dimecres d\u201911:05h a 12:40h i de 13:35h a 14:30h<br>Dijous de 8h a 8:55h, de 10:10h a 11:05h i d\u201912:10h a 12:40h<\/p>\n<\/div><\/div>\n\n\n\n<div class=\"wp-block-getwid-accordion__header-wrapper\"><span class=\"wp-block-getwid-accordion__header\"><a href=\"#\"><span class=\"wp-block-getwid-accordion__header-title\">Horari administraci\u00f3<\/span><span class=\"wp-block-getwid-accordion__icon is-active\"><i class=\"fas fa-plus\"><\/i><\/span><span class=\"wp-block-getwid-accordion__icon is-passive\"><i class=\"fas fa-minus\"><\/i><\/span><\/a><\/span><\/div><div class=\"wp-block-getwid-accordion__content-wrapper\"><div class=\"wp-block-getwid-accordion__content\">\n<p><strong>Edifici d\u2019E. Infantil i Prim\u00e0ria: <\/strong><\/p>\n\n\n\n<p>Dilluns, dimarts i dijous de 9h a 12:30h i de 15h a 16:30h<br>Dimecres de 9h a 14.30h<br>Divendres tamb\u00e9 de 9 a 15h<\/p>\n\n\n\n<p><\/p>\n<\/div><\/div>\n\n\n\n<div class=\"wp-block-getwid-accordion__header-wrapper\"><span class=\"wp-block-getwid-accordion__header\"><a href=\"#\"><span class=\"wp-block-getwid-accordion__header-title\">Horari consergeria<\/span><span class=\"wp-block-getwid-accordion__icon is-active\"><i class=\"fas fa-plus\"><\/i><\/span><span class=\"wp-block-getwid-accordion__icon is-passive\"><i class=\"fas fa-minus\"><\/i><\/span><\/a><\/span><\/div><div class=\"wp-block-getwid-accordion__content-wrapper\"><div class=\"wp-block-getwid-accordion__content\">\n<p><strong>Edifici Secund\u00e0ria<\/strong><\/p>\n\n\n\n<p>Dilluns de 7:45 a 14:30h  i de 15:00 a 16:30h<br>De Dimarts a divendres de 7:45 a 15:00h<\/p>\n<\/div><\/div>\n<\/div>\n<\/div><\/div>\n\n\n\n<div class=\"wp-block-getwid-tabs__nav-link\"><span class=\"wp-block-getwid-tabs__title-wrapper\"><a href=\"#\"><span class=\"wp-block-getwid-tabs__title\">Butllet\u00ed informatiu<\/span><\/a><\/span><\/div><div class=\"wp-block-getwid-tabs__tab-content-wrapper\"><div class=\"wp-block-getwid-tabs__tab-content\">\n<div data-wp-interactive=\"core\/file\" class=\"wp-block-file\"><object data-wp-bind--hidden=\"!state.hasPdfPreview\" hidden class=\"wp-block-file__embed\" data=\"https:\/\/agora.xtec.cat\/iesantjoan\/wp-content\/uploads\/usu382\/2025\/09\/BUTLLETI-INFORMATIU-25-26.docx-16-1.pdf\" type=\"application\/pdf\" style=\"width:100%;height:600px\" aria-label=\"Incrustaci\u00f3 del fitxer BUTLLET\u00cd  INFORMATIU 25-26.docx (16) (1).\"><\/object><a id=\"wp-block-file--media-90dc65a2-59d9-45b6-8408-ae81e1f6831a\" href=\"https:\/\/agora.xtec.cat\/iesantjoan\/wp-content\/uploads\/usu382\/2025\/09\/BUTLLETI-INFORMATIU-25-26.docx-16-1.pdf\">BUTLLET\u00cd  INFORMATIU 25-26.docx (16) (1)<\/a><a href=\"https:\/\/agora.xtec.cat\/iesantjoan\/wp-content\/uploads\/usu382\/2025\/09\/BUTLLETI-INFORMATIU-25-26.docx-16-1.pdf\" class=\"wp-block-file__button wp-element-button\" download aria-describedby=\"wp-block-file--media-90dc65a2-59d9-45b6-8408-ae81e1f6831a\">Baixa<\/a><\/div>\n<\/div><\/div>\n<\/div>\n\n\n\n<p><\/p>\n","protected":false},"excerpt":{"rendered":"","protected":false},"author":1,"featured_media":0,"parent":0,"menu_order":0,"comment_status":"closed","ping_status":"closed","template":"","meta":{"_bbp_topic_count":0,"_bbp_reply_count":0,"_bbp_total_topic_count":0,"_bbp_total_reply_count":0,"_bbp_voice_count":0,"_bbp_anonymous_reply_count":0,"_bbp_topic_count_hidden":0,"_bbp_reply_count_hidden":0,"_bbp_forum_subforum_count":0,"site-sidebar-layout":"default","site-content-layout":"","ast-site-content-layout":"default","site-content-style":"default","site-sidebar-style":"default","ast-global-header-display":"","ast-banner-title-visibility":"","ast-main-header-display":"","ast-hfb-above-header-display":"","ast-hfb-below-header-display":"","ast-hfb-mobile-header-display":"","site-post-title":"","ast-breadcrumbs-content":"","ast-featured-img":"","footer-sml-layout":"","theme-transparent-header-meta":"","adv-header-id-meta":"","stick-header-meta":"","header-above-stick-meta":"","header-main-stick-meta":"","header-below-stick-meta":"","astra-migrate-meta-layouts":"set","ast-page-background-enabled":"default","ast-page-background-meta":{"desktop":{"background-color":"var(--ast-global-color-4)","background-image":"","background-repeat":"repeat","background-position":"center center","background-size":"auto","background-attachment":"scroll","background-type":"","background-media":"","overlay-type":"","overlay-color":"","overlay-opacity":"","overlay-gradient":""},"tablet":{"background-color":"","background-image":"","background-repeat":"repeat","background-position":"center center","background-size":"auto","background-attachment":"scroll","background-type":"","background-media":"","overlay-type":"","overlay-color":"","overlay-opacity":"","overlay-gradient":""},"mobile":{"background-color":"","background-image":"","background-repeat":"repeat","background-position":"center center","background-size":"auto","background-attachment":"scroll","background-type":"","background-media":"","overlay-type":"","overlay-color":"","overlay-opacity":"","overlay-gradient":""}},"ast-content-background-meta":{"desktop":{"background-color":"var(--ast-global-color-5)","background-image":"","background-repeat":"repeat","background-position":"center center","background-size":"auto","background-attachment":"scroll","background-type":"","background-media":"","overlay-type":"","overlay-color":"","overlay-opacity":"","overlay-gradient":""},"tablet":{"background-color":"var(--ast-global-color-5)","background-image":"","background-repeat":"repeat","background-position":"center center","background-size":"auto","background-attachment":"scroll","background-type":"","background-media":"","overlay-type":"","overlay-color":"","overlay-opacity":"","overlay-gradient":""},"mobile":{"background-color":"var(--ast-global-color-5)","background-image":"","background-repeat":"repeat","background-position":"center center","background-size":"auto","background-attachment":"scroll","background-type":"","background-media":"","overlay-type":"","overlay-color":"","overlay-opacity":"","overlay-gradient":""}},"footnotes":""},"class_list":["post-81","page","type-page","status-publish","hentry"],"post_mailing_queue_ids":[],"_links":{"self":[{"href":"https:\/\/agora.xtec.cat\/iesantjoan\/wp-json\/wp\/v2\/pages\/81","targetHints":{"allow":["GET"]}}],"collection":[{"href":"https:\/\/agora.xtec.cat\/iesantjoan\/wp-json\/wp\/v2\/pages"}],"about":[{"href":"https:\/\/agora.xtec.cat\/iesantjoan\/wp-json\/wp\/v2\/types\/page"}],"author":[{"embeddable":true,"href":"https:\/\/agora.xtec.cat\/iesantjoan\/wp-json\/wp\/v2\/users\/1"}],"replies":[{"embeddable":true,"href":"https:\/\/agora.xtec.cat\/iesantjoan\/wp-json\/wp\/v2\/comments?post=81"}],"version-history":[{"count":5,"href":"https:\/\/agora.xtec.cat\/iesantjoan\/wp-json\/wp\/v2\/pages\/81\/revisions"}],"predecessor-version":[{"id":16646,"href":"https:\/\/agora.xtec.cat\/iesantjoan\/wp-json\/wp\/v2\/pages\/81\/revisions\/16646"}],"wp:attachment":[{"href":"https:\/\/agora.xtec.cat\/iesantjoan\/wp-json\/wp\/v2\/media?parent=81"}],"curies":[{"name":"wp","href":"https:\/\/api.w.org\/{rel}","templated":true}]}}