{"id":65,"date":"2014-09-18T10:12:22","date_gmt":"2014-09-18T10:12:22","guid":{"rendered":"http:\/\/agora.xtec.cat\/iesantjoan\/?page_id=65"},"modified":"2018-04-11T17:52:13","modified_gmt":"2018-04-11T15:52:13","slug":"serveis-digitals","status":"publish","type":"page","link":"https:\/\/agora.xtec.cat\/iesantjoan\/serveis\/serveis-digitals\/","title":{"rendered":"Serveis digitals"},"content":{"rendered":"<p style=\"color: #444444;\">L\u2019oferta de\u00a0<strong>serveis\u00a0digitals<\/strong>\u00a0constitueix un element\u00a0molt important de l\u2019engranatge d\u2019un centre educatiu. En aquesta p\u00e0gina hi trobareu l&#8217;aula virtual del centre, enlla\u00e7os als blocs del centre, els generals i el de cada classe i enlla\u00e7os a p\u00e0gines d&#8217;inter\u00e8s per a la comunitat educativa:<\/p>\n<ul>\n<li style=\"color: #444444;\"><a href=\"http:\/\/agora.xtec.cat\/iesantjoan\/moodle\/\" target=\"_blank\" rel=\"noopener noreferrer\">Moodle d&#8217;\u00c0gora<\/a><\/li>\n<li style=\"color: #444444;\">Blocs:\n<ul>\n<li style=\"color: #444444;\"><a href=\"http:\/\/bloc.iesantjoandelesabadesses.cat\/\" target=\"_blank\" rel=\"noopener noreferrer\">General<\/a><\/li>\n<li style=\"color: #444444;\"><a href=\"http:\/\/lletresdeciencies.blogspot.com\" target=\"_blank\" rel=\"noopener noreferrer\">Les lletres de les ci\u00e8ncies: bloc del Pla lector cient\u00edfic (ESO)<\/a><\/li>\n<li style=\"color: #444444;\">De classe:\n<ul>\n<li style=\"color: #444444;\"><a href=\"http:\/\/iemandreu2002.blogspot.com\">Promoci\u00f3 2002<\/a><\/li>\n<li style=\"color: #444444;\"><a href=\"http:\/\/iemandreu2003.blogspot.com\">Promoci\u00f3 2003<\/a><\/li>\n<li style=\"color: #444444;\"><a href=\"http:\/\/iemandreu2004.blogspot.com\">Promoci\u00f3 2004<\/a><\/li>\n<li style=\"color: #444444;\"><a href=\"http:\/\/iemandreu2005.blogspot.com\">Promoci\u00f3 2005<\/a><\/li>\n<li style=\"color: #444444;\"><a href=\"http:\/\/iemandreu2006.blogspot.com\">Promoci\u00f3 2006<\/a><\/li>\n<li style=\"color: #444444;\"><a href=\"https:\/\/iemandreu2007.blogspot.com\">Promoci\u00f3 2007<\/a><\/li>\n<li style=\"color: #444444;\"><a href=\"https:\/\/iemandreu2008.blogspot.com\">Promoci\u00f3 2008<\/a><\/li>\n<li style=\"color: #444444;\"><a href=\"https:\/\/iemandreu2009.blogspot.com\">Promoci\u00f3 2009<\/a><\/li>\n<li style=\"color: #444444;\"><a href=\"https:\/\/iemandreu2010.blogspot.com\">Promoci\u00f3 2010<\/a><\/li>\n<li style=\"color: #444444;\"><a href=\"https:\/\/iemandreu2011.blogspot.com\">Promoci\u00f3 2011<\/a><\/li>\n<li style=\"color: #444444;\"><a href=\"https:\/\/iemandreu2012.blogspot.com\">Promoci\u00f3 2012<\/a><\/li>\n<li style=\"color: #444444;\"><a href=\"https:\/\/iemandreu2013.blogspot.com\">Promoci\u00f3 2013<\/a><\/li>\n<li style=\"color: #444444;\"><a href=\"https:\/\/iemandreu2014.blogspot.com\">Promoci\u00f3 2014<\/a><\/li>\n<\/ul>\n<\/li>\n<li style=\"color: #444444;\">De caire pedag\u00f2gic<\/li>\n<\/ul>\n<\/li>\n<\/ul>\n","protected":false},"excerpt":{"rendered":"<p>L\u2019oferta de\u00a0serveis\u00a0digitals\u00a0constitueix un element\u00a0molt important de l\u2019engranatge d\u2019un centre educatiu. En aquesta p\u00e0gina hi trobareu l&#8217;aula virtual del centre, enlla\u00e7os [&hellip;]<\/p>\n","protected":false},"author":1,"featured_media":0,"parent":63,"menu_order":10,"comment_status":"closed","ping_status":"closed","template":"page-templates\/side-menu.php","meta":{"_bbp_topic_count":0,"_bbp_reply_count":0,"_bbp_total_topic_count":0,"_bbp_total_reply_count":0,"_bbp_voice_count":0,"_bbp_anonymous_reply_count":0,"_bbp_topic_count_hidden":0,"_bbp_reply_count_hidden":0,"_bbp_forum_subforum_count":0,"site-sidebar-layout":"default","site-content-layout":"","ast-site-content-layout":"","site-content-style":"default","site-sidebar-style":"default","ast-global-header-display":"","ast-banner-title-visibility":"","ast-main-header-display":"","ast-hfb-above-header-display":"","ast-hfb-below-header-display":"","ast-hfb-mobile-header-display":"","site-post-title":"","ast-breadcrumbs-content":"","ast-featured-img":"","footer-sml-layout":"","theme-transparent-header-meta":"","adv-header-id-meta":"","stick-header-meta":"","header-above-stick-meta":"","header-main-stick-meta":"","header-below-stick-meta":"","astra-migrate-meta-layouts":"default","ast-page-background-enabled":"default","ast-page-background-meta":{"desktop":{"background-color":"var(--ast-global-color-4)","background-image":"","background-repeat":"repeat","background-position":"center center","background-size":"auto","background-attachment":"scroll","background-type":"","background-media":"","overlay-type":"","overlay-color":"","overlay-opacity":"","overlay-gradient":""},"tablet":{"background-color":"","background-image":"","background-repeat":"repeat","background-position":"center center","background-size":"auto","background-attachment":"scroll","background-type":"","background-media":"","overlay-type":"","overlay-color":"","overlay-opacity":"","overlay-gradient":""},"mobile":{"background-color":"","background-image":"","background-repeat":"repeat","background-position":"center center","background-size":"auto","background-attachment":"scroll","background-type":"","background-media":"","overlay-type":"","overlay-color":"","overlay-opacity":"","overlay-gradient":""}},"ast-content-background-meta":{"desktop":{"background-color":"var(--ast-global-color-5)","background-image":"","background-repeat":"repeat","background-position":"center center","background-size":"auto","background-attachment":"scroll","background-type":"","background-media":"","overlay-type":"","overlay-color":"","overlay-opacity":"","overlay-gradient":""},"tablet":{"background-color":"var(--ast-global-color-5)","background-image":"","background-repeat":"repeat","background-position":"center center","background-size":"auto","background-attachment":"scroll","background-type":"","background-media":"","overlay-type":"","overlay-color":"","overlay-opacity":"","overlay-gradient":""},"mobile":{"background-color":"var(--ast-global-color-5)","background-image":"","background-repeat":"repeat","background-position":"center center","background-size":"auto","background-attachment":"scroll","background-type":"","background-media":"","overlay-type":"","overlay-color":"","overlay-opacity":"","overlay-gradient":""}},"footnotes":""},"class_list":["post-65","page","type-page","status-publish","hentry"],"post_mailing_queue_ids":[],"_links":{"self":[{"href":"https:\/\/agora.xtec.cat\/iesantjoan\/wp-json\/wp\/v2\/pages\/65","targetHints":{"allow":["GET"]}}],"collection":[{"href":"https:\/\/agora.xtec.cat\/iesantjoan\/wp-json\/wp\/v2\/pages"}],"about":[{"href":"https:\/\/agora.xtec.cat\/iesantjoan\/wp-json\/wp\/v2\/types\/page"}],"author":[{"embeddable":true,"href":"https:\/\/agora.xtec.cat\/iesantjoan\/wp-json\/wp\/v2\/users\/1"}],"replies":[{"embeddable":true,"href":"https:\/\/agora.xtec.cat\/iesantjoan\/wp-json\/wp\/v2\/comments?post=65"}],"version-history":[{"count":4,"href":"https:\/\/agora.xtec.cat\/iesantjoan\/wp-json\/wp\/v2\/pages\/65\/revisions"}],"predecessor-version":[{"id":9154,"href":"https:\/\/agora.xtec.cat\/iesantjoan\/wp-json\/wp\/v2\/pages\/65\/revisions\/9154"}],"up":[{"embeddable":true,"href":"https:\/\/agora.xtec.cat\/iesantjoan\/wp-json\/wp\/v2\/pages\/63"}],"wp:attachment":[{"href":"https:\/\/agora.xtec.cat\/iesantjoan\/wp-json\/wp\/v2\/media?parent=65"}],"curies":[{"name":"wp","href":"https:\/\/api.w.org\/{rel}","templated":true}]}}