{"id":27,"date":"2014-09-17T16:24:03","date_gmt":"2014-09-17T16:24:03","guid":{"rendered":"http:\/\/agora.xtec.cat\/iesantjoan\/?page_id=27"},"modified":"2025-09-13T12:22:41","modified_gmt":"2025-09-13T10:22:41","slug":"historia","status":"publish","type":"page","link":"https:\/\/agora.xtec.cat\/iesantjoan\/linstitut\/historia\/","title":{"rendered":"Hist\u00f2ria"},"content":{"rendered":"<p>L&#8217;Institut Escola Sant Joan de les Abadesses neix el curs 2010\/11 com a resultat de la fusi\u00f3 del CEIP Mestre Andreu i de la SES de Sant Joan. Aquesta darrera prov\u00e9, al seu torn, de l&#8217;escola municipal Abadessa Emma. El curs 2016\/17 rep la seva denominaci\u00f3 actual, <strong>IE Mestre Andreu<\/strong>.<\/p>\n<p>El CEIP Mestre Andreu devia el seu nom al mestre Josep Maria Andreu i Re\u00f1\u00e9, fill de Montblanc i que va exercir la doc\u00e8ncia a Sant Joan de les Abadesses entre 1893 i 1913. De tarann\u00e0 inquiet, incorpor\u00e0 innovadores tend\u00e8ncies pedag\u00f2giques, algunes de les quals conegu\u00e9 de primera m\u00e0 en viatges d&#8217;estudis a It\u00e0lia, Su\u00efssa, B\u00e8lgica i Fran\u00e7a. Una de les actuacions per la qual \u00e9s m\u00e9s recordat a Sant Joan \u00e9s per la instauraci\u00f3 de la Festa de l&#8217;Arbre a 1899, la primera a tot Catalunya, festa que encara avui en dia se celebra.<\/p>\n<figure id=\"attachment_9352\" aria-describedby=\"caption-attachment-9352\" style=\"width: 475px\" class=\"wp-caption alignright\"><a href=\"https:\/\/agora.xtec.cat\/iesantjoan\/wp-content\/uploads\/usu382\/2019\/09\/paticedre.jpg\"><img loading=\"lazy\" decoding=\"async\" class=\" wp-image-9352\" src=\"https:\/\/agora.xtec.cat\/iesantjoan\/wp-content\/uploads\/usu382\/2019\/09\/paticedre.jpg\" alt=\"\" width=\"475\" height=\"356\" srcset=\"https:\/\/agora.xtec.cat\/iesantjoan\/wp-content\/uploads\/usu382\/2019\/09\/paticedre.jpg 640w, https:\/\/agora.xtec.cat\/iesantjoan\/wp-content\/uploads\/usu382\/2019\/09\/paticedre-300x225.jpg 300w, https:\/\/agora.xtec.cat\/iesantjoan\/wp-content\/uploads\/usu382\/2019\/09\/paticedre-200x150.jpg 200w\" sizes=\"auto, (max-width: 475px) 100vw, 475px\" \/><\/a><figcaption id=\"caption-attachment-9352\" class=\"wp-caption-text\"><em>Edifici de l&#8217;escola<\/em><\/figcaption><\/figure>\n<p>L&#8217;edifici de l&#8217;escola, dissenyat per Jeroni Martorell i Terrats, consta de cinc cossos. La torre central, m\u00e9s alta, fa la funci\u00f3 d&#8217;eix de simetria. A banda i banda, hi trobem un cos de tres plantes, mentre que els extrems disposen nom\u00e9s de planta baixa. La primera pedra es va posar el 15 de setembre de 1925. Tot i la sobrietat de la fa\u00e7ana, les formes de les finestres, les arcades de la planta superior, l&#8217;esglaonament de la seva silueta\u00a0 i els acabats de pedra\u00a0 donen un cert car\u00e0cter a l&#8217;edifici.<\/p>\n<p>L&#8217;ESO es va comen\u00e7ar a impartir a l&#8217;antiga escola Abadessa Emma. <a title=\"L'abadessa Emma\" href=\"http:\/\/www.sapiens.cat\/ca\/notices\/2013\/11\/emma-de-barcelona-l-abadessa-repobladora-3829.php\" target=\"_blank\" rel=\"noopener noreferrer\">Emma<\/a>, filla del comte Guifr\u00e9, fou la primera abadessa del monestir de sant Joan. L&#8217;edifici, amb un cert inter\u00e8s hist\u00f2ric i art\u00edstic,\u00a0 t\u00e9 espais d&#8217;\u00e8poques diverses, el m\u00e9s important dels quals \u00e9s el format pel cos principal, dissenyat per Duran i Reynals, d&#8217;estil modernista florent\u00ed. En destaquen les arcades del porxo de l&#8217;entrada i del pati.<\/p>\n<p>El setembre de 2018 estrenem el nou edifici, que provisionalment allotja nom\u00e9s els alumnes de secund\u00e0ria, a la Rambla Bernat Guillem de Samass\u00f3, a la zona de la Colomina del Bac. Esperem que la construcci\u00f3 de les ales d&#8217;infantil i prim\u00e0ria no es demori gaire cursos.<\/p>\n<figure id=\"attachment_9202\" aria-describedby=\"caption-attachment-9202\" style=\"width: 429px\" class=\"wp-caption alignleft\"><a href=\"https:\/\/agora.xtec.cat\/iesantjoan\/wp-content\/uploads\/usu382\/2018\/10\/el-primer-dia-de-classe-a-linstitut-nou.jpg\"><img loading=\"lazy\" decoding=\"async\" class=\"wp-image-9202 \" src=\"https:\/\/agora.xtec.cat\/iesantjoan\/wp-content\/uploads\/usu382\/2018\/10\/el-primer-dia-de-classe-a-linstitut-nou-300x225.jpg\" alt=\"\" width=\"429\" height=\"322\" srcset=\"https:\/\/agora.xtec.cat\/iesantjoan\/wp-content\/uploads\/usu382\/2018\/10\/el-primer-dia-de-classe-a-linstitut-nou-300x225.jpg 300w, https:\/\/agora.xtec.cat\/iesantjoan\/wp-content\/uploads\/usu382\/2018\/10\/el-primer-dia-de-classe-a-linstitut-nou-768x576.jpg 768w, https:\/\/agora.xtec.cat\/iesantjoan\/wp-content\/uploads\/usu382\/2018\/10\/el-primer-dia-de-classe-a-linstitut-nou-1024x768.jpg 1024w, https:\/\/agora.xtec.cat\/iesantjoan\/wp-content\/uploads\/usu382\/2018\/10\/el-primer-dia-de-classe-a-linstitut-nou-200x150.jpg 200w, https:\/\/agora.xtec.cat\/iesantjoan\/wp-content\/uploads\/usu382\/2018\/10\/el-primer-dia-de-classe-a-linstitut-nou.jpg 1252w\" sizes=\"auto, (max-width: 429px) 100vw, 429px\" \/><\/a><figcaption id=\"caption-attachment-9202\" class=\"wp-caption-text\"><em>L&#8217;institut el dia 12 de setembre de 2018<\/em><\/figcaption><\/figure>\n\n\n<p><\/p>\n","protected":false},"excerpt":{"rendered":"<p>L&#8217;Institut Escola Sant Joan de les Abadesses neix el curs 2010\/11 com a resultat de la fusi\u00f3 del CEIP Mestre [&hellip;]<\/p>\n","protected":false},"author":1,"featured_media":0,"parent":19,"menu_order":20,"comment_status":"closed","ping_status":"closed","template":"","meta":{"_bbp_topic_count":0,"_bbp_reply_count":0,"_bbp_total_topic_count":0,"_bbp_total_reply_count":0,"_bbp_voice_count":0,"_bbp_anonymous_reply_count":0,"_bbp_topic_count_hidden":0,"_bbp_reply_count_hidden":0,"_bbp_forum_subforum_count":0,"site-sidebar-layout":"default","site-content-layout":"","ast-site-content-layout":"default","site-content-style":"default","site-sidebar-style":"default","ast-global-header-display":"","ast-banner-title-visibility":"","ast-main-header-display":"","ast-hfb-above-header-display":"","ast-hfb-below-header-display":"","ast-hfb-mobile-header-display":"","site-post-title":"","ast-breadcrumbs-content":"","ast-featured-img":"","footer-sml-layout":"","theme-transparent-header-meta":"","adv-header-id-meta":"","stick-header-meta":"","header-above-stick-meta":"","header-main-stick-meta":"","header-below-stick-meta":"","astra-migrate-meta-layouts":"set","ast-page-background-enabled":"default","ast-page-background-meta":{"desktop":{"background-color":"var(--ast-global-color-4)","background-image":"","background-repeat":"repeat","background-position":"center center","background-size":"auto","background-attachment":"scroll","background-type":"","background-media":"","overlay-type":"","overlay-color":"","overlay-opacity":"","overlay-gradient":""},"tablet":{"background-color":"","background-image":"","background-repeat":"repeat","background-position":"center center","background-size":"auto","background-attachment":"scroll","background-type":"","background-media":"","overlay-type":"","overlay-color":"","overlay-opacity":"","overlay-gradient":""},"mobile":{"background-color":"","background-image":"","background-repeat":"repeat","background-position":"center center","background-size":"auto","background-attachment":"scroll","background-type":"","background-media":"","overlay-type":"","overlay-color":"","overlay-opacity":"","overlay-gradient":""}},"ast-content-background-meta":{"desktop":{"background-color":"var(--ast-global-color-5)","background-image":"","background-repeat":"repeat","background-position":"center center","background-size":"auto","background-attachment":"scroll","background-type":"","background-media":"","overlay-type":"","overlay-color":"","overlay-opacity":"","overlay-gradient":""},"tablet":{"background-color":"var(--ast-global-color-5)","background-image":"","background-repeat":"repeat","background-position":"center center","background-size":"auto","background-attachment":"scroll","background-type":"","background-media":"","overlay-type":"","overlay-color":"","overlay-opacity":"","overlay-gradient":""},"mobile":{"background-color":"var(--ast-global-color-5)","background-image":"","background-repeat":"repeat","background-position":"center center","background-size":"auto","background-attachment":"scroll","background-type":"","background-media":"","overlay-type":"","overlay-color":"","overlay-opacity":"","overlay-gradient":""}},"footnotes":""},"class_list":["post-27","page","type-page","status-publish","hentry"],"post_mailing_queue_ids":[],"_links":{"self":[{"href":"https:\/\/agora.xtec.cat\/iesantjoan\/wp-json\/wp\/v2\/pages\/27","targetHints":{"allow":["GET"]}}],"collection":[{"href":"https:\/\/agora.xtec.cat\/iesantjoan\/wp-json\/wp\/v2\/pages"}],"about":[{"href":"https:\/\/agora.xtec.cat\/iesantjoan\/wp-json\/wp\/v2\/types\/page"}],"author":[{"embeddable":true,"href":"https:\/\/agora.xtec.cat\/iesantjoan\/wp-json\/wp\/v2\/users\/1"}],"replies":[{"embeddable":true,"href":"https:\/\/agora.xtec.cat\/iesantjoan\/wp-json\/wp\/v2\/comments?post=27"}],"version-history":[{"count":3,"href":"https:\/\/agora.xtec.cat\/iesantjoan\/wp-json\/wp\/v2\/pages\/27\/revisions"}],"predecessor-version":[{"id":16615,"href":"https:\/\/agora.xtec.cat\/iesantjoan\/wp-json\/wp\/v2\/pages\/27\/revisions\/16615"}],"up":[{"embeddable":true,"href":"https:\/\/agora.xtec.cat\/iesantjoan\/wp-json\/wp\/v2\/pages\/19"}],"wp:attachment":[{"href":"https:\/\/agora.xtec.cat\/iesantjoan\/wp-json\/wp\/v2\/media?parent=27"}],"curies":[{"name":"wp","href":"https:\/\/api.w.org\/{rel}","templated":true}]}}