{"id":16709,"date":"2025-11-08T19:01:39","date_gmt":"2025-11-08T18:01:39","guid":{"rendered":"https:\/\/agora.xtec.cat\/iesantjoan\/?page_id=16709"},"modified":"2026-03-24T13:35:11","modified_gmt":"2026-03-24T12:35:11","slug":"anem-a-la-radio-curs-25-26","status":"publish","type":"page","link":"https:\/\/agora.xtec.cat\/iesantjoan\/anem-a-la-radio-curs-25-26\/","title":{"rendered":"Anem a la r\u00e0dio. Curs 25-26"},"content":{"rendered":"\n<p>Cada dijous, un grup d&#8217;alumnes anem a la r\u00e0dio <em>La Veu de Sant Joan<\/em> a comentar alguna activitat especial que hem realitzat. All\u00e0 ens espera sempre en Joan Garcia, locutor de la r\u00e0dio, que ens acompanya per poder oferir aquest espai dins del <em>Magaz\u00edn de la Veu<\/em>.<\/p>\n\n\n\n<p>A continuaci\u00f3 podeu escoltar els diferents programes emesos durant aquest curs. Al final, trobareu enlla\u00e7os per escoltar els programes de cursos anteriors.<\/p>\n\n\n\n<h5 class=\"wp-block-heading\">Va passar el president del parlament pel cant\u00f3 i ens va demanar d\u2019on \u00e9rem<\/h5>\n\n\n\n<iframe src=\"https:\/\/www.ivoox.com\/player_ej_170428183_6_1.html?c1=bc122b\" width=\"100%\" height=\"200\" frameborder=\"0\" allowfullscreen=\"\" scrolling=\"no\" loading=\"lazy\"><\/iframe>\n\n\n\n<h5 class=\"wp-block-heading\"><br>L&#8217;alumnat de l&#8217;IE Mestre Andreu, al certamen de lectura en veu alta<\/h5>\n\n\n\n<iframe src=\"https:\/\/www.ivoox.com\/player_ej_170020988_6_1.html?c1=bc122b\" width=\"100%\" height=\"200\" frameborder=\"0\" allowfullscreen=\"\" scrolling=\"no\" loading=\"lazy\"><\/iframe>\n\n\n\n<h5 class=\"wp-block-heading\">Els infants d&#8217;infantil i prim\u00e0ria ens parlen del carnestoltes<\/h5>\n\n\n\n<iframe src=\"https:\/\/www.ivoox.com\/player_ej_169767045_6_1.html?c1=bc122b\" width=\"100%\" height=\"200\" frameborder=\"0\" allowfullscreen=\"\" scrolling=\"no\" loading=\"lazy\"><\/iframe>\n\n\n\n<h5 class=\"wp-block-heading\">L\u2019alumnat de 2n d\u2019ESO actuar\u00e0 a l\u2019espectacle UAP! d\u2019enguany<\/h5>\n\n\n\n<iframe src=\"https:\/\/www.ivoox.com\/player_ej_168708305_6_1.html?c1=bc122b\" width=\"100%\" height=\"200\" frameborder=\"0\" allowfullscreen=\"\" scrolling=\"no\" loading=\"lazy\"><\/iframe>\n\n\n\n<h5 class=\"wp-block-heading\">El pati com a espai de conflicte i oportunitat<\/h5>\n\n\n\n<iframe src=\"https:\/\/www.ivoox.com\/player_ej_167923626_6_1.html?c1=bc122b\" width=\"100%\" height=\"200\" frameborder=\"0\" allowfullscreen=\"\" scrolling=\"no\" loading=\"lazy\"><\/iframe>\n\n\n\n<h5 class=\"wp-block-heading\">Anem a esquiar amb l\u2019alumnat de l\u2019IE Mestre Andreu<\/h5>\n\n\n\n<iframe src=\"https:\/\/www.ivoox.com\/player_ej_166867964_6_1.html?c1=bc122b\" width=\"100%\" height=\"200\" frameborder=\"0\" allowfullscreen=\"\" scrolling=\"no\" loading=\"lazy\"><\/iframe>\n\n\n\n<h5 class=\"wp-block-heading\">\u201c\u00c9s un moment per tu\u201d: alumnes expliquen el valor del diari reflexiu<\/h5>\n\n\n\n<iframe src=\"https:\/\/www.ivoox.com\/player_ej_167176634_6_1.html?c1=bc122b\" width=\"100%\" height=\"200\" frameborder=\"0\" allowfullscreen=\"\" scrolling=\"no\" loading=\"lazy\"><\/iframe>\n\n\n\n<h5 class=\"wp-block-heading\">Alumnat de secund\u00e0ria ens explica com han fet educaci\u00f3 f\u00edsica aquests mesos sense pavell\u00f3<\/h5>\n\n\n\n<iframe src=\"https:\/\/www.ivoox.com\/player_ej_167553419_6_1.html?c1=bc122b\" width=\"100%\" height=\"200\" frameborder=\"0\" allowfullscreen=\"\" scrolling=\"no\" loading=\"lazy\"><\/iframe>\n\n\n\n<h5 class=\"wp-block-heading\">L\u2019Alumnat de l\u2019IE Mestre Andreu es carteja amb infants de l\u2019\u00cdndia<\/h5>\n\n\n\n<iframe src=\"https:\/\/www.ivoox.com\/player_ej_166215821_6_1.html\" width=\"100%\" height=\"200\" frameborder=\"0\" allowfullscreen=\"\" scrolling=\"no\" loading=\"lazy\"><\/iframe>\n\n\n\n<h5 class=\"wp-block-heading\">Alumnes de diversos cursos de l&#8217;IE Mestre Andreu ens expliquen com celebren el Nadal&#8230;i ens regalen alguna can\u00e7\u00f3<\/h5>\n\n\n\n<iframe src=\"https:\/\/www.ivoox.com\/player_ej_166228079_6_1.html\" width=\"100%\" height=\"200\" frameborder=\"0\" allowfullscreen=\"\" scrolling=\"no\" loading=\"lazy\"><\/iframe>\n\n\n\n<h5 class=\"wp-block-heading\">L\u2019alumnat de 4t ens parla de la hist\u00f2ria de l\u2019Anna Frank<\/h5>\n\n\n\n<iframe src=\"https:\/\/www.ivoox.com\/player_ej_164294097_6_1.html\" width=\"100%\" height=\"200\" frameborder=\"0\" allowfullscreen=\"\" scrolling=\"no\" loading=\"lazy\"><\/iframe>\n\n\n\n<h5 class=\"wp-block-heading\">L&#8217;alumnat de secund\u00e0ria escull &#8220;Saget&#8221; com a neologisme de l&#8217;any<\/h5>\n\n\n\n<iframe src=\"https:\/\/www.ivoox.com\/player_ej_163810055_6_1.html\" width=\"100%\" height=\"200\" frameborder=\"0\" allowfullscreen=\"\" scrolling=\"no\" loading=\"lazy\"><\/iframe>\n\n\n\n<h5 class=\"wp-block-heading\">L&#8217;alumnat de Secund\u00e0ria va dedicar el 25N a lluitar contra la viol\u00e8ncia vic\u00e0ria<\/h5>\n\n\n\n<iframe src=\"https:\/\/www.ivoox.com\/player_ej_163376776_6_1.html\" width=\"100%\" height=\"200\" frameborder=\"0\" allowfullscreen=\"\" scrolling=\"no\" loading=\"lazy\"><\/iframe>\n\n\n\n<h5 class=\"wp-block-heading\">L&#8217;alumnat d&#8217;i5 ens parla de la tardor i de la sortida al Mol\u00ed Petit<\/h5>\n\n\n\n<iframe src=\"https:\/\/www.ivoox.com\/player_ej_163041384_6_1.html\" width=\"100%\" height=\"200\" frameborder=\"0\" allowfullscreen=\"\" scrolling=\"no\" loading=\"lazy\"><\/iframe>\n\n\n\n<h5 class=\"wp-block-heading\">Regidors i regidores del Consistori Juvenil ens expliquen el seu any de mandat<\/h5>\n\n\n\n<iframe src=\"https:\/\/www.ivoox.com\/player_ej_162590445_6_1.html?c1=bc122b\" width=\"100%\" height=\"200\" frameborder=\"0\" allowfullscreen=\"\" scrolling=\"no\" loading=\"lazy\"><\/iframe>\n\n\n\n<h5 class=\"wp-block-heading\">L&#8217;alumnat de 1r d&#8217;ESO ens presenta el seu projecte pel programa Art i Escola<\/h5>\n\n\n\n<iframe src=\"https:\/\/www.ivoox.com\/player_ej_161609757_6_1.html?c1=bc122b\" width=\"100%\" height=\"200\" frameborder=\"0\" allowfullscreen=\"\" scrolling=\"no\" loading=\"lazy\"><\/iframe>\n\n\n\n<h5 class=\"wp-block-heading\">L&#8217;alumnat de secund\u00e0ria ens parla de les sortides a l&#8217;entorn<\/h5>\n\n\n\n<iframe src=\"https:\/\/www.ivoox.com\/player_ej_162001336_6_1.html\" width=\"100%\" height=\"200\" frameborder=\"0\" allowfullscreen=\"\" scrolling=\"no\" loading=\"lazy\"><\/iframe>\n\n\n\n<h5 class=\"wp-block-heading\">Castanyeres tem\u00e0tiques i balls a la castanyada d&#8217;infantil i prim\u00e0ria<\/h5>\n\n\n\n<iframe src=\"https:\/\/www.ivoox.com\/player_ej_162001432_6_1.html?c1=bc122b\" width=\"100%\" height=\"200\" frameborder=\"0\" allowfullscreen=\"\" scrolling=\"no\" loading=\"lazy\"><\/iframe>\n\n\n\n<h5 class=\"wp-block-heading\">L&#8217;alumnat de 5\u00e8 de prim\u00e0ria ens parla del Cros de les escoles<\/h5>\n\n\n\n<iframe src=\"https:\/\/www.ivoox.com\/player_ej_161235898_6_1.html?c1=bc122b\" width=\"100%\" height=\"200\" frameborder=\"0\" allowfullscreen=\"\" scrolling=\"no\" loading=\"lazy\"><\/iframe>\n\n\n\n<h5 class=\"wp-block-heading\">Perseguim rastres pel bosc amb l&#8217;alumnat de 2n de prim\u00e0ria<\/h5>\n\n\n\n<iframe src=\"https:\/\/www.ivoox.com\/player_ej_160867895_6_1.html?c1=bc122b\" width=\"100%\" height=\"200\" frameborder=\"0\" allowfullscreen=\"\" scrolling=\"no\" loading=\"lazy\"><\/iframe>\n\n\n\n<h5 class=\"wp-block-heading\">La Sol i l&#8217;Hiba ens expliquen l&#8217;aturada que van fer per denunciar la situaci\u00f3 a Palestina<\/h5>\n\n\n\n<iframe src=\"https:\/\/www.ivoox.com\/player_ej_159377838_6_1.html\" width=\"100%\" height=\"200\" frameborder=\"0\" allowfullscreen=\"\" scrolling=\"no\" loading=\"lazy\"><\/iframe>\n\n\n\n<h5 class=\"wp-block-heading\">L&#8217;alumnat de 3r de Prim\u00e0ria ens parla de la Font d&#8217;en Roca<\/h5>\n\n\n\n<iframe src=\"https:\/\/www.ivoox.com\/player_ej_160053519_6_1.html?c1=bc122b\" width=\"100%\" height=\"200\" frameborder=\"0\" allowfullscreen=\"\" scrolling=\"no\" loading=\"lazy\"><\/iframe>\n\n\n\n<h5 class=\"wp-block-heading\">L&#8217;alumnat de Secund\u00e0ria ens explica com l&#8217;escola fomenta la lectura<\/h5>\n\n\n\n<iframe src=\"https:\/\/www.ivoox.com\/player_ej_160426436_6_1.html?c1=bc122b\" width=\"100%\" height=\"200\" frameborder=\"0\" allowfullscreen=\"\" scrolling=\"no\" loading=\"lazy\"><\/iframe>\n\n\n\n<h6 class=\"wp-block-heading\"><a href=\"https:\/\/agora.xtec.cat\/iesantjoan\/anem-a-la-radio-curs-2024-2025\/\">Programes emesos el curs 2024-2025<\/a><\/h6>\n\n\n\n<h6 class=\"wp-block-heading\"><a href=\"https:\/\/agora.xtec.cat\/iesantjoan\/anem-a-la-radio-curs-2023-2024-2\/\">Programes emesos el curs 2023-2024<\/a><\/h6>\n\n\n\n<h6 class=\"wp-block-heading\"><a href=\"https:\/\/agora.xtec.cat\/iesantjoan\/anem-a-la-radio-curs-2021-2022\/\">Programes emesos el curs 2021-2022<\/a><\/h6>\n\n\n\n<h6 class=\"wp-block-heading\"><a href=\"https:\/\/agora.xtec.cat\/iesantjoan\/anem-a-la-radio-curs-2020-21\/\">Programes emesos el curs 2020-2021<\/a><\/h6>\n\n\n\n<p><\/p>\n","protected":false},"excerpt":{"rendered":"<p>Cada dijous, un grup d&#8217;alumnes anem a la r\u00e0dio La Veu de Sant Joan a comentar alguna activitat especial que [&hellip;]<\/p>\n","protected":false},"author":4,"featured_media":0,"parent":0,"menu_order":0,"comment_status":"closed","ping_status":"close","template":"","meta":{"_bbp_topic_count":0,"_bbp_reply_count":0,"_bbp_total_topic_count":0,"_bbp_total_reply_count":0,"_bbp_voice_count":0,"_bbp_anonymous_reply_count":0,"_bbp_topic_count_hidden":0,"_bbp_reply_count_hidden":0,"_bbp_forum_subforum_count":0,"site-sidebar-layout":"default","site-content-layout":"","ast-site-content-layout":"default","site-content-style":"default","site-sidebar-style":"default","ast-global-header-display":"","ast-banner-title-visibility":"","ast-main-header-display":"","ast-hfb-above-header-display":"","ast-hfb-below-header-display":"","ast-hfb-mobile-header-display":"","site-post-title":"","ast-breadcrumbs-content":"","ast-featured-img":"","footer-sml-layout":"","theme-transparent-header-meta":"","adv-header-id-meta":"","stick-header-meta":"","header-above-stick-meta":"","header-main-stick-meta":"","header-below-stick-meta":"","astra-migrate-meta-layouts":"set","ast-page-background-enabled":"default","ast-page-background-meta":{"desktop":{"background-color":"var(--ast-global-color-4)","background-image":"","background-repeat":"repeat","background-position":"center center","background-size":"auto","background-attachment":"scroll","background-type":"","background-media":"","overlay-type":"","overlay-color":"","overlay-opacity":"","overlay-gradient":""},"tablet":{"background-color":"","background-image":"","background-repeat":"repeat","background-position":"center center","background-size":"auto","background-attachment":"scroll","background-type":"","background-media":"","overlay-type":"","overlay-color":"","overlay-opacity":"","overlay-gradient":""},"mobile":{"background-color":"","background-image":"","background-repeat":"repeat","background-position":"center center","background-size":"auto","background-attachment":"scroll","background-type":"","background-media":"","overlay-type":"","overlay-color":"","overlay-opacity":"","overlay-gradient":""}},"ast-content-background-meta":{"desktop":{"background-color":"var(--ast-global-color-5)","background-image":"","background-repeat":"repeat","background-position":"center center","background-size":"auto","background-attachment":"scroll","background-type":"","background-media":"","overlay-type":"","overlay-color":"","overlay-opacity":"","overlay-gradient":""},"tablet":{"background-color":"var(--ast-global-color-5)","background-image":"","background-repeat":"repeat","background-position":"center center","background-size":"auto","background-attachment":"scroll","background-type":"","background-media":"","overlay-type":"","overlay-color":"","overlay-opacity":"","overlay-gradient":""},"mobile":{"background-color":"var(--ast-global-color-5)","background-image":"","background-repeat":"repeat","background-position":"center center","background-size":"auto","background-attachment":"scroll","background-type":"","background-media":"","overlay-type":"","overlay-color":"","overlay-opacity":"","overlay-gradient":""}},"footnotes":""},"class_list":["post-16709","page","type-page","status-publish","hentry"],"post_mailing_queue_ids":[],"_links":{"self":[{"href":"https:\/\/agora.xtec.cat\/iesantjoan\/wp-json\/wp\/v2\/pages\/16709","targetHints":{"allow":["GET"]}}],"collection":[{"href":"https:\/\/agora.xtec.cat\/iesantjoan\/wp-json\/wp\/v2\/pages"}],"about":[{"href":"https:\/\/agora.xtec.cat\/iesantjoan\/wp-json\/wp\/v2\/types\/page"}],"author":[{"embeddable":true,"href":"https:\/\/agora.xtec.cat\/iesantjoan\/wp-json\/wp\/v2\/users\/4"}],"replies":[{"embeddable":true,"href":"https:\/\/agora.xtec.cat\/iesantjoan\/wp-json\/wp\/v2\/comments?post=16709"}],"version-history":[{"count":6,"href":"https:\/\/agora.xtec.cat\/iesantjoan\/wp-json\/wp\/v2\/pages\/16709\/revisions"}],"predecessor-version":[{"id":16767,"href":"https:\/\/agora.xtec.cat\/iesantjoan\/wp-json\/wp\/v2\/pages\/16709\/revisions\/16767"}],"wp:attachment":[{"href":"https:\/\/agora.xtec.cat\/iesantjoan\/wp-json\/wp\/v2\/media?parent=16709"}],"curies":[{"name":"wp","href":"https:\/\/api.w.org\/{rel}","templated":true}]}}