{"id":16111,"date":"2025-02-26T18:02:05","date_gmt":"2025-02-26T17:02:05","guid":{"rendered":"https:\/\/agora.xtec.cat\/iesantjoan\/?page_id=16111"},"modified":"2025-03-04T09:41:04","modified_gmt":"2025-03-04T08:41:04","slug":"projectes-3","status":"publish","type":"page","link":"https:\/\/agora.xtec.cat\/iesantjoan\/projectes-3\/","title":{"rendered":"Projectes"},"content":{"rendered":"\n<div class=\"wp-block-columns is-layout-flex wp-container-core-columns-is-layout-1 wp-block-columns-is-layout-flex\" style=\"border-style:none;border-width:0px;border-radius:0px;margin-top:var(--wp--preset--spacing--30);margin-bottom:var(--wp--preset--spacing--30);padding-top:var(--wp--preset--spacing--30);padding-right:var(--wp--preset--spacing--30);padding-bottom:var(--wp--preset--spacing--30);padding-left:var(--wp--preset--spacing--30)\">\n<div class=\"wp-block-column is-layout-flow wp-block-column-is-layout-flow\">\n<h2 class=\"wp-block-heading has-text-align-left has-large-font-size\">#aqu\u00edproubullying<\/h2>\n\n\n\n<figure class=\"wp-block-image size-full is-resized\"><a href=\"https:\/\/agora.xtec.cat\/iesantjoan\/wp-content\/uploads\/usu382\/2025\/02\/aqui-prou-bullying.jpg\"><img loading=\"lazy\" decoding=\"async\" width=\"316\" height=\"315\" src=\"https:\/\/agora.xtec.cat\/iesantjoan\/wp-content\/uploads\/usu382\/2025\/02\/aqui-prou-bullying.jpg\" alt=\"\" class=\"wp-image-16227\" style=\"width:277px;height:auto\" srcset=\"https:\/\/agora.xtec.cat\/iesantjoan\/wp-content\/uploads\/usu382\/2025\/02\/aqui-prou-bullying.jpg 316w, https:\/\/agora.xtec.cat\/iesantjoan\/wp-content\/uploads\/usu382\/2025\/02\/aqui-prou-bullying-300x300.jpg 300w, https:\/\/agora.xtec.cat\/iesantjoan\/wp-content\/uploads\/usu382\/2025\/02\/aqui-prou-bullying-150x150.jpg 150w\" sizes=\"auto, (max-width: 316px) 100vw, 316px\" \/><\/a><\/figure>\n\n\n\n<div style=\"height:68px\" aria-hidden=\"true\" class=\"wp-block-spacer\"><\/div>\n\n\n\n<p>El Programa d\u2019innovaci\u00f3 pedag\u00f2gica #aquiproubullying, impulsat per la Direcci\u00f3 General d&#8217;Atenci\u00f3 a la Fam\u00edlia i Comunitat Educativa, busca millorar la conviv\u00e8ncia i prevenir l&#8217;assetjament escolar mitjan\u00e7ant el benestar emocional i la sensibilitzaci\u00f3.<\/p>\n\n\n\n<div class=\"wp-block-buttons is-layout-flex wp-block-buttons-is-layout-flex\">\n<div class=\"wp-block-button\"><a class=\"wp-block-button__link has-text-align-center wp-element-button\" href=\"https:\/\/xtec.gencat.cat\/ca\/centres\/projeducatiu\/convivencia\/aquiproubullying\/\">M\u00e9s informaci\u00f3<\/a><\/div>\n<\/div>\n<\/div>\n\n\n\n<div class=\"wp-block-column is-layout-flow wp-block-column-is-layout-flow\">\n<h2 class=\"wp-block-heading has-text-align-left has-large-font-size\">Programa de Recerca, Creaci\u00f3 i Servei (RCS)<\/h2>\n\n\n\n<figure class=\"wp-block-image size-full\"><a href=\"https:\/\/agora.xtec.cat\/iesantjoan\/wp-content\/uploads\/usu382\/2025\/02\/RCS.jpg\"><img loading=\"lazy\" decoding=\"async\" width=\"412\" height=\"199\" src=\"https:\/\/agora.xtec.cat\/iesantjoan\/wp-content\/uploads\/usu382\/2025\/02\/RCS.jpg\" alt=\"\" class=\"wp-image-16229\" srcset=\"https:\/\/agora.xtec.cat\/iesantjoan\/wp-content\/uploads\/usu382\/2025\/02\/RCS.jpg 412w, https:\/\/agora.xtec.cat\/iesantjoan\/wp-content\/uploads\/usu382\/2025\/02\/RCS-300x145.jpg 300w\" sizes=\"auto, (max-width: 412px) 100vw, 412px\" \/><\/a><\/figure>\n\n\n\n<div style=\"height:100px\" aria-hidden=\"true\" class=\"wp-block-spacer\"><\/div>\n\n\n\n<p>El Programa Recerca, Creaci\u00f3 i Servei fomenta els&nbsp;<strong>aprenentatges competencials<\/strong>&nbsp;a partir de reptes derivats de necessitats que plantegen&nbsp;<strong>entitats de l\u2019entorn<\/strong>&nbsp;i que es concreten en l\u2019elaboraci\u00f3 de productes i serveis culturals. Aplica a tot l\u2019alumnat de 3r o de 4t d\u2019ESO en les hores de gesti\u00f3 aut\u00f2noma del curr\u00edculum.<\/p>\n\n\n\n<div class=\"wp-block-buttons is-layout-flex wp-block-buttons-is-layout-flex\">\n<div class=\"wp-block-button\"><a class=\"wp-block-button__link has-text-align-center wp-element-button\" href=\"https:\/\/projectes.xtec.cat\/nou-curriculum\/educacio-basica\/programes-innovacio\/programa-de-recerca-creacio-i-servei-rcs\/\">M\u00e9s informaci\u00f3<\/a><\/div>\n<\/div>\n<\/div>\n\n\n\n<div class=\"wp-block-column is-layout-flow wp-block-column-is-layout-flow\">\n<h2 class=\"wp-block-heading has-text-align-left has-large-font-size\">Art i Escola<\/h2>\n\n\n\n<figure class=\"wp-block-image size-full\"><a href=\"https:\/\/agora.xtec.cat\/iesantjoan\/wp-content\/uploads\/usu382\/2025\/02\/art-i-escola.jpg\"><img loading=\"lazy\" decoding=\"async\" width=\"346\" height=\"292\" src=\"https:\/\/agora.xtec.cat\/iesantjoan\/wp-content\/uploads\/usu382\/2025\/02\/art-i-escola.jpg\" alt=\"\" class=\"wp-image-16230\" srcset=\"https:\/\/agora.xtec.cat\/iesantjoan\/wp-content\/uploads\/usu382\/2025\/02\/art-i-escola.jpg 346w, https:\/\/agora.xtec.cat\/iesantjoan\/wp-content\/uploads\/usu382\/2025\/02\/art-i-escola-300x253.jpg 300w\" sizes=\"auto, (max-width: 346px) 100vw, 346px\" \/><\/a><\/figure>\n\n\n\n<div style=\"height:46px\" aria-hidden=\"true\" class=\"wp-block-spacer\"><\/div>\n\n\n\n<p><strong>ART i ESCOLA<\/strong>&nbsp;\u00e9s un programa que t\u00e9 com a fita promoure i posar en valor la pres\u00e8ncia de l\u2019art a les escoles. Est\u00e0 impulsat per&nbsp;<strong>ACVIC Centre d\u2019Arts Contempor\u00e0nies&nbsp;<\/strong>i el&nbsp;<strong>Centre de Recursos Pedag\u00f2gics d\u2019Osona<\/strong>.<\/p>\n\n\n\n<div class=\"wp-block-buttons is-layout-flex wp-block-buttons-is-layout-flex\">\n<div class=\"wp-block-button\"><a class=\"wp-block-button__link has-text-align-center wp-element-button\" href=\"https:\/\/www.artiescola.cat\/ca\/qu%C3%A8-%C3%A9s\/qu%C3%A8-%C3%A9s-art-i-escola\">M\u00e9s informaci\u00f3<\/a><\/div>\n<\/div>\n<\/div>\n<\/div>\n\n\n\n<div class=\"wp-block-columns is-layout-flex wp-container-core-columns-is-layout-2 wp-block-columns-is-layout-flex\" style=\"border-style:none;border-width:0px;border-radius:0px;margin-top:var(--wp--preset--spacing--30);margin-bottom:var(--wp--preset--spacing--30);padding-top:var(--wp--preset--spacing--30);padding-right:var(--wp--preset--spacing--30);padding-bottom:var(--wp--preset--spacing--30);padding-left:var(--wp--preset--spacing--30)\">\n<div class=\"wp-block-column is-layout-flow wp-block-column-is-layout-flow\">\n<h2 class=\"wp-block-heading has-text-align-left has-large-font-size\">Equinoter\u00e0pia<\/h2>\n\n\n\n<figure class=\"wp-block-image size-large\"><a href=\"https:\/\/agora.xtec.cat\/iesantjoan\/wp-content\/uploads\/usu382\/2024\/10\/equinoterapia-1.jpg\"><img loading=\"lazy\" decoding=\"async\" width=\"1024\" height=\"1024\" src=\"https:\/\/agora.xtec.cat\/iesantjoan\/wp-content\/uploads\/usu382\/2024\/10\/equinoterapia-1-1024x1024.jpg\" alt=\"\" class=\"wp-image-15833\" srcset=\"https:\/\/agora.xtec.cat\/iesantjoan\/wp-content\/uploads\/usu382\/2024\/10\/equinoterapia-1-1024x1024.jpg 1024w, https:\/\/agora.xtec.cat\/iesantjoan\/wp-content\/uploads\/usu382\/2024\/10\/equinoterapia-1-300x300.jpg 300w, https:\/\/agora.xtec.cat\/iesantjoan\/wp-content\/uploads\/usu382\/2024\/10\/equinoterapia-1-150x150.jpg 150w, https:\/\/agora.xtec.cat\/iesantjoan\/wp-content\/uploads\/usu382\/2024\/10\/equinoterapia-1-768x768.jpg 768w, https:\/\/agora.xtec.cat\/iesantjoan\/wp-content\/uploads\/usu382\/2024\/10\/equinoterapia-1.jpg 1080w\" sizes=\"auto, (max-width: 1024px) 100vw, 1024px\" \/><\/a><\/figure>\n\n\n\n<div style=\"height:68px\" aria-hidden=\"true\" class=\"wp-block-spacer\"><\/div>\n\n\n\n<p><strong>L\u2019equinoter\u00e0pia\u00a0<\/strong>\u00e9s un m\u00e8tode terap\u00e8utic que utilitza el\u00a0<strong>cavall<\/strong>\u00a0i les\u00a0<strong>t\u00e8cniques d\u2019equitaci\u00f3<\/strong>\u00a0dins l\u2019abordatge interdeciplinari de les \u00e0rees de salut i educaci\u00f3, \u00a0i busca la rehabilitaci\u00f3, \u00a0la\u00a0<strong>integraci\u00f3<\/strong>\u00a0i el desenvolupament f\u00edsic, psicol\u00f2gic, emocional i social de les persones.<\/p>\n\n\n\n<div class=\"wp-block-buttons is-layout-flex wp-block-buttons-is-layout-flex\">\n<div class=\"wp-block-button\"><a class=\"wp-block-button__link has-text-align-center wp-element-button\" href=\"https:\/\/www.margineradelabosa.cat\/ca\/equinoterapia\/\u00e7\">M\u00e9s informaci\u00f3<\/a><\/div>\n<\/div>\n<\/div>\n\n\n\n<div class=\"wp-block-column is-layout-flow wp-block-column-is-layout-flow\">\n<h2 class=\"wp-block-heading has-text-align-left has-large-font-size\">La Veu de l&#8217;escola<\/h2>\n\n\n\n<figure class=\"wp-block-image size-full\"><a href=\"https:\/\/agora.xtec.cat\/iesantjoan\/wp-content\/uploads\/usu382\/2025\/03\/image.png\"><img loading=\"lazy\" decoding=\"async\" width=\"1000\" height=\"1000\" src=\"https:\/\/agora.xtec.cat\/iesantjoan\/wp-content\/uploads\/usu382\/2025\/03\/image.png\" alt=\"\" class=\"wp-image-16297\" srcset=\"https:\/\/agora.xtec.cat\/iesantjoan\/wp-content\/uploads\/usu382\/2025\/03\/image.png 1000w, https:\/\/agora.xtec.cat\/iesantjoan\/wp-content\/uploads\/usu382\/2025\/03\/image-300x300.png 300w, https:\/\/agora.xtec.cat\/iesantjoan\/wp-content\/uploads\/usu382\/2025\/03\/image-150x150.png 150w, https:\/\/agora.xtec.cat\/iesantjoan\/wp-content\/uploads\/usu382\/2025\/03\/image-768x768.png 768w\" sizes=\"auto, (max-width: 1000px) 100vw, 1000px\" \/><\/a><\/figure>\n\n\n\n<div style=\"height:100px\" aria-hidden=\"true\" class=\"wp-block-spacer\"><\/div>\n\n\n\n<p>Cada dijous l&#8217;alumnat de l&#8217;institut escola va a la r\u00e0dio &#8220;La Veu de Sant Joan&#8221; per explicar les activitats i els projectes que es duen a terme durant el curs.<\/p>\n\n\n\n<div class=\"wp-block-buttons is-layout-flex wp-block-buttons-is-layout-flex\">\n<div class=\"wp-block-button\"><a class=\"wp-block-button__link has-text-align-center wp-element-button\" href=\"https:\/\/agora.xtec.cat\/iesantjoan\/anem-a-la-radio-curs-2024-2025\/\">M\u00e9s informaci\u00f3<\/a><\/div>\n<\/div>\n<\/div>\n\n\n\n<div class=\"wp-block-column is-layout-flow wp-block-column-is-layout-flow\">\n<h2 class=\"wp-block-heading has-text-align-left has-large-font-size\"><\/h2>\n\n\n\n<div style=\"height:46px\" aria-hidden=\"true\" class=\"wp-block-spacer\"><\/div>\n\n\n\n<p><\/p>\n<\/div>\n<\/div>\n","protected":false},"excerpt":{"rendered":"<p>#aqu\u00edproubullying El Programa d\u2019innovaci\u00f3 pedag\u00f2gica #aquiproubullying, impulsat per la Direcci\u00f3 General d&#8217;Atenci\u00f3 a la Fam\u00edlia i Comunitat Educativa, busca millorar [&hellip;]<\/p>\n","protected":false},"author":4,"featured_media":0,"parent":0,"menu_order":0,"comment_status":"closed","ping_status":"close","template":"","meta":{"_bbp_topic_count":0,"_bbp_reply_count":0,"_bbp_total_topic_count":0,"_bbp_total_reply_count":0,"_bbp_voice_count":0,"_bbp_anonymous_reply_count":0,"_bbp_topic_count_hidden":0,"_bbp_reply_count_hidden":0,"_bbp_forum_subforum_count":0,"site-sidebar-layout":"default","site-content-layout":"","ast-site-content-layout":"default","site-content-style":"default","site-sidebar-style":"default","ast-global-header-display":"","ast-banner-title-visibility":"","ast-main-header-display":"","ast-hfb-above-header-display":"","ast-hfb-below-header-display":"","ast-hfb-mobile-header-display":"","site-post-title":"","ast-breadcrumbs-content":"","ast-featured-img":"","footer-sml-layout":"","theme-transparent-header-meta":"","adv-header-id-meta":"","stick-header-meta":"","header-above-stick-meta":"","header-main-stick-meta":"","header-below-stick-meta":"","astra-migrate-meta-layouts":"set","ast-page-background-enabled":"default","ast-page-background-meta":{"desktop":{"background-color":"var(--ast-global-color-4)","background-image":"","background-repeat":"repeat","background-position":"center center","background-size":"auto","background-attachment":"scroll","background-type":"","background-media":"","overlay-type":"","overlay-color":"","overlay-opacity":"","overlay-gradient":""},"tablet":{"background-color":"","background-image":"","background-repeat":"repeat","background-position":"center center","background-size":"auto","background-attachment":"scroll","background-type":"","background-media":"","overlay-type":"","overlay-color":"","overlay-opacity":"","overlay-gradient":""},"mobile":{"background-color":"","background-image":"","background-repeat":"repeat","background-position":"center center","background-size":"auto","background-attachment":"scroll","background-type":"","background-media":"","overlay-type":"","overlay-color":"","overlay-opacity":"","overlay-gradient":""}},"ast-content-background-meta":{"desktop":{"background-color":"var(--ast-global-color-5)","background-image":"","background-repeat":"repeat","background-position":"center center","background-size":"auto","background-attachment":"scroll","background-type":"","background-media":"","overlay-type":"","overlay-color":"","overlay-opacity":"","overlay-gradient":""},"tablet":{"background-color":"var(--ast-global-color-5)","background-image":"","background-repeat":"repeat","background-position":"center center","background-size":"auto","background-attachment":"scroll","background-type":"","background-media":"","overlay-type":"","overlay-color":"","overlay-opacity":"","overlay-gradient":""},"mobile":{"background-color":"var(--ast-global-color-5)","background-image":"","background-repeat":"repeat","background-position":"center center","background-size":"auto","background-attachment":"scroll","background-type":"","background-media":"","overlay-type":"","overlay-color":"","overlay-opacity":"","overlay-gradient":""}},"footnotes":""},"class_list":["post-16111","page","type-page","status-publish","hentry"],"post_mailing_queue_ids":[],"_links":{"self":[{"href":"https:\/\/agora.xtec.cat\/iesantjoan\/wp-json\/wp\/v2\/pages\/16111","targetHints":{"allow":["GET"]}}],"collection":[{"href":"https:\/\/agora.xtec.cat\/iesantjoan\/wp-json\/wp\/v2\/pages"}],"about":[{"href":"https:\/\/agora.xtec.cat\/iesantjoan\/wp-json\/wp\/v2\/types\/page"}],"author":[{"embeddable":true,"href":"https:\/\/agora.xtec.cat\/iesantjoan\/wp-json\/wp\/v2\/users\/4"}],"replies":[{"embeddable":true,"href":"https:\/\/agora.xtec.cat\/iesantjoan\/wp-json\/wp\/v2\/comments?post=16111"}],"version-history":[{"count":5,"href":"https:\/\/agora.xtec.cat\/iesantjoan\/wp-json\/wp\/v2\/pages\/16111\/revisions"}],"predecessor-version":[{"id":16300,"href":"https:\/\/agora.xtec.cat\/iesantjoan\/wp-json\/wp\/v2\/pages\/16111\/revisions\/16300"}],"wp:attachment":[{"href":"https:\/\/agora.xtec.cat\/iesantjoan\/wp-json\/wp\/v2\/media?parent=16111"}],"curies":[{"name":"wp","href":"https:\/\/api.w.org\/{rel}","templated":true}]}}