{"id":13561,"date":"2022-09-14T08:41:12","date_gmt":"2022-09-14T06:41:12","guid":{"rendered":"https:\/\/agora.xtec.cat\/iesantjoan\/?page_id=13561"},"modified":"2025-03-04T09:41:07","modified_gmt":"2025-03-04T08:41:07","slug":"comissio-mediambiental","status":"publish","type":"page","link":"https:\/\/agora.xtec.cat\/iesantjoan\/comissio-mediambiental\/","title":{"rendered":"Comissi\u00f3 mediambiental i pati"},"content":{"rendered":"<p style=\"text-align: justify;\"><img loading=\"lazy\" decoding=\"async\" class=\"wp-image-13563 alignright\" src=\"https:\/\/agora.xtec.cat\/iesantjoan\/wp-content\/uploads\/usu382\/2022\/09\/1662717556396-225x300.jpg\" alt=\"\" width=\"257\" height=\"342\" srcset=\"https:\/\/agora.xtec.cat\/iesantjoan\/wp-content\/uploads\/usu382\/2022\/09\/1662717556396-225x300.jpg 225w, https:\/\/agora.xtec.cat\/iesantjoan\/wp-content\/uploads\/usu382\/2022\/09\/1662717556396-768x1024.jpg 768w, https:\/\/agora.xtec.cat\/iesantjoan\/wp-content\/uploads\/usu382\/2022\/09\/1662717556396-1152x1536.jpg 1152w, https:\/\/agora.xtec.cat\/iesantjoan\/wp-content\/uploads\/usu382\/2022\/09\/1662717556396.jpg 1500w\" sizes=\"auto, (max-width: 257px) 100vw, 257px\" \/>Amb l\u2019objectiu de dissenyar tot un seguit d\u2019actuacions per millorar el funcionament del centre a nivell mediambiental i de millora dels h\u00e0bits saludables, el curs passat 2021-22 vam crear la Comissi\u00f3 mediambiental de l\u2019IE Mestre Andreu. Aquest primer curs vam focalitzar les actuacions en aspectes com la reducci\u00f3 de residus i el seu correcte reciclatge i de l\u2019alimentaci\u00f3 saludable. Aquesta Comissi\u00f3 es reuneix de manera peri\u00f2dica per anar articulant activitats diverses i valorar-ne l\u2019aplicaci\u00f3.<\/p>\n<p style=\"text-align: justify;\">Aquesta\u00a0 Comissi\u00f3 est\u00e0 integrada per representants de les fam\u00edlies, de l\u2019alumnat, de l\u2019Ajuntament de Sant Joan de les Abadesses, del professorat i de l\u2019equip directiu, per tal de treballar de manera coordinada i efectiva.<\/p>\n<p style=\"text-align: justify;\">Aquest nou curs 2022-23 continuem treballant. Hem iniciat les classes amb l\u2019\u00fas de tovallons de roba i la higiene dental a les hores de menjador (escola). A l\u2019ESO, tot l\u2019alumnat disposa d&#8217;un &#8220;porta entrepans&#8221; (Boc&#8217;n\u2019Roll).<\/p>\n<p><img loading=\"lazy\" decoding=\"async\" class=\" wp-image-13564 alignleft\" src=\"https:\/\/agora.xtec.cat\/iesantjoan\/wp-content\/uploads\/usu382\/2022\/09\/1662645401977-225x300.jpg\" alt=\"\" width=\"277\" height=\"369\" srcset=\"https:\/\/agora.xtec.cat\/iesantjoan\/wp-content\/uploads\/usu382\/2022\/09\/1662645401977-225x300.jpg 225w, https:\/\/agora.xtec.cat\/iesantjoan\/wp-content\/uploads\/usu382\/2022\/09\/1662645401977-768x1024.jpg 768w, https:\/\/agora.xtec.cat\/iesantjoan\/wp-content\/uploads\/usu382\/2022\/09\/1662645401977-1152x1536.jpg 1152w, https:\/\/agora.xtec.cat\/iesantjoan\/wp-content\/uploads\/usu382\/2022\/09\/1662645401977.jpg 1200w\" sizes=\"auto, (max-width: 277px) 100vw, 277px\" \/>\u00a0 <img loading=\"lazy\" decoding=\"async\" class=\"wp-image-13565 alignleft\" src=\"https:\/\/agora.xtec.cat\/iesantjoan\/wp-content\/uploads\/usu382\/2022\/09\/1662645402009.resized-267x300.jpg\" alt=\"\" width=\"331\" height=\"373\" srcset=\"https:\/\/agora.xtec.cat\/iesantjoan\/wp-content\/uploads\/usu382\/2022\/09\/1662645402009.resized-267x300.jpg 267w, https:\/\/agora.xtec.cat\/iesantjoan\/wp-content\/uploads\/usu382\/2022\/09\/1662645402009.resized.jpg 683w\" sizes=\"auto, (max-width: 331px) 100vw, 331px\" \/> <img loading=\"lazy\" decoding=\"async\" class=\"wp-image-13566 alignleft\" src=\"https:\/\/agora.xtec.cat\/iesantjoan\/wp-content\/uploads\/usu382\/2022\/09\/1662645401994.resized-300x257.jpg\" alt=\"\" width=\"373\" height=\"320\" srcset=\"https:\/\/agora.xtec.cat\/iesantjoan\/wp-content\/uploads\/usu382\/2022\/09\/1662645401994.resized-300x257.jpg 300w, https:\/\/agora.xtec.cat\/iesantjoan\/wp-content\/uploads\/usu382\/2022\/09\/1662645401994.resized-768x658.jpg 768w, https:\/\/agora.xtec.cat\/iesantjoan\/wp-content\/uploads\/usu382\/2022\/09\/1662645401994.resized.jpg 897w\" sizes=\"auto, (max-width: 373px) 100vw, 373px\" \/><\/p>\n","protected":false},"excerpt":{"rendered":"<p>Amb l\u2019objectiu de dissenyar tot un seguit d\u2019actuacions per millorar el funcionament del centre a nivell mediambiental i de millora [&hellip;]<\/p>\n","protected":false},"author":4,"featured_media":0,"parent":0,"menu_order":0,"comment_status":"closed","ping_status":"closed","template":"","meta":{"_bbp_topic_count":0,"_bbp_reply_count":0,"_bbp_total_topic_count":0,"_bbp_total_reply_count":0,"_bbp_voice_count":0,"_bbp_anonymous_reply_count":0,"_bbp_topic_count_hidden":0,"_bbp_reply_count_hidden":0,"_bbp_forum_subforum_count":0,"site-sidebar-layout":"default","site-content-layout":"","ast-site-content-layout":"default","site-content-style":"default","site-sidebar-style":"default","ast-global-header-display":"","ast-banner-title-visibility":"","ast-main-header-display":"","ast-hfb-above-header-display":"","ast-hfb-below-header-display":"","ast-hfb-mobile-header-display":"","site-post-title":"","ast-breadcrumbs-content":"","ast-featured-img":"","footer-sml-layout":"","theme-transparent-header-meta":"","adv-header-id-meta":"","stick-header-meta":"","header-above-stick-meta":"","header-main-stick-meta":"","header-below-stick-meta":"","astra-migrate-meta-layouts":"set","ast-page-background-enabled":"default","ast-page-background-meta":{"desktop":{"background-color":"var(--ast-global-color-4)","background-image":"","background-repeat":"repeat","background-position":"center center","background-size":"auto","background-attachment":"scroll","background-type":"","background-media":"","overlay-type":"","overlay-color":"","overlay-opacity":"","overlay-gradient":""},"tablet":{"background-color":"","background-image":"","background-repeat":"repeat","background-position":"center center","background-size":"auto","background-attachment":"scroll","background-type":"","background-media":"","overlay-type":"","overlay-color":"","overlay-opacity":"","overlay-gradient":""},"mobile":{"background-color":"","background-image":"","background-repeat":"repeat","background-position":"center center","background-size":"auto","background-attachment":"scroll","background-type":"","background-media":"","overlay-type":"","overlay-color":"","overlay-opacity":"","overlay-gradient":""}},"ast-content-background-meta":{"desktop":{"background-color":"var(--ast-global-color-5)","background-image":"","background-repeat":"repeat","background-position":"center center","background-size":"auto","background-attachment":"scroll","background-type":"","background-media":"","overlay-type":"","overlay-color":"","overlay-opacity":"","overlay-gradient":""},"tablet":{"background-color":"var(--ast-global-color-5)","background-image":"","background-repeat":"repeat","background-position":"center center","background-size":"auto","background-attachment":"scroll","background-type":"","background-media":"","overlay-type":"","overlay-color":"","overlay-opacity":"","overlay-gradient":""},"mobile":{"background-color":"var(--ast-global-color-5)","background-image":"","background-repeat":"repeat","background-position":"center center","background-size":"auto","background-attachment":"scroll","background-type":"","background-media":"","overlay-type":"","overlay-color":"","overlay-opacity":"","overlay-gradient":""}},"footnotes":""},"class_list":["post-13561","page","type-page","status-publish","hentry"],"post_mailing_queue_ids":[],"_links":{"self":[{"href":"https:\/\/agora.xtec.cat\/iesantjoan\/wp-json\/wp\/v2\/pages\/13561","targetHints":{"allow":["GET"]}}],"collection":[{"href":"https:\/\/agora.xtec.cat\/iesantjoan\/wp-json\/wp\/v2\/pages"}],"about":[{"href":"https:\/\/agora.xtec.cat\/iesantjoan\/wp-json\/wp\/v2\/types\/page"}],"author":[{"embeddable":true,"href":"https:\/\/agora.xtec.cat\/iesantjoan\/wp-json\/wp\/v2\/users\/4"}],"replies":[{"embeddable":true,"href":"https:\/\/agora.xtec.cat\/iesantjoan\/wp-json\/wp\/v2\/comments?post=13561"}],"version-history":[{"count":4,"href":"https:\/\/agora.xtec.cat\/iesantjoan\/wp-json\/wp\/v2\/pages\/13561\/revisions"}],"predecessor-version":[{"id":16308,"href":"https:\/\/agora.xtec.cat\/iesantjoan\/wp-json\/wp\/v2\/pages\/13561\/revisions\/16308"}],"wp:attachment":[{"href":"https:\/\/agora.xtec.cat\/iesantjoan\/wp-json\/wp\/v2\/media?parent=13561"}],"curies":[{"name":"wp","href":"https:\/\/api.w.org\/{rel}","templated":true}]}}