{"id":937,"date":"2016-11-02T11:13:59","date_gmt":"2016-11-02T10:13:59","guid":{"rendered":"http:\/\/agora.xtec.cat\/ceip-santesteve\/?page_id=937"},"modified":"2026-01-28T00:25:08","modified_gmt":"2026-01-27T23:25:08","slug":"escola-sistemica","status":"publish","type":"page","link":"https:\/\/agora.xtec.cat\/iesantesteve\/projectes-de-centre\/escola-sistemica\/","title":{"rendered":"Institut Escola Sist\u00e8mica"},"content":{"rendered":"<h6 style=\"text-align: justify;\">Tothom forma part de diferents sistemes que s\u2019interrelacionen i la comunitat educativa del Sant Esteve \u00e9s un d\u2019ells.<\/h6>\n<h6 style=\"text-align: justify;\">Totes les persones som importants i imprescindibles:\u00a0 infants, fam\u00edlies, mestres, personal administratiu, monitoratge, conserge i equip de neteja.<\/h6>\n<h6 style=\"text-align: justify;\">Formem part de la xarxa d\u2019aquest sistema en el que viatgem\u00a0 conjuntament acompanyant als aut\u00e8ntics protagonistes de l\u2019escola, les nenes i els nens.<\/h6>\n<h6 style=\"text-align: justify;\">Els infants, el seu context particular, els seus vincles familiars m\u00e9s importants, arriben, a trav\u00e9s de l\u2019escola,\u00a0 a un nou espai de conflu\u00e8ncia\u00a0 d\u2019altres sistemes i realitats: altres lleng\u00fces, cultures, models familiars&#8230;<\/h6>\n<h6 style=\"text-align: justify;\"><strong>La nostra feina<\/strong> \u00e9s facilitar la creaci\u00f3 d\u2019un context social de benestar a partir del qual els infants descobreixin el plaer i l\u2019inter\u00e8s per :<\/h6>\n<h6 style=\"text-align: justify;\">Aprendre a conviure, compartir, expressar i acceptar desitjos i frustracions, descobrir, experimentar, crear solucions reals davant les dificultats quotidianes, en resum\u00a0 aprendre a aprendre.<\/h6>\n<h6 style=\"text-align: justify;\"><strong>El nostre desig <\/strong>\u00e9s afavorir un ambient a on els infants puguin construir la seva pr\u00f2pia identitat, \u00fanica en relaci\u00f3 amb tots els qui comparteix el proc\u00e9s de cr\u00e9ixer.<\/h6>\n<h6 style=\"text-align: justify;\">Descobrir i ser part\u00edcip de la realitat del m\u00f3n.<\/h6>\n<h6 style=\"text-align: justify;\">Aprendre i cr\u00e9ixer amb una mirada \u00e0mplia, integrant totes les \u00e0rees humanes, emocionals, biol\u00f2giques i cognitives.<\/h6>\n<h6 style=\"text-align: justify;\"><strong>Eduquem<\/strong> des de la mirada inclusiva que acull i accepta a cada alumne amb la seva hist\u00f2ria, les seves arrels i el seu context familiar a qui sempre \u00e9s lleial.<\/h6>\n<h6 style=\"text-align: justify;\"><strong>Respectem<\/strong> l\u2019ordre i el lloc de cadasc\u00fa, per tal que es pugui fer la millor tasca; el que pertoca com a alumnat, fam\u00edlies i professionals de la comunitat educativa.<\/h6>\n<h6 style=\"text-align: justify;\"><strong>Treballem<\/strong> amb la il\u00b7lusi\u00f3 d\u2019enriquir-nos conjuntament en l\u2019\u00e0mbit hum\u00e0 i professional.<\/h6>\n<h6 style=\"text-align: justify;\">Benvinguts i benvingudes a l\u2019IE Sant Esteve !<\/h6>\n<h6 style=\"text-align: justify;\">Clica l&#8217;enlla\u00e7 per accedir al bloc de l&#8217;escola sist\u00e8mica &#8221; <a href=\"http:\/\/sistemica-santesteve.blogspot.com\/\" target=\"_blank\" rel=\"noopener noreferrer\">MIRAR AMB BONS ULLS<\/a>&#8220;<\/h6>\n","protected":false},"excerpt":{"rendered":"<p>Tothom forma part de diferents sistemes que s\u2019interrelacionen i la comunitat educativa del Sant Esteve \u00e9s un d\u2019ells. Totes les persones som importants i imprescindibles:\u00a0 infants, fam\u00edlies, mestres, personal administratiu, monitoratge, conserge i equip de neteja. Formem part de la xarxa d\u2019aquest sistema en el que viatgem\u00a0 conjuntament acompanyant als aut\u00e8ntics protagonistes de l\u2019escola, les [&hellip;]<\/p>\n","protected":false},"author":1,"featured_media":0,"parent":31589,"menu_order":60,"comment_status":"closed","ping_status":"closed","template":"","meta":{"site-sidebar-layout":"default","site-content-layout":"","ast-site-content-layout":"default","site-content-style":"default","site-sidebar-style":"default","ast-global-header-display":"","ast-banner-title-visibility":"","ast-main-header-display":"","ast-hfb-above-header-display":"","ast-hfb-below-header-display":"","ast-hfb-mobile-header-display":"","site-post-title":"","ast-breadcrumbs-content":"","ast-featured-img":"","footer-sml-layout":"","theme-transparent-header-meta":"default","adv-header-id-meta":"","stick-header-meta":"","header-above-stick-meta":"","header-main-stick-meta":"","header-below-stick-meta":"","astra-migrate-meta-layouts":"set","ast-page-background-enabled":"default","ast-page-background-meta":{"desktop":{"background-color":"var(--ast-global-color-4)","background-image":"","background-repeat":"repeat","background-position":"center center","background-size":"auto","background-attachment":"scroll","background-type":"","background-media":"","overlay-type":"","overlay-color":"","overlay-opacity":"","overlay-gradient":""},"tablet":{"background-color":"","background-image":"","background-repeat":"repeat","background-position":"center center","background-size":"auto","background-attachment":"scroll","background-type":"","background-media":"","overlay-type":"","overlay-color":"","overlay-opacity":"","overlay-gradient":""},"mobile":{"background-color":"","background-image":"","background-repeat":"repeat","background-position":"center center","background-size":"auto","background-attachment":"scroll","background-type":"","background-media":"","overlay-type":"","overlay-color":"","overlay-opacity":"","overlay-gradient":""}},"ast-content-background-meta":{"desktop":{"background-color":"var(--ast-global-color-5)","background-image":"","background-repeat":"repeat","background-position":"center center","background-size":"auto","background-attachment":"scroll","background-type":"","background-media":"","overlay-type":"","overlay-color":"","overlay-opacity":"","overlay-gradient":""},"tablet":{"background-color":"var(--ast-global-color-5)","background-image":"","background-repeat":"repeat","background-position":"center center","background-size":"auto","background-attachment":"scroll","background-type":"","background-media":"","overlay-type":"","overlay-color":"","overlay-opacity":"","overlay-gradient":""},"mobile":{"background-color":"var(--ast-global-color-5)","background-image":"","background-repeat":"repeat","background-position":"center center","background-size":"auto","background-attachment":"scroll","background-type":"","background-media":"","overlay-type":"","overlay-color":"","overlay-opacity":"","overlay-gradient":""}},"footnotes":""},"class_list":["post-937","page","type-page","status-publish","hentry"],"post_mailing_queue_ids":[],"_links":{"self":[{"href":"https:\/\/agora.xtec.cat\/iesantesteve\/wp-json\/wp\/v2\/pages\/937","targetHints":{"allow":["GET"]}}],"collection":[{"href":"https:\/\/agora.xtec.cat\/iesantesteve\/wp-json\/wp\/v2\/pages"}],"about":[{"href":"https:\/\/agora.xtec.cat\/iesantesteve\/wp-json\/wp\/v2\/types\/page"}],"author":[{"embeddable":true,"href":"https:\/\/agora.xtec.cat\/iesantesteve\/wp-json\/wp\/v2\/users\/1"}],"replies":[{"embeddable":true,"href":"https:\/\/agora.xtec.cat\/iesantesteve\/wp-json\/wp\/v2\/comments?post=937"}],"version-history":[{"count":3,"href":"https:\/\/agora.xtec.cat\/iesantesteve\/wp-json\/wp\/v2\/pages\/937\/revisions"}],"predecessor-version":[{"id":21508,"href":"https:\/\/agora.xtec.cat\/iesantesteve\/wp-json\/wp\/v2\/pages\/937\/revisions\/21508"}],"up":[{"embeddable":true,"href":"https:\/\/agora.xtec.cat\/iesantesteve\/wp-json\/wp\/v2\/pages\/31589"}],"wp:attachment":[{"href":"https:\/\/agora.xtec.cat\/iesantesteve\/wp-json\/wp\/v2\/media?parent=937"}],"curies":[{"name":"wp","href":"https:\/\/api.w.org\/{rel}","templated":true}]}}