{"id":73,"date":"2014-09-18T14:01:51","date_gmt":"2014-09-18T13:01:51","guid":{"rendered":"http:\/\/agora.xtec.cat\/ceip-santesteve\/?page_id=73"},"modified":"2026-05-10T21:20:07","modified_gmt":"2026-05-10T19:20:07","slug":"ampa","status":"publish","type":"page","link":"https:\/\/agora.xtec.cat\/iesantesteve\/ampa\/","title":{"rendered":"AFA"},"content":{"rendered":"<p style=\"text-align: justify;\"><span style=\"font-family: Arial, sans-serif;\">L\u2019AFA \u00e9s l\u2019organitzaci\u00f3 que tenen les fam\u00edlies per intervenir i cooperar en el centre educatiu on estudien els seus fills i filles.<\/span><\/p>\n<p style=\"text-align: justify;\">L\u2019AFA est\u00e0 formada per tots els pares i mares de l\u2019alumnat que est\u00e0 escolaritzat a l\u2019Institut Escola Sant Esteve i que abonen la quota per ser-ne membres.<\/p>\n<p style=\"text-align: justify;\">Treballem dins i fora del centre educatiu per tal de millorar l\u2019ensenyament i l\u2019educaci\u00f3 dels infants i joves, des de l\u2019etapa d\u2019educaci\u00f3 infantil fins a l\u2019educaci\u00f3 secund\u00e0ria obligat\u00f2ria. \u00c9s per aix\u00f2 que som membres de la Federaci\u00f3 d\u2019Associacions de Fam\u00edlies d\u2019Alumnes de Catalunya (aFFaC) i formem part de la Federaci\u00f3 d\u2019AFAs de Castellar del Vall\u00e8s.<\/p>\n<p style=\"text-align: justify;\">Aquesta associaci\u00f3 t\u00e9 una direcci\u00f3, anomenada Junta, que est\u00e0 formada per pares i mares que, de manera altruista, gestionen els recursos de l\u2019entitat i representen totes les fam\u00edlies davant de tercers.<\/p>\n<p style=\"text-align: justify;\">Si voleu m\u00e9s informaci\u00f3 sobre la composici\u00f3 de l&#8217;AFA, podeu trobar-la al dossier informatiu.<\/p>\n<table style=\"border-collapse: collapse; width: 100%;\">\n<tbody>\n<tr>\n<td style=\"width: 20%; text-align: center;\"><a href=\"https:\/\/drive.google.com\/file\/d\/15jYXBtplZ0av5fW_UWDcS-ubo-UIWC7p\/view\" target=\"_blank\" rel=\"noopener\"><span style=\"color: #800080;\"><strong>DOSSIER BENVINGUDA<\/strong><\/span><\/a><\/td>\n<td style=\"width: 20%; text-align: center;\"><a href=\"https:\/\/agora.xtec.cat\/iesantesteve\/ampa\/menu-menjador-curs-25-26\/\" target=\"_blank\" rel=\"noopener\"><span style=\"color: #800080;\"><strong>MENJADOR<\/strong><\/span><\/a><\/td>\n<td style=\"width: 20%; text-align: center;\"><a href=\"https:\/\/agora.xtec.cat\/iesantesteve\/ampa\/acollida\/\" target=\"_blank\" rel=\"noopener\"><strong><span style=\"color: #800080;\">ACOLLIDA<\/span><\/strong><\/a><\/td>\n<td style=\"width: 20%; text-align: center;\"><a href=\"https:\/\/agora.xtec.cat\/iesantesteve\/ampa\/extraescolars\/\" target=\"_blank\" rel=\"noopener\"><span style=\"color: #800080;\"><strong>EXTRAESCOLARS<\/strong><\/span><\/a><\/td>\n<td style=\"width: 20%; text-align: center;\"><a href=\"https:\/\/agora.xtec.cat\/iesantesteve\/ampa\/estevet-2\/\" target=\"_blank\" rel=\"noopener\"><span style=\"color: #800080;\"><strong>ESTEVET<\/strong><\/span><\/a><\/td>\n<\/tr>\n<\/tbody>\n<\/table>\n","protected":false},"excerpt":{"rendered":"<p>L\u2019AFA \u00e9s l\u2019organitzaci\u00f3 que tenen les fam\u00edlies per intervenir i cooperar en el centre educatiu on estudien els seus fills i filles. L\u2019AFA est\u00e0 formada per tots els pares i mares de l\u2019alumnat que est\u00e0 escolaritzat a l\u2019Institut Escola Sant Esteve i que abonen la quota per ser-ne membres. Treballem dins i fora del centre [&hellip;]<\/p>\n","protected":false},"author":1,"featured_media":0,"parent":0,"menu_order":0,"comment_status":"closed","ping_status":"closed","template":"","meta":{"site-sidebar-layout":"default","site-content-layout":"","ast-site-content-layout":"default","site-content-style":"default","site-sidebar-style":"default","ast-global-header-display":"","ast-banner-title-visibility":"","ast-main-header-display":"","ast-hfb-above-header-display":"","ast-hfb-below-header-display":"","ast-hfb-mobile-header-display":"","site-post-title":"","ast-breadcrumbs-content":"","ast-featured-img":"","footer-sml-layout":"","theme-transparent-header-meta":"default","adv-header-id-meta":"","stick-header-meta":"","header-above-stick-meta":"","header-main-stick-meta":"","header-below-stick-meta":"","astra-migrate-meta-layouts":"set","ast-page-background-enabled":"default","ast-page-background-meta":{"desktop":{"background-color":"var(--ast-global-color-4)","background-image":"","background-repeat":"repeat","background-position":"center center","background-size":"auto","background-attachment":"scroll","background-type":"","background-media":"","overlay-type":"","overlay-color":"","overlay-opacity":"","overlay-gradient":""},"tablet":{"background-color":"","background-image":"","background-repeat":"repeat","background-position":"center center","background-size":"auto","background-attachment":"scroll","background-type":"","background-media":"","overlay-type":"","overlay-color":"","overlay-opacity":"","overlay-gradient":""},"mobile":{"background-color":"","background-image":"","background-repeat":"repeat","background-position":"center center","background-size":"auto","background-attachment":"scroll","background-type":"","background-media":"","overlay-type":"","overlay-color":"","overlay-opacity":"","overlay-gradient":""}},"ast-content-background-meta":{"desktop":{"background-color":"var(--ast-global-color-5)","background-image":"","background-repeat":"repeat","background-position":"center center","background-size":"auto","background-attachment":"scroll","background-type":"","background-media":"","overlay-type":"","overlay-color":"","overlay-opacity":"","overlay-gradient":""},"tablet":{"background-color":"var(--ast-global-color-5)","background-image":"","background-repeat":"repeat","background-position":"center center","background-size":"auto","background-attachment":"scroll","background-type":"","background-media":"","overlay-type":"","overlay-color":"","overlay-opacity":"","overlay-gradient":""},"mobile":{"background-color":"var(--ast-global-color-5)","background-image":"","background-repeat":"repeat","background-position":"center center","background-size":"auto","background-attachment":"scroll","background-type":"","background-media":"","overlay-type":"","overlay-color":"","overlay-opacity":"","overlay-gradient":""}},"footnotes":""},"class_list":["post-73","page","type-page","status-publish","hentry"],"post_mailing_queue_ids":[],"_links":{"self":[{"href":"https:\/\/agora.xtec.cat\/iesantesteve\/wp-json\/wp\/v2\/pages\/73","targetHints":{"allow":["GET"]}}],"collection":[{"href":"https:\/\/agora.xtec.cat\/iesantesteve\/wp-json\/wp\/v2\/pages"}],"about":[{"href":"https:\/\/agora.xtec.cat\/iesantesteve\/wp-json\/wp\/v2\/types\/page"}],"author":[{"embeddable":true,"href":"https:\/\/agora.xtec.cat\/iesantesteve\/wp-json\/wp\/v2\/users\/1"}],"replies":[{"embeddable":true,"href":"https:\/\/agora.xtec.cat\/iesantesteve\/wp-json\/wp\/v2\/comments?post=73"}],"version-history":[{"count":7,"href":"https:\/\/agora.xtec.cat\/iesantesteve\/wp-json\/wp\/v2\/pages\/73\/revisions"}],"predecessor-version":[{"id":32523,"href":"https:\/\/agora.xtec.cat\/iesantesteve\/wp-json\/wp\/v2\/pages\/73\/revisions\/32523"}],"wp:attachment":[{"href":"https:\/\/agora.xtec.cat\/iesantesteve\/wp-json\/wp\/v2\/media?parent=73"}],"curies":[{"name":"wp","href":"https:\/\/api.w.org\/{rel}","templated":true}]}}