{"id":31670,"date":"2026-02-04T11:04:12","date_gmt":"2026-02-04T10:04:12","guid":{"rendered":"https:\/\/agora.xtec.cat\/ceip-santesteve\/?page_id=31670"},"modified":"2026-02-06T11:45:44","modified_gmt":"2026-02-06T10:45:44","slug":"estevet-2","status":"publish","type":"page","link":"https:\/\/agora.xtec.cat\/iesantesteve\/ampa\/estevet-2\/","title":{"rendered":"L&#8217;Estevet"},"content":{"rendered":"<p><a href=\"https:\/\/agora.xtec.cat\/ceip-santesteve\/wp-content\/uploads\/usu173\/2026\/02\/estevetlogo.webp\"><img loading=\"lazy\" decoding=\"async\" class=\"size-full wp-image-31710 aligncenter\" src=\"https:\/\/agora.xtec.cat\/ceip-santesteve\/wp-content\/uploads\/usu173\/2026\/02\/estevetlogo.webp\" alt=\"\" width=\"705\" height=\"208\" srcset=\"https:\/\/agora.xtec.cat\/iesantesteve\/wp-content\/uploads\/usu173\/2026\/02\/estevetlogo.webp 705w, https:\/\/agora.xtec.cat\/iesantesteve\/wp-content\/uploads\/usu173\/2026\/02\/estevetlogo-300x89.webp 300w\" sizes=\"auto, (max-width: 705px) 100vw, 705px\" \/><\/a><\/p>\n<p><span style=\"font-family: Arial, sans-serif;\">L\u2019AFA coordina, edita i gestiona el projecte de la revista amb l\u2019estreta col\u00b7laboraci\u00f3 de l\u2019escola, tant de l\u2019equip docent com de l\u2019alumnat. L\u2019objectiu principal \u00e9s informar a les fam\u00edlies del Sant Esteve sobre qu\u00e8 passa a l\u2019escola, quins s\u00f3n els projectes que s\u2019estan portant a terme, qu\u00e8 fan els nostres fills\/es a classe i despr\u00e9s de classe, com funcionen els serveis que ofereix l\u2019AFA\u2026<\/span><\/p>\n<p><span style=\"font-family: Arial, sans-serif;\">En definitiva \u00e9s un espai de comunicaci\u00f3 activa entre el centre i les fam\u00edlies, on tothom t\u00e9 cabuda.<\/span><\/p>\n<p><strong><span style=\"font-family: Arial, sans-serif;\">US VOLEU ANUNCIAR A L\u2019ESTEVET?<\/span><\/strong><\/p>\n<p><span style=\"font-family: Arial, sans-serif;\">Si teniu un negoci o empresa i voleu que us coneguin, disposeu d\u2019aquesta eina per a publicitar la vostra activitat. Tamb\u00e9 considereu que \u00e9s una revista adre\u00e7ada a les fam\u00edlies i alumnes de l\u2019institut escola i, per tant, el contingut ha de ser el m\u00e9s adient per una publicaci\u00f3 d\u2019aquest tipus. Us adjuntem el formulari de demanda amb les condicions per publicar l\u2019anunci i el seu cost, i l\u2019\u00faltima revista del curs passat. Si hi esteu interessats\/des poseu-vos en contacte amb secretaria (Noelia).<\/span><\/p>\n<p><span style=\"font-family: Arial, sans-serif;\"><b>PUBLICACIONS DE L\u2019ESTEVET (Clica a la imatge per veure l&#8217;hist\u00f2ric)<\/b><\/span><\/p>\n<p><a href=\"https:\/\/drive.google.com\/drive\/folders\/1UuYyKQgdo01fj53vOVkayviKzBFciEIK\" target=\"_blank\" rel=\"noopener noreferrer\"><img loading=\"lazy\" decoding=\"async\" class=\"alignleft wp-image-31711 size-medium\" src=\"https:\/\/agora.xtec.cat\/ceip-santesteve\/wp-content\/uploads\/usu173\/2026\/02\/lestevet-46-portada-213x300.webp\" alt=\"\" width=\"213\" height=\"300\" srcset=\"https:\/\/agora.xtec.cat\/iesantesteve\/wp-content\/uploads\/usu173\/2026\/02\/lestevet-46-portada-213x300.webp 213w, https:\/\/agora.xtec.cat\/iesantesteve\/wp-content\/uploads\/usu173\/2026\/02\/lestevet-46-portada.webp 728w\" sizes=\"auto, (max-width: 213px) 100vw, 213px\" \/><\/a><\/p>\n","protected":false},"excerpt":{"rendered":"<p>L\u2019AFA coordina, edita i gestiona el projecte de la revista amb l\u2019estreta col\u00b7laboraci\u00f3 de l\u2019escola, tant de l\u2019equip docent com de l\u2019alumnat. L\u2019objectiu principal \u00e9s informar a les fam\u00edlies del Sant Esteve sobre qu\u00e8 passa a l\u2019escola, quins s\u00f3n els projectes que s\u2019estan portant a terme, qu\u00e8 fan els nostres fills\/es a classe i despr\u00e9s [&hellip;]<\/p>\n","protected":false},"author":1,"featured_media":0,"parent":73,"menu_order":4,"comment_status":"closed","ping_status":"closed","template":"","meta":{"site-sidebar-layout":"default","site-content-layout":"","ast-site-content-layout":"default","site-content-style":"default","site-sidebar-style":"default","ast-global-header-display":"","ast-banner-title-visibility":"","ast-main-header-display":"","ast-hfb-above-header-display":"","ast-hfb-below-header-display":"","ast-hfb-mobile-header-display":"","site-post-title":"","ast-breadcrumbs-content":"","ast-featured-img":"","footer-sml-layout":"","theme-transparent-header-meta":"default","adv-header-id-meta":"","stick-header-meta":"","header-above-stick-meta":"","header-main-stick-meta":"","header-below-stick-meta":"","astra-migrate-meta-layouts":"set","ast-page-background-enabled":"default","ast-page-background-meta":{"desktop":{"background-color":"var(--ast-global-color-4)","background-image":"","background-repeat":"repeat","background-position":"center center","background-size":"auto","background-attachment":"scroll","background-type":"","background-media":"","overlay-type":"","overlay-color":"","overlay-opacity":"","overlay-gradient":""},"tablet":{"background-color":"","background-image":"","background-repeat":"repeat","background-position":"center center","background-size":"auto","background-attachment":"scroll","background-type":"","background-media":"","overlay-type":"","overlay-color":"","overlay-opacity":"","overlay-gradient":""},"mobile":{"background-color":"","background-image":"","background-repeat":"repeat","background-position":"center center","background-size":"auto","background-attachment":"scroll","background-type":"","background-media":"","overlay-type":"","overlay-color":"","overlay-opacity":"","overlay-gradient":""}},"ast-content-background-meta":{"desktop":{"background-color":"var(--ast-global-color-5)","background-image":"","background-repeat":"repeat","background-position":"center center","background-size":"auto","background-attachment":"scroll","background-type":"","background-media":"","overlay-type":"","overlay-color":"","overlay-opacity":"","overlay-gradient":""},"tablet":{"background-color":"var(--ast-global-color-5)","background-image":"","background-repeat":"repeat","background-position":"center center","background-size":"auto","background-attachment":"scroll","background-type":"","background-media":"","overlay-type":"","overlay-color":"","overlay-opacity":"","overlay-gradient":""},"mobile":{"background-color":"var(--ast-global-color-5)","background-image":"","background-repeat":"repeat","background-position":"center center","background-size":"auto","background-attachment":"scroll","background-type":"","background-media":"","overlay-type":"","overlay-color":"","overlay-opacity":"","overlay-gradient":""}},"footnotes":""},"class_list":["post-31670","page","type-page","status-publish","hentry"],"post_mailing_queue_ids":[],"_links":{"self":[{"href":"https:\/\/agora.xtec.cat\/iesantesteve\/wp-json\/wp\/v2\/pages\/31670","targetHints":{"allow":["GET"]}}],"collection":[{"href":"https:\/\/agora.xtec.cat\/iesantesteve\/wp-json\/wp\/v2\/pages"}],"about":[{"href":"https:\/\/agora.xtec.cat\/iesantesteve\/wp-json\/wp\/v2\/types\/page"}],"author":[{"embeddable":true,"href":"https:\/\/agora.xtec.cat\/iesantesteve\/wp-json\/wp\/v2\/users\/1"}],"replies":[{"embeddable":true,"href":"https:\/\/agora.xtec.cat\/iesantesteve\/wp-json\/wp\/v2\/comments?post=31670"}],"version-history":[{"count":5,"href":"https:\/\/agora.xtec.cat\/iesantesteve\/wp-json\/wp\/v2\/pages\/31670\/revisions"}],"predecessor-version":[{"id":31714,"href":"https:\/\/agora.xtec.cat\/iesantesteve\/wp-json\/wp\/v2\/pages\/31670\/revisions\/31714"}],"up":[{"embeddable":true,"href":"https:\/\/agora.xtec.cat\/iesantesteve\/wp-json\/wp\/v2\/pages\/73"}],"wp:attachment":[{"href":"https:\/\/agora.xtec.cat\/iesantesteve\/wp-json\/wp\/v2\/media?parent=31670"}],"curies":[{"name":"wp","href":"https:\/\/api.w.org\/{rel}","templated":true}]}}