{"id":31568,"date":"2026-01-27T23:18:36","date_gmt":"2026-01-27T22:18:36","guid":{"rendered":"https:\/\/agora.xtec.cat\/ceip-santesteve\/?page_id=31568"},"modified":"2026-05-04T11:41:37","modified_gmt":"2026-05-04T09:41:37","slug":"menu-menjador-curs-25-26","status":"publish","type":"page","link":"https:\/\/agora.xtec.cat\/iesantesteve\/ampa\/menu-menjador-curs-25-26\/","title":{"rendered":"Menjador escolar"},"content":{"rendered":"<p><span style=\"color: #444444;\"><span style=\"font-family: Arial, sans-serif;\"><span style=\"font-size: medium;\"><b><span style=\"color: #000000;\">Cuinem el dinar a l\u2019escola<\/span><\/b><\/span><\/span><\/span><\/p>\n<p><span style=\"color: #444444;\"><span style=\"font-family: Arial, sans-serif;\"><span style=\"font-size: medium;\"><span style=\"color: #000000;\">L\u2019empresa <a href=\"https:\/\/camposestela.com\/ca\/qui-som\/\">CAMPOS ESTELA<\/a> ens ofereix un men\u00fa equilibrat, ecol\u00f2gic i elaborat amb productes de proximitat.<\/span><\/span><\/span><\/span><\/p>\n<ul>\n<li><span style=\"color: #444444;\"><span style=\"font-family: Arial, sans-serif;\"><span style=\"font-size: medium;\"><span style=\"color: #000000;\">Projecte \u00ab<a href=\"https:\/\/www.consellvallesoccidental.cat\/accio-social-educacio-i-formacio\/sostenibilitat-alimentaria\/recooperem-cuina-per-compartir\/\">Recooperem &#8211; Cuina per construir<\/a>\u00bb, conjuntament amb C\u00e0ritas i amb el suport del Consorci de Residus del Vall\u00e8s Occidental. Es recull el menjar sobrant de cada dia que no ha estat en plats i es distribueix entre les fam\u00edlies m\u00e9s necessitades de la vila.<\/span><\/span><\/span><\/span><\/li>\n<li><span style=\"color: #444444;\"><span style=\"font-family: Arial, sans-serif;\"><span style=\"font-size: medium;\"><span style=\"color: #000000;\">Men\u00fas especials: p\u00edcnics, diades especials&#8230; <\/span><span style=\"color: #000000;\"><i>Meatless day<\/i><\/span><span style=\"color: #000000;\">, <\/span><span style=\"color: #000000;\"><i>Celi<\/i><\/span> <span style=\"color: #000000;\"><i>day<\/i><\/span><span style=\"color: #000000;\">, <\/span><span style=\"color: #000000;\"><i>Iaia\u2019s day <\/i><\/span><span style=\"color: #000000;\">i \u00abDe comarques\u00bb.<\/span><\/span><\/span><\/span><\/li>\n<li><span style=\"color: #444444;\"><span style=\"font-family: Arial, sans-serif;\"><span style=\"font-size: medium;\"><span style=\"color: #000000;\">Sense al\u00b7l\u00e8rgens. Segons la nova normativa d\u2019etiquetar i informar els consumidors de la composici\u00f3 dels aliments sobre la pres\u00e8ncia de certs ingredients que poden produir al\u00b7l\u00e8rgia, elaborem un men\u00fa que NO cont\u00e9 els seg\u00fcents ingredients: fruits secs, ou, gluten, soja, prote\u00efna de la llet, sulfits, peix i marisc.<\/span><\/span><\/span><\/span><\/li>\n<li><span style=\"color: #444444;\"><span style=\"font-family: Arial, sans-serif;\"><span style=\"font-size: medium;\"><span style=\"color: #000000;\">Projecte Hort: cuinem amb verdures i hortalisses de l\u2019hort que ha cuidat l\u2019alumnat de l\u2019escola.<\/span><\/span><\/span><\/span><\/li>\n<li><span style=\"color: #444444;\"><span style=\"font-family: Arial, sans-serif;\"><span style=\"font-size: medium;\"><span style=\"color: #000000;\">Projecte RRR: Redu\u00efm, Reutilitzem i Reciclem. Utilitzem materials reciclats per als tallers que es desenvolupen durant l\u2019estona de menjador.<\/span><\/span><\/span><\/span><\/li>\n<\/ul>\n<p><span style=\"color: #444444;\"><span style=\"font-family: Arial, sans-serif;\"><span style=\"font-size: medium;\"><span style=\"color: #000000;\">Els nens i nenes en tot moment estan sota la supervisi\u00f3 de monitors\/es qualificats\/des amb anys d\u2019experi\u00e8ncia treballant amb nosaltres. <\/span><\/span><\/span><\/span><span style=\"color: #444444;\"><span style=\"font-family: Arial, sans-serif;\"><span style=\"font-size: medium;\"><span style=\"color: #000000;\">Es fan torns de menjador en funci\u00f3 de l\u2019edat. <\/span><\/span><\/span><\/span><\/p>\n<p><span style=\"color: #444444;\"><span style=\"font-family: Arial, sans-serif;\"><span style=\"font-size: medium;\"><span style=\"color: #000000;\">Teniu m\u00e9s informaci\u00f3 de preus, men\u00fas i funcionament al<a href=\"https:\/\/drive.google.com\/file\/d\/15jYXBtplZ0av5fW_UWDcS-ubo-UIWC7p\/view?usp=sharing\"> dossier de benvinguda<\/a>. I aqu\u00ed sota us anem actualitzant els men\u00fas.<\/span><\/span><\/span><\/span><\/p>\n<table style=\"border-collapse: collapse; width: 100%;\">\n<tbody>\n<tr>\n<td style=\"width: 50%; text-align: center;\"><strong>ABRIL<\/strong><\/p>\n<p><a href=\"https:\/\/agora.xtec.cat\/iesantesteve\/wp-content\/uploads\/usu173\/2026\/04\/ABRIL.jpg\"><img loading=\"lazy\" decoding=\"async\" class=\"alignnone size-large wp-image-32406\" src=\"https:\/\/agora.xtec.cat\/iesantesteve\/wp-content\/uploads\/usu173\/2026\/04\/ABRIL-724x1024.jpg\" alt=\"\" width=\"724\" height=\"1024\" srcset=\"https:\/\/agora.xtec.cat\/iesantesteve\/wp-content\/uploads\/usu173\/2026\/04\/ABRIL-724x1024.jpg 724w, https:\/\/agora.xtec.cat\/iesantesteve\/wp-content\/uploads\/usu173\/2026\/04\/ABRIL-212x300.jpg 212w, https:\/\/agora.xtec.cat\/iesantesteve\/wp-content\/uploads\/usu173\/2026\/04\/ABRIL-768x1086.jpg 768w, https:\/\/agora.xtec.cat\/iesantesteve\/wp-content\/uploads\/usu173\/2026\/04\/ABRIL.jpg 794w\" sizes=\"auto, (max-width: 724px) 100vw, 724px\" \/><\/a><\/td>\n<td style=\"width: 50%; text-align: center;\"><strong>MAIG<\/strong><\/p>\n<p><a href=\"https:\/\/agora.xtec.cat\/iesantesteve\/wp-content\/uploads\/usu173\/2026\/05\/MAIG.JPG.png\"><img loading=\"lazy\" decoding=\"async\" class=\"alignnone size-large wp-image-32484\" src=\"https:\/\/agora.xtec.cat\/iesantesteve\/wp-content\/uploads\/usu173\/2026\/05\/MAIG.JPG-724x1024.png\" alt=\"\" width=\"724\" height=\"1024\" srcset=\"https:\/\/agora.xtec.cat\/iesantesteve\/wp-content\/uploads\/usu173\/2026\/05\/MAIG.JPG-724x1024.png 724w, https:\/\/agora.xtec.cat\/iesantesteve\/wp-content\/uploads\/usu173\/2026\/05\/MAIG.JPG-212x300.png 212w, https:\/\/agora.xtec.cat\/iesantesteve\/wp-content\/uploads\/usu173\/2026\/05\/MAIG.JPG-768x1086.png 768w, https:\/\/agora.xtec.cat\/iesantesteve\/wp-content\/uploads\/usu173\/2026\/05\/MAIG.JPG.png 794w\" sizes=\"auto, (max-width: 724px) 100vw, 724px\" \/><\/a><\/td>\n<\/tr>\n<\/tbody>\n<\/table>\n","protected":false},"excerpt":{"rendered":"<p>Cuinem el dinar a l\u2019escola L\u2019empresa CAMPOS ESTELA ens ofereix un men\u00fa equilibrat, ecol\u00f2gic i elaborat amb productes de proximitat. Projecte \u00abRecooperem &#8211; Cuina per construir\u00bb, conjuntament amb C\u00e0ritas i amb el suport del Consorci de Residus del Vall\u00e8s Occidental. Es recull el menjar sobrant de cada dia que no ha estat en plats i [&hellip;]<\/p>\n","protected":false},"author":1,"featured_media":0,"parent":73,"menu_order":1,"comment_status":"closed","ping_status":"closed","template":"","meta":{"site-sidebar-layout":"default","site-content-layout":"","ast-site-content-layout":"default","site-content-style":"default","site-sidebar-style":"default","ast-global-header-display":"","ast-banner-title-visibility":"","ast-main-header-display":"","ast-hfb-above-header-display":"","ast-hfb-below-header-display":"","ast-hfb-mobile-header-display":"","site-post-title":"","ast-breadcrumbs-content":"","ast-featured-img":"","footer-sml-layout":"","theme-transparent-header-meta":"default","adv-header-id-meta":"","stick-header-meta":"","header-above-stick-meta":"","header-main-stick-meta":"","header-below-stick-meta":"","astra-migrate-meta-layouts":"set","ast-page-background-enabled":"default","ast-page-background-meta":{"desktop":{"background-color":"var(--ast-global-color-4)","background-image":"","background-repeat":"repeat","background-position":"center center","background-size":"auto","background-attachment":"scroll","background-type":"","background-media":"","overlay-type":"","overlay-color":"","overlay-opacity":"","overlay-gradient":""},"tablet":{"background-color":"","background-image":"","background-repeat":"repeat","background-position":"center center","background-size":"auto","background-attachment":"scroll","background-type":"","background-media":"","overlay-type":"","overlay-color":"","overlay-opacity":"","overlay-gradient":""},"mobile":{"background-color":"","background-image":"","background-repeat":"repeat","background-position":"center center","background-size":"auto","background-attachment":"scroll","background-type":"","background-media":"","overlay-type":"","overlay-color":"","overlay-opacity":"","overlay-gradient":""}},"ast-content-background-meta":{"desktop":{"background-color":"var(--ast-global-color-5)","background-image":"","background-repeat":"repeat","background-position":"center center","background-size":"auto","background-attachment":"scroll","background-type":"","background-media":"","overlay-type":"","overlay-color":"","overlay-opacity":"","overlay-gradient":""},"tablet":{"background-color":"var(--ast-global-color-5)","background-image":"","background-repeat":"repeat","background-position":"center center","background-size":"auto","background-attachment":"scroll","background-type":"","background-media":"","overlay-type":"","overlay-color":"","overlay-opacity":"","overlay-gradient":""},"mobile":{"background-color":"var(--ast-global-color-5)","background-image":"","background-repeat":"repeat","background-position":"center center","background-size":"auto","background-attachment":"scroll","background-type":"","background-media":"","overlay-type":"","overlay-color":"","overlay-opacity":"","overlay-gradient":""}},"footnotes":""},"class_list":["post-31568","page","type-page","status-publish","hentry"],"post_mailing_queue_ids":[],"_links":{"self":[{"href":"https:\/\/agora.xtec.cat\/iesantesteve\/wp-json\/wp\/v2\/pages\/31568","targetHints":{"allow":["GET"]}}],"collection":[{"href":"https:\/\/agora.xtec.cat\/iesantesteve\/wp-json\/wp\/v2\/pages"}],"about":[{"href":"https:\/\/agora.xtec.cat\/iesantesteve\/wp-json\/wp\/v2\/types\/page"}],"author":[{"embeddable":true,"href":"https:\/\/agora.xtec.cat\/iesantesteve\/wp-json\/wp\/v2\/users\/1"}],"replies":[{"embeddable":true,"href":"https:\/\/agora.xtec.cat\/iesantesteve\/wp-json\/wp\/v2\/comments?post=31568"}],"version-history":[{"count":7,"href":"https:\/\/agora.xtec.cat\/iesantesteve\/wp-json\/wp\/v2\/pages\/31568\/revisions"}],"predecessor-version":[{"id":32485,"href":"https:\/\/agora.xtec.cat\/iesantesteve\/wp-json\/wp\/v2\/pages\/31568\/revisions\/32485"}],"up":[{"embeddable":true,"href":"https:\/\/agora.xtec.cat\/iesantesteve\/wp-json\/wp\/v2\/pages\/73"}],"wp:attachment":[{"href":"https:\/\/agora.xtec.cat\/iesantesteve\/wp-json\/wp\/v2\/media?parent=31568"}],"curies":[{"name":"wp","href":"https:\/\/api.w.org\/{rel}","templated":true}]}}