{"id":29190,"date":"2024-06-11T13:24:34","date_gmt":"2024-06-11T11:24:34","guid":{"rendered":"https:\/\/agora.xtec.cat\/ceip-santesteve\/?page_id=29190"},"modified":"2026-01-28T00:20:06","modified_gmt":"2026-01-27T23:20:06","slug":"programa-faig","status":"publish","type":"page","link":"https:\/\/agora.xtec.cat\/iesantesteve\/projectes-de-centre\/programa-faig\/","title":{"rendered":"Programa FAIG"},"content":{"rendered":"<h3 style=\"text-align: center;\"><span style=\"color: #339966;\">FAIG \u00e9s un programa experimental de suport a la innovaci\u00f3 del Departament d\u2019Educaci\u00f3 de Catalunya promogut per la Direcci\u00f3 General d\u2019Innovaci\u00f3, Digitalitzaci\u00f3 i Curr\u00edculum.<\/span><\/h3>\n<p>&nbsp;<\/p>\n<p><a href=\"https:\/\/serveiseducatius.xtec.cat\/cesire\/faig-fent-per-aprendre-imaginant-globalment\/\" target=\"_blank\" rel=\"noopener\"><img loading=\"lazy\" decoding=\"async\" class=\"aligncenter wp-image-29191\" src=\"https:\/\/agora.xtec.cat\/ceip-santesteve\/wp-content\/uploads\/usu173\/2024\/06\/FAIG_Logo_Tag_1_Black-1024x205.png\" alt=\"\" width=\"605\" height=\"121\" srcset=\"https:\/\/agora.xtec.cat\/iesantesteve\/wp-content\/uploads\/usu173\/2024\/06\/FAIG_Logo_Tag_1_Black-1024x205.png 1024w, https:\/\/agora.xtec.cat\/iesantesteve\/wp-content\/uploads\/usu173\/2024\/06\/FAIG_Logo_Tag_1_Black-300x60.png 300w, https:\/\/agora.xtec.cat\/iesantesteve\/wp-content\/uploads\/usu173\/2024\/06\/FAIG_Logo_Tag_1_Black-768x154.png 768w, https:\/\/agora.xtec.cat\/iesantesteve\/wp-content\/uploads\/usu173\/2024\/06\/FAIG_Logo_Tag_1_Black-1536x308.png 1536w, https:\/\/agora.xtec.cat\/iesantesteve\/wp-content\/uploads\/usu173\/2024\/06\/FAIG_Logo_Tag_1_Black-2048x411.png 2048w\" sizes=\"auto, (max-width: 605px) 100vw, 605px\" \/><\/a><\/p>\n","protected":false},"excerpt":{"rendered":"<p>FAIG \u00e9s un programa experimental de suport a la innovaci\u00f3 del Departament d\u2019Educaci\u00f3 de Catalunya promogut per la Direcci\u00f3 General d\u2019Innovaci\u00f3, Digitalitzaci\u00f3 i Curr\u00edculum. &nbsp;<\/p>\n","protected":false},"author":1,"featured_media":0,"parent":31589,"menu_order":0,"comment_status":"closed","ping_status":"closed","template":"","meta":{"site-sidebar-layout":"default","site-content-layout":"","ast-site-content-layout":"default","site-content-style":"default","site-sidebar-style":"default","ast-global-header-display":"","ast-banner-title-visibility":"","ast-main-header-display":"","ast-hfb-above-header-display":"","ast-hfb-below-header-display":"","ast-hfb-mobile-header-display":"","site-post-title":"","ast-breadcrumbs-content":"","ast-featured-img":"","footer-sml-layout":"","theme-transparent-header-meta":"default","adv-header-id-meta":"","stick-header-meta":"","header-above-stick-meta":"","header-main-stick-meta":"","header-below-stick-meta":"","astra-migrate-meta-layouts":"set","ast-page-background-enabled":"default","ast-page-background-meta":{"desktop":{"background-color":"var(--ast-global-color-4)","background-image":"","background-repeat":"repeat","background-position":"center center","background-size":"auto","background-attachment":"scroll","background-type":"","background-media":"","overlay-type":"","overlay-color":"","overlay-opacity":"","overlay-gradient":""},"tablet":{"background-color":"","background-image":"","background-repeat":"repeat","background-position":"center center","background-size":"auto","background-attachment":"scroll","background-type":"","background-media":"","overlay-type":"","overlay-color":"","overlay-opacity":"","overlay-gradient":""},"mobile":{"background-color":"","background-image":"","background-repeat":"repeat","background-position":"center center","background-size":"auto","background-attachment":"scroll","background-type":"","background-media":"","overlay-type":"","overlay-color":"","overlay-opacity":"","overlay-gradient":""}},"ast-content-background-meta":{"desktop":{"background-color":"var(--ast-global-color-5)","background-image":"","background-repeat":"repeat","background-position":"center center","background-size":"auto","background-attachment":"scroll","background-type":"","background-media":"","overlay-type":"","overlay-color":"","overlay-opacity":"","overlay-gradient":""},"tablet":{"background-color":"var(--ast-global-color-5)","background-image":"","background-repeat":"repeat","background-position":"center center","background-size":"auto","background-attachment":"scroll","background-type":"","background-media":"","overlay-type":"","overlay-color":"","overlay-opacity":"","overlay-gradient":""},"mobile":{"background-color":"var(--ast-global-color-5)","background-image":"","background-repeat":"repeat","background-position":"center center","background-size":"auto","background-attachment":"scroll","background-type":"","background-media":"","overlay-type":"","overlay-color":"","overlay-opacity":"","overlay-gradient":""}},"footnotes":""},"class_list":["post-29190","page","type-page","status-publish","hentry"],"post_mailing_queue_ids":[],"_links":{"self":[{"href":"https:\/\/agora.xtec.cat\/iesantesteve\/wp-json\/wp\/v2\/pages\/29190","targetHints":{"allow":["GET"]}}],"collection":[{"href":"https:\/\/agora.xtec.cat\/iesantesteve\/wp-json\/wp\/v2\/pages"}],"about":[{"href":"https:\/\/agora.xtec.cat\/iesantesteve\/wp-json\/wp\/v2\/types\/page"}],"author":[{"embeddable":true,"href":"https:\/\/agora.xtec.cat\/iesantesteve\/wp-json\/wp\/v2\/users\/1"}],"replies":[{"embeddable":true,"href":"https:\/\/agora.xtec.cat\/iesantesteve\/wp-json\/wp\/v2\/comments?post=29190"}],"version-history":[{"count":1,"href":"https:\/\/agora.xtec.cat\/iesantesteve\/wp-json\/wp\/v2\/pages\/29190\/revisions"}],"predecessor-version":[{"id":29192,"href":"https:\/\/agora.xtec.cat\/iesantesteve\/wp-json\/wp\/v2\/pages\/29190\/revisions\/29192"}],"up":[{"embeddable":true,"href":"https:\/\/agora.xtec.cat\/iesantesteve\/wp-json\/wp\/v2\/pages\/31589"}],"wp:attachment":[{"href":"https:\/\/agora.xtec.cat\/iesantesteve\/wp-json\/wp\/v2\/media?parent=29190"}],"curies":[{"name":"wp","href":"https:\/\/api.w.org\/{rel}","templated":true}]}}