{"id":26,"date":"2014-09-18T12:24:32","date_gmt":"2014-09-18T11:24:32","guid":{"rendered":"http:\/\/agora.xtec.cat\/ceip-santesteve\/?page_id=26"},"modified":"2024-01-23T19:21:29","modified_gmt":"2024-01-23T18:21:29","slug":"historia","status":"publish","type":"page","link":"https:\/\/agora.xtec.cat\/iesantesteve\/lescola\/historia\/","title":{"rendered":"Hist\u00f2ria"},"content":{"rendered":"<p style=\"text-align: justify;\">L&#8217;escola Sant Esteve es va inaugurar el curs 74 \u2013 75 fruit del creixement de la\u00a0poblaci\u00f3 escolar del municipi. S&#8217;hi va ubicar el cicle superior (cinqu\u00e8 i sis\u00e8) de l&#8217;escola Jos\u00e9 Antonio,\u00a0avui Emili-Carles Tolr\u00e0.<\/p>\n<p style=\"text-align: justify;\">Al cap d\u2019un temps es va independitzar, i va acabar sent l&#8217;Escola Sant Esteve<\/p>\n<p style=\"text-align: justify;\">El curs 88 es va inaugurar un edifici nou amb quatre aules de parvulari. (P-4 i P-5)<\/p>\n<p style=\"text-align: justify;\">Hi va haver un descens de la natalitat de tal manera que el Sant Esteve tenia aules\u00a0sobrants i va ser la primera escola de Castellar que va tenir P-3.<\/p>\n<p style=\"text-align: justify;\">Progressivament, va anar augmentant la poblaci\u00f3 de la vila, es va necessitar noves aules i es va anar ampliant el Sant Esteve, quedant distribu\u00eft en quatre edificis, el de cicle inicial, edifici central, el d\u2019infantil i el menjador.<\/p>\n<p style=\"text-align: justify;\">Al Sant Esteve s&#8217;ha acollit dins de les seves instal\u00b7lacions ampliacions de grups d&#8217;alumnes. D&#8217;aquesta manera es va iniciar la comunitat educativa del Bonavista. Tamb\u00e9 va acollir l&#8217;escola de Sant Feliu del Rac\u00f3 que es va haver de tancar per problemes a l&#8217;edifici. Amb el temps, es van iniciar les futures comunitats educatives de les escoles Mestre Pla, Joan Blanquer, i El Sol i la Lluna.<\/p>\n<p>El curs 2019-20 es transforma en Institut Escola iniciant el primer curs de l&#8217;ESO. Actualment, assumim d&#8217;I3 fins a 4t d&#8217;ESO.<\/p>\n","protected":false},"excerpt":{"rendered":"<p>L&#8217;escola Sant Esteve es va inaugurar el curs 74 \u2013 75 fruit del creixement de la\u00a0poblaci\u00f3 escolar del municipi. S&#8217;hi va ubicar el cicle superior (cinqu\u00e8 i sis\u00e8) de l&#8217;escola Jos\u00e9 Antonio,\u00a0avui Emili-Carles Tolr\u00e0. Al cap d\u2019un temps es va independitzar, i va acabar sent l&#8217;Escola Sant Esteve El curs 88 es va inaugurar un [&hellip;]<\/p>\n","protected":false},"author":1,"featured_media":0,"parent":22,"menu_order":20,"comment_status":"closed","ping_status":"closed","template":"page-templates\/side-menu.php","meta":{"site-sidebar-layout":"default","site-content-layout":"","ast-site-content-layout":"","site-content-style":"default","site-sidebar-style":"default","ast-global-header-display":"","ast-banner-title-visibility":"","ast-main-header-display":"","ast-hfb-above-header-display":"","ast-hfb-below-header-display":"","ast-hfb-mobile-header-display":"","site-post-title":"","ast-breadcrumbs-content":"","ast-featured-img":"","footer-sml-layout":"","theme-transparent-header-meta":"","adv-header-id-meta":"","stick-header-meta":"","header-above-stick-meta":"","header-main-stick-meta":"","header-below-stick-meta":"","astra-migrate-meta-layouts":"default","ast-page-background-enabled":"default","ast-page-background-meta":{"desktop":{"background-color":"var(--ast-global-color-4)","background-image":"","background-repeat":"repeat","background-position":"center center","background-size":"auto","background-attachment":"scroll","background-type":"","background-media":"","overlay-type":"","overlay-color":"","overlay-opacity":"","overlay-gradient":""},"tablet":{"background-color":"","background-image":"","background-repeat":"repeat","background-position":"center center","background-size":"auto","background-attachment":"scroll","background-type":"","background-media":"","overlay-type":"","overlay-color":"","overlay-opacity":"","overlay-gradient":""},"mobile":{"background-color":"","background-image":"","background-repeat":"repeat","background-position":"center center","background-size":"auto","background-attachment":"scroll","background-type":"","background-media":"","overlay-type":"","overlay-color":"","overlay-opacity":"","overlay-gradient":""}},"ast-content-background-meta":{"desktop":{"background-color":"var(--ast-global-color-5)","background-image":"","background-repeat":"repeat","background-position":"center center","background-size":"auto","background-attachment":"scroll","background-type":"","background-media":"","overlay-type":"","overlay-color":"","overlay-opacity":"","overlay-gradient":""},"tablet":{"background-color":"var(--ast-global-color-5)","background-image":"","background-repeat":"repeat","background-position":"center center","background-size":"auto","background-attachment":"scroll","background-type":"","background-media":"","overlay-type":"","overlay-color":"","overlay-opacity":"","overlay-gradient":""},"mobile":{"background-color":"var(--ast-global-color-5)","background-image":"","background-repeat":"repeat","background-position":"center center","background-size":"auto","background-attachment":"scroll","background-type":"","background-media":"","overlay-type":"","overlay-color":"","overlay-opacity":"","overlay-gradient":""}},"footnotes":""},"class_list":["post-26","page","type-page","status-publish","hentry"],"post_mailing_queue_ids":[],"_links":{"self":[{"href":"https:\/\/agora.xtec.cat\/iesantesteve\/wp-json\/wp\/v2\/pages\/26","targetHints":{"allow":["GET"]}}],"collection":[{"href":"https:\/\/agora.xtec.cat\/iesantesteve\/wp-json\/wp\/v2\/pages"}],"about":[{"href":"https:\/\/agora.xtec.cat\/iesantesteve\/wp-json\/wp\/v2\/types\/page"}],"author":[{"embeddable":true,"href":"https:\/\/agora.xtec.cat\/iesantesteve\/wp-json\/wp\/v2\/users\/1"}],"replies":[{"embeddable":true,"href":"https:\/\/agora.xtec.cat\/iesantesteve\/wp-json\/wp\/v2\/comments?post=26"}],"version-history":[{"count":5,"href":"https:\/\/agora.xtec.cat\/iesantesteve\/wp-json\/wp\/v2\/pages\/26\/revisions"}],"predecessor-version":[{"id":28498,"href":"https:\/\/agora.xtec.cat\/iesantesteve\/wp-json\/wp\/v2\/pages\/26\/revisions\/28498"}],"up":[{"embeddable":true,"href":"https:\/\/agora.xtec.cat\/iesantesteve\/wp-json\/wp\/v2\/pages\/22"}],"wp:attachment":[{"href":"https:\/\/agora.xtec.cat\/iesantesteve\/wp-json\/wp\/v2\/media?parent=26"}],"curies":[{"name":"wp","href":"https:\/\/api.w.org\/{rel}","templated":true}]}}