{"id":25984,"date":"2022-09-07T14:17:08","date_gmt":"2022-09-07T12:17:08","guid":{"rendered":"https:\/\/agora.xtec.cat\/ceip-santesteve\/?page_id=25984"},"modified":"2026-01-28T00:23:57","modified_gmt":"2026-01-27T23:23:57","slug":"projecte-erasmus","status":"publish","type":"page","link":"https:\/\/agora.xtec.cat\/iesantesteve\/projectes-de-centre\/projecte-erasmus\/","title":{"rendered":"Projecte Erasmus+"},"content":{"rendered":"<p><strong>Qu\u00e8 \u00e9s?<\/strong><\/p>\n<p>Erasmus+ \u00e9s el programa de la UE per donar suport a l\u2019educaci\u00f3, la formaci\u00f3, la joventut i l\u2019esport a Europa pel per\u00edode 2021-2027.<\/p>\n<p>La nostra participaci\u00f3 en el programa ens ofereix oportunitat de mobilitat i cooperaci\u00f3 en els \u00e0mbits de l\u2019educaci\u00f3 escolar.<\/p>\n<p><strong>Com hi participem?<\/strong><\/p>\n<p>Durant el curs 22-23 i 23-24 el centre participara en un projecte de curta durada per al personal d&#8217;Educaci\u00f3 Escolar (docents).<\/p>\n<p><a href=\"https:\/\/agora.xtec.cat\/ceip-santesteve\/wp-content\/uploads\/usu173\/2022\/09\/ie-sant-esteve-scaled.jpg\"><img loading=\"lazy\" decoding=\"async\" class=\"wp-image-26021 aligncenter\" src=\"https:\/\/agora.xtec.cat\/ceip-santesteve\/wp-content\/uploads\/usu173\/2022\/09\/ie-sant-esteve-1024x512.jpg\" alt=\"\" width=\"638\" height=\"319\" srcset=\"https:\/\/agora.xtec.cat\/iesantesteve\/wp-content\/uploads\/usu173\/2022\/09\/ie-sant-esteve-1024x512.jpg 1024w, https:\/\/agora.xtec.cat\/iesantesteve\/wp-content\/uploads\/usu173\/2022\/09\/ie-sant-esteve-300x150.jpg 300w, https:\/\/agora.xtec.cat\/iesantesteve\/wp-content\/uploads\/usu173\/2022\/09\/ie-sant-esteve-768x384.jpg 768w, https:\/\/agora.xtec.cat\/iesantesteve\/wp-content\/uploads\/usu173\/2022\/09\/ie-sant-esteve-1536x768.jpg 1536w, https:\/\/agora.xtec.cat\/iesantesteve\/wp-content\/uploads\/usu173\/2022\/09\/ie-sant-esteve-2048x1024.jpg 2048w\" sizes=\"auto, (max-width: 638px) 100vw, 638px\" \/><\/a><\/p>\n<p><a href=\"http:\/\/www.sepie.es.\"><img loading=\"lazy\" decoding=\"async\" class=\"alignnone wp-image-26426\" src=\"https:\/\/agora.xtec.cat\/ceip-santesteve\/wp-content\/uploads\/usu173\/2022\/11\/SEPIE_erasmus_plus.gif\" alt=\"\" width=\"273\" height=\"101\" \/><\/a><\/p>\n","protected":false},"excerpt":{"rendered":"<p>Qu\u00e8 \u00e9s? Erasmus+ \u00e9s el programa de la UE per donar suport a l\u2019educaci\u00f3, la formaci\u00f3, la joventut i l\u2019esport a Europa pel per\u00edode 2021-2027. La nostra participaci\u00f3 en el programa ens ofereix oportunitat de mobilitat i cooperaci\u00f3 en els \u00e0mbits de l\u2019educaci\u00f3 escolar. Com hi participem? Durant el curs 22-23 i 23-24 el centre [&hellip;]<\/p>\n","protected":false},"author":1,"featured_media":0,"parent":31589,"menu_order":30,"comment_status":"closed","ping_status":"closed","template":"","meta":{"site-sidebar-layout":"default","site-content-layout":"","ast-site-content-layout":"default","site-content-style":"default","site-sidebar-style":"default","ast-global-header-display":"","ast-banner-title-visibility":"","ast-main-header-display":"","ast-hfb-above-header-display":"","ast-hfb-below-header-display":"","ast-hfb-mobile-header-display":"","site-post-title":"","ast-breadcrumbs-content":"","ast-featured-img":"","footer-sml-layout":"","theme-transparent-header-meta":"default","adv-header-id-meta":"","stick-header-meta":"","header-above-stick-meta":"","header-main-stick-meta":"","header-below-stick-meta":"","astra-migrate-meta-layouts":"set","ast-page-background-enabled":"default","ast-page-background-meta":{"desktop":{"background-color":"var(--ast-global-color-4)","background-image":"","background-repeat":"repeat","background-position":"center center","background-size":"auto","background-attachment":"scroll","background-type":"","background-media":"","overlay-type":"","overlay-color":"","overlay-opacity":"","overlay-gradient":""},"tablet":{"background-color":"","background-image":"","background-repeat":"repeat","background-position":"center center","background-size":"auto","background-attachment":"scroll","background-type":"","background-media":"","overlay-type":"","overlay-color":"","overlay-opacity":"","overlay-gradient":""},"mobile":{"background-color":"","background-image":"","background-repeat":"repeat","background-position":"center center","background-size":"auto","background-attachment":"scroll","background-type":"","background-media":"","overlay-type":"","overlay-color":"","overlay-opacity":"","overlay-gradient":""}},"ast-content-background-meta":{"desktop":{"background-color":"var(--ast-global-color-5)","background-image":"","background-repeat":"repeat","background-position":"center center","background-size":"auto","background-attachment":"scroll","background-type":"","background-media":"","overlay-type":"","overlay-color":"","overlay-opacity":"","overlay-gradient":""},"tablet":{"background-color":"var(--ast-global-color-5)","background-image":"","background-repeat":"repeat","background-position":"center center","background-size":"auto","background-attachment":"scroll","background-type":"","background-media":"","overlay-type":"","overlay-color":"","overlay-opacity":"","overlay-gradient":""},"mobile":{"background-color":"var(--ast-global-color-5)","background-image":"","background-repeat":"repeat","background-position":"center center","background-size":"auto","background-attachment":"scroll","background-type":"","background-media":"","overlay-type":"","overlay-color":"","overlay-opacity":"","overlay-gradient":""}},"footnotes":""},"class_list":["post-25984","page","type-page","status-publish","hentry"],"post_mailing_queue_ids":[],"_links":{"self":[{"href":"https:\/\/agora.xtec.cat\/iesantesteve\/wp-json\/wp\/v2\/pages\/25984","targetHints":{"allow":["GET"]}}],"collection":[{"href":"https:\/\/agora.xtec.cat\/iesantesteve\/wp-json\/wp\/v2\/pages"}],"about":[{"href":"https:\/\/agora.xtec.cat\/iesantesteve\/wp-json\/wp\/v2\/types\/page"}],"author":[{"embeddable":true,"href":"https:\/\/agora.xtec.cat\/iesantesteve\/wp-json\/wp\/v2\/users\/1"}],"replies":[{"embeddable":true,"href":"https:\/\/agora.xtec.cat\/iesantesteve\/wp-json\/wp\/v2\/comments?post=25984"}],"version-history":[{"count":2,"href":"https:\/\/agora.xtec.cat\/iesantesteve\/wp-json\/wp\/v2\/pages\/25984\/revisions"}],"predecessor-version":[{"id":26429,"href":"https:\/\/agora.xtec.cat\/iesantesteve\/wp-json\/wp\/v2\/pages\/25984\/revisions\/26429"}],"up":[{"embeddable":true,"href":"https:\/\/agora.xtec.cat\/iesantesteve\/wp-json\/wp\/v2\/pages\/31589"}],"wp:attachment":[{"href":"https:\/\/agora.xtec.cat\/iesantesteve\/wp-json\/wp\/v2\/media?parent=25984"}],"curies":[{"name":"wp","href":"https:\/\/api.w.org\/{rel}","templated":true}]}}