{"id":16689,"date":"2019-11-21T23:55:42","date_gmt":"2019-11-21T22:55:42","guid":{"rendered":"https:\/\/agora.xtec.cat\/ceip-santesteve\/?page_id=16689"},"modified":"2026-02-25T09:11:24","modified_gmt":"2026-02-25T08:11:24","slug":"pec","status":"publish","type":"page","link":"https:\/\/agora.xtec.cat\/iesantesteve\/projecte-educatiu\/pec\/","title":{"rendered":"Projecte de centre (PEC)"},"content":{"rendered":"<h6 style=\"text-align: justify;\"><b><img loading=\"lazy\" decoding=\"async\" class=\"wp-image-18079 size-medium alignright\" title=\"Els gegants i capgrossos del centre \" src=\"https:\/\/agora.xtec.cat\/ceip-santesteve\/wp-content\/uploads\/usu173\/2020\/03\/GEGANTS-1-300x201.jpg\" alt=\"\" width=\"300\" height=\"201\" srcset=\"https:\/\/agora.xtec.cat\/iesantesteve\/wp-content\/uploads\/usu173\/2020\/03\/GEGANTS-1-300x201.jpg 300w, https:\/\/agora.xtec.cat\/iesantesteve\/wp-content\/uploads\/usu173\/2020\/03\/GEGANTS-1-768x514.jpg 768w, https:\/\/agora.xtec.cat\/iesantesteve\/wp-content\/uploads\/usu173\/2020\/03\/GEGANTS-1-1024x685.jpg 1024w\" sizes=\"auto, (max-width: 300px) 100vw, 300px\" \/><\/b><\/h6>\n<h6 style=\"text-align: justify;\"><a href=\"https:\/\/drive.google.com\/file\/d\/1tU7APU-r5hjfK-Nrv4jb2riRsK24BZ8H\/view?usp=sharing\" target=\"_blank\" rel=\"noopener\">PROJECTE EDUCATIU DE CENTRE<\/a><\/h6>\n<h6><a href=\"https:\/\/drive.google.com\/file\/d\/1tU7APU-r5hjfK-Nrv4jb2riRsK24BZ8H\/view?usp=sharing\" target=\"_blank\" rel=\"noopener\">(clica per con\u00e8ixer el PEC)<\/a><\/h6>\n<h6 style=\"text-align: justify;\"><\/h6>\n<p>Us convidem a con\u00e8ixer els projectes que defineixen l&#8217;ess\u00e8ncia de l&#8217;<strong>Institut Escola Sant Esteve<\/strong>. El nostre centre batega amb un prop\u00f2sit clar: cr\u00e9ixer plegats a trav\u00e9s d\u2019una l\u00ednia pedag\u00f2gica coherent que uneix totes les etapes, des de l\u2019educaci\u00f3 infantil fins a l&#8217;ESO. Aquesta mirada transversal ens permet idear projectes que no nom\u00e9s s&#8217;adeq\u00fcen a cada moment evolutiu, sin\u00f3 que garanteixen un fil conductor de confian\u00e7a, rigor i benestar al llarg de tot l&#8217;itinerari educatiu, dissenyant un entorn on cada alumne \u00e9s reconegut en la seva singularitat i acompanyat en el seu creixement integral. Exploreu els pilars que donen sentit al nostre dia a dia.<\/p>\n<h6 style=\"text-align: justify;\"><\/h6>\n","protected":false},"excerpt":{"rendered":"<p>PROJECTE EDUCATIU DE CENTRE (clica per con\u00e8ixer el PEC) Us convidem a con\u00e8ixer els projectes que defineixen l&#8217;ess\u00e8ncia de l&#8217;Institut Escola Sant Esteve. El nostre centre batega amb un prop\u00f2sit clar: cr\u00e9ixer plegats a trav\u00e9s d\u2019una l\u00ednia pedag\u00f2gica coherent que uneix totes les etapes, des de l\u2019educaci\u00f3 infantil fins a l&#8217;ESO. Aquesta mirada transversal ens [&hellip;]<\/p>\n","protected":false},"author":1,"featured_media":0,"parent":64,"menu_order":4,"comment_status":"closed","ping_status":"closed","template":"","meta":{"site-sidebar-layout":"default","site-content-layout":"","ast-site-content-layout":"default","site-content-style":"default","site-sidebar-style":"unboxed","ast-global-header-display":"","ast-banner-title-visibility":"","ast-main-header-display":"","ast-hfb-above-header-display":"","ast-hfb-below-header-display":"","ast-hfb-mobile-header-display":"","site-post-title":"","ast-breadcrumbs-content":"","ast-featured-img":"","footer-sml-layout":"","theme-transparent-header-meta":"default","adv-header-id-meta":"","stick-header-meta":"","header-above-stick-meta":"","header-main-stick-meta":"","header-below-stick-meta":"","astra-migrate-meta-layouts":"set","ast-page-background-enabled":"default","ast-page-background-meta":{"desktop":{"background-color":"var(--ast-global-color-4)","background-image":"","background-repeat":"repeat","background-position":"center center","background-size":"auto","background-attachment":"scroll","background-type":"","background-media":"","overlay-type":"","overlay-color":"","overlay-opacity":"","overlay-gradient":""},"tablet":{"background-color":"","background-image":"","background-repeat":"repeat","background-position":"center center","background-size":"auto","background-attachment":"scroll","background-type":"","background-media":"","overlay-type":"","overlay-color":"","overlay-opacity":"","overlay-gradient":""},"mobile":{"background-color":"","background-image":"","background-repeat":"repeat","background-position":"center center","background-size":"auto","background-attachment":"scroll","background-type":"","background-media":"","overlay-type":"","overlay-color":"","overlay-opacity":"","overlay-gradient":""}},"ast-content-background-meta":{"desktop":{"background-color":"var(--ast-global-color-5)","background-image":"","background-repeat":"repeat","background-position":"center center","background-size":"auto","background-attachment":"scroll","background-type":"","background-media":"","overlay-type":"","overlay-color":"","overlay-opacity":"","overlay-gradient":""},"tablet":{"background-color":"var(--ast-global-color-5)","background-image":"","background-repeat":"repeat","background-position":"center center","background-size":"auto","background-attachment":"scroll","background-type":"","background-media":"","overlay-type":"","overlay-color":"","overlay-opacity":"","overlay-gradient":""},"mobile":{"background-color":"var(--ast-global-color-5)","background-image":"","background-repeat":"repeat","background-position":"center center","background-size":"auto","background-attachment":"scroll","background-type":"","background-media":"","overlay-type":"","overlay-color":"","overlay-opacity":"","overlay-gradient":""}},"footnotes":""},"class_list":["post-16689","page","type-page","status-publish","hentry"],"post_mailing_queue_ids":[],"_links":{"self":[{"href":"https:\/\/agora.xtec.cat\/iesantesteve\/wp-json\/wp\/v2\/pages\/16689","targetHints":{"allow":["GET"]}}],"collection":[{"href":"https:\/\/agora.xtec.cat\/iesantesteve\/wp-json\/wp\/v2\/pages"}],"about":[{"href":"https:\/\/agora.xtec.cat\/iesantesteve\/wp-json\/wp\/v2\/types\/page"}],"author":[{"embeddable":true,"href":"https:\/\/agora.xtec.cat\/iesantesteve\/wp-json\/wp\/v2\/users\/1"}],"replies":[{"embeddable":true,"href":"https:\/\/agora.xtec.cat\/iesantesteve\/wp-json\/wp\/v2\/comments?post=16689"}],"version-history":[{"count":6,"href":"https:\/\/agora.xtec.cat\/iesantesteve\/wp-json\/wp\/v2\/pages\/16689\/revisions"}],"predecessor-version":[{"id":32206,"href":"https:\/\/agora.xtec.cat\/iesantesteve\/wp-json\/wp\/v2\/pages\/16689\/revisions\/32206"}],"up":[{"embeddable":true,"href":"https:\/\/agora.xtec.cat\/iesantesteve\/wp-json\/wp\/v2\/pages\/64"}],"wp:attachment":[{"href":"https:\/\/agora.xtec.cat\/iesantesteve\/wp-json\/wp\/v2\/media?parent=16689"}],"curies":[{"name":"wp","href":"https:\/\/api.w.org\/{rel}","templated":true}]}}