{"id":84,"date":"2014-09-18T14:11:31","date_gmt":"2014-09-18T14:11:31","guid":{"rendered":"http:\/\/agora.xtec.cat\/iesantanna-premiadedalt\/\/?page_id=84"},"modified":"2026-01-26T19:34:10","modified_gmt":"2026-01-26T18:34:10","slug":"activitats-extraescolars","status":"publish","type":"page","link":"https:\/\/agora.xtec.cat\/iesantanna-premiadedalt\/serveis\/activitats-extraescolars\/","title":{"rendered":"Activitats Extraescolars"},"content":{"rendered":"<h3><span style=\"color: #ff6600;\">EXTRAESCOLARS ROB\u00d2TICA CODELEARN 2025-2026<\/span><\/h3>\n<p><strong> Des de <strong>Codelearn<\/strong> us volem presentar una any m\u00e9s la nostra activitat extraescolar de programaci\u00f3 i rob\u00f2tica que es dur\u00e0 a terme en horari de migdia a l\u2019IE Santa Anna. Si hi esteu interessats podeu fer la reserva de la pla\u00e7a mitjan\u00e7ant aquest enlla\u00e7: <a href=\"https:\/\/forms.gle\/DrXQmTVSpgdVWatf9\" target=\"_blank\" rel=\"noopener\">https:\/\/forms.gle\/DrXQmTVSpgdVWatf9<\/a><br \/>\nQualsevol dubte, estem a la vostra disposici\u00f3 al tel\u00e8fon 603.043.679 (trucada o WhatsApp) o e-mail (premia@codelearn.cat)<\/strong><br \/>\n<iframe loading=\"lazy\" src=\"https:\/\/agora.xtec.cat\/iesantanna-premiadedalt\/wp-content\/uploads\/usu517\/2025\/09\/Codelearn_Santanna_2025-26.pdf\" width=\"600\" height=\"800\"><\/iframe><\/p>\n<h4><span style=\"color: #ff0000;\">Nou sistema d&#8217;inscripci\u00f3 activitats extraescolars de tarda &#8220;Din\u00e0mic&#8221;<\/span><br \/>\n<iframe loading=\"lazy\" src=\"https:\/\/agora.xtec.cat\/iesantanna-premiadedalt\/wp-content\/uploads\/usu517\/2025\/07\/SANTA-ANNA-INSCRIPCIO-DINAMIC-CURS-25-26.pdf \" width=\"700\" height=\"800\"><\/iframe><\/h4>\n<h3><span style=\"color: #ff6600;\">EXTRAESCOLARS RED BUS CURS 25-26<\/span><\/h3>\n<p>Continua l&#8217;activitat de migdia organitzada per l&#8217;AFA en col\u00b7laboraci\u00f3 amb l&#8217;empresa <strong>RED BUS<\/strong>.<br \/>\n<iframe loading=\"lazy\" src=\"https:\/\/agora.xtec.cat\/iesantanna-premiadedalt\/wp-content\/uploads\/usu517\/2025\/09\/RED-BUS-Santa-Anna.pdf\" width=\"700\" height=\"800\"><\/iframe><\/p>\n","protected":false},"excerpt":{"rendered":"<p>EXTRAESCOLARS ROB\u00d2TICA CODELEARN 2025-2026 Des de Codelearn us volem presentar una any m\u00e9s la nostra activitat extraescolar de programaci\u00f3 i rob\u00f2tica que es dur\u00e0 a terme en horari de migdia a l\u2019IE Santa Anna. Si hi esteu interessats podeu fer la reserva de la pla\u00e7a mitjan\u00e7ant aquest enlla\u00e7: https:\/\/forms.gle\/DrXQmTVSpgdVWatf9 Qualsevol dubte, estem a la vostra [&hellip;]<\/p>\n","protected":false},"author":2,"featured_media":0,"parent":66,"menu_order":5,"comment_status":"closed","ping_status":"closed","template":"","meta":{"_bbp_topic_count":0,"_bbp_reply_count":0,"_bbp_total_topic_count":0,"_bbp_total_reply_count":0,"_bbp_voice_count":0,"_bbp_anonymous_reply_count":0,"_bbp_topic_count_hidden":0,"_bbp_reply_count_hidden":0,"_bbp_forum_subforum_count":0,"site-sidebar-layout":"default","site-content-layout":"","ast-site-content-layout":"","site-content-style":"default","site-sidebar-style":"default","ast-global-header-display":"","ast-banner-title-visibility":"","ast-main-header-display":"","ast-hfb-above-header-display":"","ast-hfb-below-header-display":"","ast-hfb-mobile-header-display":"","site-post-title":"","ast-breadcrumbs-content":"","ast-featured-img":"","footer-sml-layout":"","theme-transparent-header-meta":"","adv-header-id-meta":"","stick-header-meta":"","header-above-stick-meta":"","header-main-stick-meta":"","header-below-stick-meta":"","astra-migrate-meta-layouts":"default","ast-page-background-enabled":"default","ast-page-background-meta":{"desktop":{"background-color":"var(--ast-global-color-4)","background-image":"","background-repeat":"repeat","background-position":"center center","background-size":"auto","background-attachment":"scroll","background-type":"","background-media":"","overlay-type":"","overlay-color":"","overlay-opacity":"","overlay-gradient":""},"tablet":{"background-color":"","background-image":"","background-repeat":"repeat","background-position":"center center","background-size":"auto","background-attachment":"scroll","background-type":"","background-media":"","overlay-type":"","overlay-color":"","overlay-opacity":"","overlay-gradient":""},"mobile":{"background-color":"","background-image":"","background-repeat":"repeat","background-position":"center center","background-size":"auto","background-attachment":"scroll","background-type":"","background-media":"","overlay-type":"","overlay-color":"","overlay-opacity":"","overlay-gradient":""}},"ast-content-background-meta":{"desktop":{"background-color":"var(--ast-global-color-5)","background-image":"","background-repeat":"repeat","background-position":"center center","background-size":"auto","background-attachment":"scroll","background-type":"","background-media":"","overlay-type":"","overlay-color":"","overlay-opacity":"","overlay-gradient":""},"tablet":{"background-color":"var(--ast-global-color-5)","background-image":"","background-repeat":"repeat","background-position":"center center","background-size":"auto","background-attachment":"scroll","background-type":"","background-media":"","overlay-type":"","overlay-color":"","overlay-opacity":"","overlay-gradient":""},"mobile":{"background-color":"var(--ast-global-color-5)","background-image":"","background-repeat":"repeat","background-position":"center center","background-size":"auto","background-attachment":"scroll","background-type":"","background-media":"","overlay-type":"","overlay-color":"","overlay-opacity":"","overlay-gradient":""}},"footnotes":""},"class_list":["post-84","page","type-page","status-publish","hentry"],"post_mailing_queue_ids":[],"_links":{"self":[{"href":"https:\/\/agora.xtec.cat\/iesantanna-premiadedalt\/wp-json\/wp\/v2\/pages\/84","targetHints":{"allow":["GET"]}}],"collection":[{"href":"https:\/\/agora.xtec.cat\/iesantanna-premiadedalt\/wp-json\/wp\/v2\/pages"}],"about":[{"href":"https:\/\/agora.xtec.cat\/iesantanna-premiadedalt\/wp-json\/wp\/v2\/types\/page"}],"author":[{"embeddable":true,"href":"https:\/\/agora.xtec.cat\/iesantanna-premiadedalt\/wp-json\/wp\/v2\/users\/2"}],"replies":[{"embeddable":true,"href":"https:\/\/agora.xtec.cat\/iesantanna-premiadedalt\/wp-json\/wp\/v2\/comments?post=84"}],"version-history":[{"count":6,"href":"https:\/\/agora.xtec.cat\/iesantanna-premiadedalt\/wp-json\/wp\/v2\/pages\/84\/revisions"}],"predecessor-version":[{"id":28252,"href":"https:\/\/agora.xtec.cat\/iesantanna-premiadedalt\/wp-json\/wp\/v2\/pages\/84\/revisions\/28252"}],"up":[{"embeddable":true,"href":"https:\/\/agora.xtec.cat\/iesantanna-premiadedalt\/wp-json\/wp\/v2\/pages\/66"}],"wp:attachment":[{"href":"https:\/\/agora.xtec.cat\/iesantanna-premiadedalt\/wp-json\/wp\/v2\/media?parent=84"}],"curies":[{"name":"wp","href":"https:\/\/api.w.org\/{rel}","templated":true}]}}