{"id":80,"date":"2014-09-18T14:09:48","date_gmt":"2014-09-18T14:09:48","guid":{"rendered":"http:\/\/agora.xtec.cat\/iesantanna-premiadedalt\/\/?page_id=80"},"modified":"2026-01-26T20:22:27","modified_gmt":"2026-01-26T19:22:27","slug":"transport-escolar","status":"publish","type":"page","link":"https:\/\/agora.xtec.cat\/iesantanna-premiadedalt\/serveis\/transport-escolar\/","title":{"rendered":"Transport Escolar"},"content":{"rendered":"<p>El transport escolar \u00e9s un servei que ofereix l&#8217;escola a trav\u00e9s del Consell Comarcal del Maresme sempre i quan ho sol\u00b7licitin les fam\u00edlies. Aquest transport es realitza dins del municipi de Premi\u00e0 de Dalt.<\/p>\n<p><strong>Sol\u00b7licituds de Transport Escolar<\/strong><\/p>\n<p>Per fer \u00fas del servei de transport escolar heu d\u2019omplir la sol\u00b7licitud corresponent que trobareu a la p\u00e0gina del <strong><a href=\"https:\/\/www.ccmaresme.cat\/educacio-formacio\/transport-escolar\/\" target=\"_blank\" rel=\"noopener\">Consell Comarcal del Maresme<\/a><\/strong>.<\/p>\n<p>En el nostre municipi es fa un <strong style=\"font-family: inherit; font-size: 1em;\">Transport NO OBLIGATORI (TENO).<\/strong><\/p>\n<p>\u00c9s un servei de pagament finan\u00e7at parcialment pel Consell Comarcal.<\/p>\n<p>El poden fer servir:<\/p>\n<ul class=\"wp-block-list\">\n<li>Alumnes d\u2019educaci\u00f3 infantil, prim\u00e0ria i secund\u00e0ria que viuen en el municipi on est\u00e0 situada l\u2019escola.<\/li>\n<li>Alumnes de batxillerat.<\/li>\n<\/ul>\n<p>El preu definitiu mensual pel curs 25-26:<\/p>\n<ul class=\"wp-block-list\">\n<li>Alumnat d&#8217;Infantil, Prim\u00e0ria i ESO\n<ul class=\"wp-block-list\">\n<li>1r germ\u00e0: 26,55\u20ac<\/li>\n<li>2n germ\u00e0: 17,70\u20ac<\/li>\n<li>3r germ\u00e0: 8,85<\/li>\n<\/ul>\n<\/li>\n<\/ul>\n<p>Aquest preu \u00e9s mensual i es factura trimestralment, inclou l\u2019anada i la tornada de l\u2019escola fins la parada sol\u00b7licitada.<\/p>\n<p>El preu inclou 2 viatges, anada i tornada de la parada a l\u2019escola.<\/p>\n<p>A partir de l\u2019inici de curs, es cobrar\u00e0 el mes complert en qu\u00e8 es faci la inscripci\u00f3.<\/p>\n<p class=\"entry-title\"><a href=\"https:\/\/www.ccmaresme.cat\/sollicitud-del-servei-de-transport-escolar-curs-2024-25-no-obligatori\/\" target=\"_blank\" rel=\"noopener\"><strong>Sol\u00b7licitud del servei de transport escolar CURS 2025\/26 \u2013 NO OBLIGATORI<\/strong><\/a><\/p>\n<p><strong><span style=\"color: #ff0000;\"><a href=\"http:\/\/agora.xtec.cat\/iesantanna-premiadedalt\/\/wp-content\/uploads\/usu517\/2014\/09\/Un-autobus-de-TMB_54227145440_51347059679_342_226.jpg\"><img loading=\"lazy\" decoding=\"async\" class=\"size-full wp-image-598 aligncenter\" src=\"http:\/\/agora.xtec.cat\/iesantanna-premiadedalt\/\/wp-content\/uploads\/usu517\/2014\/09\/Un-autobus-de-TMB_54227145440_51347059679_342_226.jpg\" alt=\"\" width=\"342\" height=\"226\" srcset=\"https:\/\/agora.xtec.cat\/iesantanna-premiadedalt\/wp-content\/uploads\/usu517\/2014\/09\/Un-autobus-de-TMB_54227145440_51347059679_342_226.jpg 342w, https:\/\/agora.xtec.cat\/iesantanna-premiadedalt\/wp-content\/uploads\/usu517\/2014\/09\/Un-autobus-de-TMB_54227145440_51347059679_342_226-300x198.jpg 300w\" sizes=\"auto, (max-width: 342px) 100vw, 342px\" \/><\/a><br \/>\n<\/span><\/strong><\/p>\n","protected":false},"excerpt":{"rendered":"<p>El transport escolar \u00e9s un servei que ofereix l&#8217;escola a trav\u00e9s del Consell Comarcal del Maresme sempre i quan ho sol\u00b7licitin les fam\u00edlies. Aquest transport es realitza dins del municipi de Premi\u00e0 de Dalt. Sol\u00b7licituds de Transport Escolar Per fer \u00fas del servei de transport escolar heu d\u2019omplir la sol\u00b7licitud corresponent que trobareu a la [&hellip;]<\/p>\n","protected":false},"author":2,"featured_media":0,"parent":66,"menu_order":6,"comment_status":"closed","ping_status":"closed","template":"","meta":{"_bbp_topic_count":0,"_bbp_reply_count":0,"_bbp_total_topic_count":0,"_bbp_total_reply_count":0,"_bbp_voice_count":0,"_bbp_anonymous_reply_count":0,"_bbp_topic_count_hidden":0,"_bbp_reply_count_hidden":0,"_bbp_forum_subforum_count":0,"site-sidebar-layout":"default","site-content-layout":"","ast-site-content-layout":"","site-content-style":"default","site-sidebar-style":"default","ast-global-header-display":"","ast-banner-title-visibility":"","ast-main-header-display":"","ast-hfb-above-header-display":"","ast-hfb-below-header-display":"","ast-hfb-mobile-header-display":"","site-post-title":"","ast-breadcrumbs-content":"","ast-featured-img":"","footer-sml-layout":"","theme-transparent-header-meta":"","adv-header-id-meta":"","stick-header-meta":"","header-above-stick-meta":"","header-main-stick-meta":"","header-below-stick-meta":"","astra-migrate-meta-layouts":"default","ast-page-background-enabled":"default","ast-page-background-meta":{"desktop":{"background-color":"var(--ast-global-color-4)","background-image":"","background-repeat":"repeat","background-position":"center center","background-size":"auto","background-attachment":"scroll","background-type":"","background-media":"","overlay-type":"","overlay-color":"","overlay-opacity":"","overlay-gradient":""},"tablet":{"background-color":"","background-image":"","background-repeat":"repeat","background-position":"center center","background-size":"auto","background-attachment":"scroll","background-type":"","background-media":"","overlay-type":"","overlay-color":"","overlay-opacity":"","overlay-gradient":""},"mobile":{"background-color":"","background-image":"","background-repeat":"repeat","background-position":"center center","background-size":"auto","background-attachment":"scroll","background-type":"","background-media":"","overlay-type":"","overlay-color":"","overlay-opacity":"","overlay-gradient":""}},"ast-content-background-meta":{"desktop":{"background-color":"var(--ast-global-color-5)","background-image":"","background-repeat":"repeat","background-position":"center center","background-size":"auto","background-attachment":"scroll","background-type":"","background-media":"","overlay-type":"","overlay-color":"","overlay-opacity":"","overlay-gradient":""},"tablet":{"background-color":"var(--ast-global-color-5)","background-image":"","background-repeat":"repeat","background-position":"center center","background-size":"auto","background-attachment":"scroll","background-type":"","background-media":"","overlay-type":"","overlay-color":"","overlay-opacity":"","overlay-gradient":""},"mobile":{"background-color":"var(--ast-global-color-5)","background-image":"","background-repeat":"repeat","background-position":"center center","background-size":"auto","background-attachment":"scroll","background-type":"","background-media":"","overlay-type":"","overlay-color":"","overlay-opacity":"","overlay-gradient":""}},"footnotes":""},"class_list":["post-80","page","type-page","status-publish","hentry"],"post_mailing_queue_ids":[],"_links":{"self":[{"href":"https:\/\/agora.xtec.cat\/iesantanna-premiadedalt\/wp-json\/wp\/v2\/pages\/80","targetHints":{"allow":["GET"]}}],"collection":[{"href":"https:\/\/agora.xtec.cat\/iesantanna-premiadedalt\/wp-json\/wp\/v2\/pages"}],"about":[{"href":"https:\/\/agora.xtec.cat\/iesantanna-premiadedalt\/wp-json\/wp\/v2\/types\/page"}],"author":[{"embeddable":true,"href":"https:\/\/agora.xtec.cat\/iesantanna-premiadedalt\/wp-json\/wp\/v2\/users\/2"}],"replies":[{"embeddable":true,"href":"https:\/\/agora.xtec.cat\/iesantanna-premiadedalt\/wp-json\/wp\/v2\/comments?post=80"}],"version-history":[{"count":6,"href":"https:\/\/agora.xtec.cat\/iesantanna-premiadedalt\/wp-json\/wp\/v2\/pages\/80\/revisions"}],"predecessor-version":[{"id":28650,"href":"https:\/\/agora.xtec.cat\/iesantanna-premiadedalt\/wp-json\/wp\/v2\/pages\/80\/revisions\/28650"}],"up":[{"embeddable":true,"href":"https:\/\/agora.xtec.cat\/iesantanna-premiadedalt\/wp-json\/wp\/v2\/pages\/66"}],"wp:attachment":[{"href":"https:\/\/agora.xtec.cat\/iesantanna-premiadedalt\/wp-json\/wp\/v2\/media?parent=80"}],"curies":[{"name":"wp","href":"https:\/\/api.w.org\/{rel}","templated":true}]}}