{"id":77,"date":"2014-09-18T14:05:08","date_gmt":"2014-09-18T14:05:08","guid":{"rendered":"http:\/\/agora.xtec.cat\/iesantanna-premiadedalt\/\/?page_id=77"},"modified":"2026-01-26T19:32:57","modified_gmt":"2026-01-26T18:32:57","slug":"acollida","status":"publish","type":"page","link":"https:\/\/agora.xtec.cat\/iesantanna-premiadedalt\/serveis\/acollida\/","title":{"rendered":"Acollida Matinal"},"content":{"rendered":"<p style=\"text-align: center;\"><b>Tots els matins de 7:30 a 9:00 hi ha servei d&#8217;acollida matinal a c\u00e0rrec de Din\u00e0mic.<\/b><\/p>\n<p style=\"text-align: center;\"><b><\/b><b>Aquest servei \u00e9s possible gr\u00e0cies a la gesti\u00f3 de l&#8217;AFA.<\/b><\/p>\n<p style=\"text-align: center;\"><b>Podeu contactar amb Din\u00e0mic <\/b><b>als tel\u00e8fons 93.357.35.19 \/ 657.548.800 \/ 671.676.699<\/b><\/p>\n<p style=\"text-align: center;\"><strong>o b\u00e9 escriure un correu electr\u00f2nic a l&#8217;adre\u00e7a <a href=\"mailto:extraescolars@viudinamic.org\">extraescolars@viudinamic.org<\/a><\/strong><\/p>\n<p><a href=\"http:\/\/agora.xtec.cat\/iesantanna-premiadedalt\/\/wp-content\/uploads\/usu517\/2014\/09\/Acollida.jpg\"><img loading=\"lazy\" decoding=\"async\" class=\"size-full wp-image-555 aligncenter\" src=\"http:\/\/agora.xtec.cat\/iesantanna-premiadedalt\/\/wp-content\/uploads\/usu517\/2014\/09\/Acollida.jpg\" alt=\"\" width=\"400\" height=\"198\" srcset=\"https:\/\/agora.xtec.cat\/iesantanna-premiadedalt\/wp-content\/uploads\/usu517\/2014\/09\/Acollida.jpg 400w, https:\/\/agora.xtec.cat\/iesantanna-premiadedalt\/wp-content\/uploads\/usu517\/2014\/09\/Acollida-300x149.jpg 300w\" sizes=\"auto, (max-width: 400px) 100vw, 400px\" \/><\/a><\/p>\n<h4><span style=\"color: #ff0000;\">Nou sistema d&#8217;inscripci\u00f3 curs 2025-2026<\/span><br \/>\n<iframe loading=\"lazy\" src=\"https:\/\/agora.xtec.cat\/iesantanna-premiadedalt\/wp-content\/uploads\/usu517\/2025\/07\/SANTA-ANNA-INSCRIPCIO-DINAMIC-CURS-25-26.pdf \" width=\"800\" height=\"1100\"><\/iframe><\/h4>\n<p><iframe loading=\"lazy\" src=\"https:\/\/agora.xtec.cat\/iesantanna-premiadedalt\/wp-content\/uploads\/usu517\/2024\/07\/SANTA-ANNA-ACOLLIDA-INFORMACIO-CURS-2024-2025_compressed.pdf \" width=\"800\" height=\"1100\"><\/iframe><\/p>\n<p>Tamb\u00e9 podeu consultar d&#8217;altres informacions\u00a0rellevants del servei d&#8217;acollida en el document:<\/p>\n<p><iframe loading=\"lazy\" src=\"https:\/\/agora.xtec.cat\/iesantanna-premiadedalt\/\/wp-content\/uploads\/usu517\/2020\/09\/Normativa-general-servei-dacollida-2020-21.pdf\" width=\"800\" height=\"1100\"><\/iframe><\/p>\n","protected":false},"excerpt":{"rendered":"<p>Tots els matins de 7:30 a 9:00 hi ha servei d&#8217;acollida matinal a c\u00e0rrec de Din\u00e0mic. Aquest servei \u00e9s possible gr\u00e0cies a la gesti\u00f3 de l&#8217;AFA. Podeu contactar amb Din\u00e0mic als tel\u00e8fons 93.357.35.19 \/ 657.548.800 \/ 671.676.699 o b\u00e9 escriure un correu electr\u00f2nic a l&#8217;adre\u00e7a extraescolars@viudinamic.org Nou sistema d&#8217;inscripci\u00f3 curs 2025-2026 Tamb\u00e9 podeu consultar d&#8217;altres [&hellip;]<\/p>\n","protected":false},"author":2,"featured_media":0,"parent":66,"menu_order":2,"comment_status":"closed","ping_status":"closed","template":"","meta":{"_bbp_topic_count":0,"_bbp_reply_count":0,"_bbp_total_topic_count":0,"_bbp_total_reply_count":0,"_bbp_voice_count":0,"_bbp_anonymous_reply_count":0,"_bbp_topic_count_hidden":0,"_bbp_reply_count_hidden":0,"_bbp_forum_subforum_count":0,"site-sidebar-layout":"default","site-content-layout":"","ast-site-content-layout":"","site-content-style":"default","site-sidebar-style":"default","ast-global-header-display":"","ast-banner-title-visibility":"","ast-main-header-display":"","ast-hfb-above-header-display":"","ast-hfb-below-header-display":"","ast-hfb-mobile-header-display":"","site-post-title":"","ast-breadcrumbs-content":"","ast-featured-img":"","footer-sml-layout":"","theme-transparent-header-meta":"","adv-header-id-meta":"","stick-header-meta":"","header-above-stick-meta":"","header-main-stick-meta":"","header-below-stick-meta":"","astra-migrate-meta-layouts":"default","ast-page-background-enabled":"default","ast-page-background-meta":{"desktop":{"background-color":"var(--ast-global-color-4)","background-image":"","background-repeat":"repeat","background-position":"center center","background-size":"auto","background-attachment":"scroll","background-type":"","background-media":"","overlay-type":"","overlay-color":"","overlay-opacity":"","overlay-gradient":""},"tablet":{"background-color":"","background-image":"","background-repeat":"repeat","background-position":"center center","background-size":"auto","background-attachment":"scroll","background-type":"","background-media":"","overlay-type":"","overlay-color":"","overlay-opacity":"","overlay-gradient":""},"mobile":{"background-color":"","background-image":"","background-repeat":"repeat","background-position":"center center","background-size":"auto","background-attachment":"scroll","background-type":"","background-media":"","overlay-type":"","overlay-color":"","overlay-opacity":"","overlay-gradient":""}},"ast-content-background-meta":{"desktop":{"background-color":"var(--ast-global-color-5)","background-image":"","background-repeat":"repeat","background-position":"center center","background-size":"auto","background-attachment":"scroll","background-type":"","background-media":"","overlay-type":"","overlay-color":"","overlay-opacity":"","overlay-gradient":""},"tablet":{"background-color":"var(--ast-global-color-5)","background-image":"","background-repeat":"repeat","background-position":"center center","background-size":"auto","background-attachment":"scroll","background-type":"","background-media":"","overlay-type":"","overlay-color":"","overlay-opacity":"","overlay-gradient":""},"mobile":{"background-color":"var(--ast-global-color-5)","background-image":"","background-repeat":"repeat","background-position":"center center","background-size":"auto","background-attachment":"scroll","background-type":"","background-media":"","overlay-type":"","overlay-color":"","overlay-opacity":"","overlay-gradient":""}},"footnotes":""},"class_list":["post-77","page","type-page","status-publish","hentry"],"post_mailing_queue_ids":[],"_links":{"self":[{"href":"https:\/\/agora.xtec.cat\/iesantanna-premiadedalt\/wp-json\/wp\/v2\/pages\/77","targetHints":{"allow":["GET"]}}],"collection":[{"href":"https:\/\/agora.xtec.cat\/iesantanna-premiadedalt\/wp-json\/wp\/v2\/pages"}],"about":[{"href":"https:\/\/agora.xtec.cat\/iesantanna-premiadedalt\/wp-json\/wp\/v2\/types\/page"}],"author":[{"embeddable":true,"href":"https:\/\/agora.xtec.cat\/iesantanna-premiadedalt\/wp-json\/wp\/v2\/users\/2"}],"replies":[{"embeddable":true,"href":"https:\/\/agora.xtec.cat\/iesantanna-premiadedalt\/wp-json\/wp\/v2\/comments?post=77"}],"version-history":[{"count":6,"href":"https:\/\/agora.xtec.cat\/iesantanna-premiadedalt\/wp-json\/wp\/v2\/pages\/77\/revisions"}],"predecessor-version":[{"id":28073,"href":"https:\/\/agora.xtec.cat\/iesantanna-premiadedalt\/wp-json\/wp\/v2\/pages\/77\/revisions\/28073"}],"up":[{"embeddable":true,"href":"https:\/\/agora.xtec.cat\/iesantanna-premiadedalt\/wp-json\/wp\/v2\/pages\/66"}],"wp:attachment":[{"href":"https:\/\/agora.xtec.cat\/iesantanna-premiadedalt\/wp-json\/wp\/v2\/media?parent=77"}],"curies":[{"name":"wp","href":"https:\/\/api.w.org\/{rel}","templated":true}]}}