{"id":613,"date":"2017-09-10T21:59:49","date_gmt":"2017-09-10T19:59:49","guid":{"rendered":"http:\/\/agora.xtec.cat\/iesantanna-premiadedalt\/\/?page_id=613"},"modified":"2026-01-26T20:28:44","modified_gmt":"2026-01-26T19:28:44","slug":"pagament-amb-tpv","status":"publish","type":"page","link":"https:\/\/agora.xtec.cat\/iesantanna-premiadedalt\/serveis\/pagament-amb-tpv\/","title":{"rendered":"TPV i Dinantia"},"content":{"rendered":"<h3><span style=\"color: #ff0000;\"><strong>TPV<\/strong><\/span><\/h3>\n<p>El <strong>TPV<\/strong> \u00e9<span id=\"ctl00_MainContent_TextExplicacio\">s un sistema innovador per gestionar els pagaments escolars, dissenyat per facilitar la gesti\u00f3 i control dels pagaments a les escoles, associacions de fam\u00edlies i activitats extraescolars. <\/span><\/p>\n<p>\u00c9s molt important que <strong>TOTHOM<\/strong> tingui descarregada l&#8217;aplicaci\u00f3 <strong>Santa Anna<\/strong><strong>TPVEscola<\/strong><span style=\"font-family: inherit; font-size: 1em;\">\u00a0<\/span><span style=\"font-family: inherit; font-size: 1em;\">al m\u00f2bil i registreu una signatura per autoritzacions.<\/span><\/p>\n<p><strong><span style=\"color: #ff6600;\">1r pas:<\/span><\/strong> Descarregueu l&#8217;app <strong>Santa Anna<\/strong><strong>TPVEscola<\/strong>\u00a0al Google Play (Android) o al Play Store (iOs)<\/p>\n<p><img loading=\"lazy\" decoding=\"async\" class=\"wp-image-21744 aligncenter\" src=\"https:\/\/agora.xtec.cat\/iesantanna-premiadedalt\/\/wp-content\/uploads\/usu517\/2020\/07\/34325105-31402787-1024x756.jpg\" alt=\"\" width=\"275\" height=\"203\" srcset=\"https:\/\/agora.xtec.cat\/iesantanna-premiadedalt\/wp-content\/uploads\/usu517\/2020\/07\/34325105-31402787-1024x756.jpg 1024w, https:\/\/agora.xtec.cat\/iesantanna-premiadedalt\/wp-content\/uploads\/usu517\/2020\/07\/34325105-31402787-300x222.jpg 300w, https:\/\/agora.xtec.cat\/iesantanna-premiadedalt\/wp-content\/uploads\/usu517\/2020\/07\/34325105-31402787-768x567.jpg 768w, https:\/\/agora.xtec.cat\/iesantanna-premiadedalt\/wp-content\/uploads\/usu517\/2020\/07\/34325105-31402787.jpg 1200w\" sizes=\"auto, (max-width: 275px) 100vw, 275px\" \/><\/p>\n<p><img loading=\"lazy\" decoding=\"async\" class=\"wp-image-21745 aligncenter\" src=\"https:\/\/agora.xtec.cat\/iesantanna-premiadedalt\/\/wp-content\/uploads\/usu517\/2020\/07\/320x0w.png\" alt=\"\" width=\"183\" height=\"182\" srcset=\"https:\/\/agora.xtec.cat\/iesantanna-premiadedalt\/wp-content\/uploads\/usu517\/2020\/07\/320x0w.png 320w, https:\/\/agora.xtec.cat\/iesantanna-premiadedalt\/wp-content\/uploads\/usu517\/2020\/07\/320x0w-150x150.png 150w, https:\/\/agora.xtec.cat\/iesantanna-premiadedalt\/wp-content\/uploads\/usu517\/2020\/07\/320x0w-300x300.png 300w\" sizes=\"auto, (max-width: 183px) 100vw, 183px\" \/><\/p>\n<p><span style=\"color: #ff6600;\"><strong>2n pas<\/strong><\/span>: Incorporeu usuari i contrasenya de l&#8217;alumne\/a (Si teniu m\u00e9s d&#8217;un fill\/a a l&#8217;escola, un cop introdu\u00eft el primer usuari, aneu a:<\/p>\n<p>Usuaris Nou usuari (incorporeu les dades)<\/p>\n<p>Un cop fet, podeu canviar d&#8217;usuari a Usuaris canvi d&#8217;usuari<\/p>\n<p><span style=\"color: #ff6600;\"><strong>3r pas<\/strong><\/span>: Quan tingueu tots els usuaris incorporats, registreu la vostra signatura a:<\/p>\n<p>Les meves dades Signatura (i all\u00e0 registreu una signatura per poder realitzar autoritzacions)<\/p>\n<p><strong><span style=\"color: #800080;\">(S&#8217;HA DE REGISTRAR UNA SIGNATURA PER CADA FILL\/FILLA)<\/span><\/strong><\/p>\n<p><span style=\"color: #ff6600;\"><strong>4t pas<\/strong><\/span>: Verifiqueu el vostre correu electr\u00f2nic a l&#8217;apartat: El meu compte &gt; Email<\/p>\n<h3><span style=\"color: #ff0000;\"><strong>DINANTIA\u00a0<\/strong><\/span><\/h3>\n<p>L&#8217;aplicaci\u00f3 Dinantia permet rebre al vostre m\u00f2bil les notificacions oficials de l&#8217;IE Santa Anna, comunicaci\u00f3 directa i immediata del tutor\/tutora de la vostra filla\/fill, recordatoris importants, autoritzacions i altres informacions.<\/p>\n<p><a href=\"https:\/\/agora.xtec.cat\/iesantanna-premiadedalt\/wp-content\/uploads\/usu517\/2025\/09\/dinantia.png\"><img loading=\"lazy\" decoding=\"async\" class=\"size-full wp-image-28141 alignleft\" src=\"https:\/\/agora.xtec.cat\/iesantanna-premiadedalt\/wp-content\/uploads\/usu517\/2025\/09\/dinantia.png\" alt=\"\" width=\"225\" height=\"225\" srcset=\"https:\/\/agora.xtec.cat\/iesantanna-premiadedalt\/wp-content\/uploads\/usu517\/2025\/09\/dinantia.png 225w, https:\/\/agora.xtec.cat\/iesantanna-premiadedalt\/wp-content\/uploads\/usu517\/2025\/09\/dinantia-150x150.png 150w\" sizes=\"auto, (max-width: 225px) 100vw, 225px\" \/><\/a><\/p>\n<p><strong><a href=\"https:\/\/agora.xtec.cat\/iesantanna-premiadedalt\/wp-content\/uploads\/usu517\/2025\/09\/dinantia-instalacio-inicial-ca-27-9.pdf\" target=\"_blank\" rel=\"noopener\">Instruccions<\/a><\/strong> per instal\u00b7lar Dinantia al m\u00f2bil i donar-se d&#8217;alta:<\/p>\n<p><iframe loading=\"lazy\" src=\" https:\/\/agora.xtec.cat\/iesantanna-premiadedalt\/wp-content\/uploads\/usu517\/2026\/01\/dinantia-instalacio-inicial.pdf \" width=\"800\" height=\"900\"><\/iframe><\/p>\n","protected":false},"excerpt":{"rendered":"<p>TPV El TPV \u00e9s un sistema innovador per gestionar els pagaments escolars, dissenyat per facilitar la gesti\u00f3 i control dels pagaments a les escoles, associacions de fam\u00edlies i activitats extraescolars. \u00c9s molt important que TOTHOM tingui descarregada l&#8217;aplicaci\u00f3 Santa AnnaTPVEscola\u00a0al m\u00f2bil i registreu una signatura per autoritzacions. 1r pas: Descarregueu l&#8217;app Santa AnnaTPVEscola\u00a0al Google Play [&hellip;]<\/p>\n","protected":false},"author":1,"featured_media":0,"parent":66,"menu_order":10,"comment_status":"closed","ping_status":"closed","template":"","meta":{"_bbp_topic_count":0,"_bbp_reply_count":0,"_bbp_total_topic_count":0,"_bbp_total_reply_count":0,"_bbp_voice_count":0,"_bbp_anonymous_reply_count":0,"_bbp_topic_count_hidden":0,"_bbp_reply_count_hidden":0,"_bbp_forum_subforum_count":0,"site-sidebar-layout":"default","site-content-layout":"","ast-site-content-layout":"","site-content-style":"default","site-sidebar-style":"default","ast-global-header-display":"","ast-banner-title-visibility":"","ast-main-header-display":"","ast-hfb-above-header-display":"","ast-hfb-below-header-display":"","ast-hfb-mobile-header-display":"","site-post-title":"","ast-breadcrumbs-content":"","ast-featured-img":"","footer-sml-layout":"","theme-transparent-header-meta":"","adv-header-id-meta":"","stick-header-meta":"","header-above-stick-meta":"","header-main-stick-meta":"","header-below-stick-meta":"","astra-migrate-meta-layouts":"default","ast-page-background-enabled":"default","ast-page-background-meta":{"desktop":{"background-color":"var(--ast-global-color-4)","background-image":"","background-repeat":"repeat","background-position":"center center","background-size":"auto","background-attachment":"scroll","background-type":"","background-media":"","overlay-type":"","overlay-color":"","overlay-opacity":"","overlay-gradient":""},"tablet":{"background-color":"","background-image":"","background-repeat":"repeat","background-position":"center center","background-size":"auto","background-attachment":"scroll","background-type":"","background-media":"","overlay-type":"","overlay-color":"","overlay-opacity":"","overlay-gradient":""},"mobile":{"background-color":"","background-image":"","background-repeat":"repeat","background-position":"center center","background-size":"auto","background-attachment":"scroll","background-type":"","background-media":"","overlay-type":"","overlay-color":"","overlay-opacity":"","overlay-gradient":""}},"ast-content-background-meta":{"desktop":{"background-color":"var(--ast-global-color-5)","background-image":"","background-repeat":"repeat","background-position":"center center","background-size":"auto","background-attachment":"scroll","background-type":"","background-media":"","overlay-type":"","overlay-color":"","overlay-opacity":"","overlay-gradient":""},"tablet":{"background-color":"var(--ast-global-color-5)","background-image":"","background-repeat":"repeat","background-position":"center center","background-size":"auto","background-attachment":"scroll","background-type":"","background-media":"","overlay-type":"","overlay-color":"","overlay-opacity":"","overlay-gradient":""},"mobile":{"background-color":"var(--ast-global-color-5)","background-image":"","background-repeat":"repeat","background-position":"center center","background-size":"auto","background-attachment":"scroll","background-type":"","background-media":"","overlay-type":"","overlay-color":"","overlay-opacity":"","overlay-gradient":""}},"footnotes":""},"class_list":["post-613","page","type-page","status-publish","hentry"],"post_mailing_queue_ids":[],"_links":{"self":[{"href":"https:\/\/agora.xtec.cat\/iesantanna-premiadedalt\/wp-json\/wp\/v2\/pages\/613","targetHints":{"allow":["GET"]}}],"collection":[{"href":"https:\/\/agora.xtec.cat\/iesantanna-premiadedalt\/wp-json\/wp\/v2\/pages"}],"about":[{"href":"https:\/\/agora.xtec.cat\/iesantanna-premiadedalt\/wp-json\/wp\/v2\/types\/page"}],"author":[{"embeddable":true,"href":"https:\/\/agora.xtec.cat\/iesantanna-premiadedalt\/wp-json\/wp\/v2\/users\/1"}],"replies":[{"embeddable":true,"href":"https:\/\/agora.xtec.cat\/iesantanna-premiadedalt\/wp-json\/wp\/v2\/comments?post=613"}],"version-history":[{"count":6,"href":"https:\/\/agora.xtec.cat\/iesantanna-premiadedalt\/wp-json\/wp\/v2\/pages\/613\/revisions"}],"predecessor-version":[{"id":28654,"href":"https:\/\/agora.xtec.cat\/iesantanna-premiadedalt\/wp-json\/wp\/v2\/pages\/613\/revisions\/28654"}],"up":[{"embeddable":true,"href":"https:\/\/agora.xtec.cat\/iesantanna-premiadedalt\/wp-json\/wp\/v2\/pages\/66"}],"wp:attachment":[{"href":"https:\/\/agora.xtec.cat\/iesantanna-premiadedalt\/wp-json\/wp\/v2\/media?parent=613"}],"curies":[{"name":"wp","href":"https:\/\/api.w.org\/{rel}","templated":true}]}}