{"id":588,"date":"2017-09-10T20:53:16","date_gmt":"2017-09-10T18:53:16","guid":{"rendered":"http:\/\/agora.xtec.cat\/iesantanna-premiadedalt\/\/?page_id=588"},"modified":"2026-01-26T20:17:58","modified_gmt":"2026-01-26T19:17:58","slug":"piscina","status":"publish","type":"page","link":"https:\/\/agora.xtec.cat\/iesantanna-premiadedalt\/serveis\/piscina\/","title":{"rendered":"Piscina"},"content":{"rendered":"<p>Els alumnes de <strong>2n de prim\u00e0ria<\/strong>, cada dijous, de les 10:15 a les 12:15, van a fer aquesta activitat a la Piscina Municipal de Premi\u00e0 de Mar (Centre Esportiu Municipal CEM). El transport es realitza amb autocar. Tant el curset de piscina com el transport estan totalment subvencionats per l&#8217;Ajuntament de Premi\u00e0 de Dalt.<\/p>\n<p>L&#8217;alumnat de<strong> 2n d&#8217;ESO<\/strong> tamb\u00e9 gaudeix de l&#8217;activitat de piscina durant un dels trimestres del curs, habitualment durant el segon trimestre, durant 10 setmanes seguides. El despla\u00e7ament es fa caminant amb el professorat d&#8217;educaci\u00f3 f\u00edsica i acompanyant. El docent d&#8217;educaci\u00f3 f\u00edsica de 2n d&#8217;ESO implementa l&#8217;activitat de nataci\u00f3. El cost de l&#8217;\u00fas de les instal\u00b7acions est\u00e0 subvencionat pel programa PMOE-PROA+, totalment gratu\u00eft per l&#8217;alumnat.<\/p>\n<p><img decoding=\"async\" class=\"aligncenter\" src=\"https:\/\/www.l-h.cat\/utils\/obrefitxer.ashx?Fw9EVw48XS7Hx2qazAAZXlHO2MWLM1utEckZHKoDpZZKxiASV0LLUGbbAqazBqazB\" alt=\"Inici | Poliesportius Municipals de L'Hospitalet\" \/><\/p>\n<p>&nbsp;<\/p>\n","protected":false},"excerpt":{"rendered":"<p>Els alumnes de 2n de prim\u00e0ria, cada dijous, de les 10:15 a les 12:15, van a fer aquesta activitat a la Piscina Municipal de Premi\u00e0 de Mar (Centre Esportiu Municipal CEM). El transport es realitza amb autocar. Tant el curset de piscina com el transport estan totalment subvencionats per l&#8217;Ajuntament de Premi\u00e0 de Dalt. L&#8217;alumnat [&hellip;]<\/p>\n","protected":false},"author":1,"featured_media":0,"parent":66,"menu_order":8,"comment_status":"closed","ping_status":"closed","template":"","meta":{"_bbp_topic_count":0,"_bbp_reply_count":0,"_bbp_total_topic_count":0,"_bbp_total_reply_count":0,"_bbp_voice_count":0,"_bbp_anonymous_reply_count":0,"_bbp_topic_count_hidden":0,"_bbp_reply_count_hidden":0,"_bbp_forum_subforum_count":0,"site-sidebar-layout":"default","site-content-layout":"","ast-site-content-layout":"","site-content-style":"default","site-sidebar-style":"default","ast-global-header-display":"","ast-banner-title-visibility":"","ast-main-header-display":"","ast-hfb-above-header-display":"","ast-hfb-below-header-display":"","ast-hfb-mobile-header-display":"","site-post-title":"","ast-breadcrumbs-content":"","ast-featured-img":"","footer-sml-layout":"","theme-transparent-header-meta":"","adv-header-id-meta":"","stick-header-meta":"","header-above-stick-meta":"","header-main-stick-meta":"","header-below-stick-meta":"","astra-migrate-meta-layouts":"default","ast-page-background-enabled":"default","ast-page-background-meta":{"desktop":{"background-color":"var(--ast-global-color-4)","background-image":"","background-repeat":"repeat","background-position":"center center","background-size":"auto","background-attachment":"scroll","background-type":"","background-media":"","overlay-type":"","overlay-color":"","overlay-opacity":"","overlay-gradient":""},"tablet":{"background-color":"","background-image":"","background-repeat":"repeat","background-position":"center center","background-size":"auto","background-attachment":"scroll","background-type":"","background-media":"","overlay-type":"","overlay-color":"","overlay-opacity":"","overlay-gradient":""},"mobile":{"background-color":"","background-image":"","background-repeat":"repeat","background-position":"center center","background-size":"auto","background-attachment":"scroll","background-type":"","background-media":"","overlay-type":"","overlay-color":"","overlay-opacity":"","overlay-gradient":""}},"ast-content-background-meta":{"desktop":{"background-color":"var(--ast-global-color-5)","background-image":"","background-repeat":"repeat","background-position":"center center","background-size":"auto","background-attachment":"scroll","background-type":"","background-media":"","overlay-type":"","overlay-color":"","overlay-opacity":"","overlay-gradient":""},"tablet":{"background-color":"var(--ast-global-color-5)","background-image":"","background-repeat":"repeat","background-position":"center center","background-size":"auto","background-attachment":"scroll","background-type":"","background-media":"","overlay-type":"","overlay-color":"","overlay-opacity":"","overlay-gradient":""},"mobile":{"background-color":"var(--ast-global-color-5)","background-image":"","background-repeat":"repeat","background-position":"center center","background-size":"auto","background-attachment":"scroll","background-type":"","background-media":"","overlay-type":"","overlay-color":"","overlay-opacity":"","overlay-gradient":""}},"footnotes":""},"class_list":["post-588","page","type-page","status-publish","hentry"],"post_mailing_queue_ids":[],"_links":{"self":[{"href":"https:\/\/agora.xtec.cat\/iesantanna-premiadedalt\/wp-json\/wp\/v2\/pages\/588","targetHints":{"allow":["GET"]}}],"collection":[{"href":"https:\/\/agora.xtec.cat\/iesantanna-premiadedalt\/wp-json\/wp\/v2\/pages"}],"about":[{"href":"https:\/\/agora.xtec.cat\/iesantanna-premiadedalt\/wp-json\/wp\/v2\/types\/page"}],"author":[{"embeddable":true,"href":"https:\/\/agora.xtec.cat\/iesantanna-premiadedalt\/wp-json\/wp\/v2\/users\/1"}],"replies":[{"embeddable":true,"href":"https:\/\/agora.xtec.cat\/iesantanna-premiadedalt\/wp-json\/wp\/v2\/comments?post=588"}],"version-history":[{"count":5,"href":"https:\/\/agora.xtec.cat\/iesantanna-premiadedalt\/wp-json\/wp\/v2\/pages\/588\/revisions"}],"predecessor-version":[{"id":28649,"href":"https:\/\/agora.xtec.cat\/iesantanna-premiadedalt\/wp-json\/wp\/v2\/pages\/588\/revisions\/28649"}],"up":[{"embeddable":true,"href":"https:\/\/agora.xtec.cat\/iesantanna-premiadedalt\/wp-json\/wp\/v2\/pages\/66"}],"wp:attachment":[{"href":"https:\/\/agora.xtec.cat\/iesantanna-premiadedalt\/wp-json\/wp\/v2\/media?parent=588"}],"curies":[{"name":"wp","href":"https:\/\/api.w.org\/{rel}","templated":true}]}}