{"id":542,"date":"2017-09-09T18:51:03","date_gmt":"2017-09-09T16:51:03","guid":{"rendered":"http:\/\/agora.xtec.cat\/iesantanna-premiadedalt\/\/?page_id=542"},"modified":"2026-01-26T19:03:56","modified_gmt":"2026-01-26T18:03:56","slug":"quotes-subvencions","status":"publish","type":"page","link":"https:\/\/agora.xtec.cat\/iesantanna-premiadedalt\/curs-2024-25\/quotes-subvencions\/","title":{"rendered":"Quotes 25-26 \/ Subvencions ajuntaments i PROA+ \/ Material CS i ESO"},"content":{"rendered":"<h3><span style=\"color: #ff6600;\">QUOTES<\/span><\/h3>\n<p><a href=\"https:\/\/docs.google.com\/document\/d\/1pZZFU1RjemTEFUD8JzzSL8K4oxbB2eCG86RYscUdcDA\/edit?usp=sharing\" target=\"_blank\" rel=\"noopener\"><strong>Quotes educaci\u00f3 infantil curs 2025-2026<\/strong><\/a><\/p>\n<p><a href=\"https:\/\/docs.google.com\/document\/d\/18SKtjBaYqa6kXvr_MAUst5sWoCoPyKZRx6CYOZKTo6c\/edit?usp=sharing\" target=\"_blank\" rel=\"noopener\"><strong>Quotes cicles inicial i mitj\u00e0 curs 2025-2026<\/strong><\/a><\/p>\n<p><a href=\"https:\/\/docs.google.com\/document\/d\/1IPjcfBU0PhNC4w6entFbsBVnxrIcUbej5qPUoazyLPM\/edit?usp=sharing\" target=\"_blank\" rel=\"noopener\"><strong>Quotes cicle superior curs 2025-2026<\/strong><\/a><\/p>\n<p><a href=\"https:\/\/docs.google.com\/document\/d\/1oNSC93_pK1ba1bDsbypUBtC-irVtp-SVamzSrOGpwiQ\/edit?usp=sharing\" target=\"_blank\" rel=\"noopener\"><strong>Quotes ESO curs 2025-2026<\/strong><\/a><\/p>\n<p><a href=\"https:\/\/drive.google.com\/file\/d\/1Yy8G0yOW3UG5sGs2lvRopU2FOc9DCbaG\/view?usp=sharing\" target=\"_blank\" rel=\"noopener\"><strong>Material a portar cicle superior<\/strong><\/a><\/p>\n<p><a href=\"https:\/\/drive.google.com\/file\/d\/1JHGwBJGtxdgukq1ewKj2tvMZ8IV0D83f\/view?usp=sharing\" target=\"_blank\" rel=\"noopener\"><strong>Material a portar ESO<\/strong><\/a><\/p>\n<p><a href=\"https:\/\/agora.xtec.cat\/iesantanna-premiadedalt\/wp-content\/uploads\/usu517\/2025\/07\/MATERIAL-ESCOLAR-CS-25-26.pdf.pdf\">MATERIAL ESCOLAR CS 25-26.pdf<\/a> <a href=\"https:\/\/agora.xtec.cat\/iesantanna-premiadedalt\/wp-content\/uploads\/usu517\/2025\/07\/MATERIAL-CS.png\"><img loading=\"lazy\" decoding=\"async\" class=\"aligncenter size-large wp-image-28069\" src=\"https:\/\/agora.xtec.cat\/iesantanna-premiadedalt\/wp-content\/uploads\/usu517\/2025\/07\/MATERIAL-CS.png\" alt=\"\" width=\"608\" height=\"863\" srcset=\"https:\/\/agora.xtec.cat\/iesantanna-premiadedalt\/wp-content\/uploads\/usu517\/2025\/07\/MATERIAL-CS.png 608w, https:\/\/agora.xtec.cat\/iesantanna-premiadedalt\/wp-content\/uploads\/usu517\/2025\/07\/MATERIAL-CS-211x300.png 211w\" sizes=\"auto, (max-width: 608px) 100vw, 608px\" \/><\/a><\/p>\n<p><a href=\"https:\/\/agora.xtec.cat\/iesantanna-premiadedalt\/wp-content\/uploads\/usu517\/2025\/07\/MATERIAL-ESO-25-26.png\"><img loading=\"lazy\" decoding=\"async\" class=\"aligncenter size-full wp-image-28070\" src=\"https:\/\/agora.xtec.cat\/iesantanna-premiadedalt\/wp-content\/uploads\/usu517\/2025\/07\/MATERIAL-ESO-25-26.png\" alt=\"\" width=\"600\" height=\"768\" srcset=\"https:\/\/agora.xtec.cat\/iesantanna-premiadedalt\/wp-content\/uploads\/usu517\/2025\/07\/MATERIAL-ESO-25-26.png 600w, https:\/\/agora.xtec.cat\/iesantanna-premiadedalt\/wp-content\/uploads\/usu517\/2025\/07\/MATERIAL-ESO-25-26-234x300.png 234w\" sizes=\"auto, (max-width: 600px) 100vw, 600px\" \/><\/a><\/p>\n<h3><span style=\"color: #ff6600;\">SUBVENCIONS<\/span><\/h3>\n<h4><span style=\"color: #0000ff;\">Ajuntament de Premi\u00e0 de Dalt<\/span><br \/>\n<a href=\"https:\/\/agora.xtec.cat\/iesantanna-premiadedalt\/wp-content\/uploads\/usu517\/2022\/07\/ajuntament-prenia-de-dalt-logo-1.png\"><img loading=\"lazy\" decoding=\"async\" class=\"alignleft wp-image-24661 size-medium\" src=\"https:\/\/agora.xtec.cat\/iesantanna-premiadedalt\/wp-content\/uploads\/usu517\/2022\/07\/ajuntament-prenia-de-dalt-logo-1-300x132.png\" alt=\"\" width=\"300\" height=\"132\" srcset=\"https:\/\/agora.xtec.cat\/iesantanna-premiadedalt\/wp-content\/uploads\/usu517\/2022\/07\/ajuntament-prenia-de-dalt-logo-1-300x132.png 300w, https:\/\/agora.xtec.cat\/iesantanna-premiadedalt\/wp-content\/uploads\/usu517\/2022\/07\/ajuntament-prenia-de-dalt-logo-1.png 339w\" sizes=\"auto, (max-width: 300px) 100vw, 300px\" \/><\/a><\/h4>\n<p>L\u2019Ajuntament de Premi\u00e0 de Dalt atorgar\u00e0 un ajut a l\u2019escola en concepte de promoci\u00f3 del coneixement del medi natural, social i cultural, per tal que les sortides i tallers escolars estiguin subvencionats per l&#8217;alumnat empadronat a Premi\u00e0 de Dalt. Aquest ajut permet que l&#8217;alumnat del municipi pugui gaudir de les sortides i tallers sense cost. Recordem que cal estar al corrent del pagament de les altres quotes per poder gaudir de les sortides i tallers.<\/p>\n<p>&nbsp;<\/p>\n<h4 style=\"text-align: left;\"><span style=\"color: #0000ff;\">Ajuntament de Premi\u00e0 de Mar<\/span><br \/>\n<a href=\"https:\/\/agora.xtec.cat\/iesantanna-premiadedalt\/wp-content\/uploads\/usu517\/2022\/07\/ajuntament-de-premia-de-mar-logo.png\"><img loading=\"lazy\" decoding=\"async\" class=\"alignright wp-image-24660 size-medium\" src=\"https:\/\/agora.xtec.cat\/iesantanna-premiadedalt\/wp-content\/uploads\/usu517\/2022\/07\/ajuntament-de-premia-de-mar-logo-300x93.png\" alt=\"\" width=\"300\" height=\"93\" srcset=\"https:\/\/agora.xtec.cat\/iesantanna-premiadedalt\/wp-content\/uploads\/usu517\/2022\/07\/ajuntament-de-premia-de-mar-logo-300x93.png 300w, https:\/\/agora.xtec.cat\/iesantanna-premiadedalt\/wp-content\/uploads\/usu517\/2022\/07\/ajuntament-de-premia-de-mar-logo.png 404w\" sizes=\"auto, (max-width: 300px) 100vw, 300px\" \/><\/a><\/h4>\n<p style=\"text-align: left;\">L\u2019Ajuntament de Premi\u00e0 de Mar no ha informat de l&#8217;ajut que podria atorgar a l&#8217;alumnat empadronat al municipi per aquest curs 24-25.<\/p>\n<h4><\/h4>\n<h4><span style=\"color: #0000ff;\">Programa PROA+<\/span><br \/>\n<a href=\"https:\/\/agora.xtec.cat\/iesantanna-premiadedalt\/wp-content\/uploads\/usu517\/2022\/07\/logo-proaplus.png\"><img loading=\"lazy\" decoding=\"async\" class=\"wp-image-24662 size-medium alignleft\" src=\"https:\/\/agora.xtec.cat\/iesantanna-premiadedalt\/wp-content\/uploads\/usu517\/2022\/07\/logo-proaplus-300x91.png\" alt=\"\" width=\"300\" height=\"91\" srcset=\"https:\/\/agora.xtec.cat\/iesantanna-premiadedalt\/wp-content\/uploads\/usu517\/2022\/07\/logo-proaplus-300x91.png 300w, https:\/\/agora.xtec.cat\/iesantanna-premiadedalt\/wp-content\/uploads\/usu517\/2022\/07\/logo-proaplus-768x232.png 768w, https:\/\/agora.xtec.cat\/iesantanna-premiadedalt\/wp-content\/uploads\/usu517\/2022\/07\/logo-proaplus.png 864w\" sizes=\"auto, (max-width: 300px) 100vw, 300px\" \/><\/a><\/h4>\n<p>Aquest curs el nostre centre segueix adherit al programa de Orientaci\u00f3n, Avance y Enriquecimiento<br \/>\neducativo (PROA +). La iniciativa del \u201cMinisterio de Educaci\u00f3n y Formaci\u00f3n Profesional\u201d \u00e9s un pas m\u00e9s per aconseguir centres amb m\u00e9s expectatives positives envers el seu alumnat, un proc\u00e9s d\u2019ensenyament i aprenentatge m\u00e9s inclusiu, que garanteixi la igualtat d\u2019oportunitats &#8211; equitat educativa- i eviti la segregaci\u00f3 escolar, tot amb la finalitat d\u2019aconseguir l\u2019\u00e8xit educatiu de tot l\u2019alumnat. Aquesta subvenci\u00f3 ens permet dur a terme accions envers la millora educativa de tot l&#8217;alumnat del centre. Algunes accions en favor de l&#8217;equitat s\u00f3n l&#8217;ajut per col\u00f2nies per fam\u00edlies en risc d&#8217;exclusi\u00f3 social, l&#8217;organitzaci\u00f3 de tallers d&#8217;educaci\u00f3 emocional per a tot l&#8217;alumnat de 3r de prim\u00e0ria a 4t d&#8217;ESO, l&#8217;activitat esportiva de nataci\u00f3 de 2n d&#8217;ESO que es fa sense cost gr\u00e0cies a la subvenci\u00f3 PMOE-PROA+, l&#8217;adquisici\u00f3 de fons bibliogr\u00e0fic per les aules i per la biblioteca del centre per a tot l&#8217;alumnat o cursos de formaci\u00f3 del professorat per afavorir la inclusi\u00f3 de tot l&#8217;alumnat vingui.<\/p>\n","protected":false},"excerpt":{"rendered":"<p>QUOTES Quotes educaci\u00f3 infantil curs 2025-2026 Quotes cicles inicial i mitj\u00e0 curs 2025-2026 Quotes cicle superior curs 2025-2026 Quotes ESO curs 2025-2026 Material a portar cicle superior Material a portar ESO MATERIAL ESCOLAR CS 25-26.pdf SUBVENCIONS Ajuntament de Premi\u00e0 de Dalt L\u2019Ajuntament de Premi\u00e0 de Dalt atorgar\u00e0 un ajut a l\u2019escola en concepte de promoci\u00f3 [&hellip;]<\/p>\n","protected":false},"author":1,"featured_media":0,"parent":254,"menu_order":1,"comment_status":"closed","ping_status":"closed","template":"page-templates\/side-menu.php","meta":{"_bbp_topic_count":0,"_bbp_reply_count":0,"_bbp_total_topic_count":0,"_bbp_total_reply_count":0,"_bbp_voice_count":0,"_bbp_anonymous_reply_count":0,"_bbp_topic_count_hidden":0,"_bbp_reply_count_hidden":0,"_bbp_forum_subforum_count":0,"site-sidebar-layout":"default","site-content-layout":"","ast-site-content-layout":"","site-content-style":"default","site-sidebar-style":"default","ast-global-header-display":"","ast-banner-title-visibility":"","ast-main-header-display":"","ast-hfb-above-header-display":"","ast-hfb-below-header-display":"","ast-hfb-mobile-header-display":"","site-post-title":"","ast-breadcrumbs-content":"","ast-featured-img":"","footer-sml-layout":"","theme-transparent-header-meta":"","adv-header-id-meta":"","stick-header-meta":"","header-above-stick-meta":"","header-main-stick-meta":"","header-below-stick-meta":"","astra-migrate-meta-layouts":"default","ast-page-background-enabled":"default","ast-page-background-meta":{"desktop":{"background-color":"var(--ast-global-color-4)","background-image":"","background-repeat":"repeat","background-position":"center center","background-size":"auto","background-attachment":"scroll","background-type":"","background-media":"","overlay-type":"","overlay-color":"","overlay-opacity":"","overlay-gradient":""},"tablet":{"background-color":"","background-image":"","background-repeat":"repeat","background-position":"center center","background-size":"auto","background-attachment":"scroll","background-type":"","background-media":"","overlay-type":"","overlay-color":"","overlay-opacity":"","overlay-gradient":""},"mobile":{"background-color":"","background-image":"","background-repeat":"repeat","background-position":"center center","background-size":"auto","background-attachment":"scroll","background-type":"","background-media":"","overlay-type":"","overlay-color":"","overlay-opacity":"","overlay-gradient":""}},"ast-content-background-meta":{"desktop":{"background-color":"var(--ast-global-color-5)","background-image":"","background-repeat":"repeat","background-position":"center center","background-size":"auto","background-attachment":"scroll","background-type":"","background-media":"","overlay-type":"","overlay-color":"","overlay-opacity":"","overlay-gradient":""},"tablet":{"background-color":"var(--ast-global-color-5)","background-image":"","background-repeat":"repeat","background-position":"center center","background-size":"auto","background-attachment":"scroll","background-type":"","background-media":"","overlay-type":"","overlay-color":"","overlay-opacity":"","overlay-gradient":""},"mobile":{"background-color":"var(--ast-global-color-5)","background-image":"","background-repeat":"repeat","background-position":"center center","background-size":"auto","background-attachment":"scroll","background-type":"","background-media":"","overlay-type":"","overlay-color":"","overlay-opacity":"","overlay-gradient":""}},"footnotes":""},"class_list":["post-542","page","type-page","status-publish","hentry"],"post_mailing_queue_ids":[],"_links":{"self":[{"href":"https:\/\/agora.xtec.cat\/iesantanna-premiadedalt\/wp-json\/wp\/v2\/pages\/542","targetHints":{"allow":["GET"]}}],"collection":[{"href":"https:\/\/agora.xtec.cat\/iesantanna-premiadedalt\/wp-json\/wp\/v2\/pages"}],"about":[{"href":"https:\/\/agora.xtec.cat\/iesantanna-premiadedalt\/wp-json\/wp\/v2\/types\/page"}],"author":[{"embeddable":true,"href":"https:\/\/agora.xtec.cat\/iesantanna-premiadedalt\/wp-json\/wp\/v2\/users\/1"}],"replies":[{"embeddable":true,"href":"https:\/\/agora.xtec.cat\/iesantanna-premiadedalt\/wp-json\/wp\/v2\/comments?post=542"}],"version-history":[{"count":6,"href":"https:\/\/agora.xtec.cat\/iesantanna-premiadedalt\/wp-json\/wp\/v2\/pages\/542\/revisions"}],"predecessor-version":[{"id":28636,"href":"https:\/\/agora.xtec.cat\/iesantanna-premiadedalt\/wp-json\/wp\/v2\/pages\/542\/revisions\/28636"}],"up":[{"embeddable":true,"href":"https:\/\/agora.xtec.cat\/iesantanna-premiadedalt\/wp-json\/wp\/v2\/pages\/254"}],"wp:attachment":[{"href":"https:\/\/agora.xtec.cat\/iesantanna-premiadedalt\/wp-json\/wp\/v2\/media?parent=542"}],"curies":[{"name":"wp","href":"https:\/\/api.w.org\/{rel}","templated":true}]}}