{"id":486,"date":"2017-09-03T22:00:19","date_gmt":"2017-09-03T20:00:19","guid":{"rendered":"http:\/\/agora.xtec.cat\/iesantanna-premiadedalt\/\/?page_id=486"},"modified":"2026-01-31T19:24:54","modified_gmt":"2026-01-31T18:24:54","slug":"consum-de-fruita","status":"publish","type":"page","link":"https:\/\/agora.xtec.cat\/iesantanna-premiadedalt\/consum-de-fruita\/","title":{"rendered":"A l&#8217;escola mengem fruita"},"content":{"rendered":"<p>L&#8217;Institut Escola Santa Anna forma part del projecte de consum de fruita promogut per la Conselleria de Ramaderia, Agricultura i Pesca per tal de fomentar una dieta saludable i equilibrada i evitar el m\u00e0xim possible el consum de productes de brioixeria industrial. Per a m\u00e9s informaci\u00f3 sobre el programa podeu visitar el web\u00a0 &#8220;<a href=\"https:\/\/agricultura.gencat.cat\/ca\/ambits\/alimentacio\/promocio-agroalimentaria\/fruita-llet-escoles\/fruita-escoles\/index.html\" target=\"_blank\" rel=\"noopener\"><strong>Fruita i hortalisses a les escoles<\/strong><\/a>&#8220;.<\/p>\n<p>Quan comen\u00e7a la campanya anual, cada mes, es rep una deliciosa varietat de fruita de temporada durant una setmana: pomes, peres, pl\u00e0tans, mandarines, taronges, cireres, tom\u00e0quets &#8220;cherry&#8221;, albercocs, nespres., segons el mes.<\/p>\n<p>Es reparteix la fruita a primera hora del mat\u00ed classe per classe i es pot consumir per esmorzar o endur-se-la per berenar.\u00a0<\/p>\n<p><a href=\"https:\/\/agora.xtec.cat\/iesantanna-premiadedalt\/wp-content\/uploads\/usu517\/2026\/01\/fruites-verdures-750x850.jpg_2053293100.jpg\"><img loading=\"lazy\" decoding=\"async\" class=\"aligncenter size-full wp-image-28774\" src=\"https:\/\/agora.xtec.cat\/iesantanna-premiadedalt\/wp-content\/uploads\/usu517\/2026\/01\/fruites-verdures-750x850.jpg_2053293100.jpg\" alt=\"\" width=\"750\" height=\"850\" srcset=\"https:\/\/agora.xtec.cat\/iesantanna-premiadedalt\/wp-content\/uploads\/usu517\/2026\/01\/fruites-verdures-750x850.jpg_2053293100.jpg 750w, https:\/\/agora.xtec.cat\/iesantanna-premiadedalt\/wp-content\/uploads\/usu517\/2026\/01\/fruites-verdures-750x850.jpg_2053293100-265x300.jpg 265w\" sizes=\"auto, (max-width: 750px) 100vw, 750px\" \/><\/a><\/p>\n<p><a href=\"https:\/\/agora.xtec.cat\/iesantanna-premiadedalt\/\/wp-content\/uploads\/usu517\/2020\/06\/unnamed-2.jpg\"><img loading=\"lazy\" decoding=\"async\" class=\"size-full wp-image-21436 aligncenter\" src=\"https:\/\/agora.xtec.cat\/iesantanna-premiadedalt\/\/wp-content\/uploads\/usu517\/2020\/06\/unnamed-2.jpg\" alt=\"\" width=\"407\" height=\"207\" srcset=\"https:\/\/agora.xtec.cat\/iesantanna-premiadedalt\/wp-content\/uploads\/usu517\/2020\/06\/unnamed-2.jpg 407w, https:\/\/agora.xtec.cat\/iesantanna-premiadedalt\/wp-content\/uploads\/usu517\/2020\/06\/unnamed-2-300x153.jpg 300w\" sizes=\"auto, (max-width: 407px) 100vw, 407px\" \/><\/a><\/p>\n\n\n<p><\/p>\n","protected":false},"excerpt":{"rendered":"<p>L&#8217;Institut Escola Santa Anna forma part del projecte de consum de fruita promogut per la Conselleria de Ramaderia, Agricultura i Pesca per tal de fomentar una dieta saludable i equilibrada i evitar el m\u00e0xim possible el consum de productes de brioixeria industrial. Per a m\u00e9s informaci\u00f3 sobre el programa podeu visitar el web\u00a0 &#8220;Fruita i [&hellip;]<\/p>\n","protected":false},"author":1,"featured_media":0,"parent":0,"menu_order":80,"comment_status":"closed","ping_status":"closed","template":"","meta":{"_bbp_topic_count":0,"_bbp_reply_count":0,"_bbp_total_topic_count":0,"_bbp_total_reply_count":0,"_bbp_voice_count":0,"_bbp_anonymous_reply_count":0,"_bbp_topic_count_hidden":0,"_bbp_reply_count_hidden":0,"_bbp_forum_subforum_count":0,"site-sidebar-layout":"default","site-content-layout":"","ast-site-content-layout":"default","site-content-style":"default","site-sidebar-style":"default","ast-global-header-display":"","ast-banner-title-visibility":"","ast-main-header-display":"","ast-hfb-above-header-display":"","ast-hfb-below-header-display":"","ast-hfb-mobile-header-display":"","site-post-title":"","ast-breadcrumbs-content":"","ast-featured-img":"","footer-sml-layout":"","theme-transparent-header-meta":"","adv-header-id-meta":"","stick-header-meta":"","header-above-stick-meta":"","header-main-stick-meta":"","header-below-stick-meta":"","astra-migrate-meta-layouts":"set","ast-page-background-enabled":"default","ast-page-background-meta":{"desktop":{"background-color":"var(--ast-global-color-4)","background-image":"","background-repeat":"repeat","background-position":"center center","background-size":"auto","background-attachment":"scroll","background-type":"","background-media":"","overlay-type":"","overlay-color":"","overlay-opacity":"","overlay-gradient":""},"tablet":{"background-color":"","background-image":"","background-repeat":"repeat","background-position":"center center","background-size":"auto","background-attachment":"scroll","background-type":"","background-media":"","overlay-type":"","overlay-color":"","overlay-opacity":"","overlay-gradient":""},"mobile":{"background-color":"","background-image":"","background-repeat":"repeat","background-position":"center center","background-size":"auto","background-attachment":"scroll","background-type":"","background-media":"","overlay-type":"","overlay-color":"","overlay-opacity":"","overlay-gradient":""}},"ast-content-background-meta":{"desktop":{"background-color":"var(--ast-global-color-5)","background-image":"","background-repeat":"repeat","background-position":"center center","background-size":"auto","background-attachment":"scroll","background-type":"","background-media":"","overlay-type":"","overlay-color":"","overlay-opacity":"","overlay-gradient":""},"tablet":{"background-color":"var(--ast-global-color-5)","background-image":"","background-repeat":"repeat","background-position":"center center","background-size":"auto","background-attachment":"scroll","background-type":"","background-media":"","overlay-type":"","overlay-color":"","overlay-opacity":"","overlay-gradient":""},"mobile":{"background-color":"var(--ast-global-color-5)","background-image":"","background-repeat":"repeat","background-position":"center center","background-size":"auto","background-attachment":"scroll","background-type":"","background-media":"","overlay-type":"","overlay-color":"","overlay-opacity":"","overlay-gradient":""}},"footnotes":""},"class_list":["post-486","page","type-page","status-publish","hentry"],"post_mailing_queue_ids":[],"_links":{"self":[{"href":"https:\/\/agora.xtec.cat\/iesantanna-premiadedalt\/wp-json\/wp\/v2\/pages\/486","targetHints":{"allow":["GET"]}}],"collection":[{"href":"https:\/\/agora.xtec.cat\/iesantanna-premiadedalt\/wp-json\/wp\/v2\/pages"}],"about":[{"href":"https:\/\/agora.xtec.cat\/iesantanna-premiadedalt\/wp-json\/wp\/v2\/types\/page"}],"author":[{"embeddable":true,"href":"https:\/\/agora.xtec.cat\/iesantanna-premiadedalt\/wp-json\/wp\/v2\/users\/1"}],"replies":[{"embeddable":true,"href":"https:\/\/agora.xtec.cat\/iesantanna-premiadedalt\/wp-json\/wp\/v2\/comments?post=486"}],"version-history":[{"count":5,"href":"https:\/\/agora.xtec.cat\/iesantanna-premiadedalt\/wp-json\/wp\/v2\/pages\/486\/revisions"}],"predecessor-version":[{"id":28775,"href":"https:\/\/agora.xtec.cat\/iesantanna-premiadedalt\/wp-json\/wp\/v2\/pages\/486\/revisions\/28775"}],"wp:attachment":[{"href":"https:\/\/agora.xtec.cat\/iesantanna-premiadedalt\/wp-json\/wp\/v2\/media?parent=486"}],"curies":[{"name":"wp","href":"https:\/\/api.w.org\/{rel}","templated":true}]}}